{"id":14766,"date":"2020-11-30T09:07:09","date_gmt":"2020-11-30T09:07:09","guid":{"rendered":"https:\/\/taski.com\/neden-taski\/uzman-tavsiyesi\/"},"modified":"2021-07-28T05:52:46","modified_gmt":"2021-07-28T05:52:46","slug":"uzman-tavsiyesi","status":"publish","type":"page","link":"https:\/\/staging.taski.com\/tr\/neden-taski\/uzman-tavsiyesi\/","title":{"rendered":"Uzman Tavsiyesi"},"content":{"rendered":"<div class=\"wpb-content-wrapper\"><p>[vc_row][vc_column]\n  <div class=\"page-intro-block size-fit-image style-dark font-large\">\n         <div class=\"page-intro-block-i\">\n      <div class=\"row\">\n        <div class=\"page-intro-content\">\n            <div class=\"title-block\">\n                                     <h2><strong>Uzmanlar\u0131m\u0131z\u0131n<\/strong> tavsiyesi ile<br \/>\nba\u015fl\u0131yoruz<\/h2>\n                                                 <\/div>\n            <div class=\"page-intro-image\">\n                                <div class=\"page-intro-image-alt\">\n                    \n                    <img decoding=\"async\" src=\"https:\/\/staging.taski.com\/wp-content\/uploads\/2020\/12\/expert-advice-1.jpg\" alt=\"\" \/>\n\n                <\/div>\n            <\/div>\n        <\/div>\n      <\/div>\n\n\n    <\/div>\n  <\/div>\n  <div class=\"cl-fl\"><\/div>\n[\/vc_column][\/vc_row][vc_row css=&#8221;.vc_custom_1608124915381{padding-top: 70px !important;padding-bottom: 90px !important;}&#8221;][vc_column]\n\n\n  <div class=\"taski-carousel-block\">\n    <div class=\"taski-carousel-block-i\">\n      <div class=\"row\">\n       <div class=\"taski-carousel-holder\">\n        <div class=\"taski-carousel owl-carousel owl-theme\" id=\"taski-carousel\">\n                               <div class=\"item taski-slide\">\n              <div class=\"its-i\">\n                <div class=\"media-w\">\n                    <div class=\"image\">\n                      <div class=\"image-i\">\n                        <img decoding=\"async\" src=\"https:\/\/staging.taski.com\/wp-content\/uploads\/2021\/01\/Sinners-Circle.png\" \/>\n                      <\/div>\n                    <\/div>\n                <\/div>\n                <div class=\"text\">\n                    <div class=\"title\">Temizlik \u00c7emberi<\/div>\n                    <p>TASKI ve Diversey olarak temizlik ve hijyenin t\u00fcm y\u00f6nlerini ger\u00e7ekten anl\u0131yoruz. Kapsaml\u0131 portf\u00f6y\u00fcm\u00fcz, eksiksiz hijyen orta\u011f\u0131n\u0131z olmak i\u00e7in ideal konumda oldu\u011fumuzu g\u00f6steriyor.<\/p>\n                    <div class=\"btn\"><a href=\"https:\/\/staging.taski.com\/tr\/neden-taski\/uzman-tavsiyesi\/sinner-cemberi\/\">Daha fazlas\u0131n\u0131 bul<\/a><\/div>\n                <\/div>\n              <\/div>\n            <\/div>\n                                <div class=\"item taski-slide\">\n              <div class=\"its-i\">\n                <div class=\"media-w\">\n                    <div class=\"image\">\n                      <div class=\"image-i\">\n                        <img decoding=\"async\" src=\"https:\/\/staging.taski.com\/wp-content\/uploads\/2020\/12\/electronic-tools-1.jpg\" \/>\n                      <\/div>\n                    <\/div>\n                <\/div>\n                <div class=\"text\">\n                    <div class=\"title\">Elektronik Ara\u00e7lar<\/div>\n                    <p>Elektronik ara\u00e7lar, parma\u011f\u0131n\u0131z\u0131n bir dokunu\u015fuyla kendi uzman\u0131n\u0131z olabilmenizi sa\u011flar.\r\nTASKI Se\u00e7ici \/TASKI Uygulamas\u0131\/ IntelliTrail Analytics \/ Uzaktan Rehberlik<\/p>\n                    <div class=\"btn\"><a href=\"https:\/\/staging.taski.com\/tr\/neden-taski\/uzman-tavsiyesi\/elektronik-araclar\/\">Daha fazlas\u0131n\u0131 bul<\/a><\/div>\n                <\/div>\n              <\/div>\n            <\/div>\n                                <div class=\"item taski-slide\">\n              <div class=\"its-i\">\n                <div class=\"media-w\">\n                    <div class=\"image\">\n                      <div class=\"image-i\">\n                        <img decoding=\"async\" src=\"https:\/\/staging.taski.com\/wp-content\/uploads\/2020\/12\/virtual-floor-care-expert-1.jpg\" \/>\n                      <\/div>\n                    <\/div>\n                <\/div>\n                <div class=\"text\">\n                    <div class=\"title\">Zemin Bak\u0131m\u0131 Uzmanl\u0131\u011f\u0131<\/div>\n                    <p>TASKI\u2019de makinelerimizden birini sat\u0131n ald\u0131\u011f\u0131n\u0131zda, zemin bak\u0131m\u0131 uzmanl\u0131\u011f\u0131n\u0131 \u00fccretsiz olarak alabilirsiniz. \u00dcST\u00dcN temizleme makinelerinin sinerjilerini son teknoloji zemin bak\u0131m\u0131 kimyasallar\u0131yla birlikte kullanaca\u011f\u0131z.<\/p>\n                    <div class=\"btn\"><a href=\"https:\/\/staging.taski.com\/tr\/neden-taski\/uzman-tavsiyesi\/zemin-bakimi-uzmanligi\/\">Daha fazlas\u0131n\u0131 bul<\/a><\/div>\n                <\/div>\n              <\/div>\n            <\/div>\n                                <div class=\"item taski-slide\">\n              <div class=\"its-i\">\n                <div class=\"media-w\">\n                    <div class=\"image\">\n                      <div class=\"image-i\">\n                        <img decoding=\"async\" src=\"https:\/\/staging.taski.com\/wp-content\/uploads\/2020\/12\/our-experts-1.jpg\" \/>\n                      <\/div>\n                    <\/div>\n                <\/div>\n                <div class=\"text\">\n                    <div class=\"title\">Uzmanlar\u0131m\u0131z<\/div>\n                    <p>Kendi uzman temizlik dan\u0131\u015fmanlar\u0131n\u0131z. Dan\u0131\u015fmaya dayal\u0131 yakla\u015f\u0131m\u0131m\u0131z, en iyi uzman tavsiyesini sunar.<\/p>\n                    <div class=\"btn\"><a href=\"https:\/\/staging.taski.com\/tr\/neden-taski\/uzman-tavsiyesi\/uzmanlarimiz\/\">Daha fazlas\u0131n\u0131 bul<\/a><\/div>\n                <\/div>\n              <\/div>\n            <\/div>\n                                <div class=\"item taski-slide\">\n              <div class=\"its-i\">\n                <div class=\"media-w\">\n                    <div class=\"image\">\n                      <div class=\"image-i\">\n                        <img decoding=\"async\" src=\"https:\/\/staging.taski.com\/wp-content\/uploads\/2020\/12\/current-trends.jpg\" \/>\n                      <\/div>\n                    <\/div>\n                <\/div>\n                <div class=\"text\">\n                    <div class=\"title\">G\u00fcncel Trendler ve En \u0130yi Uygulamalar<\/div>\n                    <p>TASKI ve Diversey birlikte sekt\u00f6rde temizlik ve hijyen m\u00fckemmeliyetine dair yetkin markalar olarak tan\u0131nmaktad\u0131rlar. TASKI\u2019de uzmanlar\u0131m\u0131z her zaman yard\u0131ma haz\u0131rd\u0131r.<\/p>\n                    <div class=\"btn\"><a href=\"https:\/\/staging.taski.com\/tr\/neden-taski\/uzman-tavsiyesi\/guncel-trendler-ve-en-iyi-uygulama\/\">Daha fazlas\u0131n\u0131 bul<\/a><\/div>\n                <\/div>\n              <\/div>\n            <\/div>\n                                <div class=\"item taski-slide\">\n              <div class=\"its-i\">\n                <div class=\"media-w\">\n                    <div class=\"image\">\n                      <div class=\"image-i\">\n                        <img decoding=\"async\" src=\"https:\/\/staging.taski.com\/wp-content\/uploads\/2020\/12\/engineers.jpg\" \/>\n                      <\/div>\n                    <\/div>\n                <\/div>\n                <div class=\"text\">\n                    <div class=\"title\">E\u011fitim Ara\u00e7lar\u0131<\/div>\n                    <p>Etkin ve g\u00fcvenli kullan\u0131m i\u00e7in anlamas\u0131 kolay e\u011fitim materyalleri.<\/p>\n                    <div class=\"btn\"><a href=\"https:\/\/staging.taski.com\/tr\/neden-taski\/uzman-tavsiyesi\/egitim-araclari\/\">Daha fazlas\u0131n\u0131 bul<\/a><\/div>\n                <\/div>\n              <\/div>\n            <\/div>\n                                <div class=\"item taski-slide\">\n              <div class=\"its-i\">\n                <div class=\"media-w\">\n                    <div class=\"image\">\n                      <div class=\"image-i\">\n                        <img decoding=\"async\" src=\"https:\/\/staging.taski.com\/wp-content\/uploads\/2020\/12\/virtual-carpet-care-expert-1.jpg\" \/>\n                      <\/div>\n                    <\/div>\n                <\/div>\n                <div class=\"text\">\n                    <div class=\"title\">Hal\u0131 Bak\u0131m Uzmanl\u0131\u011f\u0131<\/div>\n                    <p>Hal\u0131lar ve kuma\u015f y\u00fczeylerin s\u0131k temizlenmesi ve bak\u0131mlar\u0131n\u0131n sa\u011flanmas\u0131 gerekir. TASKI uzmanlar\u0131, hal\u0131lar\u0131n\u0131z ve kuma\u015flar\u0131n\u0131z i\u00e7in en iyi uygulama ve en iyi \u00fcr\u00fcnlerle ilgili tavsiyelerle yard\u0131ma haz\u0131rd\u0131r.<\/p>\n                    <div class=\"btn\"><a href=\"https:\/\/staging.taski.com\/tr\/neden-taski\/uzman-tavsiyesi\/hali-bakim-uzmanligi\/\">Daha fazlas\u0131n\u0131 bul<\/a><\/div>\n                <\/div>\n              <\/div>\n            <\/div>\n                                <div class=\"item taski-slide\">\n              <div class=\"its-i\">\n                <div class=\"media-w\">\n                    <div class=\"image\">\n                      <div class=\"image-i\">\n                        <img decoding=\"async\" src=\"https:\/\/staging.taski.com\/wp-content\/uploads\/2020\/12\/FOODSERVICE_5_SWINGO-1-1-1.jpg\" \/>\n                      <\/div>\n                    <\/div>\n                <\/div>\n                <div class=\"text\">\n                    <div class=\"title\">Mekanik Temizlik<\/div>\n                    <p>Temizli\u011fin ge\u00e7irdi\u011fi evrimin neresindesiniz? \r\n\u0130\u015fte makinelerin paspaslamadan daha iyi olmas\u0131n\u0131n en b\u00fcy\u00fck nedenleri...<\/p>\n                    <div class=\"btn\"><a href=\"https:\/\/staging.taski.com\/tr\/neden-taski\/uzman-tavsiyesi\/mekanik-temizlik\/\">Daha fazlas\u0131n\u0131 bul<\/a><\/div>\n                <\/div>\n              <\/div>\n            <\/div>\n                            <\/div>\n\n        <div class=\"taski-carousel-navigation\">\n          <div class=\"nav-left\">\n            <a href=\"#\"><i class=\"fa fa-chevron-left\"><\/i><\/a>\n          <\/div>\n          <div class=\"nav-description\">\n\n          <\/div>\n          <div class=\"nav-right\">\n            <a href=\"#\"><i class=\"fa fa-chevron-right\"><\/i><\/a>\n          <\/div>\n        <\/div>\n      <\/div>\n     <\/div>\n   <\/div>\n  <\/div>\n\n[\/vc_column][\/vc_row][vc_row css=&#8221;.vc_custom_1608124737169{padding-bottom: 0px !important;}&#8221;][vc_column]\n  <div class=\"page-description-block style-dark\">\n    <div class=\"page-description-block-i\">\n      <div class=\"row\">\n        <div class=\"page-description-content\">\n          <\/div><\/div><\/div><\/div><\/p>\n<h2>Diversey&#8217;nin derinlemesine bilgisi<br \/>\nk\u00fcresel, b\u00f6lgesel ve yerel mega<br \/>\ntrendler ve kritik m\u00fc\u015fteri ihtiya\u00e7lar\u0131 TASKI&#8217;nin rekabette her zaman \u00f6nde olmas\u0131na yard\u0131mc\u0131 <strong>olmu\u015ftur.<\/strong><\/h2>\n<\/div>\n      \n    \n  \n  <div class=\"cl-fl\"><\/div>\n[\/vc_column][\/vc_row]\n","protected":false},"excerpt":{"rendered":"<p>[vc_row][vc_column][\/vc_column][\/vc_row][vc_row css=&#8221;.vc_custom_1608124915381{padding-top: 70px !important;padding-bottom: 90px !important;}&#8221;][vc_column][\/vc_column][\/vc_row][vc_row css=&#8221;.vc_custom_1608124737169{padding-bottom: 0px !important;}&#8221;][vc_column][\/vc_column][\/vc_row]<\/p>\n","protected":false},"author":1,"featured_media":0,"parent":14732,"menu_order":655,"comment_status":"closed","ping_status":"closed","template":"","meta":{"_acf_changed":false,"_seopress_robots_primary_cat":"","_seopress_titles_title":"","_seopress_titles_desc":"","_seopress_robots_index":"","inline_featured_image":false,"footnotes":""},"class_list":["post-14766","page","type-page","status-publish","hentry"],"acf":[],"_links":{"self":[{"href":"https:\/\/staging.taski.com\/tr\/wp-json\/wp\/v2\/pages\/14766","targetHints":{"allow":["GET"]}}],"collection":[{"href":"https:\/\/staging.taski.com\/tr\/wp-json\/wp\/v2\/pages"}],"about":[{"href":"https:\/\/staging.taski.com\/tr\/wp-json\/wp\/v2\/types\/page"}],"author":[{"embeddable":true,"href":"https:\/\/staging.taski.com\/tr\/wp-json\/wp\/v2\/users\/1"}],"replies":[{"embeddable":true,"href":"https:\/\/staging.taski.com\/tr\/wp-json\/wp\/v2\/comments?post=14766"}],"version-history":[{"count":0,"href":"https:\/\/staging.taski.com\/tr\/wp-json\/wp\/v2\/pages\/14766\/revisions"}],"up":[{"embeddable":true,"href":"https:\/\/staging.taski.com\/tr\/wp-json\/wp\/v2\/pages\/14732"}],"wp:attachment":[{"href":"https:\/\/staging.taski.com\/tr\/wp-json\/wp\/v2\/media?parent=14766"}],"curies":[{"name":"wp","href":"https:\/\/api.w.org\/{rel}","templated":true}]}}