{"id":14763,"date":"2020-11-30T09:06:53","date_gmt":"2020-11-30T09:06:53","guid":{"rendered":"https:\/\/taski.com\/neden-taski\/pazarlariniz-ve-sektorleriniz\/"},"modified":"2021-05-14T09:59:00","modified_gmt":"2021-05-14T09:59:00","slug":"pazarlariniz-ve-sektorleriniz","status":"publish","type":"page","link":"https:\/\/staging.taski.com\/tr\/neden-taski\/pazarlariniz-ve-sektorleriniz\/","title":{"rendered":"Piyasalar\u0131n\u0131z ve Sekt\u00f6rleriniz"},"content":{"rendered":"<div class=\"wpb-content-wrapper\"><p>[vc_row][vc_column]\n  <div class=\"page-intro-block size-fit-image style-dark font-large\">\n         <div class=\"page-intro-block-i\">\n      <div class=\"row\">\n        <div class=\"page-intro-content\">\n            <div class=\"title-block\">\n                                     <h2><strong>Ayn\u0131 dili<\/strong> konu\u015fuyoruz. Hangi sekt\u00f6rde faaliyet g\u00f6steriyor olursan\u0131z olun, <strong> size uygun temizleme \u00e7\u00f6z\u00fcm\u00fcn\u00fc<\/strong> sunuyoruz.<\/h2>\n                                                 <\/div>\n            <div class=\"page-intro-image\">\n                                <div class=\"page-intro-image-alt\">\n                    \n                    <img decoding=\"async\" src=\"https:\/\/staging.taski.com\/wp-content\/uploads\/2020\/11\/why-taski.jpg\" alt=\"\" \/>\n\n                <\/div>\n            <\/div>\n        <\/div>\n      <\/div>\n\n\n    <\/div>\n  <\/div>\n  <div class=\"cl-fl\"><\/div>\n[\/vc_column][\/vc_row][vc_row css=&#8221;.vc_custom_1606587476742{padding-top: 80px !important;padding-bottom: 95px !important;}&#8221;][vc_column][vc_row_inner][vc_column_inner]\n  <div class=\"categories-grid-block light grid-center contact-no\" style=\"\">\n    <div class=\"categories-grid-block-i\">\n      <div class=\"row\">\n       <div class=\"cat-grid-row\">\n        <div class=\"cat-intro-block\">\n          <p><strong>Siz en iyisini bekliyorsunuz,<br \/>\n<\/strong>biz de hangi sekt\u00f6r<br \/>\nolursa olsun en iyisini sunuyoruz.<\/p>\n\n\n\n        <\/div>\n        <div class=\"cat-grid-block\">\n            <div class=\"cat-grid\">\n                            <div class=\"cat-grid-item\">\n               <a href=\"https:\/\/staging.taski.com\/tr\/neden-taski\/pazarlariniz-ve-sektorleriniz\/tesis-yonetimi\/\">\n               <div class=\"cgi-i\">\n                <div class=\"front\"><img decoding=\"async\" src=\"https:\/\/staging.taski.com\/wp-content\/uploads\/2025\/02\/Backpack-vacuum-scaled-1-400x400.png\" \/><div class=\"desc\">Tesis Y\u00f6netimi<\/div><\/div>\n                <div class=\"back\"><div class=\"desc\">Tesis Y\u00f6netimi<div class=\"invisi\">Tesis Y\u00f6netimi ve bina hizmetleri sekt\u00f6r\u00fc i\u00e7in i\u015fletme verimlili\u011fi ve maliyet kontrol\u00fc sunan TASKI makine \u00e7\u00f6z\u00fcmleri<\/div><\/div><\/div>\n               <\/div>\n               <\/a>\n              <\/div>\n                            <div class=\"cat-grid-item\">\n               <a href=\"https:\/\/staging.taski.com\/tr\/neden-taski\/pazarlariniz-ve-sektorleriniz\/perakende\/\">\n               <div class=\"cgi-i\">\n                <div class=\"front\"><img decoding=\"async\" src=\"https:\/\/staging.taski.com\/wp-content\/uploads\/2022\/11\/Retail-for-Wordpress-400x400.jpg\" \/><div class=\"desc\">Perakende<\/div><\/div>\n                <div class=\"back\"><div class=\"desc\">Perakende<div class=\"invisi\">TASKI makine \u00e7\u00f6z\u00fcmleri, perakende sekt\u00f6r\u00fc i\u00e7in daha iyi m\u00fc\u015fteri deneyimi ve maliyet kontrol\u00fc sunar<\/div><\/div><\/div>\n               <\/div>\n               <\/a>\n              <\/div>\n                            <div class=\"cat-grid-item\">\n               <a href=\"https:\/\/staging.taski.com\/tr\/neden-taski\/pazarlariniz-ve-sektorleriniz\/akut-saglik-bakimi\/\">\n               <div class=\"cgi-i\">\n                <div class=\"front\"><img decoding=\"async\" src=\"https:\/\/staging.taski.com\/wp-content\/uploads\/2020\/11\/healthcare-acute.jpg\" \/><div class=\"desc\">Sa\u011fl\u0131k Hizmetleri<\/div><\/div>\n                <div class=\"back\"><div class=\"desc\">Sa\u011fl\u0131k Hizmetleri<div class=\"invisi\">TASKI makine \u00e7\u00f6z\u00fcmleri, hastalar\u0131n\u0131z ve kamu i\u00e7in enfeksiyondan korunma ve g\u00fcvenlik sunar.<\/div><\/div><\/div>\n               <\/div>\n               <\/a>\n              <\/div>\n                            <div class=\"cat-grid-item\">\n               <a href=\"https:\/\/staging.taski.com\/tr\/neden-taski\/pazarlariniz-ve-sektorleriniz\/uzun-sureli-saglik-bakim-hizmeti\/\">\n               <div class=\"cgi-i\">\n                <div class=\"front\"><img decoding=\"async\" src=\"https:\/\/staging.taski.com\/wp-content\/uploads\/2021\/04\/HEALTHCARE_31_Vacuum_carpet-sq.jpg\" \/><div class=\"desc\">Bak\u0131m Evleri<\/div><\/div>\n                <div class=\"back\"><div class=\"desc\">Bak\u0131m Evleri<div class=\"invisi\">Uzun s\u00fcreli sa\u011fl\u0131k bak\u0131m kurumunuzun sakinleri d\u00fc\u015f\u00fcn\u00fclerek \u00fcst\u00fcn enfeksiyon kontrol\u00fc ve g\u00fcvenlik sunan TASKI makine \u00e7\u00f6z\u00fcmleri.<\/div><\/div><\/div>\n               <\/div>\n               <\/a>\n              <\/div>\n                            <div class=\"cat-grid-item\">\n               <a href=\"https:\/\/staging.taski.com\/tr\/neden-taski\/pazarlariniz-ve-sektorleriniz\/konukseverlik\/\">\n               <div class=\"cgi-i\">\n                <div class=\"front\"><img decoding=\"async\" src=\"https:\/\/staging.taski.com\/wp-content\/uploads\/2025\/05\/HOSPITALITY_landscape-full-1-1-scaled-1-400x400.jpg\" \/><div class=\"desc\">Konaklama<\/div><\/div>\n                <div class=\"back\"><div class=\"desc\">Konaklama<div class=\"invisi\">Daha iyi misafir deneyimi ve markan\u0131z\u0131n korunmas\u0131 i\u00e7in TASKI makine \u00e7\u00f6z\u00fcmleri.<\/div><\/div><\/div>\n               <\/div>\n               <\/a>\n              <\/div>\n                            <div class=\"cat-grid-item\">\n               <a href=\"https:\/\/staging.taski.com\/tr\/neden-taski\/pazarlariniz-ve-sektorleriniz\/yiyecek-hizmeti-sozlesmeli-catering\/\">\n               <div class=\"cgi-i\">\n                <div class=\"front\"><img decoding=\"async\" src=\"https:\/\/staging.taski.com\/wp-content\/uploads\/2025\/07\/Food-Service-400x400.png\" \/><div class=\"desc\">Restoran ve Catering<\/div><\/div>\n                <div class=\"back\"><div class=\"desc\">Restoran ve Catering<div class=\"invisi\">TASKI makine \u00e7\u00f6z\u00fcmleri, en y\u00fcksek hijyen standartlar\u0131n\u0131 koruyacak ve tesisinizde yemek yiyenleri etkileyecektir.<\/div><\/div><\/div>\n               <\/div>\n               <\/a>\n              <\/div>\n                            <div class=\"cat-grid-item\">\n               <a href=\"https:\/\/staging.taski.com\/tr\/neden-taski\/pazarlariniz-ve-sektorleriniz\/kamu-ve-egitim\/\">\n               <div class=\"cgi-i\">\n                <div class=\"front\"><img decoding=\"async\" src=\"https:\/\/staging.taski.com\/wp-content\/uploads\/2025\/05\/TASKI_ERGODISC-LR-08299-400x400.jpg\" \/><div class=\"desc\">Kamu ve E\u011fitim Kurumlar\u0131<\/div><\/div>\n                <div class=\"back\"><div class=\"desc\">Kamu ve E\u011fitim Kurumlar\u0131<div class=\"invisi\">TASKI makine \u00e7\u00f6z\u00fcmleri, binan\u0131z\u0131n bak\u0131m\u0131n\u0131 yaparken kamu g\u00fcvenli\u011fini sa\u011flar <\/div><\/div><\/div>\n               <\/div>\n               <\/a>\n              <\/div>\n                            <div class=\"cat-grid-item\">\n               <a href=\"https:\/\/staging.taski.com\/tr\/neden-taski\/pazarlariniz-ve-sektorleriniz\/nakliye\/\">\n               <div class=\"cgi-i\">\n                <div class=\"front\"><img decoding=\"async\" src=\"https:\/\/staging.taski.com\/wp-content\/uploads\/2020\/11\/transports.jpg\" \/><div class=\"desc\">Ula\u015f\u0131m<\/div><\/div>\n                <div class=\"back\"><div class=\"desc\">Ula\u015f\u0131m<div class=\"invisi\">TASKI makine \u00e7\u00f6z\u00fcmleri, binan\u0131z\u0131n bak\u0131m\u0131n\u0131 yapar, markan\u0131z\u0131 korur ve kamu g\u00fcvenli\u011fi sa\u011flar <\/div><\/div><\/div>\n               <\/div>\n               <\/a>\n              <\/div>\n                            <div class=\"cat-grid-item\">\n               <a href=\"https:\/\/staging.taski.com\/tr\/neden-taski\/pazarlariniz-ve-sektorleriniz\/depoculuk-ve-lojistik\/\">\n               <div class=\"cgi-i\">\n                <div class=\"front\"><img decoding=\"async\" src=\"https:\/\/staging.taski.com\/wp-content\/uploads\/2025\/05\/Warehousing-Logistics-balimat-6500-400x400.jpg\" \/><div class=\"desc\">Depolama ve Lojistik<\/div><\/div>\n                <div class=\"back\"><div class=\"desc\">Depolama ve Lojistik<div class=\"invisi\">TASKI makine \u00e7\u00f6z\u00fcmleri, i\u015fletmeniz i\u00e7in aksamay\u0131 en aza indirir ve verimlili\u011finizi en y\u00fcksek d\u00fczeye \u00e7\u0131kar\u0131r<\/div><\/div><\/div>\n               <\/div>\n               <\/a>\n              <\/div>\n                            <div class=\"cat-grid-item\">\n               <a href=\"https:\/\/staging.taski.com\/tr\/neden-taski\/pazarlariniz-ve-sektorleriniz\/uretim\/\">\n               <div class=\"cgi-i\">\n                <div class=\"front\"><img decoding=\"async\" src=\"https:\/\/staging.taski.com\/wp-content\/uploads\/2020\/11\/manufacturing.jpg\" \/><div class=\"desc\">\u00dcretim<\/div><\/div>\n                <div class=\"back\"><div class=\"desc\">\u00dcretim<div class=\"invisi\">TASKI makine \u00e7\u00f6z\u00fcmleri, i\u015fletmeniz i\u00e7in aksamay\u0131 en aza indirir ve maliyetleri kontrol alt\u0131nda tutman\u0131za yard\u0131m eder<\/div><\/div><\/div>\n               <\/div>\n               <\/a>\n              <\/div>\n              \n            <\/div>\n\n            <div class=\"cat-grid-contact\"><a href=\"\">B\u0130Z\u0130MLE <br \/>Ileti\u015fim<br \/>GE\u00c7\u0130N<\/a><\/div>\n\n        <\/div>\n       <\/div>\n\n\n      <\/div>\n\n   <\/div>\n  <\/div>\n  <div class=\"cl-fl\"><\/div>\n[\/vc_column_inner][\/vc_row_inner][\/vc_column][\/vc_row][vc_row css=&#8221;.vc_custom_1606301767295{padding-top: 170px !important;padding-bottom: 170px !important;background-color: #484848 !important;}&#8221;][vc_column][vc_row_inner][vc_column_inner][vc_raw_html el_class=&#8221;outro-block white&#8221;]JTNDaDIlM0VLb251JTIwbWFraW5lJTIwcGl5YXNhcyVDNCVCMSUyMG9sZHUlQzQlOUZ1bmRhJTIwVEFTS0klMkMlMjBEaXZlcnNleSVFMiU4MCU5OW5pbiUyMHN1bmR1JUM0JTlGdSUyMCUzQ3N0cm9uZyUzRWklQzMlQTdnJUMzJUI2ciVDMyVCQyUyMHZlJTIwYmlsZ2klMjBiaXJpa2ltZGVuJTNDJTJGc3Ryb25nJTNFJTIweWFyYXJsYW5tYWt0YWQlQzQlQjFyLiUyMFRlc2lzaW5pemRlJTIwYmlyJTBBVEFTS0klMjBtYWtpbmVzaSUyMGt1bGxhbmQlQzQlQjElQzQlOUYlQzQlQjFuJUM0JUIxemRhJTBBc2l6JTIwZGUlMjBidW5sYXJkYW4lMjB5YXJhcmxhbmFjYWtzJUM0JUIxbiVDNCVCMXouJTNDJTJGaDIlM0UlMEElM0NwJTNFJTNDc3Ryb25nJTNFVGVtaXpsZW1lJTIwTWFraW5lbGVyaW5pbiUyMEJhJUM1JTlGYXIlQzQlQjFzJUM0JUIxJTNDJTJGc3Ryb25nJTNFJTNDJTJGcCUzRSUwQSUzQ3AlM0VUQVNLSSVFMiU4MCU5OW5pbiUyMHlhcHQlQzQlQjElQzQlOUYlQzQlQjElMjBoZXIlMjAlQzUlOUZleSUyQyUyMG0lQzMlQkNrZW1tZWxsaWslMjBhcnp1c3VuZGFuJTIwa2F5bmFrbGFuJUM0JUIxeW9yLiUyMEJpciUyMGZpa3JpbiUyMGRvJUM0JTlGZHUlQzQlOUZ1JTIwYW5kYW4lMjBpdGliYXJlbiUyQyUyMHllbmlsaWslMjBhJUM1JTlGYW1hbGFyJUM0JUIxJTIwaWxlJTIwYXJhJUM1JTlGdCVDNCVCMXJtYSUyMHZlJTIwZ2VsaSVDNSU5Rm1lJTIwcyVDMyVCQ3JlJUMzJUE3bGVyaSUyMGJveXVuY2ElMjB2ZSUyMG1ha2luZWxlcmluJTIwJUMzJUJDcmV0aWxpcCUyMHRlZGFyaWslMjBlZGlsbWVzaW5lJTIwa2FkYXIlMjAlMEF5JUMzJUJDa3NlayUyMGthbGl0ZXlpJTIwYmVuaW1zaXlvcnV6LiUzQyUyRnAlM0U=[\/vc_raw_html][\/vc_column_inner][\/vc_row_inner][\/vc_column][\/vc_row]<\/p>\n<\/div>","protected":false},"excerpt":{"rendered":"<p>[vc_row][vc_column][\/vc_column][\/vc_row][vc_row css=&#8221;.vc_custom_1606587476742{padding-top: 80px !important;padding-bottom: 95px !important;}&#8221;][vc_column][vc_row_inner][vc_column_inner][\/vc_column_inner][\/vc_row_inner][\/vc_column][\/vc_row][vc_row css=&#8221;.vc_custom_1606301767295{padding-top: 170px !important;padding-bottom: 170px !important;background-color: #484848 !important;}&#8221;][vc_column][vc_row_inner][vc_column_inner][vc_raw_html el_class=&#8221;outro-block white&#8221;]JTNDaDIlM0VLb251JTIwbWFraW5lJTIwcGl5YXNhcyVDNCVCMSUyMG9sZHUlQzQlOUZ1bmRhJTIwVEFTS0klMkMlMjBEaXZlcnNleSVFMiU4MCU5OW5pbiUyMHN1bmR1JUM0JTlGdSUyMCUzQ3N0cm9uZyUzRWklQzMlQTdnJUMzJUI2ciVDMyVCQyUyMHZlJTIwYmlsZ2klMjBiaXJpa2ltZGVuJTNDJTJGc3Ryb25nJTNFJTIweWFyYXJsYW5tYWt0YWQlQzQlQjFyLiUyMFRlc2lzaW5pemRlJTIwYmlyJTBBVEFTS0klMjBtYWtpbmVzaSUyMGt1bGxhbmQlQzQlQjElQzQlOUYlQzQlQjFuJUM0JUIxemRhJTBBc2l6JTIwZGUlMjBidW5sYXJkYW4lMjB5YXJhcmxhbmFjYWtzJUM0JUIxbiVDNCVCMXouJTNDJTJGaDIlM0UlMEElM0NwJTNFJTNDc3Ryb25nJTNFVGVtaXpsZW1lJTIwTWFraW5lbGVyaW5pbiUyMEJhJUM1JTlGYXIlQzQlQjFzJUM0JUIxJTNDJTJGc3Ryb25nJTNFJTNDJTJGcCUzRSUwQSUzQ3AlM0VUQVNLSSVFMiU4MCU5OW5pbiUyMHlhcHQlQzQlQjElQzQlOUYlQzQlQjElMjBoZXIlMjAlQzUlOUZleSUyQyUyMG0lQzMlQkNrZW1tZWxsaWslMjBhcnp1c3VuZGFuJTIwa2F5bmFrbGFuJUM0JUIxeW9yLiUyMEJpciUyMGZpa3JpbiUyMGRvJUM0JTlGZHUlQzQlOUZ1JTIwYW5kYW4lMjBpdGliYXJlbiUyQyUyMHllbmlsaWslMjBhJUM1JTlGYW1hbGFyJUM0JUIxJTIwaWxlJTIwYXJhJUM1JTlGdCVDNCVCMXJtYSUyMHZlJTIwZ2VsaSVDNSU5Rm1lJTIwcyVDMyVCQ3JlJUMzJUE3bGVyaSUyMGJveXVuY2ElMjB2ZSUyMG1ha2luZWxlcmluJTIwJUMzJUJDcmV0aWxpcCUyMHRlZGFyaWslMjBlZGlsbWVzaW5lJTIwa2FkYXIlMjAlMEF5JUMzJUJDa3NlayUyMGthbGl0ZXlpJTIwYmVuaW1zaXlvcnV6LiUzQyUyRnAlM0U=[\/vc_raw_html][\/vc_column_inner][\/vc_row_inner][\/vc_column][\/vc_row]<\/p>\n","protected":false},"author":1,"featured_media":0,"parent":14732,"menu_order":505,"comment_status":"closed","ping_status":"closed","template":"","meta":{"_acf_changed":false,"_seopress_robots_primary_cat":"","_seopress_titles_title":"","_seopress_titles_desc":"","_seopress_robots_index":"","inline_featured_image":false,"footnotes":""},"class_list":["post-14763","page","type-page","status-publish","hentry"],"acf":[],"_links":{"self":[{"href":"https:\/\/staging.taski.com\/tr\/wp-json\/wp\/v2\/pages\/14763","targetHints":{"allow":["GET"]}}],"collection":[{"href":"https:\/\/staging.taski.com\/tr\/wp-json\/wp\/v2\/pages"}],"about":[{"href":"https:\/\/staging.taski.com\/tr\/wp-json\/wp\/v2\/types\/page"}],"author":[{"embeddable":true,"href":"https:\/\/staging.taski.com\/tr\/wp-json\/wp\/v2\/users\/1"}],"replies":[{"embeddable":true,"href":"https:\/\/staging.taski.com\/tr\/wp-json\/wp\/v2\/comments?post=14763"}],"version-history":[{"count":0,"href":"https:\/\/staging.taski.com\/tr\/wp-json\/wp\/v2\/pages\/14763\/revisions"}],"up":[{"embeddable":true,"href":"https:\/\/staging.taski.com\/tr\/wp-json\/wp\/v2\/pages\/14732"}],"wp:attachment":[{"href":"https:\/\/staging.taski.com\/tr\/wp-json\/wp\/v2\/media?parent=14763"}],"curies":[{"name":"wp","href":"https:\/\/api.w.org\/{rel}","templated":true}]}}