{"id":14759,"date":"2020-11-30T09:06:34","date_gmt":"2020-11-30T09:06:34","guid":{"rendered":"https:\/\/taski.com\/neden-taski\/taski-yetkinlikleri\/"},"modified":"2021-08-06T13:30:42","modified_gmt":"2021-08-06T13:30:42","slug":"taski-yetkinlikleri","status":"publish","type":"page","link":"https:\/\/staging.taski.com\/tr\/neden-taski\/taski-yetkinlikleri\/","title":{"rendered":"TASKI Yetkinlikleri"},"content":{"rendered":"<div class=\"wpb-content-wrapper\"><p>[vc_row][vc_column]\n  <div class=\"page-intro-block size-fit-image style-light font-large\">\n         <div class=\"page-intro-block-i\">\n      <div class=\"row\">\n        <div class=\"page-intro-content\">\n            <div class=\"title-block\">\n                                     <h2>TASKI neden <strong>ULTIMATE Temizleme Makinelerinin<\/strong> \u00fcreticisi oldu\u011funu iddia edebilir?<br \/>\n<\/h2>\n                                                 <\/div>\n            <div class=\"page-intro-image\">\n                                <div class=\"page-intro-image-alt\">\n                    \n                    <img decoding=\"async\" src=\"https:\/\/staging.taski.com\/wp-content\/uploads\/2020\/11\/Ultimate-Cleaning-Machines.jpg\" alt=\"\" \/>\n\n                <\/div>\n            <\/div>\n        <\/div>\n      <\/div>\n\n\n    <\/div>\n  <\/div>\n  <div class=\"cl-fl\"><\/div>\n[\/vc_column][\/vc_row][vc_row][vc_column]\n  <div class=\"page-description-block style-dark\">\n    <div class=\"page-description-block-i\">\n      <div class=\"row\">\n        <div class=\"page-description-content\">\n          <\/div><\/div><\/div><\/div><\/p>\n<h3><strong>Bir d\u00fczeyde\u2026<br \/>\n<\/strong>TASKI, mekanik temizlemede\u00a0<strong>k\u00fcresel bir markad\u0131r<\/strong>\u00a0. TASKI&#8217;nin\u00a0<strong>m\u00fckemmel tasarlanm\u0131\u015f<\/strong>\u00a0\u0130svi\u00e7re markas\u0131 olarak \u00fcn\u00fc iyi bilinmektedir. \u00dcr\u00fcnlerimiz kaliteli bile\u015fenlerle \u00fcretilmi\u015ftir ve\u00a0<strong>uzun \u00f6m\u00fcrl\u00fc olacak \u015fekilde tasarlanm\u0131\u015ft\u0131r.<\/strong><br \/>\nAncak ger\u00e7ek bundan daha derine iniyor\u2026<\/h3>\n<h3>TASKI&#8217;nin DNA&#8217;s\u0131 en iyi\u00a0<strong>9 x Temel Yetkinlikte<\/strong><\/h3>\n<p>\u00f6zetlenebilir.<\/p>\n        <\/div>\n      \n    \n  \n  <div class=\"cl-fl\"><\/div>\n[\/vc_column][\/vc_row][vc_row css=&#8221;.vc_custom_1606748446025{padding-top: 90px !important;padding-bottom: 90px !important;}&#8221;][vc_column css=&#8221;.vc_custom_1606743732250{margin-top: 0px !important;margin-bottom: 0px !important;padding-top: 0px !important;padding-bottom: 0px !important;}&#8221;]\n  <div class=\"taski-carousel-block \" style=\"\">\n    <div class=\"taski-carousel-block-i\">\n\n      <div class=\"taski-carousel-title\"><p>Yapt\u0131\u011f\u0131m\u0131z her \u015fey ihtiya\u00e7lar\u0131n\u0131z\u0131 kar\u015f\u0131lamak i\u00e7in tasarlanm\u0131\u015ft\u0131r<\/p><\/div>\n      <div class=\"row\">\n       <div class=\"taski-carousel-holder\">\n        <div class=\"taski-carousel owl-carousel owl-theme\" id=\"taski-carousel\">\n                                    <div class=\"item taski-slide\">\n                              <a class=\"video-play\" href=\"#\" data-src=\"https:\/\/player.vimeo.com\/video\/485889180\">\n                    <div class=\"media-w\">\n                        <div class=\"image\">\n                            <img decoding=\"async\" src=\"https:\/\/staging.taski.com\/wp-content\/uploads\/2020\/12\/Customer-market-insight.jpg\" \/>\n                        <\/div>\n                        <div class=\"video-embed\">\n                            <iframe loading=\"lazy\" id=\"\" src=\"\" width=\"100%\" height=\"100%\" frameborder=\"0\" style=\"position:absolute;top:0;left:0;width:100%;height:100%;\"   allow=\"autoplay; fullscreen\" muted webkitallowfullscreen mozallowfullscreen allowfullscreen><\/iframe>\n                        <\/div>\n                    <\/div>\n                <\/a>\n                    <div class=\"text\">\n                        <div class=\"title\">1. M\u00fc\u015fteri ve pazar i\u00e7g\u00f6r\u00fcs\u00fc<\/div>\n                        <p>M\u00fc\u015fterilerimiz i\u015fimizi y\u00fcr\u00fct\u00fcr, en iyisini talep ederler.<\/p>\n                        <div class=\"btn\"><a href=\"\/why-taski\/your-markets-sectors\/\">Daha fazla \u015fey \u00f6\u011frenmek ister misin?<\/a><\/div>                    <\/div>\n                          <\/div>\n            <div class=\"item taski-slide\">\n                              <a class=\"video-play\" href=\"#\" data-src=\"https:\/\/player.vimeo.com\/video\/485889302\">\n                    <div class=\"media-w\">\n                        <div class=\"image\">\n                            <img decoding=\"async\" src=\"https:\/\/staging.taski.com\/wp-content\/uploads\/2020\/12\/2-innovation.jpg\" \/>\n                        <\/div>\n                        <div class=\"video-embed\">\n                            <iframe loading=\"lazy\" id=\"\" src=\"\" width=\"100%\" height=\"100%\" frameborder=\"0\" style=\"position:absolute;top:0;left:0;width:100%;height:100%;\"   allow=\"autoplay; fullscreen\" muted webkitallowfullscreen mozallowfullscreen allowfullscreen><\/iframe>\n                        <\/div>\n                    <\/div>\n                <\/a>\n                    <div class=\"text\">\n                        <div class=\"title\">2. \u0130novasyon<\/div>\n                        <p>Our designers challenge convention, they optimise and they innovate.<\/p>\n                        <div class=\"btn\"><a href=\"\/products-innovations-solutions\/innovations\/\">Daha fazla \u015fey \u00f6\u011frenmek ister misin?<\/a><\/div>                    <\/div>\n                          <\/div>\n            <div class=\"item taski-slide\">\n                              <a class=\"video-play\" href=\"#\" data-src=\"https:\/\/player.vimeo.com\/video\/485889311\">\n                    <div class=\"media-w\">\n                        <div class=\"image\">\n                            <img decoding=\"async\" src=\"https:\/\/staging.taski.com\/wp-content\/uploads\/2021\/01\/Swingo-2100-image-scaled.jpg\" \/>\n                        <\/div>\n                        <div class=\"video-embed\">\n                            <iframe loading=\"lazy\" id=\"\" src=\"\" width=\"100%\" height=\"100%\" frameborder=\"0\" style=\"position:absolute;top:0;left:0;width:100%;height:100%;\"   allow=\"autoplay; fullscreen\" muted webkitallowfullscreen mozallowfullscreen allowfullscreen><\/iframe>\n                        <\/div>\n                    <\/div>\n                <\/a>\n                    <div class=\"text\">\n                        <div class=\"title\">3. S\u0131n\u0131f\u0131n\u0131n en iyisi \u00fcr\u00fcnler<\/div>\n                        <p>Ola\u011fan\u00fcst\u00fc \u00fcretkenlik ve temizleme performans\u0131 i\u00e7in en y\u00fcksek kaliteli bile\u015fenlerle \u00fcretilmi\u015ftir.<\/p>\n                        <div class=\"btn\"><a href=\"\/products-innovations-solutions\/products\/\">Daha fazla \u015fey \u00f6\u011frenmek ister misin?<\/a><\/div>                    <\/div>\n                          <\/div>\n            <div class=\"item taski-slide\">\n                              <a class=\"video-play\" href=\"#\" data-src=\"https:\/\/player.vimeo.com\/video\/485889423\">\n                    <div class=\"media-w\">\n                        <div class=\"image\">\n                            <img decoding=\"async\" src=\"https:\/\/staging.taski.com\/wp-content\/uploads\/2020\/12\/expert-advice.jpg\" \/>\n                        <\/div>\n                        <div class=\"video-embed\">\n                            <iframe loading=\"lazy\" id=\"\" src=\"\" width=\"100%\" height=\"100%\" frameborder=\"0\" style=\"position:absolute;top:0;left:0;width:100%;height:100%;\"   allow=\"autoplay; fullscreen\" muted webkitallowfullscreen mozallowfullscreen allowfullscreen><\/iframe>\n                        <\/div>\n                    <\/div>\n                <\/a>\n                    <div class=\"text\">\n                        <div class=\"title\">4. Uzman tavsiyesi<\/div>\n                        <p>Biz isti\u015fari bir yakla\u015f\u0131m izliyoruz.<\/p>\n                        <div class=\"btn\"><a href=\"\/expert-advice\/\">Daha fazla \u015fey \u00f6\u011frenmek ister misin?<\/a><\/div>                    <\/div>\n                          <\/div>\n            <div class=\"item taski-slide\">\n                              <a class=\"video-play\" href=\"#\" data-src=\"https:\/\/player.vimeo.com\/video\/485889497\">\n                    <div class=\"media-w\">\n                        <div class=\"image\">\n                            <img decoding=\"async\" src=\"https:\/\/staging.taski.com\/wp-content\/uploads\/2020\/12\/cleaning-excellence.jpg\" \/>\n                        <\/div>\n                        <div class=\"video-embed\">\n                            <iframe loading=\"lazy\" id=\"\" src=\"\" width=\"100%\" height=\"100%\" frameborder=\"0\" style=\"position:absolute;top:0;left:0;width:100%;height:100%;\"   allow=\"autoplay; fullscreen\" muted webkitallowfullscreen mozallowfullscreen allowfullscreen><\/iframe>\n                        <\/div>\n                    <\/div>\n                <\/a>\n                    <div class=\"text\">\n                        <div class=\"title\">5. Temizlik m\u00fckemmelli\u011fi<\/div>\n                        <p>Temizlik konusunda ciddiyseniz TASKI'yi se\u00e7in.<\/p>\n                        <div class=\"btn\"><a href=\"\/products-innovations-solutions\/products\/\">Daha fazla \u015fey \u00f6\u011frenmek ister misin?<\/a><\/div>                    <\/div>\n                          <\/div>\n            <div class=\"item taski-slide\">\n                              <a class=\"video-play\" href=\"#\" data-src=\"https:\/\/player.vimeo.com\/video\/485889571\">\n                    <div class=\"media-w\">\n                        <div class=\"image\">\n                            <img decoding=\"async\" src=\"https:\/\/staging.taski.com\/wp-content\/uploads\/2020\/12\/internet-of-clean.jpg\" \/>\n                        <\/div>\n                        <div class=\"video-embed\">\n                            <iframe loading=\"lazy\" id=\"\" src=\"\" width=\"100%\" height=\"100%\" frameborder=\"0\" style=\"position:absolute;top:0;left:0;width:100%;height:100%;\"   allow=\"autoplay; fullscreen\" muted webkitallowfullscreen mozallowfullscreen allowfullscreen><\/iframe>\n                        <\/div>\n                    <\/div>\n                <\/a>\n                    <div class=\"text\">\n                        <div class=\"title\">6. Temiz internet<\/div>\n                        <p>Kimse Temiz \u0130nternet'i geli\u015ftirmek i\u00e7in Diversey'den daha fazlas\u0131n\u0131 yapmad\u0131.<br \/>\nKimse TASKI'den daha fazla cihaz\u0131 ak\u0131ll\u0131 veriyle ba\u011flamad\u0131.<\/p>\n                        <div class=\"btn\"><a href=\"\/products-innovations-solutions\/innovations\/\">Daha fazla \u015fey \u00f6\u011frenmek ister misin?<\/a><\/div>                    <\/div>\n                          <\/div>\n            <div class=\"item taski-slide\">\n                              <a class=\"video-play\" href=\"#\" data-src=\"https:\/\/player.vimeo.com\/video\/485889628\">\n                    <div class=\"media-w\">\n                        <div class=\"image\">\n                            <img decoding=\"async\" src=\"https:\/\/staging.taski.com\/wp-content\/uploads\/2020\/12\/sutainability.jpg\" \/>\n                        <\/div>\n                        <div class=\"video-embed\">\n                            <iframe loading=\"lazy\" id=\"\" src=\"\" width=\"100%\" height=\"100%\" frameborder=\"0\" style=\"position:absolute;top:0;left:0;width:100%;height:100%;\"   allow=\"autoplay; fullscreen\" muted webkitallowfullscreen mozallowfullscreen allowfullscreen><\/iframe>\n                        <\/div>\n                    <\/div>\n                <\/a>\n                    <div class=\"text\">\n                        <div class=\"title\">7. S\u00fcrd\u00fcr\u00fclebilirlik<\/div>\n                        <p>S\u00fcrd\u00fcr\u00fclebilirlik sadece Ye\u015fil anlam\u0131na gelmez, TASKI'de turuncudur. Yapt\u0131\u011f\u0131m\u0131z her \u015feyin merkezinde s\u00fcrd\u00fcr\u00fclebilirlik var.<\/p>\n                        <div class=\"btn\"><a href=\"\/why-taski\/about-taski\/sustainability\/\">Daha fazla \u015fey \u00f6\u011frenmek ister misin?<\/a><\/div>                    <\/div>\n                          <\/div>\n            <div class=\"item taski-slide\">\n                              <a class=\"video-play\" href=\"#\" data-src=\"https:\/\/player.vimeo.com\/video\/485889651\">\n                    <div class=\"media-w\">\n                        <div class=\"image\">\n                            <img decoding=\"async\" src=\"https:\/\/staging.taski.com\/wp-content\/uploads\/2020\/12\/tco.jpg\" \/>\n                        <\/div>\n                        <div class=\"video-embed\">\n                            <iframe loading=\"lazy\" id=\"\" src=\"\" width=\"100%\" height=\"100%\" frameborder=\"0\" style=\"position:absolute;top:0;left:0;width:100%;height:100%;\"   allow=\"autoplay; fullscreen\" muted webkitallowfullscreen mozallowfullscreen allowfullscreen><\/iframe>\n                        <\/div>\n                    <\/div>\n                <\/a>\n                    <div class=\"text\">\n                        <div class=\"title\">8. En D\u00fc\u015f\u00fck TCO<\/div>\n                        <p>Sahipli\u011fin her a\u015famas\u0131nda sizin i\u00e7in maliyet \u00e7\u0131kar\u0131yoruz.<\/p>\n                        <div class=\"btn\"><a href=\"\/taski-selector\/\">Daha fazla \u015fey \u00f6\u011frenmek ister misin?<\/a><\/div>                    <\/div>\n                          <\/div>\n            <div class=\"item taski-slide\">\n                              <a class=\"video-play\" href=\"#\" data-src=\"https:\/\/player.vimeo.com\/video\/485889723\">\n                    <div class=\"media-w\">\n                        <div class=\"image\">\n                            <img decoding=\"async\" src=\"https:\/\/staging.taski.com\/wp-content\/uploads\/2021\/01\/ISS-Customer-Endorsement.jpg\" \/>\n                        <\/div>\n                        <div class=\"video-embed\">\n                            <iframe loading=\"lazy\" id=\"\" src=\"\" width=\"100%\" height=\"100%\" frameborder=\"0\" style=\"position:absolute;top:0;left:0;width:100%;height:100%;\"   allow=\"autoplay; fullscreen\" muted webkitallowfullscreen mozallowfullscreen allowfullscreen><\/iframe>\n                        <\/div>\n                    <\/div>\n                <\/a>\n                    <div class=\"text\">\n                        <div class=\"title\">9. M\u00fc\u015fteri onay\u0131<\/div>\n                        <p>En iyi destek, mutlu ve sad\u0131k m\u00fc\u015fterilerimizdir.<\/p>\n                        <div class=\"btn\"><a href=\"\/news-help-contacts\/\">Daha fazla \u015fey \u00f6\u011frenmek ister misin?<\/a><\/div>                    <\/div>\n                          <\/div>\n                    <\/div>\n\n        <div class=\"taski-carousel-navigation\">\n          <div class=\"nav-left\">\n            <a href=\"#\"><i class=\"fa fa-chevron-left\"><\/i><\/a>\n          <\/div>\n          <div class=\"nav-description\">\n\n          <\/div>\n          <div class=\"nav-right\">\n            <a href=\"#\"><i class=\"fa fa-chevron-right\"><\/i><\/a>\n          <\/div>\n        <\/div>\n       <\/div>\n      <\/div>\n   <\/div>\n  <\/div>\n  <div class=\"cl-fl\"><\/div>\n[\/vc_column][\/vc_row][vc_row][vc_column]\n  <div class=\"three-cta-block\">\n    <div class=\"three-cta-block-i\">\n      <div class=\"row\">\n        <div class=\"three-cta-block-grid\">\n           <div class=\"three-cta-item\">\n            <div class=\"tci-i\">\n             <div class=\"tci-item-content\">\n                <h5>&lt;strong&gt;Bkz.&lt;\/strong&gt;<br \/>\nSanayi<br \/>\n\u00c7\u00f6z\u00fcmleri<\/h5>\n                <a href=\"\/products-innovations-solutions\/\"><p>\u00dcR\u00dcNLER, <br \/> \u00c7\u00d6Z\u00dcMLER & <br \/> YEN\u0130L\u0130KLER<\/p><\/a>\n             <\/div>\n            <\/div>\n           <\/div>\n           <div class=\"three-cta-item\">\n            <div class=\"tci-i\">\n             <div class=\"tci-item-content\">\n                <h5>&lt;strong&gt;En son&lt;\/strong&gt;<br \/>\nTASKI<br \/>\nYenilik<\/h5>\n                <a href=\"https:\/\/taski.com\/products-innovations-solutions\/innovations\/\"><p>TASKI Yenilikleri<\/p><\/a>\n             <\/div>\n            <\/div>\n           <\/div>\n           <div class=\"three-cta-item\">\n            <div class=\"tci-i\">\n             <div class=\"tci-item-content\">\n                <h5>&lt;strong&gt;Uzlan\u0131n&lt;\/strong&gt;<br \/>\nIle<br \/>\nBizi<\/h5>\n                <a href=\"\/news-help-contacts\/ask-paul-contact\/\"><p>Ileti\u015fim<\/p><\/a>\n             <\/div>\n            <\/div>\n           <\/div>\n        <\/div>\n      <\/div>\n    <\/div>\n  <\/div>\n  <div class=\"cl-fl\"><\/div>\n[\/vc_column][\/vc_row]\n","protected":false},"excerpt":{"rendered":"<p>[vc_row][vc_column][\/vc_column][\/vc_row][vc_row][vc_column][\/vc_column][\/vc_row][vc_row css=&#8221;.vc_custom_1606748446025{padding-top: 90px !important;padding-bottom: 90px !important;}&#8221;][vc_column css=&#8221;.vc_custom_1606743732250{margin-top: 0px !important;margin-bottom: 0px !important;padding-top: 0px !important;padding-bottom: 0px !important;}&#8221;][\/vc_column][\/vc_row][vc_row][vc_column][\/vc_column][\/vc_row]<\/p>\n","protected":false},"author":1,"featured_media":0,"parent":14732,"menu_order":680,"comment_status":"closed","ping_status":"closed","template":"","meta":{"_acf_changed":false,"_seopress_robots_primary_cat":"","_seopress_titles_title":"","_seopress_titles_desc":"","_seopress_robots_index":"","inline_featured_image":false,"footnotes":""},"class_list":["post-14759","page","type-page","status-publish","hentry"],"acf":[],"_links":{"self":[{"href":"https:\/\/staging.taski.com\/tr\/wp-json\/wp\/v2\/pages\/14759","targetHints":{"allow":["GET"]}}],"collection":[{"href":"https:\/\/staging.taski.com\/tr\/wp-json\/wp\/v2\/pages"}],"about":[{"href":"https:\/\/staging.taski.com\/tr\/wp-json\/wp\/v2\/types\/page"}],"author":[{"embeddable":true,"href":"https:\/\/staging.taski.com\/tr\/wp-json\/wp\/v2\/users\/1"}],"replies":[{"embeddable":true,"href":"https:\/\/staging.taski.com\/tr\/wp-json\/wp\/v2\/comments?post=14759"}],"version-history":[{"count":0,"href":"https:\/\/staging.taski.com\/tr\/wp-json\/wp\/v2\/pages\/14759\/revisions"}],"up":[{"embeddable":true,"href":"https:\/\/staging.taski.com\/tr\/wp-json\/wp\/v2\/pages\/14732"}],"wp:attachment":[{"href":"https:\/\/staging.taski.com\/tr\/wp-json\/wp\/v2\/media?parent=14759"}],"curies":[{"name":"wp","href":"https:\/\/api.w.org\/{rel}","templated":true}]}}