{"id":14755,"date":"2020-11-30T09:06:18","date_gmt":"2020-11-30T09:06:18","guid":{"rendered":"https:\/\/taski.com\/neden-taski\/taski-hakkinda\/"},"modified":"2021-08-02T11:24:15","modified_gmt":"2021-08-02T11:24:15","slug":"taski-hakkinda","status":"publish","type":"page","link":"https:\/\/staging.taski.com\/tr\/neden-taski\/taski-hakkinda\/","title":{"rendered":"TASKI Hakk\u0131nda"},"content":{"rendered":"<div class=\"wpb-content-wrapper\"><p>[vc_row][vc_column]\n  <div class=\"page-intro-block size-fit-image style-light font-large\">\n         <div class=\"page-intro-block-i\">\n      <div class=\"row\">\n        <div class=\"page-intro-content\">\n            <div class=\"title-block\">\n                                     <h2>TASKI, Diversey ailesinin bir par\u00e7as\u0131 olmaktan gurur duyar.<br \/>\nTASKI'nin bir<br \/>\n&lt;strong&gt;m\u00fckemmel bir \u015fekilde tasarlanm\u0131\u015f&lt;\/strong&gt;<br \/>\n\u0130svi\u00e7re markas\u0131 iyi bilinmektedir.<\/h2>\n                                                 <\/div>\n            <div class=\"page-intro-image\">\n                                <div class=\"page-intro-image-alt\">\n                    \n                    <img decoding=\"async\" src=\"https:\/\/staging.taski.com\/wp-content\/uploads\/2020\/12\/Swiss-flag_1.2.1-2.jpg\" alt=\"\" \/>\n\n                <\/div>\n            <\/div>\n        <\/div>\n      <\/div>\n\n\n    <\/div>\n  <\/div>\n  <div class=\"cl-fl\"><\/div>\n[\/vc_column][\/vc_row][vc_row][vc_column]\n  <div class=\"page-description-block style-dark\">\n    <div class=\"page-description-block-i\">\n      <div class=\"row\">\n        <div class=\"page-description-content\">\n          <\/div><\/div><\/div><\/div><\/p>\n<h2>TASKI <strong>vizyonu ve misyonu<\/strong>:<\/h2>\n<h3>Daha g\u00fcvenli ve sa\u011fl\u0131kl\u0131 bir d\u00fcnya i\u00e7in d\u00fcnyan\u0131n s\u00fcrd\u00fcr\u00fclebilir ve ak\u0131ll\u0131 temizlik deneyimlerini <strong>d\u00f6n\u00fc\u015ft\u00fcrmek.<\/strong><\/h3>\n<h3><strong>\u0130novasyonun Miras\u0131 <\/strong>h\u0131zland\u0131r\u0131lacak ve gelece\u011fe d\u00f6n\u00fc\u015ft\u00fcr\u00fclecektir.<\/h3>\n<h2>Di\u011ferleri takip edebilir, <strong>TASKI m\u00fc\u015fteri adaylar\u0131<\/strong><\/h2>\n<\/div>\n      \n    \n  \n  <div class=\"cl-fl\"><\/div>\n[\/vc_column][\/vc_row][vc_row css=&#8221;.vc_custom_1606742742288{background-color: #f18a00 !important;}&#8221;][vc_column css=&#8221;.vc_custom_1606743732250{margin-top: 0px !important;margin-bottom: 0px !important;padding-top: 0px !important;padding-bottom: 0px !important;}&#8221;]\n  <div class=\"image-hover-block\">\n    <div class=\"image-hover-block-i\">\n\n        <div class=\"image-hover-grid\">\n           <div class=\"image-hover-item\">\n            <div class=\"ih-i\" style=\"background:url(https:\/\/staging.taski.com\/wp-content\/uploads\/2020\/11\/image-hover-1.jpg);\">\n             <div class=\"ih-item-content\">\n                <div class=\"ih-item-content-i\"><p>\u0130svi\u00e7re miras\u0131m\u0131zla gurur duyuyoruz, bu bizim DNA'm\u0131zda. Bu bir referans noktas\u0131 ve canl\u0131 ve g\u00fc\u00e7l\u00fc bir ilham kayna\u011f\u0131<\/p>\n<\/div>\n             <\/div>\n            <\/div>\n           <\/div>\n           <div class=\"image-hover-item\">\n            <div class=\"ih-i\" style=\"background:url(https:\/\/staging.taski.com\/wp-content\/uploads\/2020\/11\/image-hover-2.jpg);\">\n             <div class=\"ih-item-content\">\n                <div class=\"ih-item-content-i\"><p>Kalite hak etti\u011fimiz itibar\u0131 bildirir parlak m\u00fchendislik i\u00e7in.<\/p>\n<\/div>\n             <\/div>\n            <\/div>\n           <\/div>\n           <div class=\"image-hover-item\">\n            <div class=\"ih-i\" style=\"background:url(https:\/\/staging.taski.com\/wp-content\/uploads\/2021\/01\/Engineering-excellence-image.png);\">\n             <div class=\"ih-item-content\">\n                <div class=\"ih-item-content-i\"><p>Tasar\u0131mc\u0131lar\u0131m\u0131z ve m\u00fchendislerimiz geleneklere meydan okuyor, m\u00fckemmel temizlik elde etmek i\u00e7in optimizasyon ve yenilik yap\u0131yorlar.<\/p>\n<\/div>\n             <\/div>\n            <\/div>\n           <\/div>\n           <div class=\"image-hover-item\">\n            <div class=\"ih-i\" style=\"background:url(https:\/\/staging.taski.com\/wp-content\/uploads\/2021\/01\/Machine-testing-image.jpg);\">\n             <div class=\"ih-item-content\">\n                <div class=\"ih-item-content-i\"><p>Tekrar test edin, test edin ve tekrar test edin. Munchwilen'de her makine fabrikadan \u00e7\u0131kmadan \u00f6nce titizlikle test edilir. Parti veya numune de\u011fil, her makine. Nihai kalitede.<\/p>\n<\/div>\n             <\/div>\n            <\/div>\n           <\/div>\n\n        <\/div>\n\n\n    <\/div>\n  <\/div>\n  <div class=\"cl-fl\"><\/div>\n[\/vc_column][\/vc_row][vc_row][vc_column][vc_column_text]\n<h3 style=\"text-align: center;\">TASKI&#8217;nin temizli\u011fi nas\u0131l d\u00f6n\u00fc\u015ft\u00fcrece\u011fi hakk\u0131nda daha fazla \u015fey g\u00f6rmek i\u00e7in indirmelere t\u0131klay\u0131n<\/h3>\n<p>[\/vc_column_text][\/vc_column][\/vc_row][vc_row][vc_column width=&#8221;1\/2&#8243;]  <div class=\"feature-icon-w\">\n    <div class=\"feature-icon-i\">\n     <a href=\"https:\/\/taski.com\/wp-content\/uploads\/2021\/03\/Taski-Vision-flyer-.pdf\" target=\"_blank\">       <div class=\"feature-tbl\">\n        <div class=\"feature-cell image-cell\">\n          <img decoding=\"async\" class=\"aligncenter size-full\" alt=\"\" src=\"https:\/\/staging.taski.com\/wp-content\/uploads\/2020\/12\/icon-document.png\"\/>\n        <\/div>\n        <div class=\"feature-cell description-cell\">\n          <p>TASKI Mission Flyer<\/p>\n        <\/div>\n       <\/div>\n        <\/a>       <div class=\"cl-fl\"><\/div>\n    <\/div>\n  <\/div>\n[\/vc_column][vc_column width=&#8221;1\/2&#8243;]  <div class=\"feature-icon-w\">\n    <div class=\"feature-icon-i\">\n     <a href=\"https:\/\/taski.com\/wp-content\/uploads\/2021\/03\/Taski-Vision-poster-.pdf\" target=\"_blank\">       <div class=\"feature-tbl\">\n        <div class=\"feature-cell image-cell\">\n          <img decoding=\"async\" class=\"aligncenter size-full\" alt=\"\" src=\"https:\/\/staging.taski.com\/wp-content\/uploads\/2020\/12\/icon-document.png\"\/>\n        <\/div>\n        <div class=\"feature-cell description-cell\">\n          <p>TASKI Mission Poster<\/p>\n        <\/div>\n       <\/div>\n        <\/a>       <div class=\"cl-fl\"><\/div>\n    <\/div>\n  <\/div>\n[\/vc_column][\/vc_row][vc_row][vc_column]\n  <div class=\"three-cta-block\">\n    <div class=\"three-cta-block-i\">\n      <div class=\"row\">\n        <div class=\"three-cta-block-grid\">\n           <div class=\"three-cta-item\">\n            <div class=\"tci-i\">\n             <div class=\"tci-item-content\">\n                <h5>&lt;strong&gt;Bkz.&lt;\/strong&gt;<br \/>\nen son \u00fcr\u00fcnler<br \/>\nYenilikler<\/h5>\n                <a href=\"\/products-innovations-solutions\/\"><p>\u00dcR\u00dcNLER, <br \/> \u00c7\u00d6Z\u00dcMLER & <br \/> YEN\u0130L\u0130KLER<\/p><\/a>\n             <\/div>\n            <\/div>\n           <\/div>\n           <div class=\"three-cta-item\">\n            <div class=\"tci-i\">\n             <div class=\"tci-item-content\">\n                <h5><strong>Sat\u0131n <\/strong><br \/>almak m\u0131 <br \/>istiyorsunuz?<\/h5>\n                <a href=\"\/shop\/\"><p>TASKI<br \/>MA\u011eAZAM<\/p><\/a>\n             <\/div>\n            <\/div>\n           <\/div>\n           <div class=\"three-cta-item\">\n            <div class=\"tci-i\">\n             <div class=\"tci-item-content\">\n                <h5>&lt;strong&gt;Uzlan\u0131n&lt;\/strong&gt;<br \/>\nveya bir<br \/>\nSoru<\/h5>\n                <a href=\"\/news-help-contacts\/\"><p>Ileti\u015fim<\/p><\/a>\n             <\/div>\n            <\/div>\n           <\/div>\n        <\/div>\n      <\/div>\n    <\/div>\n  <\/div>\n  <div class=\"cl-fl\"><\/div>\n[\/vc_column][\/vc_row]<\/p>\n","protected":false},"excerpt":{"rendered":"<p>[vc_row][vc_column][\/vc_column][\/vc_row][vc_row][vc_column][\/vc_column][\/vc_row][vc_row css=&#8221;.vc_custom_1606742742288{background-color: #f18a00 !important;}&#8221;][vc_column css=&#8221;.vc_custom_1606743732250{margin-top: 0px !important;margin-bottom: 0px !important;padding-top: 0px !important;padding-bottom: 0px !important;}&#8221;][\/vc_column][\/vc_row][vc_row][vc_column][vc_column_text] TASKI&#8217;nin temizli\u011fi nas\u0131l d\u00f6n\u00fc\u015ft\u00fcrece\u011fi hakk\u0131nda daha fazla \u015fey g\u00f6rmek i\u00e7in indirmelere t\u0131klay\u0131n [\/vc_column_text][\/vc_column][\/vc_row][vc_row][vc_column width=&#8221;1\/2&#8243;][\/vc_column][vc_column width=&#8221;1\/2&#8243;][\/vc_column][\/vc_row][vc_row][vc_column][\/vc_column][\/vc_row]<\/p>\n","protected":false},"author":1,"featured_media":0,"parent":14732,"menu_order":552,"comment_status":"closed","ping_status":"closed","template":"","meta":{"_acf_changed":false,"_seopress_robots_primary_cat":"","_seopress_titles_title":"","_seopress_titles_desc":"","_seopress_robots_index":"","inline_featured_image":false,"footnotes":""},"class_list":["post-14755","page","type-page","status-publish","hentry"],"acf":[],"_links":{"self":[{"href":"https:\/\/staging.taski.com\/tr\/wp-json\/wp\/v2\/pages\/14755","targetHints":{"allow":["GET"]}}],"collection":[{"href":"https:\/\/staging.taski.com\/tr\/wp-json\/wp\/v2\/pages"}],"about":[{"href":"https:\/\/staging.taski.com\/tr\/wp-json\/wp\/v2\/types\/page"}],"author":[{"embeddable":true,"href":"https:\/\/staging.taski.com\/tr\/wp-json\/wp\/v2\/users\/1"}],"replies":[{"embeddable":true,"href":"https:\/\/staging.taski.com\/tr\/wp-json\/wp\/v2\/comments?post=14755"}],"version-history":[{"count":0,"href":"https:\/\/staging.taski.com\/tr\/wp-json\/wp\/v2\/pages\/14755\/revisions"}],"up":[{"embeddable":true,"href":"https:\/\/staging.taski.com\/tr\/wp-json\/wp\/v2\/pages\/14732"}],"wp:attachment":[{"href":"https:\/\/staging.taski.com\/tr\/wp-json\/wp\/v2\/media?parent=14755"}],"curies":[{"name":"wp","href":"https:\/\/api.w.org\/{rel}","templated":true}]}}