{"id":14732,"date":"2020-11-23T12:13:44","date_gmt":"2020-11-23T12:13:44","guid":{"rendered":"https:\/\/taski.com\/neden-taski\/"},"modified":"2021-08-06T09:50:52","modified_gmt":"2021-08-06T09:50:52","slug":"neden-taski","status":"publish","type":"page","link":"https:\/\/staging.taski.com\/tr\/neden-taski\/","title":{"rendered":"NEDEN TASKI?"},"content":{"rendered":"<div class=\"wpb-content-wrapper\"><p>[vc_row][vc_column]\n  <div class=\"page-intro-block size-fit-image style-light font-large\">\n         <div class=\"page-intro-block-i\">\n      <div class=\"row\">\n        <div class=\"page-intro-content\">\n            <div class=\"title-block\">\n                                     <h2>TASKI nas\u0131l<br \/>\n<strong>\u00dcst\u00fcn Temizlik Makineleri<br \/>\n<\/strong>yarat\u0131r?<\/h2>\n                                                 <\/div>\n            <div class=\"page-intro-image\">\n                                <div class=\"page-intro-image-alt\">\n                    \n                    <img decoding=\"async\" src=\"https:\/\/staging.taski.com\/wp-content\/uploads\/2020\/11\/Ultimate-Cleaning-Machines.jpg\" alt=\"\" \/>\n\n                <\/div>\n            <\/div>\n        <\/div>\n      <\/div>\n\n\n    <\/div>\n  <\/div>\n  <div class=\"cl-fl\"><\/div>\n[\/vc_column][\/vc_row][vc_row][vc_column]\n  <div class=\"page-description-block style-dark\">\n    <div class=\"page-description-block-i\">\n      <div class=\"row\">\n        <div class=\"page-description-content\">\n          <p>[page_description_block]<\/p>\n<h2>TASKI, m\u00fc\u015fterilerini, \u00e7al\u0131\u015ft\u0131klar\u0131 sekt\u00f6rleri dinler ve<strong>\u00a0e\u011filimleri g\u00f6zlemler.<\/strong> Ara\u015ft\u0131rma ve geli\u015ftirme s\u00fcrecimizin temeli budur.<\/h2>\n<p>\u00dcst\u00fcn Temizlik Makineleri, ihtiya\u00e7lar\u0131n\u0131z\u0131n ve yeniliklerimizin bir \u00fcr\u00fcn\u00fcdir.<\/p>\n        <\/div>\n      <\/div>\n    <\/div>\n  <\/div>\n  <div class=\"cl-fl\"><\/div>\n[\/vc_column][\/vc_row][vc_row css=&#8221;.vc_custom_1606748446025{padding-top: 90px !important;padding-bottom: 90px !important;}&#8221;][vc_column css=&#8221;.vc_custom_1606743732250{margin-top: 0px !important;margin-bottom: 0px !important;padding-top: 0px !important;padding-bottom: 0px !important;}&#8221;]\n  <div class=\"taski-carousel-block \" style=\"\">\n    <div class=\"taski-carousel-block-i\">\n\n      <div class=\"taski-carousel-title\"><p>Yapt\u0131\u011f\u0131m\u0131z her \u015fey ihtiya\u00e7lar\u0131n\u0131z\u0131 kar\u015f\u0131lamak i\u00e7in tasarlanm\u0131\u015ft\u0131r<\/p><\/div>\n      <div class=\"row\">\n       <div class=\"taski-carousel-holder\">\n        <div class=\"taski-carousel owl-carousel owl-theme\" id=\"taski-carousel\">\n                                    <div class=\"item taski-slide\">\n                            <div class=\"its-i\">\n                <div class=\"media-w\">\n                    <div class=\"image\">\n                      <div class=\"image-i\">\n                        <img decoding=\"async\" src=\"https:\/\/staging.taski.com\/wp-content\/uploads\/2020\/12\/operational-efficiency.svg\" \/>\n                      <\/div>\n                    <\/div>\n                <\/div>\n                <div class=\"text\">\n                    <div class=\"title\">Operasyonel Verimlilik<\/div>\n                    <p>\u0130novasyon, \u00fcretkenlik ve filo y\u00f6netimi ile operasyonel verimlili\u011fi art\u0131r\u0131n.<br \/>\nEn son Yenilik <strong>ve \u00dcr\u00fcn sayfalar\u0131m\u0131za<\/strong> g\u00f6z at\u0131n.<\/p>\n                                    <\/div>\n              <\/div>\n                          <\/div>\n            <div class=\"item taski-slide\">\n                            <div class=\"its-i\">\n                <div class=\"media-w\">\n                    <div class=\"image\">\n                      <div class=\"image-i\">\n                        <img decoding=\"async\" src=\"https:\/\/staging.taski.com\/wp-content\/uploads\/2020\/12\/continuous-innovation.svg\" \/>\n                      <\/div>\n                    <\/div>\n                <\/div>\n                <div class=\"text\">\n                    <div class=\"title\">S\u00fcrekli \u0130novasyon<\/div>\n                    <p>S\u00fcrekli iyile\u015ftirme i\u00e7in en son teknolojileri ve Temizli\u011fin \u0130nternet'ini kullan\u0131n.<br \/>\n\u00d6d\u00fcll\u00fc inovasyonlar i\u00e7in <strong>Ak\u0131ll\u0131 \u00c7\u00f6z\u00fcmler sayfalar\u0131m\u0131za<\/strong> g\u00f6z at\u0131n.<\/p>\n                                    <\/div>\n              <\/div>\n                          <\/div>\n            <div class=\"item taski-slide\">\n                            <div class=\"its-i\">\n                <div class=\"media-w\">\n                    <div class=\"image\">\n                      <div class=\"image-i\">\n                        <img decoding=\"async\" src=\"https:\/\/staging.taski.com\/wp-content\/uploads\/2020\/12\/cost-control.svg\" \/>\n                      <\/div>\n                    <\/div>\n                <\/div>\n                <div class=\"text\">\n                    <div class=\"title\">Karl\u0131 B\u00fcy\u00fcme<\/div>\n                    <p>Verimlili\u011fi art\u0131rmak, maliyetleri d\u00fc\u015f\u00fcrmek ve k\u00e2r\u0131 art\u0131rmak i\u00e7in temizlik operasyonunun daha fazlas\u0131n\u0131 mekanize edin.<br \/>\nDaha fazla \u015fey \u00f6\u011frenmek i\u00e7in <strong>Finans ve Hizmet sayfalar\u0131m\u0131za<\/strong> g\u00f6z at\u0131n.<\/p>\n                                    <\/div>\n              <\/div>\n                          <\/div>\n            <div class=\"item taski-slide\">\n                            <div class=\"its-i\">\n                <div class=\"media-w\">\n                    <div class=\"image\">\n                      <div class=\"image-i\">\n                        <img decoding=\"async\" src=\"https:\/\/staging.taski.com\/wp-content\/uploads\/2020\/12\/customer-experience.svg\" \/>\n                      <\/div>\n                    <\/div>\n                <\/div>\n                <div class=\"text\">\n                    <div class=\"title\">M\u00fc\u015fteri Deneyimi<\/div>\n                    <p>M\u00fc\u015fterilerinizi etkileyin ve markan\u0131z\u0131 daha temiz ve g\u00fcvenli zeminlerle geli\u015ftirin.<br \/>\nSekt\u00f6r\u00fcn\u00fcze dair en iyi \u00e7\u00f6z\u00fcmlerimiz i\u00e7in <strong>Sekt\u00f6r sayfalar\u0131m\u0131za<\/strong> t\u0131klay\u0131n.<\/p>\n                                    <\/div>\n              <\/div>\n                          <\/div>\n            <div class=\"item taski-slide\">\n                            <div class=\"its-i\">\n                <div class=\"media-w\">\n                    <div class=\"image\">\n                      <div class=\"image-i\">\n                        <img decoding=\"async\" src=\"https:\/\/staging.taski.com\/wp-content\/uploads\/2020\/12\/brand-protection.svg\" \/>\n                      <\/div>\n                    <\/div>\n                <\/div>\n                <div class=\"text\">\n                    <div class=\"title\">Marka Korumas\u0131<\/div>\n                    <p>Markan\u0131z\u0131 korurken m\u00fc\u015fterilerinizi, misafirinizi ve hastalar\u0131n\u0131z\u0131 koruyun.<br \/>\nSekt\u00f6r\u00fcn\u00fcze dair i\u00e7in en iyi \u00e7\u00f6z\u00fcmlerimiz i\u00e7in <strong>Sekt\u00f6r sayfalar\u0131m\u0131za<\/strong> t\u0131klay\u0131n.<\/p>\n                                    <\/div>\n              <\/div>\n                          <\/div>\n            <div class=\"item taski-slide\">\n                            <div class=\"its-i\">\n                <div class=\"media-w\">\n                    <div class=\"image\">\n                      <div class=\"image-i\">\n                        <img decoding=\"async\" src=\"https:\/\/staging.taski.com\/wp-content\/uploads\/2020\/12\/people-safety.svg\" \/>\n                      <\/div>\n                    <\/div>\n                <\/div>\n                <div class=\"text\">\n                    <div class=\"title\">Kullan\u0131c\u0131 Deneyimi ve G\u00fcvenlik<\/div>\n                    <p>Geli\u015fmi\u015f hava kalitesi, daha hijyenik ve kuru zeminleriniz ile m\u00fc\u015fterilerinizi, misafirlerinizi, hastalar\u0131n\u0131z\u0131 ve personelinizi koruyun.<br \/>\n<strong>\u00dcr\u00fcn ve \u0130novasyon sayfalar\u0131m\u0131za<\/strong> g\u00f6z at\u0131n.<\/p>\n                                    <\/div>\n              <\/div>\n                          <\/div>\n            <div class=\"item taski-slide\">\n                            <div class=\"its-i\">\n                <div class=\"media-w\">\n                    <div class=\"image\">\n                      <div class=\"image-i\">\n                        <img decoding=\"async\" src=\"https:\/\/staging.taski.com\/wp-content\/uploads\/2020\/12\/sustainability.svg\" \/>\n                      <\/div>\n                    <\/div>\n                <\/div>\n                <div class=\"text\">\n                    <div class=\"title\">S\u00fcrd\u00fcr\u00fclebilirlik<\/div>\n                    <p>T\u00fcketimlerinizi %76'ya kadar azalt\u0131n ve s\u00fcrd\u00fcr\u00fclebilirlik hedeflerinize ula\u015f\u0131n.<br \/>\n<strong>Ak\u0131ll\u0131 \u00c7\u00f6z\u00fcmler ve Teknik \u0130ncelemelerimize<\/strong> g\u00f6z at\u0131n.<\/p>\n                                    <\/div>\n              <\/div>\n                          <\/div>\n            <div class=\"item taski-slide\">\n                            <div class=\"its-i\">\n                <div class=\"media-w\">\n                    <div class=\"image\">\n                      <div class=\"image-i\">\n                        <img decoding=\"async\" src=\"https:\/\/staging.taski.com\/wp-content\/uploads\/2020\/12\/working-capital-optimisation.svg\" \/>\n                      <\/div>\n                    <\/div>\n                <\/div>\n                <div class=\"text\">\n                    <div class=\"title\">\u0130\u015fletme Sermayesi Optimizasyonu<\/div>\n                    <p>Ak\u0131ll\u0131ca yat\u0131r\u0131m yap\u0131n. Paran\u0131z\u0131n sizin i\u00e7in daha \u00e7ok \u00e7al\u0131\u015fmas\u0131n\u0131 sa\u011flay\u0131n. Yat\u0131r\u0131m getirinizi geli\u015ftirin ve geri d\u00f6n\u00fc\u015f\u00fcn\u00fc k\u0131salt\u0131n.<br \/>\nDaha fazla bilgi i\u00e7in <strong>Finans ve Hizmet sayfalar\u0131m\u0131za<\/strong> gidin.<\/p>\n                                    <\/div>\n              <\/div>\n                          <\/div>\n            <div class=\"item taski-slide\">\n                            <div class=\"its-i\">\n                <div class=\"media-w\">\n                    <div class=\"image\">\n                      <div class=\"image-i\">\n                        <img decoding=\"async\" src=\"https:\/\/staging.taski.com\/wp-content\/uploads\/2020\/12\/asset-protection.svg\" \/>\n                      <\/div>\n                    <\/div>\n                <\/div>\n                <div class=\"text\">\n                    <div class=\"title\">Varl\u0131klar\u0131n Korunmas\u0131<\/div>\n                    <p>\u0130\u015fletmenizin g\u00f6r\u00fcn\u00fcm\u00fcn\u00fc geli\u015ftirirken, varl\u0131klar\u0131n\u0131z\u0131 koruyun.<br \/>\nDaha fazla bilgi edinmek veya soru sormak i\u00e7in <strong>Uzman Tavsiyesi ve \u0130leti\u015fim sayfalar\u0131m\u0131za<\/strong> t\u0131klay\u0131n.<\/p>\n                                    <\/div>\n              <\/div>\n                          <\/div>\n            <div class=\"item taski-slide\">\n                            <div class=\"its-i\">\n                <div class=\"media-w\">\n                    <div class=\"image\">\n                      <div class=\"image-i\">\n                        <img decoding=\"async\" src=\"https:\/\/staging.taski.com\/wp-content\/uploads\/2020\/12\/infection-prevention.svg\" \/>\n                      <\/div>\n                    <\/div>\n                <\/div>\n                <div class=\"text\">\n                    <div class=\"title\">Enfeksiyon \u00d6nleme<\/div>\n                    <p>M\u00fc\u015fterilerinizi, misafirlerinizi, hastalar\u0131n\u0131z\u0131 ve personelinizi en y\u00fcksek hijyen standartlar\u0131yla koruyun.<br \/>\nDaha fazla bilgi edinmek veya soru sormak i\u00e7in <strong>Uzman Tavsiyesi ve \u0130leti\u015fim sayfalar\u0131m\u0131za<\/strong> t\u0131klay\u0131n.<\/p>\n                                    <\/div>\n              <\/div>\n                          <\/div>\n                    <\/div>\n\n        <div class=\"taski-carousel-navigation\">\n          <div class=\"nav-left\">\n            <a href=\"#\"><i class=\"fa fa-chevron-left\"><\/i><\/a>\n          <\/div>\n          <div class=\"nav-description\">\n\n          <\/div>\n          <div class=\"nav-right\">\n            <a href=\"#\"><i class=\"fa fa-chevron-right\"><\/i><\/a>\n          <\/div>\n        <\/div>\n       <\/div>\n      <\/div>\n   <\/div>\n  <\/div>\n  <div class=\"cl-fl\"><\/div>\n[\/vc_column][\/vc_row][vc_row][vc_column]\n  <div class=\"three-cta-block\">\n    <div class=\"three-cta-block-i\">\n      <div class=\"row\">\n        <div class=\"three-cta-block-grid\">\n           <div class=\"three-cta-item\">\n            <div class=\"tci-i\">\n             <div class=\"tci-item-content\">\n                <h5><strong>Bkz.<\/strong><br \/>\nSekt\u00f6r<br \/>\n\u00c7\u00f6z\u00fcmleri<\/h5>\n                <a href=\"https:\/\/taski.com\/why-taski\/your-markets-sectors\/\"><p>\u00dcR\u00dcNLER, <br \/> \u00c7\u00d6Z\u00dcMLER & <br \/> YEN\u0130L\u0130KLER<\/p><\/a>\n             <\/div>\n            <\/div>\n           <\/div>\n           <div class=\"three-cta-item\">\n            <div class=\"tci-i\">\n             <div class=\"tci-item-content\">\n                <h5><strong>En son<\/strong><br \/>\nTASKI<br \/>\nYeniliklerine g\u00f6z at\u0131n<\/h5>\n                <a href=\"https:\/\/taski.com\/products-innovations-solutions\/innovations\/\"><p>Daha<br \/>\nFazla<br \/>\nBilgi \u0130\u00e7in<\/p><\/a>\n             <\/div>\n            <\/div>\n           <\/div>\n           <div class=\"three-cta-item\">\n            <div class=\"tci-i\">\n             <div class=\"tci-item-content\">\n                <h5>Bizimle<br \/>\n<strong>\u0130leti\u015fime<\/strong><br \/>\nGe\u00e7in<\/h5>\n                <a href=\"\/news-help-contacts\/ask-paul-contact\/\"><p>\u0130leti\u015fime Ge\u00e7in<\/p><\/a>\n             <\/div>\n            <\/div>\n           <\/div>\n        <\/div>\n      <\/div>\n    <\/div>\n  <\/div>\n  <div class=\"cl-fl\"><\/div>\n[\/vc_column][\/vc_row]<\/p>\n<\/div>","protected":false},"excerpt":{"rendered":"<p>[vc_row][vc_column][\/vc_column][\/vc_row][vc_row][vc_column][\/vc_column][\/vc_row][vc_row css=&#8221;.vc_custom_1606748446025{padding-top: 90px !important;padding-bottom: 90px !important;}&#8221;][vc_column css=&#8221;.vc_custom_1606743732250{margin-top: 0px !important;margin-bottom: 0px !important;padding-top: 0px !important;padding-bottom: 0px !important;}&#8221;][\/vc_column][\/vc_row][vc_row][vc_column][\/vc_column][\/vc_row]<\/p>\n","protected":false},"author":1,"featured_media":0,"parent":0,"menu_order":543,"comment_status":"closed","ping_status":"closed","template":"","meta":{"_acf_changed":false,"_seopress_robots_primary_cat":"","_seopress_titles_title":"","_seopress_titles_desc":"","_seopress_robots_index":"","inline_featured_image":false,"footnotes":""},"class_list":["post-14732","page","type-page","status-publish","hentry"],"acf":[],"_links":{"self":[{"href":"https:\/\/staging.taski.com\/tr\/wp-json\/wp\/v2\/pages\/14732","targetHints":{"allow":["GET"]}}],"collection":[{"href":"https:\/\/staging.taski.com\/tr\/wp-json\/wp\/v2\/pages"}],"about":[{"href":"https:\/\/staging.taski.com\/tr\/wp-json\/wp\/v2\/types\/page"}],"author":[{"embeddable":true,"href":"https:\/\/staging.taski.com\/tr\/wp-json\/wp\/v2\/users\/1"}],"replies":[{"embeddable":true,"href":"https:\/\/staging.taski.com\/tr\/wp-json\/wp\/v2\/comments?post=14732"}],"version-history":[{"count":0,"href":"https:\/\/staging.taski.com\/tr\/wp-json\/wp\/v2\/pages\/14732\/revisions"}],"wp:attachment":[{"href":"https:\/\/staging.taski.com\/tr\/wp-json\/wp\/v2\/media?parent=14732"}],"curies":[{"name":"wp","href":"https:\/\/api.w.org\/{rel}","templated":true}]}}