{"id":14731,"date":"2020-11-30T07:24:29","date_gmt":"2020-11-30T07:24:29","guid":{"rendered":"https:\/\/taski.com\/yenilik\/"},"modified":"2021-07-26T20:15:20","modified_gmt":"2021-07-26T20:15:20","slug":"yenilik","status":"publish","type":"page","link":"https:\/\/staging.taski.com\/tr\/urunler-yenilikler-ve-cozumler\/yenilik\/","title":{"rendered":"Yenilikler"},"content":{"rendered":"<div class=\"wpb-content-wrapper\"><p>[vc_row][vc_column]\n  <div class=\"page-intro-block size-original-size style-light font-large\">\n         <div class=\"page-intro-block-i\">\n      <div class=\"row\">\n        <div class=\"page-intro-content\">\n            <div class=\"title-block\">\n                                     <h2>TASKI, \u0130NOVASYONLAR ile sekt\u00f6re \u00f6nc\u00fcl\u00fck eder.<br \/>\nYenilik, DNA\u2019m\u0131zda var ve <strong>devrim yaratan \u00f6d\u00fcll\u00fc \u00fcr\u00fcnlerimizde <\/strong> kendini g\u00f6steriyor.<\/h2>\n                    <p>TASKI, 60 y\u0131l\u0131 a\u015fk\u0131n bir s\u00fcredir size s\u00fcrekli yenilik\u00e7i, \u00f6d\u00fcl kazanan tasar\u0131mlar, teknolojiler ve \u00fcr\u00fcnler sunuyor.<br \/>\nY\u00fczlerce ge\u00e7erli patent ile TASKI'nin yenili\u011fe dair referanslar\u0131 \u00e7ok g\u00fc\u00e7l\u00fc. \u0130\u015fte kan\u0131t\u0131...<\/p>\n                             <\/div>\n            <div class=\"page-intro-image\">\n                                <div class=\"page-intro-image-alt\">\n                    \n                    <img decoding=\"async\" src=\"https:\/\/staging.taski.com\/wp-content\/uploads\/2021\/01\/ISSA20-VE-Innovation-of-the-Year-Award-Winner-Logo-43.png\" alt=\"\" \/>\n\n                <\/div>\n            <\/div>\n        <\/div>\n      <\/div>\n\n\n    <\/div>\n  <\/div>\n  <div class=\"cl-fl\"><\/div>\n[\/vc_column][\/vc_row][vc_row css=&#8221;.vc_custom_1608399474529{padding-top: 90px !important;padding-bottom: 90px !important;background-color: #fafafa !important;}&#8221;][vc_column][vc_row_inner][vc_column_inner width=&#8221;1\/3&#8243; offset=&#8221;vc_col-lg-4 vc_col-xs-12&#8243;][vc_column_text]<\/p>\n<h2><span style=\"color: #f18a00;\">Devrim yaratan teknolojiler<\/span><\/h2>\n<h3>Verimlili\u011fi art\u0131ran, temizlik m\u00fckemmeliyeti sunan ve enerji, su, kimyasal tasarrufu sa\u011flayan, ayr\u0131ca hava kalitesini iyile\u015ftiren teknoloji, tasar\u0131m ve \u00fcr\u00fcnler.<\/h3>\n<h3>Onlara <strong>Ak\u0131ll\u0131 \u00c7\u00f6z\u00fcmler<\/strong> diyoruz.<\/h3>\n<p>[\/vc_column_text][\/vc_column_inner][vc_column_inner width=&#8221;2\/3&#8243; offset=&#8221;vc_col-lg-8 vc_col-md-12&#8243;]\n  <div class=\"taski-innovations-block\">\n    <div class=\"row\">\n\n        <div class=\"taski-innovations-block-i\">\n   \n\n\n     <div class=\"innovations-grid\">\n\n           \n\n\n    <\/div>\n\n        <div class=\"cl-fl\"><\/div>\n    <\/div>\n  <\/div>\n<\/div>\n[\/vc_column_inner][\/vc_row_inner][\/vc_column][\/vc_row][vc_row][vc_column]\n  <div class=\"three-cta-block\">\n    <div class=\"three-cta-block-i\">\n      <div class=\"row\">\n        <div class=\"three-cta-block-grid\">\n           <div class=\"three-cta-item\">\n            <div class=\"tci-i\">\n             <div class=\"tci-item-content\">\n                <h5>TASKI<br \/>\n\u00fcr\u00fcnlerimize<br \/>\n<strong>g\u00f6z at\u0131n<\/strong><\/h5>\n                <a href=\"\/products-innovations-solutions\/products\/\"><p>\u00dcR\u00dcNLER ve \u00c7\u00d6Z\u00dcMLER<\/p><\/a>\n             <\/div>\n            <\/div>\n           <\/div>\n           <div class=\"three-cta-item\">\n            <div class=\"tci-i\">\n             <div class=\"tci-item-content\">\n                <h5>TASKI<br \/>\nMakine Se\u00e7me M\u00f6d\u00fcl\u00fcn\u00fc<br \/>\n<strong>kullan\u0131n<\/strong><\/h5>\n                <a href=\"\/taski-selector\/\"><p>TASKI<br \/>\nMAK\u0130NEN\u0130Z\u0130<br \/>\nBULUN<\/p><\/a>\n             <\/div>\n            <\/div>\n           <\/div>\n           <div class=\"three-cta-item\">\n            <div class=\"tci-i\">\n             <div class=\"tci-item-content\">\n                <h5>\u0130leti\u015fim kurmak<br \/>\n<strong>istiyorsan\u0131z<\/strong><\/h5>\n                <a href=\"\/news-help-contacts\/ask-paul-contact\/\"><p>Ileti\u015fim<\/p><\/a>\n             <\/div>\n            <\/div>\n           <\/div>\n        <\/div>\n      <\/div>\n    <\/div>\n  <\/div>\n  <div class=\"cl-fl\"><\/div>\n[\/vc_column][\/vc_row]<\/p>\n<\/div>","protected":false},"excerpt":{"rendered":"<p>[vc_row][vc_column][\/vc_column][\/vc_row][vc_row css=&#8221;.vc_custom_1608399474529{padding-top: 90px !important;padding-bottom: 90px !important;background-color: #fafafa !important;}&#8221;][vc_column][vc_row_inner][vc_column_inner width=&#8221;1\/3&#8243; offset=&#8221;vc_col-lg-4 vc_col-xs-12&#8243;][vc_column_text] Devrim yaratan teknolojiler Verimlili\u011fi art\u0131ran, temizlik m\u00fckemmeliyeti sunan ve enerji, su, kimyasal tasarrufu sa\u011flayan, ayr\u0131ca hava kalitesini iyile\u015ftiren teknoloji, tasar\u0131m ve \u00fcr\u00fcnler. Onlara Ak\u0131ll\u0131 \u00c7\u00f6z\u00fcmler diyoruz. [\/vc_column_text][\/vc_column_inner][vc_column_inner width=&#8221;2\/3&#8243; offset=&#8221;vc_col-lg-8 vc_col-md-12&#8243;][\/vc_column_inner][\/vc_row_inner][\/vc_column][\/vc_row][vc_row][vc_column][\/vc_column][\/vc_row]<\/p>\n","protected":false},"author":1,"featured_media":0,"parent":14728,"menu_order":507,"comment_status":"closed","ping_status":"closed","template":"","meta":{"_acf_changed":false,"_seopress_robots_primary_cat":"","_seopress_titles_title":"","_seopress_titles_desc":"","_seopress_robots_index":"","inline_featured_image":false,"footnotes":""},"class_list":["post-14731","page","type-page","status-publish","hentry"],"acf":[],"_links":{"self":[{"href":"https:\/\/staging.taski.com\/tr\/wp-json\/wp\/v2\/pages\/14731","targetHints":{"allow":["GET"]}}],"collection":[{"href":"https:\/\/staging.taski.com\/tr\/wp-json\/wp\/v2\/pages"}],"about":[{"href":"https:\/\/staging.taski.com\/tr\/wp-json\/wp\/v2\/types\/page"}],"author":[{"embeddable":true,"href":"https:\/\/staging.taski.com\/tr\/wp-json\/wp\/v2\/users\/1"}],"replies":[{"embeddable":true,"href":"https:\/\/staging.taski.com\/tr\/wp-json\/wp\/v2\/comments?post=14731"}],"version-history":[{"count":0,"href":"https:\/\/staging.taski.com\/tr\/wp-json\/wp\/v2\/pages\/14731\/revisions"}],"up":[{"embeddable":true,"href":"https:\/\/staging.taski.com\/tr\/wp-json\/wp\/v2\/pages\/14728"}],"wp:attachment":[{"href":"https:\/\/staging.taski.com\/tr\/wp-json\/wp\/v2\/media?parent=14731"}],"curies":[{"name":"wp","href":"https:\/\/api.w.org\/{rel}","templated":true}]}}