{"id":14728,"date":"2020-11-23T12:14:19","date_gmt":"2020-11-23T12:14:19","guid":{"rendered":"https:\/\/taski.com\/urunler-yenilikler-ve-cozumler\/"},"modified":"2021-07-26T14:29:51","modified_gmt":"2021-07-26T14:29:51","slug":"urunler-yenilikler-ve-cozumler","status":"publish","type":"page","link":"https:\/\/staging.taski.com\/tr\/urunler-yenilikler-ve-cozumler\/","title":{"rendered":"\u00dcr\u00fcnler, Yenilikler ve \u00c7\u00f6z\u00fcmler"},"content":{"rendered":"<div class=\"wpb-content-wrapper\"><p>[vc_row el_id=&#8221;main-banner&#8221;][vc_column]\n  <div class=\"page-intro-block size-fit-image style-light font-large\">\n         <div class=\"page-intro-block-i\">\n      <div class=\"row\">\n        <div class=\"page-intro-content\">\n            <div class=\"title-block\">\n                                     <h2>Sizin ihtiya\u00e7lar\u0131n\u0131z ve \u0130novasyonumuz<\/h2>\n                    <p>M\u00fc\u015fteri ihtiya\u00e7lar\u0131n\u0131 anlayarak, temizlik ba\u015far\u0131s\u0131n\u0131 art\u0131ran yenilikler yarat\u0131yoruz.<\/p>\n<p>Kapsaml\u0131 test ve geli\u015ftirme sayesinde geli\u015ftirdi\u011fimiz her \u00fcr\u00fcn ve hizmetin ihtiya\u00e7lar\u0131n\u0131z\u0131 kar\u015f\u0131layacak \u00e7\u00f6z\u00fcm\u00fc sunmas\u0131n\u0131 sa\u011fl\u0131yoruz.<\/p>\n                             <\/div>\n            <div class=\"page-intro-image\">\n                                <div class=\"page-intro-image-alt\">\n                    \n                    <img decoding=\"async\" src=\"https:\/\/staging.taski.com\/wp-content\/uploads\/2021\/01\/Robotic-innovation-2-1.jpg\" alt=\"\" \/>\n\n                <\/div>\n            <\/div>\n        <\/div>\n      <\/div>\n\n\n    <\/div>\n  <\/div>\n  <div class=\"cl-fl\"><\/div>\n[\/vc_column][\/vc_row][vc_row][vc_column]\n  <div class=\"page-description-block style-dark\">\n    <div class=\"page-description-block-i\">\n      <div class=\"row\">\n        <div class=\"page-description-content\">\n          <\/div><\/div><\/div><\/div><\/p>\n<h2>Sat\u0131n alma karar s\u00fcrecinin her a\u015famas\u0131nda TASKI size yard\u0131mc\u0131 olmak i\u00e7in buradad\u0131r. \u00c7\u00f6z\u00fcm odakl\u0131 yakla\u015f\u0131m\u0131m\u0131z m\u00fckemmel bir se\u00e7im yapman\u0131z\u0131 sa\u011flar.<\/h2>\n<p>Bekledi\u011finiz hizmet ve destekle temizlik m\u00fckemmelli\u011fi sa\u011flayacak ULTIMATE temizlik makinesini alman\u0131z\u0131 sa\u011flayaca\u011f\u0131z.<\/p>\n        <\/div>\n      \n    \n  \n  <div class=\"cl-fl\"><\/div>\n[\/vc_column][\/vc_row][vc_row css=&#8221;.vc_custom_1607451657985{padding-top: 90px !important;}&#8221; el_id=&#8221;full-width-categories&#8221;][vc_column]\n  <div class=\"taski-carousel-block \" style=\"\">\n    <div class=\"taski-carousel-block-i\">\n\n      \n      <div class=\"row\">\n       <div class=\"taski-carousel-holder\">\n        <div class=\"taski-carousel owl-carousel owl-theme\" id=\"taski-carousel\">\n                                    <div class=\"item taski-slide\">\n                            <div class=\"its-i\">\n                <div class=\"media-w\">\n                    <div class=\"image\">\n                      <div class=\"image-i\">\n                        <img decoding=\"async\" src=\"https:\/\/staging.taski.com\/wp-content\/uploads\/2021\/01\/IntelliSpray-2.jpg\" \/>\n                      <\/div>\n                    <\/div>\n                <\/div>\n                <div class=\"text\">\n                    <div class=\"title\">Ak\u0131ll\u0131 \u00c7\u00f6z\u00fcmler<\/div>\n                    <p>Verimlili\u011fi art\u0131rmak, temizlik m\u00fckemmelli\u011fine ula\u015fmak, enerji tasarrufu sa\u011flamak, su tasarrufu sa\u011flamak, kimyasal\u0131 azaltmak ve hava kalitesini art\u0131rmak i\u00e7in teknolojiler, tasar\u0131mlar ve \u00fcr\u00fcnler. Daha fazla \u015fey \u00f6\u011frenmek ister misin?<\/p>\n                    <div class=\"btn\"><a href=\"\/innovations\/\">\u0130novasyon<\/a><\/div>                <\/div>\n              <\/div>\n                          <\/div>\n            <div class=\"item taski-slide\">\n                            <div class=\"its-i\">\n                <div class=\"media-w\">\n                    <div class=\"image\">\n                      <div class=\"image-i\">\n                        <img decoding=\"async\" src=\"https:\/\/staging.taski.com\/wp-content\/uploads\/2020\/12\/fleet-management.jpg\" \/>\n                      <\/div>\n                    <\/div>\n                <\/div>\n                <div class=\"text\">\n                    <div class=\"title\">TASKI Makine Se\u00e7me Mod\u00fcl\u00fc<\/div>\n                    <p>Ultimate temizlik makinenizi se\u00e7menize yard\u0131mc\u0131 olmak i\u00e7in 3 yol tasarlad\u0131k.<\/p>\n                    <div class=\"btn\"><a href=\"\/taski-selector\/\">Daha fazla \u015fey \u00f6\u011frenmek ister misin?<\/a><\/div>                <\/div>\n              <\/div>\n                          <\/div>\n            <div class=\"item taski-slide\">\n                            <div class=\"its-i\">\n                <div class=\"media-w\">\n                    <div class=\"image\">\n                      <div class=\"image-i\">\n                        <img decoding=\"async\" src=\"https:\/\/staging.taski.com\/wp-content\/uploads\/2020\/12\/Aero_8_plus_0036g1.jpg\" \/>\n                      <\/div>\n                    <\/div>\n                <\/div>\n                <div class=\"text\">\n                    <div class=\"title\">\u00dcr\u00fcnler<\/div>\n                    <p>ULTIMATE temizleme makinenizi bulun. Sizi m\u00fckemmel se\u00e7ime y\u00f6nlendirece\u011fiz.<\/p>\n                    <div class=\"btn\"><a href=\"\/products-innovations-solutions\/products\/\">Nihai TASKI'n\u0131z<\/a><\/div>                <\/div>\n              <\/div>\n                          <\/div>\n            <div class=\"item taski-slide\">\n                            <div class=\"its-i\">\n                <div class=\"media-w\">\n                    <div class=\"image\">\n                      <div class=\"image-i\">\n                        <img decoding=\"async\" src=\"https:\/\/staging.taski.com\/wp-content\/uploads\/2020\/12\/financial-solutions-intro.jpg\" \/>\n                      <\/div>\n                    <\/div>\n                <\/div>\n                <div class=\"text\">\n                    <div class=\"title\">Finansal \u00c7\u00f6z\u00fcmler<\/div>\n                    <p>Leasing, kiralama, kullan\u0131m ba\u015f\u0131na \u00f6deme ve \u00f6n sahip olunan makineler dahil olmak \u00fczere bir dizi esnek finansal se\u00e7enek.<\/p>\n                    <div class=\"btn\"><a href=\"\/financial-solutions\/\">Daha fazla \u015fey \u00f6\u011frenmek ister misin?<\/a><\/div>                <\/div>\n              <\/div>\n                          <\/div>\n            <div class=\"item taski-slide\">\n                            <div class=\"its-i\">\n                <div class=\"media-w\">\n                    <div class=\"image\">\n                      <div class=\"image-i\">\n                        <img decoding=\"async\" src=\"https:\/\/staging.taski.com\/wp-content\/uploads\/2020\/12\/virtual-floor-care-expert-1.jpg\" \/>\n                      <\/div>\n                    <\/div>\n                <\/div>\n                <div class=\"text\">\n                    <div class=\"title\">Hizmet<\/div>\n                    <p>TASKI Service packages are designed to ensure optimum machine performance and deliver the lowest total cost of ownership (TCO).<\/p>\n                    <div class=\"btn\"><a href=\"\/service\/\">Daha fazla \u015fey \u00f6\u011frenmek istiyorum<\/a><\/div>                <\/div>\n              <\/div>\n                          <\/div>\n                    <\/div>\n\n        <div class=\"taski-carousel-navigation\">\n          <div class=\"nav-left\">\n            <a href=\"#\"><i class=\"fa fa-chevron-left\"><\/i><\/a>\n          <\/div>\n          <div class=\"nav-description\">\n\n          <\/div>\n          <div class=\"nav-right\">\n            <a href=\"#\"><i class=\"fa fa-chevron-right\"><\/i><\/a>\n          <\/div>\n        <\/div>\n       <\/div>\n      <\/div>\n   <\/div>\n  <\/div>\n  <div class=\"cl-fl\"><\/div>\n[\/vc_column][\/vc_row][vc_row css=&#8221;.vc_custom_1606750435278{padding-top: 90px !important;}&#8221;][vc_column]\n  <div class=\"page-description-block style-dark\">\n    <div class=\"page-description-block-i\">\n      <div class=\"row\">\n        <div class=\"page-description-content\">\n          \n<h2><strong>Do\u011fru TASKI Makine Se\u00e7me<\/strong><\/h2>\n<p>Ultimate temizlik makinenizi se\u00e7in.<br \/>\n\u00dcr\u00fcn sayfas\u0131n\u0131 taray\u0131n ya da Makine Se\u00e7me Mod\u00fcl\u00fc&#8217;n\u00fc kullanarak en iyi tercihi yap\u0131n.<\/p>\n        <\/div>\n      <\/div>\n    <\/div>\n  <\/div>\n  <div class=\"cl-fl\"><\/div>\n[\/vc_column][\/vc_row][vc_row css=&#8221;.vc_custom_1606750505039{padding-top: 40px !important;padding-bottom: 40px !important;}&#8221;][vc_column]\n  <div class=\"three-cta-block\">\n    <div class=\"three-cta-block-i\">\n      <div class=\"row\">\n        <div class=\"three-cta-block-grid\">\n           <div class=\"three-cta-item\">\n            <div class=\"tci-i\">\n             <div class=\"tci-item-content\">\n                <h5><strong>Makinenizi Se\u00e7in<\/strong><br \/>\nTASKI Makine Se\u00e7me Mod\u00fcl\u00fc<\/h5>\n                <a href=\"\/taski-selector\/\"><p>TASKI<br \/>\nMakine Se\u00e7me Mod\u00fcl\u00fc<\/p><\/a>\n             <\/div>\n            <\/div>\n           <\/div>\n           <div class=\"three-cta-item\">\n            <div class=\"tci-i\">\n             <div class=\"tci-item-content\">\n                <h5><strong>Istiyor <\/strong><br \/>\nSat\u0131n Almak i\u00e7in<\/h5>\n                <a href=\"\/shop\/\"><p>TASKI Ma\u011fazam<\/p><\/a>\n             <\/div>\n            <\/div>\n           <\/div>\n           <div class=\"three-cta-item\">\n            <div class=\"tci-i\">\n             <div class=\"tci-item-content\">\n                <h5><strong>Yapmak isterim<\/strong><br \/>\nileti\u015fime ge\u00e7in<\/h5>\n                <a href=\"\/news-help-contacts\/ask-paul-contact\/\"><p>Bize Ula\u015f\u0131n<\/p><\/a>\n             <\/div>\n            <\/div>\n           <\/div>\n        <\/div>\n      <\/div>\n    <\/div>\n  <\/div>\n  <div class=\"cl-fl\"><\/div>\n[\/vc_column][\/vc_row]\n","protected":false},"excerpt":{"rendered":"<p>[vc_row el_id=&#8221;main-banner&#8221;][vc_column][\/vc_column][\/vc_row][vc_row][vc_column][\/vc_column][\/vc_row][vc_row css=&#8221;.vc_custom_1607451657985{padding-top: 90px !important;}&#8221; el_id=&#8221;full-width-categories&#8221;][vc_column][\/vc_column][\/vc_row][vc_row css=&#8221;.vc_custom_1606750435278{padding-top: 90px !important;}&#8221;][vc_column][\/vc_column][\/vc_row][vc_row css=&#8221;.vc_custom_1606750505039{padding-top: 40px !important;padding-bottom: 40px !important;}&#8221;][vc_column][\/vc_column][\/vc_row]<\/p>\n","protected":false},"author":1,"featured_media":0,"parent":0,"menu_order":146,"comment_status":"closed","ping_status":"closed","template":"","meta":{"_acf_changed":false,"_seopress_robots_primary_cat":"","_seopress_titles_title":"","_seopress_titles_desc":"","_seopress_robots_index":"","inline_featured_image":false,"footnotes":""},"class_list":["post-14728","page","type-page","status-publish","hentry"],"acf":[],"_links":{"self":[{"href":"https:\/\/staging.taski.com\/tr\/wp-json\/wp\/v2\/pages\/14728","targetHints":{"allow":["GET"]}}],"collection":[{"href":"https:\/\/staging.taski.com\/tr\/wp-json\/wp\/v2\/pages"}],"about":[{"href":"https:\/\/staging.taski.com\/tr\/wp-json\/wp\/v2\/types\/page"}],"author":[{"embeddable":true,"href":"https:\/\/staging.taski.com\/tr\/wp-json\/wp\/v2\/users\/1"}],"replies":[{"embeddable":true,"href":"https:\/\/staging.taski.com\/tr\/wp-json\/wp\/v2\/comments?post=14728"}],"version-history":[{"count":0,"href":"https:\/\/staging.taski.com\/tr\/wp-json\/wp\/v2\/pages\/14728\/revisions"}],"wp:attachment":[{"href":"https:\/\/staging.taski.com\/tr\/wp-json\/wp\/v2\/media?parent=14728"}],"curies":[{"name":"wp","href":"https:\/\/api.w.org\/{rel}","templated":true}]}}