{"id":14720,"date":"2020-12-13T12:55:29","date_gmt":"2020-12-13T12:55:29","guid":{"rendered":"https:\/\/taski.com\/supuruculer\/"},"modified":"2021-07-26T16:58:05","modified_gmt":"2021-07-26T16:58:05","slug":"supurme-makineleri","status":"publish","type":"page","link":"https:\/\/staging.taski.com\/tr\/urunler-yenilikler-ve-cozumler\/urunler\/supurme-makineleri\/","title":{"rendered":"S\u00fcp\u00fcrme Makineleri"},"content":{"rendered":"<div class=\"wpb-content-wrapper\"><p>[vc_row][vc_column]\n  <div class=\"page-intro-block size-fit-image style-dark font-large\">\n         <div class=\"page-intro-block-i\">\n      <div class=\"row\">\n        <div class=\"page-intro-content\">\n            <div class=\"title-block\">\n                                     <h2><span class=\"pt\">S\u00fcp\u00fcr\u00fcc\u00fcler<\/span>Balimat serisi, zeminden gev\u015fek kirleri ve tozlar\u0131 kusursuz bir bi\u00e7imde toplamak i\u00e7in <strong>benzersiz \u00e7ift silindir f\u0131r\u00e7a sistemine (TRS - Tandem Roller System)<\/strong> sahiptir.<\/h2>\n                                                 <\/div>\n            <div class=\"page-intro-image\">\n                                <div class=\"page-intro-image-alt\">\n                    \n                    <img decoding=\"async\" src=\"https:\/\/staging.taski.com\/wp-content\/uploads\/2020\/12\/Kehrmaschine_149.jpg\" alt=\"\" \/>\n\n                <\/div>\n            <\/div>\n        <\/div>\n      <\/div>\n\n\n    <\/div>\n  <\/div>\n  <div class=\"cl-fl\"><\/div>\n[\/vc_column][\/vc_row][vc_row css=&#8221;.vc_custom_1607709989392{background-color: #fafafa !important;}&#8221;][vc_column]\n  <div class=\"product-carousel-block\" style=\"\">\n    <div class=\"product-carousel-block-i\">\n\n             <div class=\"product-carousel-filter\">T\u00fcre g\u00f6re filtre uygula &ndash; <a href=\"#\" class=\"active\" data-category=\"*\">T\u00fcm<\/a> | <a href=\"#\" class=\"\" data-category=\"ride-on-sweepers-tr\">Ride-on<\/a> | <a href=\"#\" class=\"\" data-category=\"arkadan-itmeli\">Arkadan itmeli<\/a><\/div>\n     \n     <div class=\"product-carousel-wrapper\">\n      <div class=\"row\">\n       <div class=\"taski-carousel-holder\">\n        <div class=\"product-carousel owl-carousel owl-theme\" id=\"product-carousel\">\n\n           \n            <div class=\"item product-slide arkadan-itmeli supuruculer\">\n              <div class=\"its-i\">\n                <div class=\"media-w\">\n                    <div class=\"image\">\n                      <div class=\"image-i\">\n                                                    <img decoding=\"async\" src=\"https:\/\/staging.taski.com\/wp-content\/uploads\/2021\/04\/balimat-2300-quarter-right-2.png\" \/>\n                                              <\/div>\n                    <\/div>\n                <\/div>\n                <div class=\"text\">\n                    <div class=\"title\">balimat 2300<\/div>\n                                        <div class=\"prod-page-view\"><a href=\"https:\/\/staging.taski.com\/tr\/taski-products\/balimat-2300\/\" class=\"button\">\u00dcr\u00fcn\u00fc G\u00f6r\u00fcnt\u00fcle<\/a><\/div>\n                <\/div>\n              <\/div>\n\n\n\n            <\/div>\n\n              \n            <div class=\"item product-slide arkadan-itmeli supuruculer\">\n              <div class=\"its-i\">\n                <div class=\"media-w\">\n                    <div class=\"image\">\n                      <div class=\"image-i\">\n                                                    <img decoding=\"async\" src=\"https:\/\/staging.taski.com\/wp-content\/uploads\/2021\/04\/balimat-3300-quarter-right.png\" \/>\n                                              <\/div>\n                    <\/div>\n                <\/div>\n                <div class=\"text\">\n                    <div class=\"title\">balimat 3300<\/div>\n                    <p>Large walk-behind sweeper for big areas<\/p>                    <div class=\"prod-page-view\"><a href=\"https:\/\/staging.taski.com\/tr\/taski-products\/balimat-3300\/\" class=\"button\">\u00dcr\u00fcn\u00fc G\u00f6r\u00fcnt\u00fcle<\/a><\/div>\n                <\/div>\n              <\/div>\n\n\n\n            <\/div>\n\n              \n            <div class=\"item product-slide ride-on-sweepers-tr supuruculer\">\n              <div class=\"its-i\">\n                <div class=\"media-w\">\n                    <div class=\"image\">\n                      <div class=\"image-i\">\n                                                    <img decoding=\"async\" src=\"https:\/\/staging.taski.com\/wp-content\/uploads\/2021\/04\/balimat-6500-quarter-right.jpg\" \/>\n                                              <\/div>\n                    <\/div>\n                <\/div>\n                <div class=\"text\">\n                    <div class=\"title\">balimat 6500<\/div>\n                    <p>Compact ride-on sweeper for versatile use<\/p>                    <div class=\"prod-page-view\"><a href=\"https:\/\/staging.taski.com\/tr\/taski-products\/balimat-6500\/\" class=\"button\">\u00dcr\u00fcn\u00fc G\u00f6r\u00fcnt\u00fcle<\/a><\/div>\n                <\/div>\n              <\/div>\n\n\n\n            <\/div>\n\n              \n\n\n        <\/div>\n        <div id=\"product-carousel-storage\" style=\"display:none !important; height:0;\">\n                       <div class=\"item product-slide arkadan-itmeli supuruculer\">\n              <div class=\"its-i\">\n                <div class=\"media-w\">\n                    <div class=\"image\">\n                      <div class=\"image-i\">\n                                                    <img decoding=\"async\" src=\"https:\/\/staging.taski.com\/wp-content\/uploads\/2021\/04\/balimat-2300-quarter-right-2.png\" \/>\n                                              <\/div>\n                    <\/div>\n                <\/div>\n                <div class=\"text\">\n                    <div class=\"title\">balimat 2300<\/div>\n                                        <div class=\"prod-page-view\"><a href=\"https:\/\/staging.taski.com\/tr\/taski-products\/balimat-2300\/\" class=\"button\">\u00dcr\u00fcn\u00fc G\u00f6r\u00fcnt\u00fcle<\/a><\/div>\n                <\/div>\n              <\/div>\n            <\/div>\n                          <div class=\"item product-slide arkadan-itmeli supuruculer\">\n              <div class=\"its-i\">\n                <div class=\"media-w\">\n                    <div class=\"image\">\n                      <div class=\"image-i\">\n                                                    <img decoding=\"async\" src=\"https:\/\/staging.taski.com\/wp-content\/uploads\/2021\/04\/balimat-3300-quarter-right.png\" \/>\n                                              <\/div>\n                    <\/div>\n                <\/div>\n                <div class=\"text\">\n                    <div class=\"title\">balimat 3300<\/div>\n                    <p>Large walk-behind sweeper for big areas<\/p>                    <div class=\"prod-page-view\"><a href=\"https:\/\/staging.taski.com\/tr\/taski-products\/balimat-3300\/\" class=\"button\">\u00dcr\u00fcn\u00fc G\u00f6r\u00fcnt\u00fcle<\/a><\/div>\n                <\/div>\n              <\/div>\n            <\/div>\n                          <div class=\"item product-slide ride-on-sweepers-tr supuruculer\">\n              <div class=\"its-i\">\n                <div class=\"media-w\">\n                    <div class=\"image\">\n                      <div class=\"image-i\">\n                                                    <img decoding=\"async\" src=\"https:\/\/staging.taski.com\/wp-content\/uploads\/2021\/04\/balimat-6500-quarter-right.jpg\" \/>\n                                              <\/div>\n                    <\/div>\n                <\/div>\n                <div class=\"text\">\n                    <div class=\"title\">balimat 6500<\/div>\n                    <p>Compact ride-on sweeper for versatile use<\/p>                    <div class=\"prod-page-view\"><a href=\"https:\/\/staging.taski.com\/tr\/taski-products\/balimat-6500\/\" class=\"button\">\u00dcr\u00fcn\u00fc G\u00f6r\u00fcnt\u00fcle<\/a><\/div>\n                <\/div>\n              <\/div>\n            <\/div>\n                      <\/div>\n\n        <div class=\"product-carousel-navigation\">\n          <div class=\"nav-left\">\n            <a href=\"#\"><i class=\"fa fa-chevron-left\"><\/i><\/a>\n          <\/div>\n          <div class=\"nav-description\">\n\n          <\/div>\n          <div class=\"nav-right\">\n            <a href=\"#\"><i class=\"fa fa-chevron-right\"><\/i><\/a>\n          <\/div>\n        <\/div>\n       <\/div>\n      <\/div>\n     <\/div>\n\n\n\n\n   <\/div>\n  <\/div>\n  <div class=\"cl-fl\"><\/div>\n[\/vc_column][\/vc_row][vc_row css=&#8221;.vc_custom_1606587476742{padding-top: 80px !important;padding-bottom: 95px !important;}&#8221;][vc_column]\n  <div class=\"product-description-block style-dark image-right\">\n    <div class=\"product-description-block-i\">\n        <div class=\"product-description-block-content\">\n          <div class=\"product-description-block-title\">\n                            <div class=\"pdbt-icon\"><img decoding=\"async\" src=\"https:\/\/staging.taski.com\/wp-content\/uploads\/2020\/12\/clock.png\" \/><\/div>\n                <div class=\"pdbt-text\">\u0130\u015fletme verimlili\u011fi<\/div>\n                      <\/div>\n          <div class=\"product-description-block-text\"><p>Balimat serisi, gev\u015fek kirleri ortaya y\u00f6nlendirerek <strong>\u00e7ift silindirli f\u0131r\u00e7alar\u0131n b\u00fcy\u00fck hazneye etkin bi\u00e7imde s\u00fcp\u00fcrmesini sa\u011flayan<\/strong> <strong>daha geni\u015f bir \u00e7al\u0131\u015fma alan\u0131 yaratan \u00e7ift yan f\u0131r\u00e7alara sahiptir.<\/strong><\/p>\n<\/div>\n        <\/div>\n        <div class=\"product-description-block-image\" style=\"background-image:url(https:\/\/staging.taski.com\/wp-content\/uploads\/2021\/01\/Twin-brushes-scaled.jpg)\">\n\n        <\/div>\n    <\/div>\n  <\/div>\n  <div class=\"cl-fl\"><\/div>\n\n  <div class=\"product-description-block style-light image-left\">\n    <div class=\"product-description-block-i\">\n        <div class=\"product-description-block-content\">\n          <div class=\"product-description-block-title\">\n                            <div class=\"pdbt-icon\"><img decoding=\"async\" src=\"https:\/\/staging.taski.com\/wp-content\/uploads\/2020\/12\/brand-protection.svg\" \/><\/div>\n                <div class=\"pdbt-text\">Markan\u0131z\u0131 ve varl\u0131klar\u0131n\u0131z\u0131 koruyun<\/div>\n                      <\/div>\n          <div class=\"product-description-block-text\"><p><span data-sheets-formula-bar-text-style=\"font-size:13px;color:#000000;font-weight:normal;text-decoration:none;font-family:'Arial';font-style:normal;text-decoration-skip-ink:none;\"><strong>\u0130\u00e7 ve d\u0131\u015f mekanlar\u0131n\u0131z\u0131 <\/strong><\/span><strong>yaprak, toz ve kirlerden <\/strong>ar\u0131nd\u0131r\u0131n.<\/p>\n<p><span data-sheets-formula-bar-text-style=\"font-size:13px;color:#000000;font-weight:normal;text-decoration:none;font-family:'Arial';font-style:normal;text-decoration-skip-ink:none;\">Balimat serisi,<\/span> <span data-sheets-formula-bar-text-style=\"font-size:13px;color:#000000;font-weight:normal;text-decoration:none;font-family:'Arial';font-style:normal;text-decoration-skip-ink:none;\">misafirleriniz ve m\u00fc\u015fterileriniz i\u00e7in i\u015fletmenizin <strong>iyi bir<\/strong> <\/span><span data-sheets-formula-bar-text-style=\"font-size:13px;color:#000000;font-weight:bold;text-decoration:none;font-family:''Arial'';font-style:normal;text-decoration-skip-ink:none;\"><strong>ilk izlenim<\/strong><strong> b\u0131rakmalar\u0131n\u0131 sa\u011flar<\/strong>.<\/span><\/p>\n<\/div>\n        <\/div>\n        <div class=\"product-description-block-image\" style=\"background-image:url(https:\/\/staging.taski.com\/wp-content\/uploads\/2021\/01\/Airport_Hallway_Flooring1.jpg)\">\n\n        <\/div>\n    <\/div>\n  <\/div>\n  <div class=\"cl-fl\"><\/div>\n\n  <div class=\"product-description-block style-dark image-right\">\n    <div class=\"product-description-block-i\">\n        <div class=\"product-description-block-content\">\n          <div class=\"product-description-block-title\">\n                            <div class=\"pdbt-icon\"><img decoding=\"async\" src=\"https:\/\/staging.taski.com\/wp-content\/uploads\/2021\/02\/people-safety-white.png\" \/><\/div>\n                <div class=\"pdbt-text\">Kullan\u0131c\u0131 deneyimi ve g\u00fcvenlik<\/div>\n                      <\/div>\n          <div class=\"product-description-block-text\"><p>Balimat serisi, <strong>kullan\u0131m\u0131 basit olarak tasarlanm\u0131\u015ft\u0131r<\/strong> ve binicili modeli, <strong>verimlili\u011fi art\u0131rarak temizlik masraflar\u0131ndan tasarruf etmenizi sa\u011flar.<\/strong><\/p>\n<\/div>\n        <\/div>\n        <div class=\"product-description-block-image\" style=\"background-image:url(https:\/\/staging.taski.com\/wp-content\/uploads\/2021\/01\/D12dashboard.jpg)\">\n\n        <\/div>\n    <\/div>\n  <\/div>\n  <div class=\"cl-fl\"><\/div>\n[\/vc_column][\/vc_row][vc_row][vc_column][vc_row_inner][vc_column_inner]\n  <div class=\"three-cta-block\">\n    <div class=\"three-cta-block-i\">\n      <div class=\"row\">\n        <div class=\"three-cta-block-grid\">\n           <div class=\"three-cta-item\">\n            <div class=\"tci-i\">\n             <div class=\"tci-item-content\">\n                <h5>Sekt\u00f6r<br \/>\n\u00c7\u00f6z\u00fcmlerimizi<br \/>\n<strong>g\u00f6r\u00fcn<\/strong><\/h5>\n                <a href=\"\/products-innovations-solutions\/\"><p>\u00dcR\u00dcNLER, <br \/> \u00c7\u00d6Z\u00dcMLER & <br \/> YEN\u0130L\u0130KLER<\/p><\/a>\n             <\/div>\n            <\/div>\n           <\/div>\n           <div class=\"three-cta-item\">\n            <div class=\"tci-i\">\n             <div class=\"tci-item-content\">\n                <h5><strong>En son<\/strong><br \/>\nTASKI<br \/>\nyeniliklerini g\u00f6r\u00fcn<\/h5>\n                <a href=\"\/shop\/\"><p>TASKI<br \/>MA\u011eAZAM<\/p><\/a>\n             <\/div>\n            <\/div>\n           <\/div>\n           <div class=\"three-cta-item\">\n            <div class=\"tci-i\">\n             <div class=\"tci-item-content\">\n                <h5>Bizimle<br \/>\n<strong>ileti\u015fime<br \/>\nge\u00e7in<\/strong><\/h5>\n                <a href=\"\/news-help-contacts\/\"><p>Ileti\u015fim<\/p><\/a>\n             <\/div>\n            <\/div>\n           <\/div>\n        <\/div>\n      <\/div>\n    <\/div>\n  <\/div>\n  <div class=\"cl-fl\"><\/div>\n[\/vc_column_inner][\/vc_row_inner][\/vc_column][\/vc_row]<\/p>\n<\/div>","protected":false},"excerpt":{"rendered":"<p>[vc_row][vc_column][\/vc_column][\/vc_row][vc_row css=&#8221;.vc_custom_1607709989392{background-color: #fafafa !important;}&#8221;][vc_column][\/vc_column][\/vc_row][vc_row css=&#8221;.vc_custom_1606587476742{padding-top: 80px !important;padding-bottom: 95px !important;}&#8221;][vc_column][\/vc_column][\/vc_row][vc_row][vc_column][vc_row_inner][vc_column_inner][\/vc_column_inner][\/vc_row_inner][\/vc_column][\/vc_row]<\/p>\n","protected":false},"author":1,"featured_media":0,"parent":14785,"menu_order":251,"comment_status":"closed","ping_status":"closed","template":"page-products.php","meta":{"_acf_changed":false,"_seopress_robots_primary_cat":"","_seopress_titles_title":"","_seopress_titles_desc":"","_seopress_robots_index":"","inline_featured_image":false,"footnotes":""},"class_list":["post-14720","page","type-page","status-publish","hentry"],"acf":[],"_links":{"self":[{"href":"https:\/\/staging.taski.com\/tr\/wp-json\/wp\/v2\/pages\/14720","targetHints":{"allow":["GET"]}}],"collection":[{"href":"https:\/\/staging.taski.com\/tr\/wp-json\/wp\/v2\/pages"}],"about":[{"href":"https:\/\/staging.taski.com\/tr\/wp-json\/wp\/v2\/types\/page"}],"author":[{"embeddable":true,"href":"https:\/\/staging.taski.com\/tr\/wp-json\/wp\/v2\/users\/1"}],"replies":[{"embeddable":true,"href":"https:\/\/staging.taski.com\/tr\/wp-json\/wp\/v2\/comments?post=14720"}],"version-history":[{"count":0,"href":"https:\/\/staging.taski.com\/tr\/wp-json\/wp\/v2\/pages\/14720\/revisions"}],"up":[{"embeddable":true,"href":"https:\/\/staging.taski.com\/tr\/wp-json\/wp\/v2\/pages\/14785"}],"wp:attachment":[{"href":"https:\/\/staging.taski.com\/tr\/wp-json\/wp\/v2\/media?parent=14720"}],"curies":[{"name":"wp","href":"https:\/\/api.w.org\/{rel}","templated":true}]}}