{"id":14712,"date":"2020-11-30T16:23:31","date_gmt":"2020-11-30T16:23:31","guid":{"rendered":"https:\/\/taski.com\/depolama-ve-lojistik\/"},"modified":"2021-08-06T09:10:44","modified_gmt":"2021-08-06T09:10:44","slug":"depoculuk-ve-lojistik","status":"publish","type":"page","link":"https:\/\/staging.taski.com\/tr\/neden-taski\/pazarlariniz-ve-sektorleriniz\/depoculuk-ve-lojistik\/","title":{"rendered":"Depolama ve Lojistik"},"content":{"rendered":"<div class=\"wpb-content-wrapper\"><p>[vc_row][vc_column]\n  <div class=\"page-intro-block size-fit-image style-dark font-large\">\n         <div class=\"page-intro-block-i\">\n      <div class=\"row\">\n        <div class=\"page-intro-content\">\n            <div class=\"title-block\">\n                                     <h2><span class=\"pt\">Depolama ve Lojistik<\/span>Tesisinizin <strong>temizli\u011fini ve g\u00fcvenli\u011fini <\/strong> <strong>en az aksamayla<\/strong> sa\u011flaman\u0131z m\u0131 gerekiyor?<br \/>\nTASKI yard\u0131m edebilir.<\/h2>\n                                                 <\/div>\n            <div class=\"page-intro-image\">\n                                <div class=\"page-intro-image-alt\">\n                    \n                    <img decoding=\"async\" src=\"https:\/\/staging.taski.com\/wp-content\/uploads\/2020\/11\/warehouse.jpg\" alt=\"\" \/>\n\n                <\/div>\n            <\/div>\n        <\/div>\n      <\/div>\n\n\n    <\/div>\n  <\/div>\n  <div class=\"cl-fl\"><\/div>\n[\/vc_column][\/vc_row][vc_row css=&#8221;.vc_custom_1606587476742{padding-top: 80px !important;padding-bottom: 95px !important;}&#8221;][vc_column][vc_row_inner][vc_column_inner]\n  <div class=\"page-video-block\">\n    <div class=\"page-video-block-i\">\n      <div class=\"row\">\n        <div class=\"page-video-block-content\">\n            <div class=\"title-block\">\n                 <h2>Ya\u015fad\u0131\u011f\u0131n\u0131z en b\u00fcy\u00fck zorluklar neler?<\/h2>\n            <\/div>\n            <div class=\"page-video-image\">\n                \n              <a href=\"#\" class=\"video-player-link\" data-video-id=\"485944756\" data-src=\"https:\/\/player.vimeo.com\/video\/485944756\">\n                <img decoding=\"async\" src=\"https:\/\/staging.taski.com\/wp-content\/uploads\/2021\/01\/Warhosuing-need-image.jpg\" alt=\"Ya\u015fad\u0131\u011f\u0131n\u0131z en b\u00fcy\u00fck zorluklar neler? Image\" \/>\n\n     <div class=\"page-video-video-abs\"><div class=\"video-embed\"><iframe loading=\"lazy\" id=\"\" src=\"\" width=\"100%\" height=\"100%\" frameborder=\"0\" style=\"position:absolute;top:0;left:0;width:100%;height:100%;\"   allow=\"autoplay; fullscreen\" muted webkitallowfullscreen mozallowfullscreen allowfullscreen><\/iframe><\/div><\/div>              <\/a>\n            <\/div>\n        <\/div>\n      <\/div>\n\n\n    <\/div>\n  <\/div>\n  <div class=\"cl-fl\"><\/div>\n[\/vc_column_inner][\/vc_row_inner][\/vc_column][\/vc_row][vc_row][vc_column]\n  <div class=\"taski-carousel-block \" style=\"\">\n    <div class=\"taski-carousel-block-i\">\n\n      <div class=\"taski-carousel-title\"><p>Sekt\u00f6r\u00fcn\u00fcz\u00fcn ihtiya\u00e7lar\u0131n\u0131 anl\u0131yoruz<\/p><\/div>\n      <div class=\"row\">\n       <div class=\"taski-carousel-holder\">\n        <div class=\"taski-carousel owl-carousel owl-theme\" id=\"taski-carousel\">\n                                    <div class=\"item taski-slide\">\n                            <div class=\"its-i\">\n                <div class=\"media-w\">\n                    <div class=\"image\">\n                      <div class=\"image-i\">\n                        <img decoding=\"async\" src=\"https:\/\/staging.taski.com\/wp-content\/uploads\/2020\/12\/operational-efficiency.svg\" \/>\n                      <\/div>\n                    <\/div>\n                <\/div>\n                <div class=\"text\">\n                    <div class=\"title\">\u0130\u015fletme Verimlili\u011fi<\/div>\n                    <p>\u0130\u015fletme verimlili\u011fini art\u0131r\u0131n ve temizlik i\u00e7in daha az vakit harcay\u0131n. <strong>IntellSweep 2\u2019si 1 arada yenili\u011fimizi<\/strong> ke\u015ffedin. Bir ge\u00e7i\u015fte yerleri s\u00fcp\u00fcr\u00fcp temizleyerek %30 zaman kazand\u0131r\u0131r.<\/p>\n                                    <\/div>\n              <\/div>\n                          <\/div>\n            <div class=\"item taski-slide\">\n                            <div class=\"its-i\">\n                <div class=\"media-w\">\n                    <div class=\"image\">\n                      <div class=\"image-i\">\n                        <img decoding=\"async\" src=\"https:\/\/staging.taski.com\/wp-content\/uploads\/2020\/12\/people-safety.svg\" \/>\n                      <\/div>\n                    <\/div>\n                <\/div>\n                <div class=\"text\">\n                    <div class=\"title\">\u0130nsanlar ve G\u00fcvenlik<\/div>\n                    <p>\u201dHijyeni iyile\u015ftirin ve zeminlerinizi g\u00fcvende tutun. TASKI s\u00fcp\u00fcr\u00fcc\u00fcler ve kombine yer y\u0131kama makineleri ile, daha g\u00fcvenli ve daha temiz zeminler i\u00e7in tek ge\u00e7i\u015fte temizlik i\u00e7in tasarlanm\u0131\u015ft\u0131r.\u201d<\/p>\n                                    <\/div>\n              <\/div>\n                          <\/div>\n            <div class=\"item taski-slide\">\n                            <div class=\"its-i\">\n                <div class=\"media-w\">\n                    <div class=\"image\">\n                      <div class=\"image-i\">\n                        <img decoding=\"async\" src=\"https:\/\/staging.taski.com\/wp-content\/uploads\/2020\/12\/cost-control.svg\" \/>\n                      <\/div>\n                    <\/div>\n                <\/div>\n                <div class=\"text\">\n                    <div class=\"title\">Maliyet Kontrol\u00fc<\/div>\n                    <p>Esnek finans ve filo y\u00f6netimiyle sahip olma maliyetinizi ve temizlik maliyetinizi azalt\u0131n. IntelliTrail filo y\u00f6netimi ara\u00e7lar\u0131 ve esnek <strong>finans ve hizmet se\u00e7eneklerimiz.<\/strong><\/p>\n                                    <\/div>\n              <\/div>\n                          <\/div>\n            <div class=\"item taski-slide\">\n                            <div class=\"its-i\">\n                <div class=\"media-w\">\n                    <div class=\"image\">\n                      <div class=\"image-i\">\n                        <img decoding=\"async\" src=\"https:\/\/staging.taski.com\/wp-content\/uploads\/2020\/12\/profitable-growth.svg\" \/>\n                      <\/div>\n                    <\/div>\n                <\/div>\n                <div class=\"text\">\n                    <div class=\"title\">Kazan\u00e7l\u0131 B\u00fcy\u00fcme<\/div>\n                    <p>K\u00e2r\u0131n\u0131z\u0131 art\u0131rmak i\u00e7in temizli\u011finizin daha b\u00fcy\u00fck bir k\u0131sm\u0131n\u0131 mekanikle\u015ftirerek i\u015f g\u00fcc\u00fc faturan\u0131z\u0131 azalt\u0131n.<strong> Son derece verimli binicili kombine yer y\u0131kama makinelerimiz ve h\u0131zl\u0131 tank doldurma istasyonumuza<\/strong> g\u00f6z at\u0131n.<\/p>\n                                    <\/div>\n              <\/div>\n                          <\/div>\n            <div class=\"item taski-slide\">\n                            <div class=\"its-i\">\n                <div class=\"media-w\">\n                    <div class=\"image\">\n                      <div class=\"image-i\">\n                        <img decoding=\"async\" src=\"https:\/\/staging.taski.com\/wp-content\/uploads\/2020\/12\/continuous-innovation.svg\" \/>\n                      <\/div>\n                    <\/div>\n                <\/div>\n                <div class=\"text\">\n                    <div class=\"title\">S\u00fcrekli Yenilik<\/div>\n                    <p>Maliyetleri kontrol etmek ve verimlili\u011fi iyile\u015ftirmek i\u00e7in en yeni teknolojileri ve Temizli\u011fin \u0130nternetini kullan\u0131n. <strong>IntelliTrail telemetri ve filo y\u00f6netimi ara\u00e7lar\u0131m\u0131z ile Swingobot 2000 ve IntelliSweep yeniliklerimizi<\/strong> ke\u015ffedin.<\/p>\n                                    <\/div>\n              <\/div>\n                          <\/div>\n                    <\/div>\n\n        <div class=\"taski-carousel-navigation\">\n          <div class=\"nav-left\">\n            <a href=\"#\"><i class=\"fa fa-chevron-left\"><\/i><\/a>\n          <\/div>\n          <div class=\"nav-description\">\n\n          <\/div>\n          <div class=\"nav-right\">\n            <a href=\"#\"><i class=\"fa fa-chevron-right\"><\/i><\/a>\n          <\/div>\n        <\/div>\n       <\/div>\n      <\/div>\n   <\/div>\n  <\/div>\n  <div class=\"cl-fl\"><\/div>\n[\/vc_column][\/vc_row][vc_row css=&#8221;.vc_custom_1606653988515{padding-top: 80px !important;padding-bottom: 80px !important;background-color: #505050 !important;}&#8221;][vc_column][vc_row_inner][vc_column_inner]\n  <div class=\"testimonials-block\">\n    <div class=\"testimonials-block-i\">\n      <div class=\"row\">\n        <div class=\"title-block\">\n            <h2>M\u00fc\u015fterilerimiz neler s\u00f6yl\u00fcyor?<\/h2>\n        <\/div>\n\n        <div class=\"testimonials-grid\">\n           <div class=\"testimonial-item\">\n            <div class=\"ti-i\">\n             <img decoding=\"async\" src=\"https:\/\/staging.taski.com\/wp-content\/uploads\/2020\/11\/testimonial-1.jpg\" alt=\"Image\" \/>\n             <div class=\"test-item-content\">\n                <div class=\"test-item-title\">Birle\u015fik Krall\u0131k\u2019taki <strong>bir ileri teknoloji lojistik uzman\u0131, <\/strong>m\u00fc\u015fterisi kirlilikten \u015fikayet edince TASKI ile ileti\u015fime ge\u00e7ti.<\/div>\n                <div class=\"test-item-text\"><p>\u201cAt\u0131k sorunumuz oldu. TASKI, bir saha \u00e7al\u0131\u015fmas\u0131 ger\u00e7ekle\u015ftirdi ve bunun sonucunda TASKI\u2019nin Swingo 4000 kombine yer y\u0131kama makinesi ve bu \u00fcr\u00fcn\u00fcn harika su emi\u015fini kullanmadan \u00f6nce s\u00fcp\u00fcrme makineleriyle \u00f6n s\u00fcp\u00fcrme i\u015flemine ba\u015flad\u0131k. TASKI\u2019nin takip sistemi sorunun \u00e7\u00f6z\u00fcld\u00fc\u011f\u00fcn\u00fc g\u00f6steren bir denetim ger\u00e7ekle\u015ftirdik\u201d.<\/p><\/div>\n             <\/div>\n            <\/div>\n           <\/div>\n           <div class=\"testimonial-item\">\n            <div class=\"ti-i\">\n             <img decoding=\"async\" src=\"https:\/\/staging.taski.com\/wp-content\/uploads\/2020\/11\/testimonial-2.jpg\" alt=\"Image\" \/>\n             <div class=\"test-item-content\">\n                <div class=\"test-item-title\">Kuzey Amerika\u2019daki yo\u011fun bir lojistik merkezinde, zeminleri <strong>sudan ve buzdan ar\u0131nd\u0131rmak, kayma sorununu azaltmak i\u00e7in b\u00fcy\u00fck \u00f6nem ta\u015f\u0131yordu.<\/strong><\/div>\n                <div class=\"test-item-text\"><p>Personelimiz bizim en b\u00fcy\u00fck varl\u0131\u011f\u0131m\u0131z. Sonbahar ve k\u0131\u015f\u0131n kayma sorunlar\u0131 ya\u015f\u0131yorduk. TASKI\u2019nin su emme \u00f6zelli\u011fi piyasadaki en iyisi, o y\u00fczden TASKI\u2019yi se\u00e7tik\u201d.<\/p><\/div>\n             <\/div>\n            <\/div>\n           <\/div>\n           <div class=\"testimonial-item\">\n            <div class=\"ti-i\">\n             <img decoding=\"async\" src=\"https:\/\/staging.taski.com\/wp-content\/uploads\/2020\/11\/testimonial-3.jpg\" alt=\"Image\" \/>\n             <div class=\"test-item-content\">\n                <div class=\"test-item-title\">B\u00fct\u00e7eler k\u0131s\u0131tlan\u0131rken, <strong>Avrupa\u2019daki bir s\u00fcpermarket zinciri maliyetlerini sabitleme konusunda yard\u0131m almak i\u00e7in TASKI ile ileti\u015fime ge\u00e7ti.<br \/>\n<\/strong><\/div>\n                <div class=\"test-item-text\"><p>\u201cEski makinelerimiz i\u00e7in beklenmedik bir \u015fekilde b\u00fcy\u00fck tamir faturalar\u0131m\u0131z oldu. TASKI uzmanlar\u0131 yeni bir 5 y\u0131ll\u0131k i\u015fletim kira s\u00f6zle\u015fmesine ge\u00e7memize yard\u0131m etti. Takip sistemini, hatta batarya ve \u015farj aletlerini bile i\u00e7eren Gold Servis hizmetini tercih ettik. Bizim i\u00e7in tek bir sabit ayl\u0131k finans ve hizmet faturas\u0131 almak \u00e7ok uygun. Art\u0131k k\u00f6t\u00fc s\u00fcrprizler ya\u015fam\u0131yoruz.\u201d<\/p><\/div>\n             <\/div>\n            <\/div>\n           <\/div>\n\n        <\/div>\n\n      <\/div>\n    <\/div>\n  <\/div>\n  <div class=\"cl-fl\"><\/div>\n[\/vc_column_inner][\/vc_row_inner][\/vc_column][\/vc_row][vc_row][vc_column][vc_column_text]<\/p>\n<h2 style=\"text-align: center;\">Sekt\u00f6r bro\u015f\u00fcrlerimizi ve \u00fcr\u00fcn k\u0131lavuzlar\u0131m\u0131z\u0131 indirin<\/h2>\n<p>[\/vc_column_text][\/vc_column][\/vc_row][vc_row][vc_column width=&#8221;1\/3&#8243;]  <div class=\"feature-icon-w\">\n    <div class=\"feature-icon-i\">\n     <a href=\"https:\/\/taski.com\/wp-content\/uploads\/2021\/01\/Warehousing-Logistics-Sector-Brochure.pdf\" target=\"_blank\">       <div class=\"feature-tbl\">\n        <div class=\"feature-cell image-cell\">\n          <img decoding=\"async\" class=\"aligncenter size-full\" alt=\"\" src=\"https:\/\/staging.taski.com\/wp-content\/uploads\/2020\/12\/icon-document.png\"\/>\n        <\/div>\n        <div class=\"feature-cell description-cell\">\n          <p>Depolama ve Lojistik Sekt\u00f6r\u00fc<br \/>\nBro\u015f\u00fcr\u00fc<\/p>\n        <\/div>\n       <\/div>\n        <\/a>       <div class=\"cl-fl\"><\/div>\n    <\/div>\n  <\/div>\n[\/vc_column][vc_column width=&#8221;1\/3&#8243;]  <div class=\"feature-icon-w\">\n    <div class=\"feature-icon-i\">\n            <div class=\"feature-tbl\">\n        <div class=\"feature-cell image-cell\">\n          <img decoding=\"async\" class=\"aligncenter size-full\" alt=\"\" src=\"https:\/\/staging.taski.com\/wp-content\/uploads\/2020\/12\/icon-document.png\"\/>\n        <\/div>\n        <div class=\"feature-cell description-cell\">\n          <p>Depolama ve Lojistik Kullan\u0131lacak \u00dcr\u00fcn \u00c7izelgesi<\/p>\n        <\/div>\n       <\/div>\n               <div class=\"cl-fl\"><\/div>\n    <\/div>\n  <\/div>\n[\/vc_column][vc_column width=&#8221;1\/3&#8243;][\/vc_column][\/vc_row][vc_row][vc_column][vc_row_inner][vc_column_inner]\n  <div class=\"three-cta-block\">\n    <div class=\"three-cta-block-i\">\n      <div class=\"row\">\n        <div class=\"three-cta-block-grid\">\n           <div class=\"three-cta-item\">\n            <div class=\"tci-i\">\n             <div class=\"tci-item-content\">\n                <h5><strong>Daha <\/strong><br \/>fazlas\u0131 <br \/>-i\u00e7in             <\/h5>\n                <a href=\"\/products-innovations-solutions\/\"><p>\u00dcR\u00dcNLER, <br \/> \u00c7\u00d6Z\u00dcMLER & <br \/> YEN\u0130L\u0130KLER<\/p><\/a>\n             <\/div>\n            <\/div>\n           <\/div>\n           <div class=\"three-cta-item\">\n            <div class=\"tci-i\">\n             <div class=\"tci-item-content\">\n                <h5><strong>Sat\u0131n <\/strong><br \/>almak m\u0131 <br \/>istiyorsunuz?<\/h5>\n                <a href=\"\/shop\/\"><p>TASKI<br \/>MA\u011eAZAM<\/p><\/a>\n             <\/div>\n            <\/div>\n           <\/div>\n           <div class=\"three-cta-item\">\n            <div class=\"tci-i\">\n             <div class=\"tci-item-content\">\n                <h5><strong>Bizimle <\/strong><br \/>ileti\u015fime <br \/>ge\u00e7in<\/h5>\n                <a href=\"\/news-help-contacts\/\"><p>Ileti\u015fim<\/p><\/a>\n             <\/div>\n            <\/div>\n           <\/div>\n        <\/div>\n      <\/div>\n    <\/div>\n  <\/div>\n  <div class=\"cl-fl\"><\/div>\n[\/vc_column_inner][\/vc_row_inner][\/vc_column][\/vc_row]<\/p>\n<\/div>","protected":false},"excerpt":{"rendered":"<p>TASKI makine \u00e7\u00f6z\u00fcmleri, i\u015fletmeniz i\u00e7in aksamay\u0131 en aza indirir ve verimlili\u011finizi en y\u00fcksek d\u00fczeye \u00e7\u0131kar\u0131r<\/p>\n","protected":false},"author":1,"featured_media":52949,"parent":14763,"menu_order":632,"comment_status":"closed","ping_status":"closed","template":"","meta":{"_acf_changed":false,"_seopress_robots_primary_cat":"","_seopress_titles_title":"","_seopress_titles_desc":"","_seopress_robots_index":"","inline_featured_image":false,"footnotes":""},"class_list":["post-14712","page","type-page","status-publish","has-post-thumbnail","hentry"],"acf":[],"_links":{"self":[{"href":"https:\/\/staging.taski.com\/tr\/wp-json\/wp\/v2\/pages\/14712","targetHints":{"allow":["GET"]}}],"collection":[{"href":"https:\/\/staging.taski.com\/tr\/wp-json\/wp\/v2\/pages"}],"about":[{"href":"https:\/\/staging.taski.com\/tr\/wp-json\/wp\/v2\/types\/page"}],"author":[{"embeddable":true,"href":"https:\/\/staging.taski.com\/tr\/wp-json\/wp\/v2\/users\/1"}],"replies":[{"embeddable":true,"href":"https:\/\/staging.taski.com\/tr\/wp-json\/wp\/v2\/comments?post=14712"}],"version-history":[{"count":0,"href":"https:\/\/staging.taski.com\/tr\/wp-json\/wp\/v2\/pages\/14712\/revisions"}],"up":[{"embeddable":true,"href":"https:\/\/staging.taski.com\/tr\/wp-json\/wp\/v2\/pages\/14763"}],"wp:featuredmedia":[{"embeddable":true,"href":"https:\/\/staging.taski.com\/tr\/wp-json\/wp\/v2\/media\/52949"}],"wp:attachment":[{"href":"https:\/\/staging.taski.com\/tr\/wp-json\/wp\/v2\/media?parent=14712"}],"curies":[{"name":"wp","href":"https:\/\/api.w.org\/{rel}","templated":true}]}}