{"id":14710,"date":"2020-12-13T13:24:13","date_gmt":"2020-12-13T13:24:13","guid":{"rendered":"https:\/\/taski.com\/robotik\/"},"modified":"2023-04-04T14:57:42","modified_gmt":"2023-04-04T14:57:42","slug":"robotik","status":"publish","type":"page","link":"https:\/\/staging.taski.com\/tr\/urunler-yenilikler-ve-cozumler\/urunler\/robotik\/","title":{"rendered":"Otonom Temizlik Makineleri"},"content":{"rendered":"<div class=\"wpb-content-wrapper\"><p>[vc_row][vc_column]\n  <div class=\"page-intro-block size-fit-image style-dark font-large\">\n         <div class=\"page-intro-block-i\">\n      <div class=\"row\">\n        <div class=\"page-intro-content\">\n            <div class=\"title-block\">\n                                     <h2><span class=\"pt\">Robotik \u00c7\u00f6z\u00fcmler<br \/>\n<\/span>Otonom zemin temizli\u011finin yeni \u00e7a\u011f\u0131na ho\u015f geldiniz. Kar\u015f\u0131n\u0131zda <strong>Ecobot<\/strong><br \/>\n<\/h2>\n                                                 <\/div>\n            <div class=\"page-intro-image\">\n                                <div class=\"page-intro-image-alt\">\n                    \n                    <img decoding=\"async\" src=\"https:\/\/staging.taski.com\/wp-content\/uploads\/2020\/12\/Swingobot_3000_001-scaled.jpg\" alt=\"\" \/>\n\n                <\/div>\n            <\/div>\n        <\/div>\n      <\/div>\n\n\n    <\/div>\n  <\/div>\n  <div class=\"cl-fl\"><\/div>\n[\/vc_column][\/vc_row][vc_row css=&#8221;.vc_custom_1607709989392{background-color: #fafafa !important;}&#8221;][vc_column]\n  <div class=\"product-carousel-block\" style=\"\">\n    <div class=\"product-carousel-block-i\">\n\n             <div class=\"product-carousel-filter\">T\u00fcre g\u00f6re filtre uygula &ndash; <a href=\"#\" class=\"active\" data-category=\"*\">T\u00fcm<\/a> | <a href=\"#\" class=\"\" data-category=\"vacuum-tr\">Vakum<\/a> | <a href=\"#\" class=\"\" data-category=\"yikayici-kurutucu\">Y\u0131kay\u0131c\u0131 kurutucu<\/a><\/div>\n     \n     <div class=\"product-carousel-wrapper\">\n      <div class=\"row\">\n       <div class=\"taski-carousel-holder\">\n        <div class=\"product-carousel owl-carousel owl-theme\" id=\"product-carousel\">\n\n           \n            <div class=\"item product-slide yikayici-kurutucu robotics-tr\">\n              <div class=\"its-i\">\n                <div class=\"media-w\">\n                    <div class=\"image\">\n                      <div class=\"image-i\">\n                                                    <img decoding=\"async\" src=\"https:\/\/staging.taski.com\/wp-content\/uploads\/2022\/12\/ecobot-40-1-618x608.jpg\" \/>\n                                              <\/div>\n                    <\/div>\n                <\/div>\n                <div class=\"text\">\n                    <div class=\"title\">Ecobot 40<\/div>\n                    <p>ECOBOT 40 ile hal\u0131lar\u0131n ve sert zeminlerin otomatik vakumlama potansiyelini a\u00e7\u0131\u011fa \u00e7\u0131kar\u0131n\r\n<\/p>                    <div class=\"prod-page-view\"><a href=\"https:\/\/staging.taski.com\/tr\/taski-products\/ecobot-40\/\" class=\"button\">\u00dcr\u00fcn\u00fc G\u00f6r\u00fcnt\u00fcle<\/a><\/div>\n                <\/div>\n              <\/div>\n\n\n\n            <\/div>\n\n              \n            <div class=\"item product-slide vacuum-tr yikayici-kurutucu robotics-tr\">\n              <div class=\"its-i\">\n                <div class=\"media-w\">\n                    <div class=\"image\">\n                      <div class=\"image-i\">\n                                                    <img decoding=\"async\" src=\"https:\/\/staging.taski.com\/wp-content\/uploads\/2024\/11\/Phantas-Packshot.jpg\" \/>\n                                              <\/div>\n                    <\/div>\n                <\/div>\n                <div class=\"text\">\n                    <div class=\"title\">TASKI Phantas<\/div>\n                    <p>Otomatik temizli\u011fin potansiyelini ortaya \u00e7\u0131kar\u0131n. Daha k\u00fc\u00e7\u00fck alanlar i\u00e7in tasarland\u0131!<\/p>                    <div class=\"prod-page-view\"><a href=\"https:\/\/staging.taski.com\/tr\/taski-products\/taski-phantas\/\" class=\"button\">\u00dcr\u00fcn\u00fc G\u00f6r\u00fcnt\u00fcle<\/a><\/div>\n                <\/div>\n              <\/div>\n\n\n\n            <\/div>\n\n              \n            <div class=\"item product-slide vacuum-tr yikayici-kurutucu robotics-tr\">\n              <div class=\"its-i\">\n                <div class=\"media-w\">\n                    <div class=\"image\">\n                      <div class=\"image-i\">\n                                                    <img decoding=\"async\" src=\"https:\/\/staging.taski.com\/wp-content\/uploads\/2022\/12\/ecobot-50-2-618x608.jpg\" \/>\n                                              <\/div>\n                    <\/div>\n                <\/div>\n                <div class=\"text\">\n                    <div class=\"title\">Ecobot 50 Pro<\/div>\n                    <p>EcoBot 50 Pro ile otonom kombine yer y\u0131kama makinesinin potansiyelini ortaya \u00e7\u0131kar\u0131n<\/p>                    <div class=\"prod-page-view\"><a href=\"https:\/\/staging.taski.com\/tr\/taski-products\/ecobot-50-pro\/\" class=\"button\">\u00dcr\u00fcn\u00fc G\u00f6r\u00fcnt\u00fcle<\/a><\/div>\n                <\/div>\n              <\/div>\n\n\n\n            <\/div>\n\n              \n            <div class=\"item product-slide yikayici-kurutucu robotics-tr\">\n              <div class=\"its-i\">\n                <div class=\"media-w\">\n                    <div class=\"image\">\n                      <div class=\"image-i\">\n                                                    <img decoding=\"async\" src=\"https:\/\/staging.taski.com\/wp-content\/uploads\/2020\/12\/swingobot2000.jpg\" \/>\n                                              <\/div>\n                    <\/div>\n                <\/div>\n                <div class=\"text\">\n                    <div class=\"title\">SWINGOBOT 2000<\/div>\n                    <p>Geni\u015f alanlar\u0131n eller serbest temizli\u011fi i\u00e7in otonom kombine yer y\u0131kama makinesi.  <\/p>                    <div class=\"prod-page-view\"><a href=\"https:\/\/staging.taski.com\/tr\/taski-products\/swingobot-2000\/\" class=\"button\">\u00dcr\u00fcn\u00fc G\u00f6r\u00fcnt\u00fcle<\/a><\/div>\n                <\/div>\n              <\/div>\n\n\n\n            <\/div>\n\n              \n\n\n        <\/div>\n        <div id=\"product-carousel-storage\" style=\"display:none !important; height:0;\">\n                       <div class=\"item product-slide yikayici-kurutucu robotics-tr\">\n              <div class=\"its-i\">\n                <div class=\"media-w\">\n                    <div class=\"image\">\n                      <div class=\"image-i\">\n                                                    <img decoding=\"async\" src=\"https:\/\/staging.taski.com\/wp-content\/uploads\/2022\/12\/ecobot-40-1-618x608.jpg\" \/>\n                                              <\/div>\n                    <\/div>\n                <\/div>\n                <div class=\"text\">\n                    <div class=\"title\">Ecobot 40<\/div>\n                    <p>ECOBOT 40 ile hal\u0131lar\u0131n ve sert zeminlerin otomatik vakumlama potansiyelini a\u00e7\u0131\u011fa \u00e7\u0131kar\u0131n\r\n<\/p>                    <div class=\"prod-page-view\"><a href=\"https:\/\/staging.taski.com\/tr\/taski-products\/ecobot-40\/\" class=\"button\">\u00dcr\u00fcn\u00fc G\u00f6r\u00fcnt\u00fcle<\/a><\/div>\n                <\/div>\n              <\/div>\n            <\/div>\n                          <div class=\"item product-slide vacuum-tr yikayici-kurutucu robotics-tr\">\n              <div class=\"its-i\">\n                <div class=\"media-w\">\n                    <div class=\"image\">\n                      <div class=\"image-i\">\n                                                    <img decoding=\"async\" src=\"https:\/\/staging.taski.com\/wp-content\/uploads\/2024\/11\/Phantas-Packshot.jpg\" \/>\n                                              <\/div>\n                    <\/div>\n                <\/div>\n                <div class=\"text\">\n                    <div class=\"title\">TASKI Phantas<\/div>\n                    <p>Otomatik temizli\u011fin potansiyelini ortaya \u00e7\u0131kar\u0131n. Daha k\u00fc\u00e7\u00fck alanlar i\u00e7in tasarland\u0131!<\/p>                    <div class=\"prod-page-view\"><a href=\"https:\/\/staging.taski.com\/tr\/taski-products\/taski-phantas\/\" class=\"button\">\u00dcr\u00fcn\u00fc G\u00f6r\u00fcnt\u00fcle<\/a><\/div>\n                <\/div>\n              <\/div>\n            <\/div>\n                          <div class=\"item product-slide vacuum-tr yikayici-kurutucu robotics-tr\">\n              <div class=\"its-i\">\n                <div class=\"media-w\">\n                    <div class=\"image\">\n                      <div class=\"image-i\">\n                                                    <img decoding=\"async\" src=\"https:\/\/staging.taski.com\/wp-content\/uploads\/2022\/12\/ecobot-50-2-618x608.jpg\" \/>\n                                              <\/div>\n                    <\/div>\n                <\/div>\n                <div class=\"text\">\n                    <div class=\"title\">Ecobot 50 Pro<\/div>\n                    <p>EcoBot 50 Pro ile otonom kombine yer y\u0131kama makinesinin potansiyelini ortaya \u00e7\u0131kar\u0131n<\/p>                    <div class=\"prod-page-view\"><a href=\"https:\/\/staging.taski.com\/tr\/taski-products\/ecobot-50-pro\/\" class=\"button\">\u00dcr\u00fcn\u00fc G\u00f6r\u00fcnt\u00fcle<\/a><\/div>\n                <\/div>\n              <\/div>\n            <\/div>\n                          <div class=\"item product-slide yikayici-kurutucu robotics-tr\">\n              <div class=\"its-i\">\n                <div class=\"media-w\">\n                    <div class=\"image\">\n                      <div class=\"image-i\">\n                                                    <img decoding=\"async\" src=\"https:\/\/staging.taski.com\/wp-content\/uploads\/2020\/12\/swingobot2000.jpg\" \/>\n                                              <\/div>\n                    <\/div>\n                <\/div>\n                <div class=\"text\">\n                    <div class=\"title\">SWINGOBOT 2000<\/div>\n                    <p>Geni\u015f alanlar\u0131n eller serbest temizli\u011fi i\u00e7in otonom kombine yer y\u0131kama makinesi.  <\/p>                    <div class=\"prod-page-view\"><a href=\"https:\/\/staging.taski.com\/tr\/taski-products\/swingobot-2000\/\" class=\"button\">\u00dcr\u00fcn\u00fc G\u00f6r\u00fcnt\u00fcle<\/a><\/div>\n                <\/div>\n              <\/div>\n            <\/div>\n                      <\/div>\n\n        <div class=\"product-carousel-navigation\">\n          <div class=\"nav-left\">\n            <a href=\"#\"><i class=\"fa fa-chevron-left\"><\/i><\/a>\n          <\/div>\n          <div class=\"nav-description\">\n\n          <\/div>\n          <div class=\"nav-right\">\n            <a href=\"#\"><i class=\"fa fa-chevron-right\"><\/i><\/a>\n          <\/div>\n        <\/div>\n       <\/div>\n      <\/div>\n     <\/div>\n\n\n\n\n   <\/div>\n  <\/div>\n  <div class=\"cl-fl\"><\/div>\n[\/vc_column][\/vc_row][vc_row css=&#8221;.vc_custom_1606587476742{padding-top: 80px !important;padding-bottom: 95px !important;}&#8221;][vc_column]\n  <div class=\"product-description-block style-dark image-right\">\n    <div class=\"product-description-block-i\">\n        <div class=\"product-description-block-content\">\n          <div class=\"product-description-block-title\">\n                            <div class=\"pdbt-icon\"><img decoding=\"async\" src=\"https:\/\/staging.taski.com\/wp-content\/uploads\/2020\/12\/operational-efficiency.svg\" \/><\/div>\n                <div class=\"pdbt-text\">Operasyonel Verimlilik<\/div>\n                      <\/div>\n          <div class=\"product-description-block-text\"><p>TASKI Otomatik Temizlik Makineleri, daha y\u00fcksek \u00f6ncelikli g\u00f6revler i\u00e7in i\u015fg\u00fcc\u00fcn\u00fcz\u00fc verimli kullanma f\u0131rsat\u0131 sunar.<\/p>\n<p>Zemin temizli\u011finizi otomatikle\u015ftirmek, de\u011fer yaratmak i\u00e7in kaynaklar\u0131n\u0131z\u0131 serbestle\u015ftirir ve \u00e7al\u0131\u015fanlar\u0131n\u0131za daha \u00f6d\u00fcllendirici ve de\u011ferli g\u00f6revler yapma imkan\u0131 sa\u011flar.<\/p>\n<\/div>\n        <\/div>\n        <div class=\"product-description-block-image\" style=\"background-image:url(https:\/\/staging.taski.com\/wp-content\/uploads\/2021\/01\/Robot-productivity-scaled.jpg)\">\n\n        <\/div>\n    <\/div>\n  <\/div>\n  <div class=\"cl-fl\"><\/div>\n\n  <div class=\"product-description-block style-light image-left\">\n    <div class=\"product-description-block-i\">\n        <div class=\"product-description-block-content\">\n          <div class=\"product-description-block-title\">\n                            <div class=\"pdbt-icon\"><img decoding=\"async\" src=\"https:\/\/staging.taski.com\/wp-content\/uploads\/2020\/12\/people-safety.svg\" \/><\/div>\n                <div class=\"pdbt-text\">Marka ve Varl\u0131k Korumas\u0131<\/div>\n                      <\/div>\n          <div class=\"product-description-block-text\"><p>\u0130ster i\u015fletmeniz en son yeniliklerden yararlanmak ile ilgili olsun ister i\u015fg\u00fcc\u00fc zorluklar\u0131 ve k\u0131s\u0131tlamalar\u0131 ile ilgili olsun, TASKI otonom temizlik robotlar\u0131 markan\u0131z\u0131 geli\u015ftirmek ve korumak i\u00e7in sonsuz olas\u0131l\u0131klar sa\u011flar.<\/p>\n<\/div>\n        <\/div>\n        <div class=\"product-description-block-image\" style=\"background-image:url(https:\/\/staging.taski.com\/wp-content\/uploads\/2020\/12\/Swingobot-2000_004-1.jpg)\">\n\n        <\/div>\n    <\/div>\n  <\/div>\n  <div class=\"cl-fl\"><\/div>\n\n  <div class=\"product-description-block style-dark image-right\">\n    <div class=\"product-description-block-i\">\n        <div class=\"product-description-block-content\">\n          <div class=\"product-description-block-title\">\n                            <div class=\"pdbt-icon\"><img decoding=\"async\" src=\"https:\/\/staging.taski.com\/wp-content\/uploads\/2020\/12\/people-safety.svg\" \/><\/div>\n                <div class=\"pdbt-text\">M\u00fc\u015fteri\/misafir\/hasta deneyiminiz<\/div>\n                      <\/div>\n          <div class=\"product-description-block-text\"><p>Zemin temizli\u011fini otonom hale getirmek, art\u0131k 7\/24 temizlik i\u015flemini ger\u00e7ekle\u015ftirilebilece\u011fiz anlam\u0131na gelir.<\/p>\n<p>ECOBOT 50P ve ECOBOT 40 robotik zemin temizlik makineleri ile zeminleriniz, istedi\u011finiz yerde ve zamanda, ihtiya\u00e7 duydu\u011funuzda temizlenir.<\/p>\n<p>B\u00f6ylelikle hangi k\u0131s\u0131tlar olursa olsun, binan\u0131z\u0131n m\u00fc\u015fterileriniz ve misafirleriniz i\u00e7in en iyi \u015fekilde g\u00f6r\u00fcnmesini sa\u011flar.<\/p>\n<\/div>\n        <\/div>\n        <div class=\"product-description-block-image\" style=\"background-image:url(https:\/\/staging.taski.com\/wp-content\/uploads\/2021\/01\/Robot-247-scaled.jpg)\">\n\n        <\/div>\n    <\/div>\n  <\/div>\n  <div class=\"cl-fl\"><\/div>\n\n  <div class=\"product-description-block style-light image-left\">\n    <div class=\"product-description-block-i\">\n        <div class=\"product-description-block-content\">\n          <div class=\"product-description-block-title\">\n                            <div class=\"pdbt-icon\"><img decoding=\"async\" src=\"https:\/\/staging.taski.com\/wp-content\/uploads\/2020\/12\/continuous-innovation.svg\" \/><\/div>\n                <div class=\"pdbt-text\">S\u00fcrekli Yenilik<\/div>\n                      <\/div>\n          <div class=\"product-description-block-text\"><p>Ecobot 50 Pro, son nesil otomatik y\u0131kay\u0131c\u0131-kurutucudur ve Ecobot 40 otomatik vakumlama potansiyelini sa\u011flar.<\/p>\n<p>65 y\u0131l\u0131 a\u015fk\u0131n s\u00fcreli inovasyonuyla TASKI, y\u0131k\u0131c\u0131 teknolojilerini piyasaya s\u00fcrmeye devam edecek.<\/p>\n<\/div>\n        <\/div>\n        <div class=\"product-description-block-image\" style=\"background-image:url(https:\/\/staging.taski.com\/wp-content\/uploads\/2021\/01\/Robotic-innovation-scaled-e1610551504970.jpg)\">\n\n        <\/div>\n    <\/div>\n  <\/div>\n  <div class=\"cl-fl\"><\/div>\n\n  <div class=\"product-description-block style-dark image-right\">\n    <div class=\"product-description-block-i\">\n        <div class=\"product-description-block-content\">\n          <div class=\"product-description-block-title\">\n                            <div class=\"pdbt-icon\"><img decoding=\"async\" src=\"https:\/\/staging.taski.com\/wp-content\/uploads\/2020\/12\/people.png\" \/><\/div>\n                <div class=\"pdbt-text\">\u0130nsan ve G\u00fcvenlik<\/div>\n                      <\/div>\n          <div class=\"product-description-block-text\"><p>Daha az yorgunluk, daha az kesinti. T\u00fcm TASKI makineleri, kullan\u0131c\u0131y\u0131 yormadan sezgisel, kullan\u0131m\u0131 basit olacak \u015fekilde tasarlanm\u0131\u015ft\u0131r.<\/p>\n<p>Tehlikeli su d\u00f6k\u00fclmelerini engelleyin. Patentli Squeegees ile TASKI Swingo Scrubber kurutucular\u0131 suyun % 99&#8217;unu emer.<\/p>\n<p>Daha fazla temas bas\u0131nc\u0131, daha iyi hijyen. TASKI kombine yer y\u0131kama makineleri, manuel temizli\u011fe g\u00f6re 10 kat daha fazla temas bas\u0131nc\u0131 uygulayarak, daha temiz, kuru ve g\u00fcvenli zeminler sunar.<\/p>\n<\/div>\n        <\/div>\n        <div class=\"product-description-block-image\" style=\"background-image:url(https:\/\/staging.taski.com\/wp-content\/uploads\/2021\/01\/Robot-people-2.jpg)\">\n\n        <\/div>\n    <\/div>\n  <\/div>\n  <div class=\"cl-fl\"><\/div>\n[\/vc_column][\/vc_row][vc_row][vc_column][vc_row_inner][vc_column_inner]\n  <div class=\"three-cta-block\">\n    <div class=\"three-cta-block-i\">\n      <div class=\"row\">\n        <div class=\"three-cta-block-grid\">\n           <div class=\"three-cta-item\">\n            <div class=\"tci-i\">\n             <div class=\"tci-item-content\">\n                <h5><strong>Bkz.<\/strong><br \/>\nEnd\u00fcstri<br \/>\n\u00c7\u00f6z\u00fcmleri<\/h5>\n                <a href=\"\/products-innovations-solutions\/\"><p>\u00dcR\u00dcNLER, <br \/> \u00c7\u00d6Z\u00dcMLER & <br \/> YEN\u0130L\u0130KLER<\/p><\/a>\n             <\/div>\n            <\/div>\n           <\/div>\n           <div class=\"three-cta-item\">\n            <div class=\"tci-i\">\n             <div class=\"tci-item-content\">\n                <h5><strong>Bkz.<\/strong><br \/>\nEn Yeni TASKI<br \/>\n\u0130novasyonlar\u0131<\/h5>\n                <a href=\"\/shop\/\"><p>TASKI<br \/>MA\u011eAZAM<\/p><\/a>\n             <\/div>\n            <\/div>\n           <\/div>\n           <div class=\"three-cta-item\">\n            <div class=\"tci-i\">\n             <div class=\"tci-item-content\">\n                <h5><strong>Bizimle<\/strong><br \/>\n\u0130leti\u015fime<br \/>\nGe\u00e7iniz<\/h5>\n                <a href=\"\/news-help-contacts\/\"><p>Ileti\u015fim<\/p><\/a>\n             <\/div>\n            <\/div>\n           <\/div>\n        <\/div>\n      <\/div>\n    <\/div>\n  <\/div>\n  <div class=\"cl-fl\"><\/div>\n[\/vc_column_inner][\/vc_row_inner][\/vc_column][\/vc_row]<\/p>\n<\/div>","protected":false},"excerpt":{"rendered":"<p>[vc_row][vc_column][\/vc_column][\/vc_row][vc_row css=&#8221;.vc_custom_1607709989392{background-color: #fafafa !important;}&#8221;][vc_column][\/vc_column][\/vc_row][vc_row css=&#8221;.vc_custom_1606587476742{padding-top: 80px !important;padding-bottom: 95px !important;}&#8221;][vc_column][\/vc_column][\/vc_row][vc_row][vc_column][vc_row_inner][vc_column_inner][\/vc_column_inner][\/vc_row_inner][\/vc_column][\/vc_row]<\/p>\n","protected":false},"author":1,"featured_media":0,"parent":14785,"menu_order":155,"comment_status":"closed","ping_status":"closed","template":"page-products.php","meta":{"_acf_changed":false,"_seopress_robots_primary_cat":"","_seopress_titles_title":"","_seopress_titles_desc":"","_seopress_robots_index":"","inline_featured_image":false,"footnotes":""},"class_list":["post-14710","page","type-page","status-publish","hentry"],"acf":[],"_links":{"self":[{"href":"https:\/\/staging.taski.com\/tr\/wp-json\/wp\/v2\/pages\/14710","targetHints":{"allow":["GET"]}}],"collection":[{"href":"https:\/\/staging.taski.com\/tr\/wp-json\/wp\/v2\/pages"}],"about":[{"href":"https:\/\/staging.taski.com\/tr\/wp-json\/wp\/v2\/types\/page"}],"author":[{"embeddable":true,"href":"https:\/\/staging.taski.com\/tr\/wp-json\/wp\/v2\/users\/1"}],"replies":[{"embeddable":true,"href":"https:\/\/staging.taski.com\/tr\/wp-json\/wp\/v2\/comments?post=14710"}],"version-history":[{"count":0,"href":"https:\/\/staging.taski.com\/tr\/wp-json\/wp\/v2\/pages\/14710\/revisions"}],"up":[{"embeddable":true,"href":"https:\/\/staging.taski.com\/tr\/wp-json\/wp\/v2\/pages\/14785"}],"wp:attachment":[{"href":"https:\/\/staging.taski.com\/tr\/wp-json\/wp\/v2\/media?parent=14710"}],"curies":[{"name":"wp","href":"https:\/\/api.w.org\/{rel}","templated":true}]}}