{"id":14703,"date":"2021-01-07T15:35:39","date_gmt":"2021-01-07T15:35:39","guid":{"rendered":"https:\/\/taski.com\/egitim-araclari\/"},"modified":"2021-08-06T09:35:40","modified_gmt":"2021-08-06T09:35:40","slug":"egitim-araclari","status":"publish","type":"page","link":"https:\/\/staging.taski.com\/tr\/neden-taski\/uzman-tavsiyesi\/egitim-araclari\/","title":{"rendered":"E\u011fitim Ara\u00e7lar\u0131"},"content":{"rendered":"<div class=\"wpb-content-wrapper\"><p>[vc_row][vc_column]\n  <div class=\"main-banner-block full-width content-video-no\" style=\"background-image:url(https:\/\/staging.taski.com\/wp-content\/uploads\/2020\/12\/Rental-1-scaled.jpg);\">\n         <div class=\"main-banner-block-i\">\n      <div class=\"row\">\n       <div class=\"mbb-fl\">\n        <div class=\"main-banner-block-content\">\n            <h2>TASKI makineler kolay anla\u015f\u0131l\u0131r ve kullan\u0131m\u0131 kolayd\u0131r.<br \/>\nTASKI makinenizden en iyi sonucu elde etmek i\u00e7in<br \/>\nkapsaml\u0131 E\u011fitim Ara\u00e7lar\u0131 setlerine g\u00f6z at\u0131n.<\/h2>\n            <div class=\"button-wrapper\">\n                        <\/div>\n        <\/div>\n               <\/div>\n      <\/div>\n\n\n    <\/div>\n  <\/div>\n  <div class=\"cl-fl\"><\/div>\n[\/vc_column][\/vc_row][vc_row][vc_column]\n  <div class=\"page-description-block style-dark\">\n    <div class=\"page-description-block-i\">\n      <div class=\"row\">\n        <div class=\"page-description-content\">\n          <p>[page_description_block]<\/p>\n<h2>TASKI, kullan\u0131c\u0131lar\u0131n makineleri etkili ve g\u00fcvenli bir \u015fekilde nas\u0131l kullanacaklar\u0131n\u0131 h\u0131zl\u0131 bir \u015fekilde \u00f6\u011frenmelerine yard\u0131mc\u0131 olmak i\u00e7in kullan\u0131m kartlar\u0131<strong>\u00a0ve videolar<\/strong> da dahil olmak \u00fczere e\u011fitim materyallerini sa\u011flar.<\/h2>\n<p>T\u00fcm kullan\u0131m kartlar\u0131, kullan\u0131m k\u0131lavuzlar\u0131 ve videolar \u00dcr\u00fcn sayfalar\u0131m\u0131za t\u0131klayarak kolayca bulunabilir ve tercih etti\u011finiz d\u00f6k\u00fcman\u0131 indirebilir veya videolar\u0131m\u0131z\u0131 izleyebilirsiniz.<\/p>\n<p><img alt=\"\" loading=\"lazy\" decoding=\"async\" class=\"alignnone wp-image-3001\" src=\"https:\/\/taski.com\/wp-content\/uploads\/2021\/01\/TASKI-Wallchart-210x300.png\" alt=\"\" width=\"250\" height=\"357\" \/> <img alt=\"\" loading=\"lazy\" decoding=\"async\" class=\"alignnone wp-image-3000\" src=\"https:\/\/taski.com\/wp-content\/uploads\/2021\/01\/TASKI-User-Manual-210x300.png\" alt=\"\" width=\"250\" height=\"357\" \/> <img alt=\"\" loading=\"lazy\" decoding=\"async\" class=\"alignnone wp-image-3003\" src=\"https:\/\/taski.com\/wp-content\/uploads\/2021\/01\/TASKI-video-300x292.png\" alt=\"\" width=\"368\" height=\"358\" \/><\/p>\n<ul>\n<li>\u00dcr\u00fcn kullan\u0131m kartlar\u0131n\u0131, kullan\u0131m k\u0131lavuzunu veya videoyu bulmak i\u00e7in a\u015fa\u011f\u0131daki \u00dcr\u00fcn sayfas\u0131 ba\u011flant\u0131s\u0131na t\u0131klay\u0131n.<\/li>\n<li>Alternatif olarak TASKI Uygulamam\u0131z\u0131 indirmek i\u00e7in a\u015fa\u011f\u0131daki ba\u011flant\u0131ya t\u0131klay\u0131n.<\/li>\n<li>T\u00fcm <a href=\"https:\/\/taski.com\/kullanim-talimatlari-kullanim-kilavuzlari\/?lang=tr\"> <strong>Kullan\u0131m K\u0131lavuzlar\u0131 i\u00e7in buraya t\u0131klay\u0131n.<\/strong><\/a><\/li>\n<\/ul>\n<\/div>\n      <\/div>\n    <\/div>\n  <\/div>\n  <div class=\"cl-fl\"><\/div>\n[\/vc_column][\/vc_row][vc_row css=&#8221;.vc_custom_1612789544071{padding-top: 75px !important;}&#8221;][vc_column][vc_column_text]<\/p>\n<h2 style=\"text-align: center;\">Indirme<\/h2>\n<p>[\/vc_column_text][\/vc_column][\/vc_row][vc_row][vc_column width=&#8221;1\/3&#8243;][\/vc_column][vc_column width=&#8221;1\/3&#8243;][\/vc_column][vc_column width=&#8221;1\/3&#8243;][\/vc_column][\/vc_row][vc_row][vc_column]\n  <div class=\"two-cta-block\">\n    <div class=\"two-cta-block-i\">\n      <div class=\"row\">\n        <div class=\"two-cta-block-grid\">\n           <div class=\"two-cta-item\">\n            <div class=\"tci-i\">\n             <div class=\"tci-item-content\">\n                <h5>\u00dcr\u00fcnlere g\u00f6z at\u0131n<\/h5>\n                <a href=\"\/products-innovations-solutions\/products\/\"><p>\u00dcR\u00dcN SAYFALARI<\/p><\/a>\n             <\/div>\n            <\/div>\n           <\/div>\n           <div class=\"two-cta-item\">\n            <div class=\"tci-i\">\n             <div class=\"tci-item-content\">\n                <h5>TASKI Uygulamas\u0131n\u0131 indirin<\/h5>\n                <a href=\"\/taski-app\/\"><p>TASKI Uygulamas\u0131<\/p><\/a>\n             <\/div>\n            <\/div>\n           <\/div>\n        <\/div>\n      <\/div>\n    <\/div>\n  <\/div>\n  <div class=\"cl-fl\"><\/div>\n[\/vc_column][\/vc_row]<\/p>\n<\/div>","protected":false},"excerpt":{"rendered":"<p>Etkin ve g\u00fcvenli kullan\u0131m i\u00e7in anlamas\u0131 kolay e\u011fitim materyalleri.<\/p>\n","protected":false},"author":1,"featured_media":5149,"parent":14766,"menu_order":670,"comment_status":"closed","ping_status":"closed","template":"","meta":{"_acf_changed":false,"_seopress_robots_primary_cat":"","_seopress_titles_title":"","_seopress_titles_desc":"","_seopress_robots_index":"","inline_featured_image":false,"footnotes":""},"class_list":["post-14703","page","type-page","status-publish","has-post-thumbnail","hentry"],"acf":[],"_links":{"self":[{"href":"https:\/\/staging.taski.com\/tr\/wp-json\/wp\/v2\/pages\/14703","targetHints":{"allow":["GET"]}}],"collection":[{"href":"https:\/\/staging.taski.com\/tr\/wp-json\/wp\/v2\/pages"}],"about":[{"href":"https:\/\/staging.taski.com\/tr\/wp-json\/wp\/v2\/types\/page"}],"author":[{"embeddable":true,"href":"https:\/\/staging.taski.com\/tr\/wp-json\/wp\/v2\/users\/1"}],"replies":[{"embeddable":true,"href":"https:\/\/staging.taski.com\/tr\/wp-json\/wp\/v2\/comments?post=14703"}],"version-history":[{"count":0,"href":"https:\/\/staging.taski.com\/tr\/wp-json\/wp\/v2\/pages\/14703\/revisions"}],"up":[{"embeddable":true,"href":"https:\/\/staging.taski.com\/tr\/wp-json\/wp\/v2\/pages\/14766"}],"wp:featuredmedia":[{"embeddable":true,"href":"https:\/\/staging.taski.com\/tr\/wp-json\/wp\/v2\/media\/5149"}],"wp:attachment":[{"href":"https:\/\/staging.taski.com\/tr\/wp-json\/wp\/v2\/media?parent=14703"}],"curies":[{"name":"wp","href":"https:\/\/api.w.org\/{rel}","templated":true}]}}