{"id":32929,"date":"2021-01-07T14:49:48","date_gmt":"2021-01-07T14:49:48","guid":{"rendered":"https:\/\/taski.com\/product\/swingo-150\/"},"modified":"2023-02-06T22:21:45","modified_gmt":"2023-02-06T22:21:45","slug":"swingo-150","status":"publish","type":"product","link":"https:\/\/staging.taski.com\/pl\/produkt\/swingo-150\/","title":{"rendered":"swingo 150 E"},"content":{"rendered":"","protected":false},"excerpt":{"rendered":"<p>Swingo 150 to Tw\u00f3j pierwszy krok do zmechanizowanego czyszczenia. Ultra kompaktowa pionowa maszyna szoruj\u0105co-zbieraj\u0105ca do czyszczenia punktowego i do ma\u0142ych przestrzeni.<\/p>\n<h3>G\u0142\u00f3wne Cechy<\/h3>\n<p>Pojemno\u015b\u0107 zbiornika 2,6 l. Szeroko\u015b\u0107 robocza 33 cm. System szczotek walcowych. Opcjonalny akumulator elektryczny lub litowo-jonowy.<\/p>\n<h3>G\u0142\u00f3wne Zalety<\/h3>\n<p>Lekka, kompaktowa konstrukcja u\u0142atwiaj\u0105ca obs\u0142ug\u0119. Mechaniczny system szczotek walcowych do szorowania. Czy\u015bci i zbiera wod\u0119 do przodu i do ty\u0142u. Niewielkie wymiary u\u0142atwiaj\u0105ce przechowywanie. Elektryczne lub bezprzewodowe modele akumulator\u00f3w litowo-jonowych. Swingo 150 to Tw\u00f3j pierwszy krok do zmechanizowanego czyszczenia.<\/p>\n<h3><\/h3>\n<p>Ultra kompaktowa pionowa maszyna szoruj\u0105co-zbieraj\u0105ca do czyszczenia punktowego i do ma\u0142ych przestrzeni.<\/p>\n<h3>G\u0142\u00f3wne Cechy<\/h3>\n<p>2.6L pojemno\u015bci zbiornika<br \/>\n33cm szeroko\u015bci roboczej<br \/>\nSystem szczotek walcowych<br \/>\nAakumulator elektryczny lub Litowo-Jonowy.<\/p>\n<h3>G\u0142\u00f3wne Zalety<\/h3>\n<p>Lekka, kompaktowa konstrukcja u\u0142atwiaj\u0105ca obs\u0142ug\u0119<br \/>\nSilne mechaniczne dzia\u0142anie szczotek walcowych<br \/>\nCzy\u015bci i zbiera wod\u0119 do przodu i do ty\u0142u<br \/>\nNiewielkie wymiary u\u0142atwiaj\u0105 przechowywanie<br \/>\nElektryczne lub bezprzewodowe modele akumulator\u00f3w litowo-jonowych<\/p>\n","protected":false},"featured_media":28641,"template":"","meta":{"_acf_changed":false,"_seopress_robots_primary_cat":"","_seopress_titles_title":"","_seopress_titles_desc":"","_seopress_robots_index":"","inline_featured_image":false},"product_brand":[],"product_cat":[550,551],"product_tag":[],"class_list":{"0":"post-32929","1":"product","2":"type-product","3":"status-publish","4":"has-post-thumbnail","6":"product_cat-maszyny-szorujaco-czyszczace-pl","7":"product_cat-maszyny-prowadzone-pl","9":"first","10":"instock","11":"shipping-taxable","12":"purchasable","13":"product-type-simple"},"acf":[],"_links":{"self":[{"href":"https:\/\/staging.taski.com\/pl\/wp-json\/wp\/v2\/product\/32929","targetHints":{"allow":["GET"]}}],"collection":[{"href":"https:\/\/staging.taski.com\/pl\/wp-json\/wp\/v2\/product"}],"about":[{"href":"https:\/\/staging.taski.com\/pl\/wp-json\/wp\/v2\/types\/product"}],"wp:featuredmedia":[{"embeddable":true,"href":"https:\/\/staging.taski.com\/pl\/wp-json\/wp\/v2\/media\/28641"}],"wp:attachment":[{"href":"https:\/\/staging.taski.com\/pl\/wp-json\/wp\/v2\/media?parent=32929"}],"wp:term":[{"taxonomy":"product_brand","embeddable":true,"href":"https:\/\/staging.taski.com\/pl\/wp-json\/wp\/v2\/product_brand?post=32929"},{"taxonomy":"product_cat","embeddable":true,"href":"https:\/\/staging.taski.com\/pl\/wp-json\/wp\/v2\/product_cat?post=32929"},{"taxonomy":"product_tag","embeddable":true,"href":"https:\/\/staging.taski.com\/pl\/wp-json\/wp\/v2\/product_tag?post=32929"}],"curies":[{"name":"wp","href":"https:\/\/api.w.org\/{rel}","templated":true}]}}