{"id":32920,"date":"2021-01-14T15:21:26","date_gmt":"2021-01-14T15:21:26","guid":{"rendered":"https:\/\/taski.com\/product\/aero-up\/"},"modified":"2023-02-06T23:48:19","modified_gmt":"2023-02-06T23:48:19","slug":"aero-up","status":"publish","type":"product","link":"https:\/\/staging.taski.com\/pl\/produkt\/aero-up\/","title":{"rendered":"AERO UP"},"content":{"rendered":"","protected":false},"excerpt":{"rendered":"<p id=\"tw-target-text\" class=\"tw-data-text tw-text-large tw-ta\" dir=\"ltr\" data-placeholder=\"T\u0142umaczenie\"><span class=\"Y2IQFc\" lang=\"pl\">Zwinny i lekki akumulatorowy odkurzacz pionowy do dywan\u00f3w i twardych pod\u0142\u00f3g<\/span><\/p>\n<h3>G\u0142\u00f3wne Cechy<\/h3>\n<p>Szeroko\u015b\u0107 robocza 28 cm<br \/>\nWaga 5 kg<br \/>\nCyfrowy silnik i akumulator litowo-jonowy<br \/>\nOpcje akcesori\u00f3w pod\u0142ogowych<\/p>\n<h3>G\u0142\u00f3wne Zalety<\/h3>\n<p>Technologie baterii litowo-jonowych i silnik\u00f3w cyfrowych zapewniaj\u0105 wyj\u0105tkow\u0105 wydajno\u015b\u0107 i lekko\u015b\u0107<br \/>\nSuper lekka waga 5 kg zmniejsza zm\u0119czenie operatora<br \/>\nPot\u0119\u017cne ssanie 40 l\/s dzi\u0119ki silnikowi cyfrowemu zapewnia doskona\u0142e rezultaty<br \/>\nNarz\u0119dzie do twardych pod\u0142\u00f3g lub opcja szczotki elektrycznej do wyk\u0142adzin<br \/>\nDo 1 godziny pracy i 90 minut czasu \u0142adowania, idealny do sprz\u0105tania w ci\u0105gu dnia<\/p>\n<p>&nbsp;<\/p>\n","protected":false},"featured_media":28821,"template":"","meta":{"_acf_changed":false,"_seopress_robots_primary_cat":"","_seopress_titles_title":"","_seopress_titles_desc":"","_seopress_robots_index":"","inline_featured_image":false},"product_brand":[],"product_cat":[545,546],"product_tag":[],"class_list":{"0":"post-32920","1":"product","2":"type-product","3":"status-publish","4":"has-post-thumbnail","6":"product_cat-odkurzacze-pl","7":"product_cat-upright-pl","9":"first","10":"instock","11":"shipping-taxable","12":"purchasable","13":"product-type-simple"},"acf":[],"_links":{"self":[{"href":"https:\/\/staging.taski.com\/pl\/wp-json\/wp\/v2\/product\/32920","targetHints":{"allow":["GET"]}}],"collection":[{"href":"https:\/\/staging.taski.com\/pl\/wp-json\/wp\/v2\/product"}],"about":[{"href":"https:\/\/staging.taski.com\/pl\/wp-json\/wp\/v2\/types\/product"}],"wp:featuredmedia":[{"embeddable":true,"href":"https:\/\/staging.taski.com\/pl\/wp-json\/wp\/v2\/media\/28821"}],"wp:attachment":[{"href":"https:\/\/staging.taski.com\/pl\/wp-json\/wp\/v2\/media?parent=32920"}],"wp:term":[{"taxonomy":"product_brand","embeddable":true,"href":"https:\/\/staging.taski.com\/pl\/wp-json\/wp\/v2\/product_brand?post=32920"},{"taxonomy":"product_cat","embeddable":true,"href":"https:\/\/staging.taski.com\/pl\/wp-json\/wp\/v2\/product_cat?post=32920"},{"taxonomy":"product_tag","embeddable":true,"href":"https:\/\/staging.taski.com\/pl\/wp-json\/wp\/v2\/product_tag?post=32920"}],"curies":[{"name":"wp","href":"https:\/\/api.w.org\/{rel}","templated":true}]}}