{"id":32919,"date":"2021-01-14T15:32:25","date_gmt":"2021-01-14T15:32:25","guid":{"rendered":"https:\/\/taski.com\/product\/jet-38-50\/"},"modified":"2023-02-06T22:02:28","modified_gmt":"2023-02-06T22:02:28","slug":"jet-38-50","status":"publish","type":"product","link":"https:\/\/staging.taski.com\/pl\/produkt\/jet-38-50\/","title":{"rendered":"jet 38"},"content":{"rendered":"","protected":false},"excerpt":{"rendered":"<p>Odkurzacz pionowy du\u017cej mocy z uk\u0142adem dw\u00f3ch silnik\u00f3w 38 cm<\/p>\n<h3>G\u0142\u00f3wne Cechy<\/h3>\n<p>Podw\u00f3jne silniki zapewniaj\u0105 wydajno\u015b\u0107 i trwa\u0142o\u015b\u0107<br \/>\nSzeroko\u015b\u0107 robocza 38cm lub 50cm<br \/>\nWbudowane narz\u0119dzia do zastosowania na r\u00f3\u017cnych powierzchniach<\/p>\n<h3>G\u0142\u00f3wne Zalety<\/h3>\n<p>Dwa mocne, niezale\u017cne silniki dla lepszej si\u0142y ssania i skuteczno\u015bci dzia\u0142ania szczotki<br \/>\nSzeroko\u015b\u0107 robocza 38 lub 50 cm zapewnia wydajno\u015b\u0107 i zwinno\u015b\u0107<br \/>\nTrwa\u0142a konstrukcja zapewniaj\u0105ca d\u0142ug\u0105 \u017cywotno\u015b\u0107 i doskona\u0142y zwrot z inwestycji<br \/>\nWbudowane narz\u0119dzia i gi\u0119tki w\u0105\u017c przed\u0142u\u017caj\u0105cy do czyszczenia trudno dost\u0119pnych kraw\u0119dzi i miejsc nad pod\u0142og\u0105<\/p>\n","protected":false},"featured_media":28822,"template":"","meta":{"_acf_changed":false,"_seopress_robots_primary_cat":"","_seopress_titles_title":"","_seopress_titles_desc":"","_seopress_robots_index":"","inline_featured_image":false},"product_brand":[],"product_cat":[545,546],"product_tag":[],"class_list":{"0":"post-32919","1":"product","2":"type-product","3":"status-publish","4":"has-post-thumbnail","6":"product_cat-odkurzacze-pl","7":"product_cat-upright-pl","9":"first","10":"instock","11":"shipping-taxable","12":"purchasable","13":"product-type-simple"},"acf":[],"_links":{"self":[{"href":"https:\/\/staging.taski.com\/pl\/wp-json\/wp\/v2\/product\/32919","targetHints":{"allow":["GET"]}}],"collection":[{"href":"https:\/\/staging.taski.com\/pl\/wp-json\/wp\/v2\/product"}],"about":[{"href":"https:\/\/staging.taski.com\/pl\/wp-json\/wp\/v2\/types\/product"}],"wp:featuredmedia":[{"embeddable":true,"href":"https:\/\/staging.taski.com\/pl\/wp-json\/wp\/v2\/media\/28822"}],"wp:attachment":[{"href":"https:\/\/staging.taski.com\/pl\/wp-json\/wp\/v2\/media?parent=32919"}],"wp:term":[{"taxonomy":"product_brand","embeddable":true,"href":"https:\/\/staging.taski.com\/pl\/wp-json\/wp\/v2\/product_brand?post=32919"},{"taxonomy":"product_cat","embeddable":true,"href":"https:\/\/staging.taski.com\/pl\/wp-json\/wp\/v2\/product_cat?post=32919"},{"taxonomy":"product_tag","embeddable":true,"href":"https:\/\/staging.taski.com\/pl\/wp-json\/wp\/v2\/product_tag?post=32919"}],"curies":[{"name":"wp","href":"https:\/\/api.w.org\/{rel}","templated":true}]}}