{"id":32918,"date":"2021-01-14T15:49:39","date_gmt":"2021-01-14T15:49:39","guid":{"rendered":"https:\/\/taski.com\/product\/aero-bp\/"},"modified":"2023-02-06T22:19:46","modified_gmt":"2023-02-06T22:19:46","slug":"aero-bp","status":"publish","type":"product","link":"https:\/\/staging.taski.com\/pl\/produkt\/aero-bp\/","title":{"rendered":"AERO BP E"},"content":{"rendered":"","protected":false},"excerpt":{"rendered":"<p>Lekkie elektryczne i akumulatorowe odkurzacze plecakowe.<\/p>\n<h3>G\u0142\u00f3wne Cechy<\/h3>\n<p>Akumulator cyfrowy i litowo-jonowy<br \/>\nFunkcje 3w1 &#8211; odkurzacz plecakowy\/odkurzacz pionowy\/dmuchawa<br \/>\nModele zasilane elektrycznie, akumulatorowe i akumulatorowe Plus<\/p>\n<h3>G\u0142\u00f3wne Zalety<\/h3>\n<p>Super lightweight at less than 6kg reduces fatigue<br \/>\n3in1 &#8211; Backpack + tub vac + blower function all in one &#8211; great value<br \/>\nEasily converts to battery tub vacuum or option to fit to TASKI Trolleys<br \/>\nSuper light weight and quality rucksack materials for great ergonomics<\/p>\n<p>Super lekki, przy wadze mniejszej ni\u017c 6 kg oznacza mniejsza zm\u0119czenie operatora<br \/>\n3w1 &#8211; odkurzacz plecakowy + odkurzacz pionowy + funkcja dmuchawy w jednym &#8211; to 3 produkty w 1 cenie<br \/>\n\u0141atwo przekszta\u0142ca si\u0119 w odkurzacz akumulatorowy lub opcjonalnie pasuje do w\u00f3zk\u00f3w TASKI<br \/>\nSuper lekki i wysokiej jako\u015bci materia\u0142 plecaka zapewnia doskona\u0142\u0105 ergonomi\u0119<\/p>\n","protected":false},"featured_media":28823,"template":"","meta":{"_acf_changed":false,"_seopress_robots_primary_cat":"","_seopress_titles_title":"","_seopress_titles_desc":"","_seopress_robots_index":"","inline_featured_image":false},"product_brand":[],"product_cat":[545,549],"product_tag":[],"class_list":{"0":"post-32918","1":"product","2":"type-product","3":"status-publish","4":"has-post-thumbnail","6":"product_cat-odkurzacze-pl","7":"product_cat-plecakowe-pl","9":"first","10":"instock","11":"shipping-taxable","12":"purchasable","13":"product-type-simple"},"acf":[],"_links":{"self":[{"href":"https:\/\/staging.taski.com\/pl\/wp-json\/wp\/v2\/product\/32918","targetHints":{"allow":["GET"]}}],"collection":[{"href":"https:\/\/staging.taski.com\/pl\/wp-json\/wp\/v2\/product"}],"about":[{"href":"https:\/\/staging.taski.com\/pl\/wp-json\/wp\/v2\/types\/product"}],"wp:featuredmedia":[{"embeddable":true,"href":"https:\/\/staging.taski.com\/pl\/wp-json\/wp\/v2\/media\/28823"}],"wp:attachment":[{"href":"https:\/\/staging.taski.com\/pl\/wp-json\/wp\/v2\/media?parent=32918"}],"wp:term":[{"taxonomy":"product_brand","embeddable":true,"href":"https:\/\/staging.taski.com\/pl\/wp-json\/wp\/v2\/product_brand?post=32918"},{"taxonomy":"product_cat","embeddable":true,"href":"https:\/\/staging.taski.com\/pl\/wp-json\/wp\/v2\/product_cat?post=32918"},{"taxonomy":"product_tag","embeddable":true,"href":"https:\/\/staging.taski.com\/pl\/wp-json\/wp\/v2\/product_tag?post=32918"}],"curies":[{"name":"wp","href":"https:\/\/api.w.org\/{rel}","templated":true}]}}