{"id":32917,"date":"2021-01-14T15:54:45","date_gmt":"2021-01-14T15:54:45","guid":{"rendered":"https:\/\/taski.com\/product\/aero-8-15-8-15-plus\/"},"modified":"2023-02-06T21:28:44","modified_gmt":"2023-02-06T21:28:44","slug":"aero-8-15-8-15-plus","status":"publish","type":"product","link":"https:\/\/staging.taski.com\/pl\/produkt\/aero-8-15-8-15-plus\/","title":{"rendered":"AERO 8 i 8 Plus"},"content":{"rendered":"","protected":false},"excerpt":{"rendered":"<p>Cztery wyj\u0105tkowo wydajne i ciche modele\u00a0 odkurzaczy do pracy na sucho z opatentowanym silnikiem Whisper z dodatkowymi funkcjami i narz\u0119dziami<\/p>\n<h3>G\u0142\u00f3wne Cechy<\/h3>\n<p>Pojemno\u015b\u0107 13L<br \/>\nSilnik Whisper 585W<br \/>\nBardzo niski poziom d\u017awi\u0119ku (50 dBA)<br \/>\nModele Plus obejmuj\u0105 dodatkowe funkcje, narz\u0119dzia i Filtry HEPA H13<\/p>\n<h3>G\u0142\u00f3wne Zalety<\/h3>\n<p>Super wydajny i cichy, zapewniaj\u0105ca doskona\u0142y efekt sprz\u0105tania i minimalne zak\u0142\u00f3cenia<br \/>\nSilnik Whisper zapewniaj\u0105cy bardzo niskie zu\u017cycie energii oraz niski poziom ha\u0142asu<br \/>\nErgonomiczna rura teleskopowa i no\u017cny w\u0142\u0105cznik\/wy\u0142\u0105cznik dla wygody u\u017cytkownika<br \/>\nModele Plus zawieraj\u0105 dodatkowe funkcje \u2014 zwijacz kabla i przycisk Eco oraz wbudowane narz\u0119dzia i Filtr HEPA H14<br \/>\nLepsza wytrzyma\u0142o\u015b\u0107 + filtracja<\/p>\n","protected":false},"featured_media":29530,"template":"","meta":{"_acf_changed":false,"_seopress_robots_primary_cat":"","_seopress_titles_title":"","_seopress_titles_desc":"","_seopress_robots_index":"","inline_featured_image":false},"product_brand":[],"product_cat":[545,547],"product_tag":[],"class_list":{"0":"post-32917","1":"product","2":"type-product","3":"status-publish","4":"has-post-thumbnail","6":"product_cat-odkurzacze-pl","7":"product_cat-do-pracy-na-sucho-pl","9":"first","10":"instock","11":"shipping-taxable","12":"purchasable","13":"product-type-simple"},"acf":[],"_links":{"self":[{"href":"https:\/\/staging.taski.com\/pl\/wp-json\/wp\/v2\/product\/32917","targetHints":{"allow":["GET"]}}],"collection":[{"href":"https:\/\/staging.taski.com\/pl\/wp-json\/wp\/v2\/product"}],"about":[{"href":"https:\/\/staging.taski.com\/pl\/wp-json\/wp\/v2\/types\/product"}],"wp:featuredmedia":[{"embeddable":true,"href":"https:\/\/staging.taski.com\/pl\/wp-json\/wp\/v2\/media\/29530"}],"wp:attachment":[{"href":"https:\/\/staging.taski.com\/pl\/wp-json\/wp\/v2\/media?parent=32917"}],"wp:term":[{"taxonomy":"product_brand","embeddable":true,"href":"https:\/\/staging.taski.com\/pl\/wp-json\/wp\/v2\/product_brand?post=32917"},{"taxonomy":"product_cat","embeddable":true,"href":"https:\/\/staging.taski.com\/pl\/wp-json\/wp\/v2\/product_cat?post=32917"},{"taxonomy":"product_tag","embeddable":true,"href":"https:\/\/staging.taski.com\/pl\/wp-json\/wp\/v2\/product_tag?post=32917"}],"curies":[{"name":"wp","href":"https:\/\/api.w.org\/{rel}","templated":true}]}}