{"id":32916,"date":"2021-01-14T16:46:50","date_gmt":"2021-01-14T16:46:50","guid":{"rendered":"https:\/\/taski.com\/product\/go\/"},"modified":"2023-02-06T21:15:42","modified_gmt":"2023-02-06T21:15:42","slug":"go","status":"publish","type":"product","link":"https:\/\/staging.taski.com\/pl\/produkt\/go\/","title":{"rendered":"go"},"content":{"rendered":"","protected":false},"excerpt":{"rendered":"<p>Prosty, funkcjonalny i trwa\u0142y odkurzacz do pracy na sucho<\/p>\n<h3>G\u0142\u00f3wne Cechy<\/h3>\n<p>Pojemno\u015b\u0107 worka 8L<br \/>\nSilnik 900W<br \/>\nSsanie 28 l\/s<\/p>\n<h3>G\u0142\u00f3wne Zalety<\/h3>\n<p>Wykonany w 75% z materia\u0142\u00f3w pochodz\u0105cych z recyklingu, aby zmniejszy\u0107 wp\u0142yw na \u015brodowisko<br \/>\nNiski koszt w zakupie i eksploatacji, co ma znaczenie w przypadku kr\u00f3tkich kontrakt\u00f3w lub ograniczonych bud\u017cet\u00f3w<br \/>\nProsty i solidny i zwrotny, dotrze z \u0142atwo\u015bci\u0105 do trudno dost\u0119pnych miejsc<br \/>\nOpcja filtra HEPA<\/p>\n","protected":false},"featured_media":28820,"template":"","meta":{"_acf_changed":false,"_seopress_robots_primary_cat":"","_seopress_titles_title":"","_seopress_titles_desc":"","_seopress_robots_index":"","inline_featured_image":false},"product_brand":[],"product_cat":[545,547],"product_tag":[],"class_list":{"0":"post-32916","1":"product","2":"type-product","3":"status-publish","4":"has-post-thumbnail","6":"product_cat-odkurzacze-pl","7":"product_cat-do-pracy-na-sucho-pl","9":"first","10":"instock","11":"shipping-taxable","12":"purchasable","13":"product-type-simple"},"acf":[],"_links":{"self":[{"href":"https:\/\/staging.taski.com\/pl\/wp-json\/wp\/v2\/product\/32916","targetHints":{"allow":["GET"]}}],"collection":[{"href":"https:\/\/staging.taski.com\/pl\/wp-json\/wp\/v2\/product"}],"about":[{"href":"https:\/\/staging.taski.com\/pl\/wp-json\/wp\/v2\/types\/product"}],"wp:featuredmedia":[{"embeddable":true,"href":"https:\/\/staging.taski.com\/pl\/wp-json\/wp\/v2\/media\/28820"}],"wp:attachment":[{"href":"https:\/\/staging.taski.com\/pl\/wp-json\/wp\/v2\/media?parent=32916"}],"wp:term":[{"taxonomy":"product_brand","embeddable":true,"href":"https:\/\/staging.taski.com\/pl\/wp-json\/wp\/v2\/product_brand?post=32916"},{"taxonomy":"product_cat","embeddable":true,"href":"https:\/\/staging.taski.com\/pl\/wp-json\/wp\/v2\/product_cat?post=32916"},{"taxonomy":"product_tag","embeddable":true,"href":"https:\/\/staging.taski.com\/pl\/wp-json\/wp\/v2\/product_tag?post=32916"}],"curies":[{"name":"wp","href":"https:\/\/api.w.org\/{rel}","templated":true}]}}