{"id":32915,"date":"2021-01-14T16:57:55","date_gmt":"2021-01-14T16:57:55","guid":{"rendered":"https:\/\/taski.com\/product\/vacumat-12\/"},"modified":"2023-02-06T23:38:32","modified_gmt":"2023-02-06T23:38:32","slug":"vacumat-12","status":"publish","type":"product","link":"https:\/\/staging.taski.com\/pl\/produkt\/vacumat-12\/","title":{"rendered":"vacumat 12"},"content":{"rendered":"","protected":false},"excerpt":{"rendered":"<p>Kompaktowy odkurzacz do pracy na mokro i sucho<\/p>\n<h3>G\u0142\u00f3wne Cechy<\/h3>\n<p>Pojemno\u015b\u0107 12L<br \/>\nSilnik 1000W<br \/>\nSsanie 60 l\/s<\/p>\n<h3>G\u0142\u00f3wne Zalety<\/h3>\n<p>Mocny silnik zapewnia doskona\u0142e ssanie 60 l\/s<br \/>\nSolidny z dobr\u0105 kompatybilno\u015bci\u0105 chemiczn\u0105<br \/>\nLekki i wszechstronny dla \u0142atwo\u015bci u\u017cytkowania<br \/>\nNiski poziom ha\u0142asu (64 dBA) dla minimalnych zak\u0142\u00f3ce\u0144 w czasie sprz\u0105tania<\/p>\n","protected":false},"featured_media":29049,"template":"","meta":{"_acf_changed":false,"_seopress_robots_primary_cat":"","_seopress_titles_title":"","_seopress_titles_desc":"","_seopress_robots_index":"","inline_featured_image":false},"product_brand":[],"product_cat":[560,545],"product_tag":[],"class_list":{"0":"post-32915","1":"product","2":"type-product","3":"status-publish","4":"has-post-thumbnail","6":"product_cat-do-pracy-na-sucho-i-mokro-pl","7":"product_cat-odkurzacze-pl","9":"first","10":"instock","11":"shipping-taxable","12":"purchasable","13":"product-type-simple"},"acf":[],"_links":{"self":[{"href":"https:\/\/staging.taski.com\/pl\/wp-json\/wp\/v2\/product\/32915","targetHints":{"allow":["GET"]}}],"collection":[{"href":"https:\/\/staging.taski.com\/pl\/wp-json\/wp\/v2\/product"}],"about":[{"href":"https:\/\/staging.taski.com\/pl\/wp-json\/wp\/v2\/types\/product"}],"wp:featuredmedia":[{"embeddable":true,"href":"https:\/\/staging.taski.com\/pl\/wp-json\/wp\/v2\/media\/29049"}],"wp:attachment":[{"href":"https:\/\/staging.taski.com\/pl\/wp-json\/wp\/v2\/media?parent=32915"}],"wp:term":[{"taxonomy":"product_brand","embeddable":true,"href":"https:\/\/staging.taski.com\/pl\/wp-json\/wp\/v2\/product_brand?post=32915"},{"taxonomy":"product_cat","embeddable":true,"href":"https:\/\/staging.taski.com\/pl\/wp-json\/wp\/v2\/product_cat?post=32915"},{"taxonomy":"product_tag","embeddable":true,"href":"https:\/\/staging.taski.com\/pl\/wp-json\/wp\/v2\/product_tag?post=32915"}],"curies":[{"name":"wp","href":"https:\/\/api.w.org\/{rel}","templated":true}]}}