{"id":32914,"date":"2021-01-14T17:03:13","date_gmt":"2021-01-14T17:03:13","guid":{"rendered":"https:\/\/taski.com\/product\/vacumat-22-22t\/"},"modified":"2023-02-06T23:34:55","modified_gmt":"2023-02-06T23:34:55","slug":"vacumat-22-22t","status":"publish","type":"product","link":"https:\/\/staging.taski.com\/pl\/produkt\/vacumat-22-22t\/","title":{"rendered":"vacumat 22  \/ 22T"},"content":{"rendered":"","protected":false},"excerpt":{"rendered":"<h3>G\u0142\u00f3wne Cechy<\/h3>\n<p>Pojemno\u015b\u0107 22L<br \/>\nMocny silnik 1000 W<br \/>\nW\u0105\u017c i dodatkowe akcesoria do pod\u0142\u00f3g lub \u015bci\u0105gaczki mocowane na sta\u0142e<\/p>\n<h3>G\u0142\u00f3wne Zalety<\/h3>\n<p>Mocny silnik zapewnia doskona\u0142e ssanie 60 l\/s<br \/>\nSolidny z dobr\u0105 kompatybilno\u015bci\u0105 chemiczn\u0105<br \/>\nNiski poziom ha\u0142asu (64 dBA) dla zminimalizowania zak\u0142\u00f3ce\u0144<br \/>\nDodatkowe akcesoria i koc\u00f3wki do w\u0119\u017cy i r\u00f3\u017cnego typu \u200b\u200bpod\u0142\u00f3g, umo\u017cliwiaj\u0105 dotarcie do dowolnej przestrzeni lub wydajna \u015bci\u0105gaczka montowana na sta\u0142e (T)<\/p>\n","protected":false},"featured_media":29053,"template":"","meta":{"_acf_changed":false,"_seopress_robots_primary_cat":"","_seopress_titles_title":"","_seopress_titles_desc":"","_seopress_robots_index":"","inline_featured_image":false},"product_brand":[],"product_cat":[560,545],"product_tag":[],"class_list":{"0":"post-32914","1":"product","2":"type-product","3":"status-publish","4":"has-post-thumbnail","6":"product_cat-do-pracy-na-sucho-i-mokro-pl","7":"product_cat-odkurzacze-pl","9":"first","10":"instock","11":"shipping-taxable","12":"purchasable","13":"product-type-simple"},"acf":[],"_links":{"self":[{"href":"https:\/\/staging.taski.com\/pl\/wp-json\/wp\/v2\/product\/32914","targetHints":{"allow":["GET"]}}],"collection":[{"href":"https:\/\/staging.taski.com\/pl\/wp-json\/wp\/v2\/product"}],"about":[{"href":"https:\/\/staging.taski.com\/pl\/wp-json\/wp\/v2\/types\/product"}],"wp:featuredmedia":[{"embeddable":true,"href":"https:\/\/staging.taski.com\/pl\/wp-json\/wp\/v2\/media\/29053"}],"wp:attachment":[{"href":"https:\/\/staging.taski.com\/pl\/wp-json\/wp\/v2\/media?parent=32914"}],"wp:term":[{"taxonomy":"product_brand","embeddable":true,"href":"https:\/\/staging.taski.com\/pl\/wp-json\/wp\/v2\/product_brand?post=32914"},{"taxonomy":"product_cat","embeddable":true,"href":"https:\/\/staging.taski.com\/pl\/wp-json\/wp\/v2\/product_cat?post=32914"},{"taxonomy":"product_tag","embeddable":true,"href":"https:\/\/staging.taski.com\/pl\/wp-json\/wp\/v2\/product_tag?post=32914"}],"curies":[{"name":"wp","href":"https:\/\/api.w.org\/{rel}","templated":true}]}}