{"id":32913,"date":"2021-01-14T17:08:30","date_gmt":"2021-01-14T17:08:30","guid":{"rendered":"https:\/\/taski.com\/product\/aquamat-10-1\/"},"modified":"2023-02-06T23:17:32","modified_gmt":"2023-02-06T23:17:32","slug":"aquamat-10-1","status":"publish","type":"product","link":"https:\/\/staging.taski.com\/pl\/produkt\/aquamat-10-1\/","title":{"rendered":"aquamat 10.1"},"content":{"rendered":"","protected":false},"excerpt":{"rendered":"<p>Ma\u0142a, lekka maszyna pior\u0105ca natryskowo-ekstrakcyjna do dywan\u00f3w, wyk\u0142adzin i tapicerki<\/p>\n<h3>G\u0142\u00f3wne Cechy<\/h3>\n<p>Pojemno\u015b\u0107 10L<br \/>\nMasa 12 kg<br \/>\nSsanie 41 l\/s<br \/>\nWyb\u00f3r akcesori\u00f3w<\/p>\n<h3>G\u0142\u00f3wne Zalety<\/h3>\n<p>Kompaktowa i lekka maszyna do szybkiego i efektywnego usuwania plam.<br \/>\nZapewnia szybkie schni\u0119cie, dzi\u0119ki doskona\u0142ej sile ssania<br \/>\nOpcjonalne narz\u0119dzia pozwalaj\u0105 bez problemu wywabi\u0107 plamy z tapicerki i tkanin<\/p>\n","protected":false},"featured_media":28826,"template":"","meta":{"_acf_changed":false,"_seopress_robots_primary_cat":"","_seopress_titles_title":"","_seopress_titles_desc":"","_seopress_robots_index":"","inline_featured_image":false},"product_brand":[],"product_cat":[558,559],"product_tag":[],"class_list":{"0":"post-32913","1":"product","2":"type-product","3":"status-publish","4":"has-post-thumbnail","6":"product_cat-pranie-wykladzin-pl","7":"product_cat-pranie-metoda-ekstrakcyjna-pl","9":"first","10":"instock","11":"shipping-taxable","12":"purchasable","13":"product-type-simple"},"acf":[],"_links":{"self":[{"href":"https:\/\/staging.taski.com\/pl\/wp-json\/wp\/v2\/product\/32913","targetHints":{"allow":["GET"]}}],"collection":[{"href":"https:\/\/staging.taski.com\/pl\/wp-json\/wp\/v2\/product"}],"about":[{"href":"https:\/\/staging.taski.com\/pl\/wp-json\/wp\/v2\/types\/product"}],"wp:featuredmedia":[{"embeddable":true,"href":"https:\/\/staging.taski.com\/pl\/wp-json\/wp\/v2\/media\/28826"}],"wp:attachment":[{"href":"https:\/\/staging.taski.com\/pl\/wp-json\/wp\/v2\/media?parent=32913"}],"wp:term":[{"taxonomy":"product_brand","embeddable":true,"href":"https:\/\/staging.taski.com\/pl\/wp-json\/wp\/v2\/product_brand?post=32913"},{"taxonomy":"product_cat","embeddable":true,"href":"https:\/\/staging.taski.com\/pl\/wp-json\/wp\/v2\/product_cat?post=32913"},{"taxonomy":"product_tag","embeddable":true,"href":"https:\/\/staging.taski.com\/pl\/wp-json\/wp\/v2\/product_tag?post=32913"}],"curies":[{"name":"wp","href":"https:\/\/api.w.org\/{rel}","templated":true}]}}