{"id":32912,"date":"2021-01-14T17:11:53","date_gmt":"2021-01-14T17:11:53","guid":{"rendered":"https:\/\/taski.com\/product\/aquamat-20\/"},"modified":"2023-02-06T23:24:13","modified_gmt":"2023-02-06T23:24:13","slug":"aquamat-20","status":"publish","type":"product","link":"https:\/\/staging.taski.com\/pl\/produkt\/aquamat-20\/","title":{"rendered":"aquamat 20"},"content":{"rendered":"","protected":false},"excerpt":{"rendered":"<p>Maszyna pior\u0105ca natryskowo-ekstracyjna o \u015bredniej pojemno\u015bci do wyk\u0142adzin i tapicerek<\/p>\n<h3>G\u0142\u00f3wne Cechy<\/h3>\n<p>Pojemno\u015b\u0107 20L<br \/>\nSilnik 1050W<br \/>\nSsanie 47 l\/s<br \/>\nWyb\u00f3r akcesori\u00f3w<\/p>\n<h3>G\u0142\u00f3wne Zalety<\/h3>\n<p>\u015arednia pojemno\u015b\u0107 zapewnia elastyczno\u015b\u0107 i wydajno\u015b\u0107 dzia\u0142ania maszyny<br \/>\nSzybkie suszenie zapewnia pot\u0119\u017cna moc ss\u0105ca<br \/>\nNarz\u0119dzia do usuwania plam i czyszczenia tapicerek i tkanin<\/p>\n","protected":false},"featured_media":28827,"template":"","meta":{"_acf_changed":false,"_seopress_robots_primary_cat":"","_seopress_titles_title":"","_seopress_titles_desc":"","_seopress_robots_index":"","inline_featured_image":false},"product_brand":[],"product_cat":[558,559],"product_tag":[],"class_list":{"0":"post-32912","1":"product","2":"type-product","3":"status-publish","4":"has-post-thumbnail","6":"product_cat-pranie-wykladzin-pl","7":"product_cat-pranie-metoda-ekstrakcyjna-pl","9":"first","10":"instock","11":"shipping-taxable","12":"purchasable","13":"product-type-simple"},"acf":[],"_links":{"self":[{"href":"https:\/\/staging.taski.com\/pl\/wp-json\/wp\/v2\/product\/32912","targetHints":{"allow":["GET"]}}],"collection":[{"href":"https:\/\/staging.taski.com\/pl\/wp-json\/wp\/v2\/product"}],"about":[{"href":"https:\/\/staging.taski.com\/pl\/wp-json\/wp\/v2\/types\/product"}],"wp:featuredmedia":[{"embeddable":true,"href":"https:\/\/staging.taski.com\/pl\/wp-json\/wp\/v2\/media\/28827"}],"wp:attachment":[{"href":"https:\/\/staging.taski.com\/pl\/wp-json\/wp\/v2\/media?parent=32912"}],"wp:term":[{"taxonomy":"product_brand","embeddable":true,"href":"https:\/\/staging.taski.com\/pl\/wp-json\/wp\/v2\/product_brand?post=32912"},{"taxonomy":"product_cat","embeddable":true,"href":"https:\/\/staging.taski.com\/pl\/wp-json\/wp\/v2\/product_cat?post=32912"},{"taxonomy":"product_tag","embeddable":true,"href":"https:\/\/staging.taski.com\/pl\/wp-json\/wp\/v2\/product_tag?post=32912"}],"curies":[{"name":"wp","href":"https:\/\/api.w.org\/{rel}","templated":true}]}}