{"id":32911,"date":"2021-01-14T17:17:50","date_gmt":"2021-01-14T17:17:50","guid":{"rendered":"https:\/\/taski.com\/product\/steam-so4\/"},"modified":"2023-02-06T23:09:01","modified_gmt":"2023-02-06T23:09:01","slug":"steam-so4","status":"publish","type":"product","link":"https:\/\/staging.taski.com\/pl\/produkt\/steam-so4\/","title":{"rendered":"Steam SO4"},"content":{"rendered":"","protected":false},"excerpt":{"rendered":"<p>Profesjonalne urz\u0105dzenie do czyszczenia parowego z opcj\u0105 ci\u0105g\u0142ego nape\u0142niania bojlera<\/p>\n<h3>G\u0142\u00f3wne Cechy<\/h3>\n<p>Tylko para 4,5 bara<br \/>\nPojemno\u015b\u0107 5L<br \/>\nKocio\u0142 1950w<\/p>\n<h3>G\u0142\u00f3wne Zalety<\/h3>\n<p>Kompaktowa i\u00a0 lekka<br \/>\nBezpieczne ci\u0105g\u0142e nape\u0142nianie bojlera ci\u015bnieniem 4,5 bara<br \/>\nW komplecie z obszernym zestawem akcesori\u00f3w<\/p>\n","protected":false},"featured_media":29565,"template":"","meta":{"_acf_changed":false,"_seopress_robots_primary_cat":"","_seopress_titles_title":"","_seopress_titles_desc":"","_seopress_robots_index":"","inline_featured_image":false},"product_brand":[],"product_cat":[555,557],"product_tag":[],"class_list":{"0":"post-32911","1":"product","2":"type-product","3":"status-publish","4":"has-post-thumbnail","6":"product_cat-maszyny-do-czyszczenia-parowego-pl","7":"product_cat-tylko-para-pl","9":"first","10":"instock","11":"shipping-taxable","12":"purchasable","13":"product-type-simple"},"acf":[],"_links":{"self":[{"href":"https:\/\/staging.taski.com\/pl\/wp-json\/wp\/v2\/product\/32911","targetHints":{"allow":["GET"]}}],"collection":[{"href":"https:\/\/staging.taski.com\/pl\/wp-json\/wp\/v2\/product"}],"about":[{"href":"https:\/\/staging.taski.com\/pl\/wp-json\/wp\/v2\/types\/product"}],"wp:featuredmedia":[{"embeddable":true,"href":"https:\/\/staging.taski.com\/pl\/wp-json\/wp\/v2\/media\/29565"}],"wp:attachment":[{"href":"https:\/\/staging.taski.com\/pl\/wp-json\/wp\/v2\/media?parent=32911"}],"wp:term":[{"taxonomy":"product_brand","embeddable":true,"href":"https:\/\/staging.taski.com\/pl\/wp-json\/wp\/v2\/product_brand?post=32911"},{"taxonomy":"product_cat","embeddable":true,"href":"https:\/\/staging.taski.com\/pl\/wp-json\/wp\/v2\/product_cat?post=32911"},{"taxonomy":"product_tag","embeddable":true,"href":"https:\/\/staging.taski.com\/pl\/wp-json\/wp\/v2\/product_tag?post=32911"}],"curies":[{"name":"wp","href":"https:\/\/api.w.org\/{rel}","templated":true}]}}