{"id":32910,"date":"2021-01-14T17:23:26","date_gmt":"2021-01-14T17:23:26","guid":{"rendered":"https:\/\/taski.com\/product\/steam-sv4\/"},"modified":"2023-02-06T23:13:06","modified_gmt":"2023-02-06T23:13:06","slug":"steam-sv4","status":"publish","type":"product","link":"https:\/\/staging.taski.com\/pl\/produkt\/steam-sv4\/","title":{"rendered":"Steam SV4"},"content":{"rendered":"","protected":false},"excerpt":{"rendered":"<h3>G\u0142\u00f3wne Cechy<\/h3>\n<p>Para 4,5 bara + odsysanie<br \/>\nPojemno\u015b\u0107 2,5L<br \/>\nZbiornik na brudn\u0105 wod\u0119 12L<br \/>\nBojler 2100W<\/p>\n<h3>G\u0142\u00f3wne Zalety<\/h3>\n<p>Czyszczenie parowe z funkcj\u0105 odsysania daje mo\u017cliwo\u015b\u0107 wykonywania wielu zada\u0144<br \/>\nBezpieczne ci\u0105g\u0142e nape\u0142nianie bojlera ci\u015bnieniem 4,5 bara<br \/>\nW komplecie z obszernym zestawem akcesori\u00f3w i w\u00f3zkiem<\/p>\n","protected":false},"featured_media":30153,"template":"","meta":{"_acf_changed":false,"_seopress_robots_primary_cat":"","_seopress_titles_title":"","_seopress_titles_desc":"","_seopress_robots_index":"","inline_featured_image":false},"product_brand":[],"product_cat":[555,556],"product_tag":[],"class_list":{"0":"post-32910","1":"product","2":"type-product","3":"status-publish","4":"has-post-thumbnail","6":"product_cat-maszyny-do-czyszczenia-parowego-pl","7":"product_cat-steam-vacuum-pl","9":"first","10":"instock","11":"shipping-taxable","12":"purchasable","13":"product-type-simple"},"acf":[],"_links":{"self":[{"href":"https:\/\/staging.taski.com\/pl\/wp-json\/wp\/v2\/product\/32910","targetHints":{"allow":["GET"]}}],"collection":[{"href":"https:\/\/staging.taski.com\/pl\/wp-json\/wp\/v2\/product"}],"about":[{"href":"https:\/\/staging.taski.com\/pl\/wp-json\/wp\/v2\/types\/product"}],"wp:featuredmedia":[{"embeddable":true,"href":"https:\/\/staging.taski.com\/pl\/wp-json\/wp\/v2\/media\/30153"}],"wp:attachment":[{"href":"https:\/\/staging.taski.com\/pl\/wp-json\/wp\/v2\/media?parent=32910"}],"wp:term":[{"taxonomy":"product_brand","embeddable":true,"href":"https:\/\/staging.taski.com\/pl\/wp-json\/wp\/v2\/product_brand?post=32910"},{"taxonomy":"product_cat","embeddable":true,"href":"https:\/\/staging.taski.com\/pl\/wp-json\/wp\/v2\/product_cat?post=32910"},{"taxonomy":"product_tag","embeddable":true,"href":"https:\/\/staging.taski.com\/pl\/wp-json\/wp\/v2\/product_tag?post=32910"}],"curies":[{"name":"wp","href":"https:\/\/api.w.org\/{rel}","templated":true}]}}