{"id":32909,"date":"2021-01-14T17:29:44","date_gmt":"2021-01-14T17:29:44","guid":{"rendered":"https:\/\/taski.com\/product\/sprayer-bp-15-li-ion\/"},"modified":"2023-02-06T23:04:55","modified_gmt":"2023-02-06T23:04:55","slug":"sprayer-bp-15-li-ion","status":"publish","type":"product","link":"https:\/\/staging.taski.com\/pl\/produkt\/sprayer-bp-15-li-ion\/","title":{"rendered":"Spryskiwacz BP 15 Li Ion"},"content":{"rendered":"","protected":false},"excerpt":{"rendered":"<p>Wysokiej jako\u015bci spryskiwacz plecakowy z akumulatorem litowo-jonowym do aplikacji \u015brodk\u00f3w chemicznych i \u015brodk\u00f3w dezynfekuj\u0105cych<\/p>\n<h3>G\u0142\u00f3wne Cechy<\/h3>\n<p>Pojemno\u015b\u0107 zbiornika 15 litr\u00f3w<br \/>\nCi\u015bnienie 3 bary<br \/>\nBateria litowo-jonowa<\/p>\n<h3>G\u0142\u00f3wne Zalety<\/h3>\n<p>Pe\u0142na elastyczno\u015b\u0107 i swoboda dzi\u0119ki akumulatorowi litowo-jonowemu (4 godziny pracy)<br \/>\nRura ze stali nierdzewnej zapewnia najwy\u017csz\u0105 trwa\u0142o\u015b\u0107<br \/>\nRegulowana funkcja spryskiwacza 60-200 mikron\u00f3w<br \/>\nSystem jest gotowy do u\u017cycia wraz z akumulatorem i \u0142adowark\u0105.<\/p>\n","protected":false},"featured_media":28839,"template":"","meta":{"_acf_changed":false,"_seopress_robots_primary_cat":"","_seopress_titles_title":"","_seopress_titles_desc":"","_seopress_robots_index":"","inline_featured_image":false},"product_brand":[],"product_cat":[554],"product_tag":[],"class_list":{"0":"post-32909","1":"product","2":"type-product","3":"status-publish","4":"has-post-thumbnail","6":"product_cat-spryskiwacze-pl","8":"first","9":"instock","10":"shipping-taxable","11":"purchasable","12":"product-type-simple"},"acf":[],"_links":{"self":[{"href":"https:\/\/staging.taski.com\/pl\/wp-json\/wp\/v2\/product\/32909","targetHints":{"allow":["GET"]}}],"collection":[{"href":"https:\/\/staging.taski.com\/pl\/wp-json\/wp\/v2\/product"}],"about":[{"href":"https:\/\/staging.taski.com\/pl\/wp-json\/wp\/v2\/types\/product"}],"wp:featuredmedia":[{"embeddable":true,"href":"https:\/\/staging.taski.com\/pl\/wp-json\/wp\/v2\/media\/28839"}],"wp:attachment":[{"href":"https:\/\/staging.taski.com\/pl\/wp-json\/wp\/v2\/media?parent=32909"}],"wp:term":[{"taxonomy":"product_brand","embeddable":true,"href":"https:\/\/staging.taski.com\/pl\/wp-json\/wp\/v2\/product_brand?post=32909"},{"taxonomy":"product_cat","embeddable":true,"href":"https:\/\/staging.taski.com\/pl\/wp-json\/wp\/v2\/product_cat?post=32909"},{"taxonomy":"product_tag","embeddable":true,"href":"https:\/\/staging.taski.com\/pl\/wp-json\/wp\/v2\/product_tag?post=32909"}],"curies":[{"name":"wp","href":"https:\/\/api.w.org\/{rel}","templated":true}]}}