{"id":32908,"date":"2021-01-14T17:39:07","date_gmt":"2021-01-14T17:39:07","guid":{"rendered":"https:\/\/taski.com\/product\/balimat-45\/"},"modified":"2023-02-06T23:00:24","modified_gmt":"2023-02-06T23:00:24","slug":"balimat-45","status":"publish","type":"product","link":"https:\/\/staging.taski.com\/pl\/produkt\/balimat-45\/","title":{"rendered":"balimat 45"},"content":{"rendered":"","protected":false},"excerpt":{"rendered":"<p>R\u0119czna zamiatarka do ma\u0142ych obszar\u00f3w w pomieszczeniach i na zewn\u0105trz.<\/p>\n<h3>G\u0142\u00f3wne Cechy<\/h3>\n<p>Pojemno\u015b\u0107 40 litr\u00f3w<br \/>\nSzczotka 47 cm<br \/>\nWaga ca\u0142kowita13 kg<\/p>\n<h3>G\u0142\u00f3wne Zalety<\/h3>\n<p>Lekka i bardzo zwrotna maszyna<br \/>\nNie wymaga zasilania ani baterii<br \/>\nMo\u017ce by\u0107 u\u017cywana wewn\u0105trz pomieszcze\u0144 i na zewn\u0105trz, nawet kiedy jest mokro<br \/>\nIdealna do czyszczenia wej\u015b\u0107 do budynk\u00f3w i\u00a0 powierzchni dooko\u0142a nich.<\/p>\n","protected":false},"featured_media":28676,"template":"","meta":{"_acf_changed":false,"_seopress_robots_primary_cat":"","_seopress_titles_title":"","_seopress_titles_desc":"","_seopress_robots_index":"","inline_featured_image":false},"product_brand":[],"product_cat":[553],"product_tag":[],"class_list":{"0":"post-32908","1":"product","2":"type-product","3":"status-publish","4":"has-post-thumbnail","6":"product_cat-zamiatarki-pl","8":"first","9":"instock","10":"shipping-taxable","11":"purchasable","12":"product-type-simple"},"acf":[],"_links":{"self":[{"href":"https:\/\/staging.taski.com\/pl\/wp-json\/wp\/v2\/product\/32908","targetHints":{"allow":["GET"]}}],"collection":[{"href":"https:\/\/staging.taski.com\/pl\/wp-json\/wp\/v2\/product"}],"about":[{"href":"https:\/\/staging.taski.com\/pl\/wp-json\/wp\/v2\/types\/product"}],"wp:featuredmedia":[{"embeddable":true,"href":"https:\/\/staging.taski.com\/pl\/wp-json\/wp\/v2\/media\/28676"}],"wp:attachment":[{"href":"https:\/\/staging.taski.com\/pl\/wp-json\/wp\/v2\/media?parent=32908"}],"wp:term":[{"taxonomy":"product_brand","embeddable":true,"href":"https:\/\/staging.taski.com\/pl\/wp-json\/wp\/v2\/product_brand?post=32908"},{"taxonomy":"product_cat","embeddable":true,"href":"https:\/\/staging.taski.com\/pl\/wp-json\/wp\/v2\/product_cat?post=32908"},{"taxonomy":"product_tag","embeddable":true,"href":"https:\/\/staging.taski.com\/pl\/wp-json\/wp\/v2\/product_tag?post=32908"}],"curies":[{"name":"wp","href":"https:\/\/api.w.org\/{rel}","templated":true}]}}