{"id":32876,"date":"2021-01-18T15:36:22","date_gmt":"2021-01-18T15:36:22","guid":{"rendered":"https:\/\/taski.com\/product\/8505140-spray-extraction-with-hose\/"},"modified":"2023-02-08T17:25:12","modified_gmt":"2023-02-08T17:25:12","slug":"8505140-spray-extraction-with-hose","status":"publish","type":"product","link":"https:\/\/staging.taski.com\/pl\/produkt\/8505140-spray-extraction-with-hose\/","title":{"rendered":"8505140 Dysza do ekstrakcji natryskowej z w\u0119\u017cem (wymagana dla urz\u0105dzenia aquamat 10)"},"content":{"rendered":"","protected":false},"excerpt":{"rendered":"","protected":false},"featured_media":29791,"template":"","meta":{"_acf_changed":false,"_seopress_robots_primary_cat":"","_seopress_titles_title":"","_seopress_titles_desc":"","_seopress_robots_index":"","inline_featured_image":false},"product_brand":[],"product_cat":[548],"product_tag":[],"class_list":{"0":"post-32876","1":"product","2":"type-product","3":"status-publish","4":"has-post-thumbnail","6":"product_cat-accessories-pl","8":"first","9":"instock","10":"shipping-taxable","11":"purchasable","12":"product-type-simple"},"acf":[],"_links":{"self":[{"href":"https:\/\/staging.taski.com\/pl\/wp-json\/wp\/v2\/product\/32876","targetHints":{"allow":["GET"]}}],"collection":[{"href":"https:\/\/staging.taski.com\/pl\/wp-json\/wp\/v2\/product"}],"about":[{"href":"https:\/\/staging.taski.com\/pl\/wp-json\/wp\/v2\/types\/product"}],"wp:featuredmedia":[{"embeddable":true,"href":"https:\/\/staging.taski.com\/pl\/wp-json\/wp\/v2\/media\/29791"}],"wp:attachment":[{"href":"https:\/\/staging.taski.com\/pl\/wp-json\/wp\/v2\/media?parent=32876"}],"wp:term":[{"taxonomy":"product_brand","embeddable":true,"href":"https:\/\/staging.taski.com\/pl\/wp-json\/wp\/v2\/product_brand?post=32876"},{"taxonomy":"product_cat","embeddable":true,"href":"https:\/\/staging.taski.com\/pl\/wp-json\/wp\/v2\/product_cat?post=32876"},{"taxonomy":"product_tag","embeddable":true,"href":"https:\/\/staging.taski.com\/pl\/wp-json\/wp\/v2\/product_tag?post=32876"}],"curies":[{"name":"wp","href":"https:\/\/api.w.org\/{rel}","templated":true}]}}