{"id":32871,"date":"2021-01-20T16:21:23","date_gmt":"2021-01-20T16:21:23","guid":{"rendered":"https:\/\/taski.com\/product\/swingo-150-b-li-ion-2\/"},"modified":"2021-01-20T16:21:23","modified_gmt":"2021-01-20T16:21:23","slug":"swingo-150-b-li-ion-2","status":"publish","type":"product","link":"https:\/\/staging.taski.com\/pl\/produkt\/swingo-150-b-li-ion-2\/","title":{"rendered":"Swingo 150 B Li-Ion"},"content":{"rendered":"","protected":false},"excerpt":{"rendered":"<p>Der Swingo 150 ist Ihr erster Schritt in die maschinelle Reinigung.<\/p>\n<p>Ein ultrakompakter aufrecht stehender W\u00e4schetrockner f\u00fcr die Fleckenreinigung und kleine R\u00e4ume.<\/p>\n<h3>Hauptmerkmale<\/h3>\n<p>2,6 l Tankinhalt<br \/>\n33cm Arbeitsbreite<br \/>\nWalzenb\u00fcrstensystem<br \/>\nOption f\u00fcr Elektro- oder Li-Ionen-Akkus<\/p>\n<h3>Hauptvorteile<\/h3>\n<p>Leichtes, kompaktes Design f\u00fcr einfache Bedienung<br \/>\nHohe mechanische Walzenwaschwirkung<br \/>\nReinigt und nimmt Wasser vorw\u00e4rts und r\u00fcckw\u00e4rts auf<br \/>\nGeringer Platzbedarf f\u00fcr einfache Aufbewahrung<br \/>\nModelle mit elektrischem oder kabellosem Li-Ion-Akku<\/p>\n","protected":false},"featured_media":0,"template":"","meta":{"_acf_changed":false,"_seopress_robots_primary_cat":"","_seopress_titles_title":"","_seopress_titles_desc":"","_seopress_robots_index":"","inline_featured_image":false},"product_brand":[],"product_cat":[17],"product_tag":[],"class_list":{"0":"post-32871","1":"product","2":"type-product","3":"status-publish","5":"product_cat-accessories","7":"first","8":"instock","9":"shipping-taxable","10":"purchasable","11":"product-type-simple"},"acf":[],"_links":{"self":[{"href":"https:\/\/staging.taski.com\/pl\/wp-json\/wp\/v2\/product\/32871","targetHints":{"allow":["GET"]}}],"collection":[{"href":"https:\/\/staging.taski.com\/pl\/wp-json\/wp\/v2\/product"}],"about":[{"href":"https:\/\/staging.taski.com\/pl\/wp-json\/wp\/v2\/types\/product"}],"wp:attachment":[{"href":"https:\/\/staging.taski.com\/pl\/wp-json\/wp\/v2\/media?parent=32871"}],"wp:term":[{"taxonomy":"product_brand","embeddable":true,"href":"https:\/\/staging.taski.com\/pl\/wp-json\/wp\/v2\/product_brand?post=32871"},{"taxonomy":"product_cat","embeddable":true,"href":"https:\/\/staging.taski.com\/pl\/wp-json\/wp\/v2\/product_cat?post=32871"},{"taxonomy":"product_tag","embeddable":true,"href":"https:\/\/staging.taski.com\/pl\/wp-json\/wp\/v2\/product_tag?post=32871"}],"curies":[{"name":"wp","href":"https:\/\/api.w.org\/{rel}","templated":true}]}}