{"id":32869,"date":"2021-01-20T16:29:06","date_gmt":"2021-01-20T16:29:06","guid":{"rendered":"https:\/\/taski.com\/product\/swingo-350-b-bms\/"},"modified":"2023-02-07T00:18:22","modified_gmt":"2023-02-07T00:18:22","slug":"swingo-350-b-bms","status":"publish","type":"product","link":"https:\/\/staging.taski.com\/pl\/produkt\/swingo-350-b-bms\/","title":{"rendered":"swingo 350 B BMS"},"content":{"rendered":"","protected":false},"excerpt":{"rendered":"<p>Dzi\u0119ki wydajnej szczotce walcowej maszyna swingo 350 doskonale nadaje si\u0119 do czyszczenia naro\u017cnik\u00f3w i wzd\u0142u\u017c \u015bcian.<\/p>\n<p>Idealna do \u0142azienek i kuchni.<\/p>\n<h3>G\u0142\u00f3wne Cechy<\/h3>\n<p>Pojemno\u015b\u0107 zbiornika 10 l<br \/>\nSzeroko\u015b\u0107 robocza 35 cm<br \/>\nSystem szczotek walcowych<br \/>\nOpcjonalne akumulatory elektryczne\/\u017celowe\/litowo-jonowe<\/p>\n<h3>G\u0142\u00f3wne Zalety<\/h3>\n<p>Silne mechaniczne dzia\u0142anie szoruj\u0105ce i doskona\u0142e zbieranie wody dla bezpiecznych i czystych pod\u0142\u00f3g<br \/>\nNiski profil umo\u017cliwia dosi\u0119gni\u0119cie pod osprz\u0119t i armatur\u0119<br \/>\nCzworok\u0105tny kszta\u0142t i lekkie wysuni\u0119cie w bok dla doskona\u0142ego czyszczenia do samych kraw\u0119dzi i naro\u017cnik\u00f3w<br \/>\nErgonomicznie regulowany\/sk\u0142adany uchwyt i ochrona d\u0142oni dla bezpiecze\u0144stwa operatora<br \/>\nElektryczne lub bezprzewodowe wbudowane \u0142adowarki z bezobs\u0142ugowymi akumulatorami \u017celowymi lub akumulatorami litowo-jonowymi<\/p>\n<p>&nbsp;<\/p>\n<p>&nbsp;<\/p>\n","protected":false},"featured_media":28900,"template":"","meta":{"_acf_changed":false,"_seopress_robots_primary_cat":"","_seopress_titles_title":"","_seopress_titles_desc":"","_seopress_robots_index":"","inline_featured_image":false},"product_brand":[],"product_cat":[550,551],"product_tag":[],"class_list":{"0":"post-32869","1":"product","2":"type-product","3":"status-publish","4":"has-post-thumbnail","6":"product_cat-maszyny-szorujaco-czyszczace-pl","7":"product_cat-maszyny-prowadzone-pl","9":"first","10":"instock","11":"shipping-taxable","12":"purchasable","13":"product-type-simple"},"acf":[],"_links":{"self":[{"href":"https:\/\/staging.taski.com\/pl\/wp-json\/wp\/v2\/product\/32869","targetHints":{"allow":["GET"]}}],"collection":[{"href":"https:\/\/staging.taski.com\/pl\/wp-json\/wp\/v2\/product"}],"about":[{"href":"https:\/\/staging.taski.com\/pl\/wp-json\/wp\/v2\/types\/product"}],"wp:featuredmedia":[{"embeddable":true,"href":"https:\/\/staging.taski.com\/pl\/wp-json\/wp\/v2\/media\/28900"}],"wp:attachment":[{"href":"https:\/\/staging.taski.com\/pl\/wp-json\/wp\/v2\/media?parent=32869"}],"wp:term":[{"taxonomy":"product_brand","embeddable":true,"href":"https:\/\/staging.taski.com\/pl\/wp-json\/wp\/v2\/product_brand?post=32869"},{"taxonomy":"product_cat","embeddable":true,"href":"https:\/\/staging.taski.com\/pl\/wp-json\/wp\/v2\/product_cat?post=32869"},{"taxonomy":"product_tag","embeddable":true,"href":"https:\/\/staging.taski.com\/pl\/wp-json\/wp\/v2\/product_tag?post=32869"}],"curies":[{"name":"wp","href":"https:\/\/api.w.org\/{rel}","templated":true}]}}