{"id":32863,"date":"2021-02-02T13:27:40","date_gmt":"2021-02-02T13:27:40","guid":{"rendered":"https:\/\/taski.com\/product\/aero-15-15-plus\/"},"modified":"2023-02-06T21:52:34","modified_gmt":"2023-02-06T21:52:34","slug":"aero-15-15-plus","status":"publish","type":"product","link":"https:\/\/staging.taski.com\/pl\/produkt\/aero-15-15-plus\/","title":{"rendered":"AERO 15 \/ 15 Plus \/ 15 Power"},"content":{"rendered":"","protected":false},"excerpt":{"rendered":"<p>Cztery wyj\u0105tkowo wydajne i ciche odkurzacze do pracy na sucho z opatentowanym silnikiem Whisper z dodatkowymi funkcjami i narz\u0119dziami<\/p>\n<h3>G\u0142\u00f3wne Cechy<\/h3>\n<p>Pojemno\u015b\u0107 15L<br \/>\nSilniki Whisper 585W \/ 800W<br \/>\nBardzo niski poziom d\u017awi\u0119ku (50 dBA)<br \/>\nTryby Plus obejmuj\u0105 dodatkowe funkcje i narz\u0119dzia<br \/>\nNowy model Power Ulepszony w 2021 roku \u2014 twardszy, mocniejszy, lepszy!<\/p>\n<h3>G\u0142\u00f3wne Zalety<\/h3>\n<p>Super wydajny i cichy, zapewniaj\u0105ca doskona\u0142y efekt sprz\u0105tania i minimalne zak\u0142\u00f3cenia<br \/>\nSilnik Whisper zapewniaj\u0105cy bardzo niskie zu\u017cycie energii oraz niski poziom ha\u0142asu<br \/>\nErgonomiczna rura teleskopowa i no\u017cny w\u0142\u0105cznik\/wy\u0142\u0105cznik dla wygody u\u017cytkownika<br \/>\nModel Power zawiera silnik 800W dla wi\u0119kszej wydajno\u015bci ss\u0105cej i Filtr HEPA H13<br \/>\nUlepszenie wytrzyma\u0142o\u015bci,\u00a0 filtracji i wydajno\u015bci<\/p>\n","protected":false},"featured_media":29530,"template":"","meta":{"_acf_changed":false,"_seopress_robots_primary_cat":"","_seopress_titles_title":"","_seopress_titles_desc":"","_seopress_robots_index":"","inline_featured_image":false},"product_brand":[],"product_cat":[545,547],"product_tag":[],"class_list":{"0":"post-32863","1":"product","2":"type-product","3":"status-publish","4":"has-post-thumbnail","6":"product_cat-odkurzacze-pl","7":"product_cat-do-pracy-na-sucho-pl","9":"first","10":"instock","11":"shipping-taxable","12":"purchasable","13":"product-type-simple"},"acf":[],"_links":{"self":[{"href":"https:\/\/staging.taski.com\/pl\/wp-json\/wp\/v2\/product\/32863","targetHints":{"allow":["GET"]}}],"collection":[{"href":"https:\/\/staging.taski.com\/pl\/wp-json\/wp\/v2\/product"}],"about":[{"href":"https:\/\/staging.taski.com\/pl\/wp-json\/wp\/v2\/types\/product"}],"wp:featuredmedia":[{"embeddable":true,"href":"https:\/\/staging.taski.com\/pl\/wp-json\/wp\/v2\/media\/29530"}],"wp:attachment":[{"href":"https:\/\/staging.taski.com\/pl\/wp-json\/wp\/v2\/media?parent=32863"}],"wp:term":[{"taxonomy":"product_brand","embeddable":true,"href":"https:\/\/staging.taski.com\/pl\/wp-json\/wp\/v2\/product_brand?post=32863"},{"taxonomy":"product_cat","embeddable":true,"href":"https:\/\/staging.taski.com\/pl\/wp-json\/wp\/v2\/product_cat?post=32863"},{"taxonomy":"product_tag","embeddable":true,"href":"https:\/\/staging.taski.com\/pl\/wp-json\/wp\/v2\/product_tag?post=32863"}],"curies":[{"name":"wp","href":"https:\/\/api.w.org\/{rel}","templated":true}]}}