{"id":55123,"date":"2025-02-18T16:43:04","date_gmt":"2025-02-18T16:43:04","guid":{"rendered":"https:\/\/staging.taski.com\/products-innovations-solutions\/products\/ultimaxx\/"},"modified":"2025-08-25T16:03:52","modified_gmt":"2025-08-25T16:03:52","slug":"ultimaxx","status":"publish","type":"page","link":"https:\/\/staging.taski.com\/pl\/products-innovations-solutions\/products\/ultimaxx\/","title":{"rendered":"Ultimaxx"},"content":{"rendered":"<div class=\"wpb-content-wrapper\"><p>[vc_row][vc_column]\n  <div class=\"page-intro-block size-fit-image style-dark font-large\">\n         <div class=\"page-intro-block-i\">\n      <div class=\"row\">\n        <div class=\"page-intro-content\">\n            <div class=\"title-block\">\n                                     <h2><span class=\"pt\">ULTIMAXX<\/span>&lt;strong&gt;Seria&lt;\/strong&gt; TASKI &lt;strong&gt;ULTIMAXX oferuje niestandardow\u0105 konfiguracj\u0119 maszyn&lt;\/strong&gt; z szerokim zakresem szeroko\u015bci roboczych i talerzy szczotkowych dla ka\u017cdego \u015brodowiska.<\/h2>\n                                                 <\/div>\n            <div class=\"page-intro-image\">\n                                <div class=\"page-intro-image-alt\">\n                    \n                    <img decoding=\"async\" src=\"https:\/\/staging.taski.com\/wp-content\/uploads\/2025\/02\/TASKI-ULTIMAXX-1900-Attachemnts_08-e1739893563789.png\" alt=\"\" \/>\n\n                <\/div>\n            <\/div>\n        <\/div>\n      <\/div>\n\n\n    <\/div>\n  <\/div>\n  <div class=\"cl-fl\"><\/div>\n[\/vc_column][\/vc_row][vc_row][vc_column][vc_basic_grid post_type=&#8221;taski-products&#8221; style=&#8221;load-more&#8221; show_filter=&#8221;yes&#8221; element_width=&#8221;2&#8243; gap=&#8221;35&#8243; orderby=&#8221;menu_order&#8221; order=&#8221;ASC&#8221; filter_style=&#8221;default-less-rounded&#8221; filter_color=&#8221;orange&#8221; filter_size=&#8221;lg&#8221; item=&#8221;50527&#8243; css=&#8221;.vc_custom_1739899748044{margin-top: 20px !important;margin-bottom: 80px !important;}&#8221; max_items=&#8221;-1&#8243; items_per_page=&#8221;6&#8243; grid_id=&#8221;vc_gid:1749726321825-98d1b2f3-6e21-0&#8243; taxonomies=&#8221;657&#8243; filter_source=&#8221;taski_product__category&#8221; exclude_filter=&#8221;657&#8243;][\/vc_column][\/vc_row][vc_row css=&#8221;.vc_custom_1606587476742{padding-top: 80px !important;padding-bottom: 95px !important;}&#8221;][vc_column]\n  <div class=\"product-description-block style-dark image-right\">\n    <div class=\"product-description-block-i\">\n        <div class=\"product-description-block-content\">\n          <div class=\"product-description-block-title\">\n                            <div class=\"pdbt-icon\"><img decoding=\"async\" src=\"https:\/\/staging.taski.com\/wp-content\/uploads\/2020\/12\/clock.png\" \/><\/div>\n                <div class=\"pdbt-text\">Wydajno\u015b\u0107 operacyjna<\/div>\n                      <\/div>\n          <div class=\"product-description-block-text\"><p>Wszystkie szorowarki TASKI ULTIMAXX i swingo eliminuj\u0105 bezproduktywny czas pracy. <strong>Intuicyjne elementy steruj\u0105ce, samoreguluj\u0105ca si\u0119 belka ss\u0105ca i \u0142atwe do czyszczenia \u017c\u00f3\u0142te punkty konserwacyjne<\/strong> zapewniaj\u0105 wi\u0119cej dost\u0119pnego czasu na czyszczenie. Zupe\u0142nie nowa gama ULTIMAXX pozwala na pe\u0142n\u0105 personalizacj\u0119 dzi\u0119ki <strong>IntelliTouch, IntelliZone<\/strong>, a nawet <strong>przyciskowi TWISTER<\/strong>, zapewniaj\u0105cemu niezr\u00f3wnan\u0105 produktywno\u015b\u0107. Nigdy wcze\u015bniej doskona\u0142o\u015b\u0107 czyszczenia i najwy\u017csza wydajno\u015b\u0107 nie by\u0142y tak \u0142atwe do osi\u0105gni\u0119cia.  <\/p>\n<\/div>\n        <\/div>\n        <div class=\"product-description-block-image\" style=\"background-image:url(https:\/\/staging.taski.com\/wp-content\/uploads\/2022\/04\/TASKI-ULTIMAXX-1900-Attachemnts_cropped.png)\">\n\n        <\/div>\n    <\/div>\n  <\/div>\n  <div class=\"cl-fl\"><\/div>\n\n  <div class=\"product-description-block style-light image-left\">\n    <div class=\"product-description-block-i\">\n        <div class=\"product-description-block-content\">\n          <div class=\"product-description-block-title\">\n                            <div class=\"pdbt-icon\"><img decoding=\"async\" src=\"https:\/\/staging.taski.com\/wp-content\/uploads\/2020\/12\/people.png\" \/><\/div>\n                <div class=\"pdbt-text\">Ludzie i bezpiecze\u0144stwo<\/div>\n                      <\/div>\n          <div class=\"product-description-block-text\"><p>Szorowarki TASKI ULTIMAXX i swingo s\u0105 <strong>ergonomicznie zaprojektowane<\/strong> dla u\u017cytkownika. Ergonomiczny i w pe\u0142ni regulowany uchwyt lub kierownica <strong>zapewniaj\u0105 komfort<\/strong> pracy. ULTIMAXX <strong>IntelliTouch<\/strong> to intuicyjny pulpit nawigacyjny z ekranem dotykowym i typowymi ikonami, co oznacza, \u017ce <strong>nie jest wymagane \u017cadne szkolenie<\/strong>. Tam, gdzie wymagane jest szkolenie, u\u017cytkownicy mog\u0105 po\u0142\u0105czy\u0107 si\u0119 z zestawem narz\u0119dzi pomocniczych, w tym z mo\u017cliwo\u015bci\u0105 ogl\u0105dania film\u00f3w i uzyskiwania dost\u0119pu do interaktywnych aplikacji. Wybierz ULTIMAXX i zdecyduj si\u0119 na EBU (elektroniczny podno\u015bnik szczotek) i nie musisz dotyka\u0107 szczotek ani nap\u0119d\u00f3w pad\u00f3w. Wybierz Intelliscrub i precyzyjn\u0105 ocen\u0119 si\u0142y nacisku. Dla pe\u0142nej personalizacji wybierz <strong>IntelliZone<\/strong>, aby idealnie ustawi\u0107 wszystkie parametry dla pierwszego czyszczenia za ka\u017cdym razem      <\/p>\n<\/div>\n        <\/div>\n        <div class=\"product-description-block-image\" style=\"background-image:url(https:\/\/staging.taski.com\/wp-content\/uploads\/2022\/04\/Wallchart_024.jpg)\">\n\n        <\/div>\n    <\/div>\n  <\/div>\n  <div class=\"cl-fl\"><\/div>\n\n  <div class=\"product-description-block style-light image-right\">\n    <div class=\"product-description-block-i\">\n        <div class=\"product-description-block-content\">\n          <div class=\"product-description-block-title\">\n                            <div class=\"pdbt-icon\"><img decoding=\"async\" src=\"https:\/\/staging.taski.com\/wp-content\/uploads\/2020\/12\/sustainability.svg\" \/><\/div>\n                <div class=\"pdbt-text\">Zr\u00f3wnowa\u017cony rozw\u00f3j<\/div>\n                      <\/div>\n          <div class=\"product-description-block-text\"><p>Modele TASKI ULTIMAXX Performance i swingo power s\u0105 wyposa\u017cone w technologi\u0119 <strong>IntelliFlow<\/strong>, kt\u00f3ra <strong>zapewnia wi\u0119ksz\u0105 powierzchni\u0119<\/strong> na jednym nape\u0142nieniu zbiornika. IntelliFlow z <strong>IntelliDose mo\u017ce zmniejszy\u0107 zu\u017cycie wody i \u015brodk\u00f3w chemicznych o ponad 70%<\/strong>. <\/p>\n<\/div>\n        <\/div>\n        <div class=\"product-description-block-image\" style=\"background-image:url(https:\/\/staging.taski.com\/wp-content\/uploads\/2022\/04\/ULTIMAXX-1900-IntelliDose-PLUS.jpg)\">\n\n        <\/div>\n    <\/div>\n  <\/div>\n  <div class=\"cl-fl\"><\/div>\n\n  <div class=\"product-description-block style-dark image-left\">\n    <div class=\"product-description-block-i\">\n        <div class=\"product-description-block-content\">\n          <div class=\"product-description-block-title\">\n                            <div class=\"pdbt-icon\"><img decoding=\"async\" src=\"https:\/\/staging.taski.com\/wp-content\/uploads\/2020\/11\/globe.png\" \/><\/div>\n                <div class=\"pdbt-text\">Optymalizacja kapita\u0142u obrotowego<\/div>\n                      <\/div>\n          <div class=\"product-description-block-text\"><p>Dzi\u0119ki nawet <strong>3-krotnie<\/strong> szybszemu \u0142adowaniu szorowarki <strong>IntelliPowered<\/strong> ULTIMAXX i swingo s\u0105 zawsze dost\u0119pne, gdy konwencjonalne baterie s\u0105 nadal na\u0142adowane. Oznacza to, \u017ce druga maszyna mo\u017ce nie by\u0107 potrzebna. Wybierz ca\u0142kowicie nowy ULTIMAXX z <strong>IntelliScrub<\/strong> i jeszcze bardziej wyd\u0142u\u017c autonomi\u0119 baterii. Nawet do <strong>70%<\/strong> d\u0142u\u017cej. To prawdziwy <strong>zwrot z inwestycji<\/strong>.    <\/p>\n<\/div>\n        <\/div>\n        <div class=\"product-description-block-image\" style=\"background-image:url(https:\/\/staging.taski.com\/wp-content\/uploads\/2020\/12\/TASKI-Intellipower.png)\">\n\n        <\/div>\n    <\/div>\n  <\/div>\n  <div class=\"cl-fl\"><\/div>\n\n  <div class=\"product-description-block style-light image-right\">\n    <div class=\"product-description-block-i\">\n        <div class=\"product-description-block-content\">\n          <div class=\"product-description-block-title\">\n                            <div class=\"pdbt-icon\"><img decoding=\"async\" src=\"https:\/\/staging.taski.com\/wp-content\/uploads\/2020\/12\/tco.svg\" \/><\/div>\n                <div class=\"pdbt-text\">Ca\u0142kowity koszt posiadania<\/div>\n                      <\/div>\n          <div class=\"product-description-block-text\"><p>Osuszacze p\u0142uczkowe TASKI ULTIMAXX i swingo zosta\u0142y zaprojektowane i skonstruowane tak, aby obni\u017cy\u0107 <strong>koszty<\/strong> na ka\u017cdym etapie u\u017cytkowania. Staranny dob\u00f3r oznacza <strong>mniej bezproduktywnego czasu i mniej przestoj\u00f3w<\/strong>. Inteligentne rozwi\u0105zania zu\u017cywaj\u0105 <strong>mniej energii, wody i \u015brodk\u00f3w chemicznych.<\/strong> Ni\u017csze koszty konserwacji wynikaj\u0105 z rzadszych <strong>wizyt i mniejszej liczby awarii<\/strong>. Maszyny zaprojektowane z my\u015bl\u0105 o trwa\u0142o\u015bci musz\u0105 by\u0107 <strong>rzadziej<\/strong> wymieniane. W pe\u0142ni po\u0142\u0105czony cyfrowy ekosystem ULTIMAXX i <strong>pulpit IntelliTouch<\/strong> wraz z <strong>IntellTrail 2.0 i IntelliPredict<\/strong> oznaczaj\u0105, \u017ce przestoje nale\u017c\u0105 ju\u017c do przesz\u0142o\u015bci. Teraz Twoja maszyna nigdy nie powinna wypa\u015b\u0107 z gry. Wszystko to sk\u0142ada si\u0119 na <strong>najni\u017cszy ca\u0142kowity koszt posiadania<\/strong> TASKI <strong>i najni\u017cszy ca\u0142kowity koszt czyszczenia.<\/strong>      <\/p>\n<\/div>\n        <\/div>\n        <div class=\"product-description-block-image\" style=\"background-image:url(https:\/\/staging.taski.com\/wp-content\/uploads\/2020\/12\/tco.jpg)\">\n\n        <\/div>\n    <\/div>\n  <\/div>\n  <div class=\"cl-fl\"><\/div>\n\n  <div class=\"product-description-block style-dark image-left\">\n    <div class=\"product-description-block-i\">\n        <div class=\"product-description-block-content\">\n          <div class=\"product-description-block-title\">\n                            <div class=\"pdbt-icon\"><img decoding=\"async\" src=\"https:\/\/staging.taski.com\/wp-content\/uploads\/2020\/12\/calculator.png\" \/><\/div>\n                <div class=\"pdbt-text\">Kontrola koszt\u00f3w<\/div>\n                      <\/div>\n          <div class=\"product-description-block-text\"><p>Opcje serwisowe TASKI <strong>minimalizuj\u0105 czas przestoj\u00f3w, koszty napraw i wyd\u0142u\u017caj\u0105 \u017cywotno\u015b\u0107<\/strong> szorowarki ULTIMAXX lub swingo.<br \/>\nZ ULTIMAXX wybierz<strong> IntelliPredict<\/strong> i uzyskaj dost\u0119p do najnowocze\u015bniejszej technologii elektronicznej, \u0142\u0105cz\u0105cej i kontroluj\u0105cej wszystkie cz\u0119\u015bci elektroniczne, takie jak silniki, pompy i \u0142adowarki. ULTIMAXX zasadniczo zmieni krajobraz na proaktywny model zarz\u0105dzania czasem sprawno\u015bci z predykcyjnym zarz\u0105dzaniem komponentami. Skorzystaj i <strong>zaoszcz\u0119d\u017a zwykle 25%<\/strong> na rachunkach za naprawy.  <\/p>\n<\/div>\n        <\/div>\n        <div class=\"product-description-block-image\" style=\"background-image:url(https:\/\/staging.taski.com\/wp-content\/uploads\/2022\/04\/Diversey-People-scaled.jpg)\">\n\n        <\/div>\n    <\/div>\n  <\/div>\n  <div class=\"cl-fl\"><\/div>\n[\/vc_column][\/vc_row][vc_row][vc_column][vc_row_inner][vc_column_inner]\n  <div class=\"three-cta-block\">\n    <div class=\"three-cta-block-i\">\n      <div class=\"row\">\n        <div class=\"three-cta-block-grid\">\n           <div class=\"three-cta-item\">\n            <div class=\"tci-i\">\n             <div class=\"tci-item-content\">\n                <h5>&lt;strong&gt;Zobacz nasze&lt;\/strong&gt; rozwi\u0105zania<br \/>\nIndustry<br \/>\n<\/h5>\n                <a href=\"\/products-innovations-solutions\/\"><p>PRODUCTS,<br \/>SOLUTIONS &<br \/>INNOVATIONS<\/p><\/a>\n             <\/div>\n            <\/div>\n           <\/div>\n           <div class=\"three-cta-item\">\n            <div class=\"tci-i\">\n             <div class=\"tci-item-content\">\n                <h5>&lt;strong&gt;Trendy&lt;\/strong&gt;<br \/>\n i aktualno\u015bci<\/h5>\n                <a href=\"\/news-help-contacts\/\"><p>EXPLORE<\/p><\/a>\n             <\/div>\n            <\/div>\n           <\/div>\n           <div class=\"three-cta-item\">\n            <div class=\"tci-i\">\n             <div class=\"tci-item-content\">\n                <h5>&lt;strong&gt;Skontaktuj si\u0119&lt;\/strong&gt; z nami<br \/>\nz<br \/>\n<\/h5>\n                <a href=\"\/news-help-contacts\/\"><p>CONTACT<br \/>US<\/p><\/a>\n             <\/div>\n            <\/div>\n           <\/div>\n        <\/div>\n      <\/div>\n    <\/div>\n  <\/div>\n  <div class=\"cl-fl\"><\/div>\n[\/vc_column_inner][\/vc_row_inner][\/vc_column][\/vc_row][vc_row][vc_column][vc_column_text][\/vc_column_text][\/vc_column][\/vc_row]<\/p>\n<\/div>","protected":false},"excerpt":{"rendered":"<p>[vc_row][vc_column][\/vc_column][\/vc_row][vc_row][vc_column][vc_basic_grid post_type=&#8221;taski-products&#8221; style=&#8221;load-more&#8221; show_filter=&#8221;yes&#8221; element_width=&#8221;2&#8243; gap=&#8221;35&#8243; orderby=&#8221;menu_order&#8221; order=&#8221;ASC&#8221; filter_style=&#8221;default-less-rounded&#8221; filter_color=&#8221;orange&#8221; filter_size=&#8221;lg&#8221; item=&#8221;50527&#8243; css=&#8221;.vc_custom_1739899748044{margin-top: 20px !important;margin-bottom: 80px !important;}&#8221; max_items=&#8221;-1&#8243; items_per_page=&#8221;6&#8243; grid_id=&#8221;vc_gid:1749726321825-98d1b2f3-6e21-0&#8243; taxonomies=&#8221;657&#8243; filter_source=&#8221;taski_product__category&#8221; exclude_filter=&#8221;657&#8243;][\/vc_column][\/vc_row][vc_row css=&#8221;.vc_custom_1606587476742{padding-top: 80px !important;padding-bottom: 95px !important;}&#8221;][vc_column][\/vc_column][\/vc_row][vc_row][vc_column][vc_row_inner][vc_column_inner][\/vc_column_inner][\/vc_row_inner][\/vc_column][\/vc_row][vc_row][vc_column][vc_column_text][\/vc_column_text][\/vc_column][\/vc_row]<\/p>\n","protected":false},"author":1,"featured_media":0,"parent":32635,"menu_order":499,"comment_status":"closed","ping_status":"closed","template":"page-products.php","meta":{"_acf_changed":false,"_seopress_robots_primary_cat":"","_seopress_titles_title":"","_seopress_titles_desc":"","_seopress_robots_index":"","inline_featured_image":false,"footnotes":""},"class_list":["post-55123","page","type-page","status-publish","hentry"],"acf":[],"_links":{"self":[{"href":"https:\/\/staging.taski.com\/pl\/wp-json\/wp\/v2\/pages\/55123","targetHints":{"allow":["GET"]}}],"collection":[{"href":"https:\/\/staging.taski.com\/pl\/wp-json\/wp\/v2\/pages"}],"about":[{"href":"https:\/\/staging.taski.com\/pl\/wp-json\/wp\/v2\/types\/page"}],"author":[{"embeddable":true,"href":"https:\/\/staging.taski.com\/pl\/wp-json\/wp\/v2\/users\/1"}],"replies":[{"embeddable":true,"href":"https:\/\/staging.taski.com\/pl\/wp-json\/wp\/v2\/comments?post=55123"}],"version-history":[{"count":6,"href":"https:\/\/staging.taski.com\/pl\/wp-json\/wp\/v2\/pages\/55123\/revisions"}],"predecessor-version":[{"id":55147,"href":"https:\/\/staging.taski.com\/pl\/wp-json\/wp\/v2\/pages\/55123\/revisions\/55147"}],"up":[{"embeddable":true,"href":"https:\/\/staging.taski.com\/pl\/wp-json\/wp\/v2\/pages\/32635"}],"wp:attachment":[{"href":"https:\/\/staging.taski.com\/pl\/wp-json\/wp\/v2\/media?parent=55123"}],"curies":[{"name":"wp","href":"https:\/\/api.w.org\/{rel}","templated":true}]}}