{"id":54703,"date":"2025-02-19T10:48:52","date_gmt":"2025-02-19T10:48:52","guid":{"rendered":"https:\/\/staging.taski.com\/products-innovations-solutions\/products\/sweepers\/zamiatarki-samojezdne\/"},"modified":"2025-08-25T14:54:32","modified_gmt":"2025-08-25T14:54:32","slug":"zamiatarki-samojezdne","status":"publish","type":"page","link":"https:\/\/staging.taski.com\/pl\/products-innovations-solutions\/products\/sweepers\/zamiatarki-samojezdne\/","title":{"rendered":"Zamiatarki samojezdne"},"content":{"rendered":"<div class=\"wpb-content-wrapper\"><p>[vc_row][vc_column]\n  <div class=\"page-intro-block size-fit-image style-dark font-large\">\n         <div class=\"page-intro-block-i\">\n      <div class=\"row\">\n        <div class=\"page-intro-content\">\n            <div class=\"title-block\">\n                                     <h2><span class=\"pt\">Ride-on Sweepers<\/span>Nowe zamiatarki Balimat doskonale wykorzystuj\u0105 &lt;strong&gt;unikalny system Tandem Roller&lt;\/strong&gt;, kt\u00f3ry zapewnia doskona\u0142e zbieranie \u015bmieci i usuwanie kurzu.<\/h2>\n                                                 <\/div>\n            <div class=\"page-intro-image\">\n                                <div class=\"page-intro-image-alt\">\n                    \n                    <img decoding=\"async\" src=\"https:\/\/staging.taski.com\/wp-content\/uploads\/2021\/04\/balimat-6500-quarter-right.jpg\" alt=\"\" \/>\n\n                <\/div>\n            <\/div>\n        <\/div>\n      <\/div>\n\n\n    <\/div>\n  <\/div>\n  <div class=\"cl-fl\"><\/div>\n[\/vc_column][\/vc_row][vc_row][vc_column][vc_basic_grid post_type=&#8221;taski-products&#8221; style=&#8221;load-more&#8221; show_filter=&#8221;yes&#8221; element_width=&#8221;2&#8243; gap=&#8221;35&#8243; orderby=&#8221;menu_order&#8221; order=&#8221;ASC&#8221; filter_style=&#8221;default-less-rounded&#8221; filter_color=&#8221;orange&#8221; filter_size=&#8221;lg&#8221; item=&#8221;50527&#8243; css=&#8221;.vc_custom_1739962124673{margin-top: 20px !important;margin-bottom: 80px !important;}&#8221; max_items=&#8221;-1&#8243; items_per_page=&#8221;6&#8243; grid_id=&#8221;vc_gid:1749805491989-e661e2be-1595-5&#8243; taxonomies=&#8221;494&#8243; filter_source=&#8221;taski_product__category&#8221; exclude_filter=&#8221;494&#8243;][\/vc_column][\/vc_row][vc_row css=&#8221;.vc_custom_1606587476742{padding-top: 80px !important;padding-bottom: 95px !important;}&#8221;][vc_column]\n  <div class=\"product-description-block style-dark image-right\">\n    <div class=\"product-description-block-i\">\n        <div class=\"product-description-block-content\">\n          <div class=\"product-description-block-title\">\n                            <div class=\"pdbt-icon\"><img decoding=\"async\" src=\"https:\/\/staging.taski.com\/wp-content\/uploads\/2020\/12\/clock.png\" \/><\/div>\n                <div class=\"pdbt-text\">Wydajno\u015b\u0107 operacyjna<\/div>\n                      <\/div>\n          <div class=\"product-description-block-text\"><p><strong>Odkurzacze<\/strong> z serii Balimat s\u0105 wyposa\u017cone w <strong>podw\u00f3jne szczotki boczne zapewniaj\u0105ce wi\u0119ksz\u0105 szeroko\u015b\u0107 robocz\u0105<\/strong>, kt\u00f3re kieruj\u0105 zanieczyszczenia do \u015brodka, gdzie <strong>podw\u00f3jne szczotki walcowe skutecznie zmiataj\u0105 je do du\u017cego zbiornika<\/strong>.<\/p>\n<\/div>\n        <\/div>\n        <div class=\"product-description-block-image\" style=\"background-image:url(https:\/\/staging.taski.com\/wp-content\/uploads\/2021\/04\/balimat-3300-side-brooms.jpg)\">\n\n        <\/div>\n    <\/div>\n  <\/div>\n  <div class=\"cl-fl\"><\/div>\n\n  <div class=\"product-description-block style-light image-left\">\n    <div class=\"product-description-block-i\">\n        <div class=\"product-description-block-content\">\n          <div class=\"product-description-block-title\">\n                            <div class=\"pdbt-icon\"><img decoding=\"async\" src=\"https:\/\/staging.taski.com\/wp-content\/uploads\/2020\/12\/brand-protection.svg\" \/><\/div>\n                <div class=\"pdbt-text\">Ochrona marki i aktyw\u00f3w<\/div>\n                      <\/div>\n          <div class=\"product-description-block-text\"><p><span data-sheets-formula-bar-text-style=\"font-size:13px;color:#000000;font-weight:normal;text-decoration:none;font-family:'Arial';font-style:normal;text-decoration-skip-ink:none;\">Utrzymuj swoje <strong>wewn\u0119trzne i zewn\u0119trzne przestrzenie <\/strong><\/span><strong>wolne od li\u015bci, kurzu i zanieczyszcze\u0144. <\/strong><\/p>\n<p><span data-sheets-formula-bar-text-style=\"font-size:13px;color:#000000;font-weight:normal;text-decoration:none;font-family:'Arial';font-style:normal;text-decoration-skip-ink:none;\">Seria balimat<\/span> <span data-sheets-formula-bar-text-style=\"font-size:13px;color:#000000;font-weight:normal;text-decoration:none;font-family:'Arial';font-style:normal;text-decoration-skip-ink:none;\"><strong>utrzymuje<\/strong> <strong>dobre <\/strong><\/span><span data-sheets-formula-bar-text-style=\"font-size:13px;color:#000000;font-weight:bold;text-decoration:none;font-family:''Arial'';font-style:normal;text-decoration-skip-ink:none;\"><strong>pierwsze wra\u017cenie<\/strong> na go\u015bciach i klientach.<\/span><\/p>\n<\/div>\n        <\/div>\n        <div class=\"product-description-block-image\" style=\"background-image:url(https:\/\/staging.taski.com\/wp-content\/uploads\/2021\/03\/balimat-2300-in-use-2.jpg)\">\n\n        <\/div>\n    <\/div>\n  <\/div>\n  <div class=\"cl-fl\"><\/div>\n\n  <div class=\"product-description-block style-dark image-right\">\n    <div class=\"product-description-block-i\">\n        <div class=\"product-description-block-content\">\n          <div class=\"product-description-block-title\">\n                            <div class=\"pdbt-icon\"><img decoding=\"async\" src=\"https:\/\/staging.taski.com\/wp-content\/uploads\/2021\/02\/people-safety-white.png\" \/><\/div>\n                <div class=\"pdbt-text\">Ludzie i bezpiecze\u0144stwo<\/div>\n                      <\/div>\n          <div class=\"product-description-block-text\"><p>Seria balimat zosta\u0142a <strong>zaprojektowana tak, aby by\u0142a \u0142atwa w u\u017cyciu<\/strong>, a opcja jazdy mo\u017ce <strong>zwi\u0119kszy\u0107 produktywno\u015b\u0107, oszcz\u0119dzaj\u0105c pieni\u0105dze na kosztach sprz\u0105tania.<\/strong><\/p>\n<\/div>\n        <\/div>\n        <div class=\"product-description-block-image\" style=\"background-image:url(https:\/\/staging.taski.com\/wp-content\/uploads\/2021\/04\/balimat-3300-handle.jpg)\">\n\n        <\/div>\n    <\/div>\n  <\/div>\n  <div class=\"cl-fl\"><\/div>\n[\/vc_column][\/vc_row][vc_row][vc_column][vc_row_inner][vc_column_inner]\n  <div class=\"three-cta-block\">\n    <div class=\"three-cta-block-i\">\n      <div class=\"row\">\n        <div class=\"three-cta-block-grid\">\n           <div class=\"three-cta-item\">\n            <div class=\"tci-i\">\n             <div class=\"tci-item-content\">\n                <h5>&lt;strong&gt;Zobacz nasze&lt;\/strong&gt; rozwi\u0105zania<br \/>\nIndustry<br \/>\n<\/h5>\n                <a href=\"\/products-innovations-solutions\/\"><p>PRODUCTS,<br \/>SOLUTIONS &<br \/>INNOVATIONS<\/p><\/a>\n             <\/div>\n            <\/div>\n           <\/div>\n           <div class=\"three-cta-item\">\n            <div class=\"tci-i\">\n             <div class=\"tci-item-content\">\n                <h5>&lt;strong&gt;Zobacz najnowsze&lt;\/strong&gt; innowacje<br \/>\nTASKI<br \/>\n<\/h5>\n                <a href=\"\/products-innovations-solutions\/innovations\/\"><p>INNOWACJE<\/p><\/a>\n             <\/div>\n            <\/div>\n           <\/div>\n           <div class=\"three-cta-item\">\n            <div class=\"tci-i\">\n             <div class=\"tci-item-content\">\n                <h5>&lt;strong&gt;Skontaktuj si\u0119&lt;\/strong&gt; z nami<br \/>\nz<br \/>\n<\/h5>\n                <a href=\"\/news-help-contacts\/\"><p>CONTACT<br \/>US<\/p><\/a>\n             <\/div>\n            <\/div>\n           <\/div>\n        <\/div>\n      <\/div>\n    <\/div>\n  <\/div>\n  <div class=\"cl-fl\"><\/div>\n[\/vc_column_inner][\/vc_row_inner][\/vc_column][\/vc_row]<\/p>\n<\/div>","protected":false},"excerpt":{"rendered":"<p>[vc_row][vc_column][\/vc_column][\/vc_row][vc_row][vc_column][vc_basic_grid post_type=&#8221;taski-products&#8221; style=&#8221;load-more&#8221; show_filter=&#8221;yes&#8221; element_width=&#8221;2&#8243; gap=&#8221;35&#8243; orderby=&#8221;menu_order&#8221; order=&#8221;ASC&#8221; filter_style=&#8221;default-less-rounded&#8221; filter_color=&#8221;orange&#8221; filter_size=&#8221;lg&#8221; item=&#8221;50527&#8243; css=&#8221;.vc_custom_1739962124673{margin-top: 20px !important;margin-bottom: 80px !important;}&#8221; max_items=&#8221;-1&#8243; items_per_page=&#8221;6&#8243; grid_id=&#8221;vc_gid:1749805491989-e661e2be-1595-5&#8243; taxonomies=&#8221;494&#8243; filter_source=&#8221;taski_product__category&#8221; exclude_filter=&#8221;494&#8243;][\/vc_column][\/vc_row][vc_row css=&#8221;.vc_custom_1606587476742{padding-top: 80px !important;padding-bottom: 95px !important;}&#8221;][vc_column][\/vc_column][\/vc_row][vc_row][vc_column][vc_row_inner][vc_column_inner][\/vc_column_inner][\/vc_row_inner][\/vc_column][\/vc_row]<\/p>\n","protected":false},"author":1,"featured_media":0,"parent":32702,"menu_order":272,"comment_status":"closed","ping_status":"closed","template":"page-products.php","meta":{"_acf_changed":false,"_seopress_robots_primary_cat":"","_seopress_titles_title":"","_seopress_titles_desc":"","_seopress_robots_index":"","inline_featured_image":false,"footnotes":""},"class_list":["post-54703","page","type-page","status-publish","hentry"],"acf":[],"_links":{"self":[{"href":"https:\/\/staging.taski.com\/pl\/wp-json\/wp\/v2\/pages\/54703","targetHints":{"allow":["GET"]}}],"collection":[{"href":"https:\/\/staging.taski.com\/pl\/wp-json\/wp\/v2\/pages"}],"about":[{"href":"https:\/\/staging.taski.com\/pl\/wp-json\/wp\/v2\/types\/page"}],"author":[{"embeddable":true,"href":"https:\/\/staging.taski.com\/pl\/wp-json\/wp\/v2\/users\/1"}],"replies":[{"embeddable":true,"href":"https:\/\/staging.taski.com\/pl\/wp-json\/wp\/v2\/comments?post=54703"}],"version-history":[{"count":6,"href":"https:\/\/staging.taski.com\/pl\/wp-json\/wp\/v2\/pages\/54703\/revisions"}],"predecessor-version":[{"id":54744,"href":"https:\/\/staging.taski.com\/pl\/wp-json\/wp\/v2\/pages\/54703\/revisions\/54744"}],"up":[{"embeddable":true,"href":"https:\/\/staging.taski.com\/pl\/wp-json\/wp\/v2\/pages\/32702"}],"wp:attachment":[{"href":"https:\/\/staging.taski.com\/pl\/wp-json\/wp\/v2\/media?parent=54703"}],"curies":[{"name":"wp","href":"https:\/\/api.w.org\/{rel}","templated":true}]}}