{"id":54553,"date":"2025-02-19T12:15:44","date_gmt":"2025-02-19T12:15:44","guid":{"rendered":"https:\/\/staging.taski.com\/products-innovations-solutions\/products\/carpet-care\/odciag-natryskowy-szczotkowy\/"},"modified":"2025-08-25T14:50:18","modified_gmt":"2025-08-25T14:50:18","slug":"odciag-natryskowy-szczotkowy","status":"publish","type":"page","link":"https:\/\/staging.taski.com\/pl\/products-innovations-solutions\/products\/carpet-care\/odciag-natryskowy-szczotkowy\/","title":{"rendered":"Odci\u0105g natryskowy\/szczotkowy"},"content":{"rendered":"<div class=\"wpb-content-wrapper\"><p>[vc_row][vc_column]\n  <div class=\"page-intro-block size-fit-image style-dark font-large\">\n         <div class=\"page-intro-block-i\">\n      <div class=\"row\">\n        <div class=\"page-intro-content\">\n            <div class=\"title-block\">\n                                     <h2><span class=\"pt\">Spray\/brush extraction<\/span>Maszyny Aquamat i procarpet \u0142\u0105cz\u0105 w sobie &lt;strong&gt;doskona\u0142e dog\u0142\u0119bne czyszczenie i wyj\u0105tkowe suszenie&lt;\/strong&gt;, zapewniaj\u0105c najlepsze w swojej klasie rezultaty.<\/h2>\n                                                 <\/div>\n            <div class=\"page-intro-image\">\n                                <div class=\"page-intro-image-alt\">\n                    \n                    <img decoding=\"async\" src=\"https:\/\/staging.taski.com\/wp-content\/uploads\/2020\/12\/T2C0596-1-scaled.jpg\" alt=\"\" \/>\n\n                <\/div>\n            <\/div>\n        <\/div>\n      <\/div>\n\n\n    <\/div>\n  <\/div>\n  <div class=\"cl-fl\"><\/div>\n[\/vc_column][\/vc_row][vc_row][vc_column][vc_basic_grid post_type=&#8221;taski-products&#8221; style=&#8221;load-more&#8221; show_filter=&#8221;yes&#8221; element_width=&#8221;2&#8243; gap=&#8221;35&#8243; orderby=&#8221;menu_order&#8221; order=&#8221;ASC&#8221; filter_style=&#8221;default-less-rounded&#8221; filter_color=&#8221;orange&#8221; filter_size=&#8221;lg&#8221; item=&#8221;50527&#8243; css=&#8221;.vc_custom_1739967336495{margin-top: 20px !important;margin-bottom: 80px !important;}&#8221; max_items=&#8221;-1&#8243; items_per_page=&#8221;6&#8243; grid_id=&#8221;vc_gid:1749804567616-99d18b3c-da8d-2&#8243; taxonomies=&#8221;48&#8243; filter_source=&#8221;taski_product__category&#8221; exclude_filter=&#8221;48, 47&#8243;][\/vc_column][\/vc_row][vc_row css=&#8221;.vc_custom_1606587476742{padding-top: 80px !important;padding-bottom: 95px !important;}&#8221;][vc_column]\n  <div class=\"product-description-block style-dark image-right\">\n    <div class=\"product-description-block-i\">\n        <div class=\"product-description-block-content\">\n          <div class=\"product-description-block-title\">\n                            <div class=\"pdbt-icon\"><img decoding=\"async\" src=\"https:\/\/staging.taski.com\/wp-content\/uploads\/2021\/02\/people-safety-white.png\" \/><\/div>\n                <div class=\"pdbt-text\">Do\u015bwiadczenie klienta\/podopiecznego\/klienta\/pacjenta<\/div>\n                      <\/div>\n          <div class=\"product-description-block-text\"><p><strong>G\u0142\u0119bokie czyszczenie szczotk\u0105<\/strong> i <strong>pot\u0119\u017cne podw\u00f3jne<\/strong> punkty <strong>ss\u0105ce<\/strong> zapewniaj\u0105 doskona\u0142e <strong>rezultaty czyszczenia, kt\u00f3re zauwa\u017c\u0105 Twoi go\u015bcie, klienci i pacjenci<\/strong>.<\/p>\n<\/div>\n        <\/div>\n        <div class=\"product-description-block-image\" style=\"background-image:url(https:\/\/staging.taski.com\/wp-content\/uploads\/2021\/01\/Carpet-extraction-scaled.jpg)\">\n\n        <\/div>\n    <\/div>\n  <\/div>\n  <div class=\"cl-fl\"><\/div>\n\n  <div class=\"product-description-block style-light image-left\">\n    <div class=\"product-description-block-i\">\n        <div class=\"product-description-block-content\">\n          <div class=\"product-description-block-title\">\n                            <div class=\"pdbt-icon\"><img decoding=\"async\" src=\"https:\/\/staging.taski.com\/wp-content\/uploads\/2020\/12\/brand-protection.svg\" \/><\/div>\n                <div class=\"pdbt-text\">Ochrona marki i aktyw\u00f3w<\/div>\n                      <\/div>\n          <div class=\"product-description-block-text\"><p>Wczesne usuwanie plam zapobiega ich <strong>trwa\u0142emu<\/strong> przekszta\u0142ceniu si\u0119 w <strong>brzydk\u0105<\/strong> plam\u0119.<\/p>\n<p>\u0141atwy w u\u017cyciu i lekki aquamat mo\u017ce by\u0107 <strong>gotowy w ci\u0105gu kilku minut<\/strong>.<\/p>\n<p>Twoi go\u015bcie, klienci i pacjenci nigdy nie musz\u0105 si\u0119 o tym dowiedzie\u0107.<\/p>\n<\/div>\n        <\/div>\n        <div class=\"product-description-block-image\" style=\"background-image:url(https:\/\/staging.taski.com\/wp-content\/uploads\/2021\/01\/Spot-cleaning-scaled.jpg)\">\n\n        <\/div>\n    <\/div>\n  <\/div>\n  <div class=\"cl-fl\"><\/div>\n\n  <div class=\"product-description-block style-dark image-right\">\n    <div class=\"product-description-block-i\">\n        <div class=\"product-description-block-content\">\n          <div class=\"product-description-block-title\">\n                            <div class=\"pdbt-icon\"><img decoding=\"async\" src=\"https:\/\/staging.taski.com\/wp-content\/uploads\/2020\/11\/globe.png\" \/><\/div>\n                <div class=\"pdbt-text\">Optymalizacja kapita\u0142u obrotowego<\/div>\n                      <\/div>\n          <div class=\"product-description-block-text\"><p><strong>Po co p\u0142aci\u0107 za drogie<\/strong> zewn\u0119trzne czyszczenie dywan\u00f3w?<\/p>\n<p>Tw\u00f3j \u015brodek do czyszczenia dywan\u00f3w TASKI <strong>zapewni typowy zwrot w ci\u0105gu mniej ni\u017c 12 miesi\u0119cy.<\/strong><\/p>\n<\/div>\n        <\/div>\n        <div class=\"product-description-block-image\" style=\"background-image:url(https:\/\/staging.taski.com\/wp-content\/uploads\/2021\/01\/Carpet-extraction-2-scaled.jpg)\">\n\n        <\/div>\n    <\/div>\n  <\/div>\n  <div class=\"cl-fl\"><\/div>\n[\/vc_column][\/vc_row][vc_row][vc_column][vc_row_inner][vc_column_inner]\n  <div class=\"three-cta-block\">\n    <div class=\"three-cta-block-i\">\n      <div class=\"row\">\n        <div class=\"three-cta-block-grid\">\n           <div class=\"three-cta-item\">\n            <div class=\"tci-i\">\n             <div class=\"tci-item-content\">\n                <h5>&lt;strong&gt;Zobacz nasze&lt;\/strong&gt; rozwi\u0105zania<br \/>\nIndustry<br \/>\n<\/h5>\n                <a href=\"\/products-innovations-solutions\/\"><p>PRODUCTS,<br \/>SOLUTIONS &<br \/>INNOVATIONS<\/p><\/a>\n             <\/div>\n            <\/div>\n           <\/div>\n           <div class=\"three-cta-item\">\n            <div class=\"tci-i\">\n             <div class=\"tci-item-content\">\n                <h5>&lt;strong&gt;Zobacz najnowsze&lt;\/strong&gt; innowacje<br \/>\nTASKI<br \/>\n<\/h5>\n                <a href=\"\/products-innovations-solutions\/innovations\/\"><p>INNOWACJE<\/p><\/a>\n             <\/div>\n            <\/div>\n           <\/div>\n           <div class=\"three-cta-item\">\n            <div class=\"tci-i\">\n             <div class=\"tci-item-content\">\n                <h5>&lt;strong&gt;Skontaktuj si\u0119&lt;\/strong&gt; z nami<br \/>\nz<br \/>\n<\/h5>\n                <a href=\"\/news-help-contacts\/\"><p>CONTACT<br \/>US<\/p><\/a>\n             <\/div>\n            <\/div>\n           <\/div>\n        <\/div>\n      <\/div>\n    <\/div>\n  <\/div>\n  <div class=\"cl-fl\"><\/div>\n[\/vc_column_inner][\/vc_row_inner][\/vc_column][\/vc_row]<\/p>\n<\/div>","protected":false},"excerpt":{"rendered":"<p>[vc_row][vc_column][\/vc_column][\/vc_row][vc_row][vc_column][vc_basic_grid post_type=&#8221;taski-products&#8221; style=&#8221;load-more&#8221; show_filter=&#8221;yes&#8221; element_width=&#8221;2&#8243; gap=&#8221;35&#8243; orderby=&#8221;menu_order&#8221; order=&#8221;ASC&#8221; filter_style=&#8221;default-less-rounded&#8221; filter_color=&#8221;orange&#8221; filter_size=&#8221;lg&#8221; item=&#8221;50527&#8243; css=&#8221;.vc_custom_1739967336495{margin-top: 20px !important;margin-bottom: 80px !important;}&#8221; max_items=&#8221;-1&#8243; items_per_page=&#8221;6&#8243; grid_id=&#8221;vc_gid:1749804567616-99d18b3c-da8d-2&#8243; taxonomies=&#8221;48&#8243; filter_source=&#8221;taski_product__category&#8221; exclude_filter=&#8221;48, 47&#8243;][\/vc_column][\/vc_row][vc_row css=&#8221;.vc_custom_1606587476742{padding-top: 80px !important;padding-bottom: 95px !important;}&#8221;][vc_column][\/vc_column][\/vc_row][vc_row][vc_column][vc_row_inner][vc_column_inner][\/vc_column_inner][\/vc_row_inner][\/vc_column][\/vc_row]<\/p>\n","protected":false},"author":1,"featured_media":0,"parent":32689,"menu_order":288,"comment_status":"closed","ping_status":"closed","template":"page-products.php","meta":{"_acf_changed":false,"_seopress_robots_primary_cat":"","_seopress_titles_title":"","_seopress_titles_desc":"","_seopress_robots_index":"","inline_featured_image":false,"footnotes":""},"class_list":["post-54553","page","type-page","status-publish","hentry"],"acf":[],"_links":{"self":[{"href":"https:\/\/staging.taski.com\/pl\/wp-json\/wp\/v2\/pages\/54553","targetHints":{"allow":["GET"]}}],"collection":[{"href":"https:\/\/staging.taski.com\/pl\/wp-json\/wp\/v2\/pages"}],"about":[{"href":"https:\/\/staging.taski.com\/pl\/wp-json\/wp\/v2\/types\/page"}],"author":[{"embeddable":true,"href":"https:\/\/staging.taski.com\/pl\/wp-json\/wp\/v2\/users\/1"}],"replies":[{"embeddable":true,"href":"https:\/\/staging.taski.com\/pl\/wp-json\/wp\/v2\/comments?post=54553"}],"version-history":[{"count":1,"href":"https:\/\/staging.taski.com\/pl\/wp-json\/wp\/v2\/pages\/54553\/revisions"}],"predecessor-version":[{"id":54560,"href":"https:\/\/staging.taski.com\/pl\/wp-json\/wp\/v2\/pages\/54553\/revisions\/54560"}],"up":[{"embeddable":true,"href":"https:\/\/staging.taski.com\/pl\/wp-json\/wp\/v2\/pages\/32689"}],"wp:attachment":[{"href":"https:\/\/staging.taski.com\/pl\/wp-json\/wp\/v2\/media?parent=54553"}],"curies":[{"name":"wp","href":"https:\/\/api.w.org\/{rel}","templated":true}]}}