{"id":54396,"date":"2025-02-19T13:32:43","date_gmt":"2025-02-19T13:32:43","guid":{"rendered":"https:\/\/staging.taski.com\/products-innovations-solutions\/products\/robotics\/suszarka-szorujaca\/"},"modified":"2025-08-25T14:23:18","modified_gmt":"2025-08-25T14:23:18","slug":"suszarka-szorujaca","status":"publish","type":"page","link":"https:\/\/staging.taski.com\/pl\/products-innovations-solutions\/products\/robotics\/suszarka-szorujaca\/","title":{"rendered":"Suszarka szoruj\u0105ca"},"content":{"rendered":"<div class=\"wpb-content-wrapper\"><p>[vc_row][vc_column]\n  <div class=\"page-intro-block size-fit-image style-dark font-large\">\n         <div class=\"page-intro-block-i\">\n      <div class=\"row\">\n        <div class=\"page-intro-content\">\n            <div class=\"title-block\">\n                                     <h2><span class=\"pt\">Scrubber drier<\/span>Witamy w nowej erze automatycznego czyszczenia pod\u0142\u00f3g.<br \/>\nPrzedstawiamy &lt;strong&gt;Ecobot&lt;\/strong&gt;<\/h2>\n                                                 <\/div>\n            <div class=\"page-intro-image\">\n                <div class=\"embed-video-title video-responsive\"><div style=\"position:relative;\"><iframe src=\"https:\/\/player.vimeo.com\/video\/906717660?h=004281b333&amp;badge=0&amp;autopause=0&amp;autoplay=1&amp;player_id=0&amp;app_id=58479&amp;controls=0&amp;muted=1\" frameborder=\"0\" allow=\"autoplay; fullscreen; picture-in-picture\" allowfullscreen style=\"position:absolute;top:0;left:0;width:100%;height:100%;\" title=\"TASKI_GAUSIUM_BOOTH.mp4\"><\/iframe><\/div><script src=\"https:\/\/player.vimeo.com\/api\/player.js\"><\/script><\/div>                <div class=\"page-intro-image-alt\">\n                    \n                    <img decoding=\"async\" src=\"https:\/\/staging.taski.com\/wp-content\/uploads\/2023\/01\/robotics-header-scale.jpg\" alt=\"\" \/>\n\n                <\/div>\n            <\/div>\n        <\/div>\n      <\/div>\n\n\n    <\/div>\n  <\/div>\n  <div class=\"cl-fl\"><\/div>\n[\/vc_column][\/vc_row][vc_row][vc_column][vc_basic_grid post_type=&#8221;taski-products&#8221; style=&#8221;load-more&#8221; show_filter=&#8221;yes&#8221; element_width=&#8221;2&#8243; gap=&#8221;35&#8243; orderby=&#8221;menu_order&#8221; order=&#8221;ASC&#8221; filter_style=&#8221;default-less-rounded&#8221; filter_color=&#8221;orange&#8221; filter_size=&#8221;lg&#8221; item=&#8221;50527&#8243; css=&#8221;.vc_custom_1739976755147{margin-top: 20px !important;margin-bottom: 80px !important;}&#8221; max_items=&#8221;-1&#8243; items_per_page=&#8221;6&#8243; grid_id=&#8221;vc_gid:1749722145368-64dfc29a-6243-6&#8243; taxonomies=&#8221;53&#8243; filter_source=&#8221;taski_product__category&#8221; exclude_filter=&#8221;53, 29&#8243;][\/vc_column][\/vc_row][vc_row css=&#8221;.vc_custom_1606587476742{padding-top: 80px !important;padding-bottom: 95px !important;}&#8221;][vc_column]\n  <div class=\"product-description-block style-dark image-right\">\n    <div class=\"product-description-block-i\">\n        <div class=\"product-description-block-content\">\n          <div class=\"product-description-block-title\">\n                            <div class=\"pdbt-icon\"><img decoding=\"async\" src=\"https:\/\/staging.taski.com\/wp-content\/uploads\/2020\/12\/operational-efficiency.svg\" \/><\/div>\n                <div class=\"pdbt-text\">Wydajno\u015b\u0107 operacyjna<\/div>\n                      <\/div>\n          <div class=\"product-description-block-text\"><p>Zautomatyzowane maszyny czyszcz\u0105ce TASKI oferuj\u0105 mo\u017cliwo\u015b\u0107 <strong>przesuni\u0119cia si\u0142y roboczej<\/strong> do zada\u0144 o wy\u017cszym priorytecie.<\/p>\n<p>Automatyzacja czyszczenia pod\u0142\u00f3g uwalnia zasoby, aby doda\u0107 prawdziw\u0105 warto\u015b\u0107 i oferuje pracownikom mo\u017cliwo\u015b\u0107 wykonywania bardziej <strong>satysfakcjonuj\u0105cych i cenionych zada\u0144.<\/strong><\/p>\n<\/div>\n        <\/div>\n        <div class=\"product-description-block-image\" style=\"background-image:url(https:\/\/staging.taski.com\/wp-content\/uploads\/2023\/01\/Gaussian_014-min-scaled-2.jpg)\">\n\n        <\/div>\n    <\/div>\n  <\/div>\n  <div class=\"cl-fl\"><\/div>\n\n  <div class=\"product-description-block style-light image-left\">\n    <div class=\"product-description-block-i\">\n        <div class=\"product-description-block-content\">\n          <div class=\"product-description-block-title\">\n                            <div class=\"pdbt-icon\"><img decoding=\"async\" src=\"https:\/\/staging.taski.com\/wp-content\/uploads\/2020\/12\/people-safety.svg\" \/><\/div>\n                <div class=\"pdbt-text\">Ochrona marki i aktyw\u00f3w<\/div>\n                      <\/div>\n          <div class=\"product-description-block-text\"><p>Niezale\u017cnie od tego, czy Twoja firma stawia na wykorzystanie <strong>najnowszych innowacji,<\/strong> czy te\u017c boryka si\u0119 z <strong>wyzwaniami i ograniczeniami zwi\u0105zanymi z prac\u0105<\/strong>, zautomatyzowane roboty czyszcz\u0105ce TASKI oferuj\u0105 niesko\u0144czone mo\u017cliwo\u015bci <strong>wzmocnienia i ochrony Twojej marki<\/strong>.<\/p>\n<\/div>\n        <\/div>\n        <div class=\"product-description-block-image\" style=\"background-image:url(https:\/\/staging.taski.com\/wp-content\/uploads\/2023\/01\/Robot-247-scaled-2.jpg)\">\n\n        <\/div>\n    <\/div>\n  <\/div>\n  <div class=\"cl-fl\"><\/div>\n\n  <div class=\"product-description-block style-dark image-right\">\n    <div class=\"product-description-block-i\">\n        <div class=\"product-description-block-content\">\n          <div class=\"product-description-block-title\">\n                            <div class=\"pdbt-icon\"><img decoding=\"async\" src=\"https:\/\/staging.taski.com\/wp-content\/uploads\/2020\/12\/people-safety.svg\" \/><\/div>\n                <div class=\"pdbt-text\">Do\u015bwiadczenie klienta\/podopiecznego\/klienta\/pacjenta<\/div>\n                      <\/div>\n          <div class=\"product-description-block-text\"><p><strong>Automatyzacja sprz\u0105tania pod\u0142\u00f3g<\/strong> oznacza, \u017ce mo\u017ce si\u0119 ono odbywa\u0107 <strong>24 godziny na dob\u0119, 7 dni w tygodniu. <\/strong><\/p>\n<p>Roboty Ecobot 50P i Ecobot 40 <strong>sprz\u0105taj\u0105 tam, gdzie jest to potrzebne<\/strong>.<\/p>\n<p>Gwarantuje to, \u017ce bez wzgl\u0119du na ograniczenia, budynek b\u0119dzie wygl\u0105da\u0142 najlepiej dla klient\u00f3w, go\u015bci i spo\u0142ecze\u0144stwa.<\/p>\n<\/div>\n        <\/div>\n        <div class=\"product-description-block-image\" style=\"background-image:url(https:\/\/staging.taski.com\/wp-content\/uploads\/2023\/01\/Robot-247-scaled-3.jpg)\">\n\n        <\/div>\n    <\/div>\n  <\/div>\n  <div class=\"cl-fl\"><\/div>\n\n  <div class=\"product-description-block style-light image-left\">\n    <div class=\"product-description-block-i\">\n        <div class=\"product-description-block-content\">\n          <div class=\"product-description-block-title\">\n                            <div class=\"pdbt-icon\"><img decoding=\"async\" src=\"https:\/\/staging.taski.com\/wp-content\/uploads\/2020\/12\/continuous-innovation.svg\" \/><\/div>\n                <div class=\"pdbt-text\">Ci\u0105g\u0142a innowacja<\/div>\n                      <\/div>\n          <div class=\"product-description-block-text\"><p>Dzi\u0119ki ponad 65 latom nieustannych innowacji, TASKI b\u0119dzie nadal wprowadza\u0107 na rynek prze\u0142omowe technologie.<\/p>\n<p>Ecobot 50 Pro to najnowsza generacja zautomatyzowanej szorowarki, a Ecobot 40 dodaje potencja\u0142 zautomatyzowanego odkurzania.<\/p>\n<\/div>\n        <\/div>\n        <div class=\"product-description-block-image\" style=\"background-image:url(https:\/\/staging.taski.com\/wp-content\/uploads\/2022\/12\/Gaussian_086-min-scaled.jpg)\">\n\n        <\/div>\n    <\/div>\n  <\/div>\n  <div class=\"cl-fl\"><\/div>\n\n  <div class=\"product-description-block style-dark image-right\">\n    <div class=\"product-description-block-i\">\n        <div class=\"product-description-block-content\">\n          <div class=\"product-description-block-title\">\n                            <div class=\"pdbt-icon\"><img decoding=\"async\" src=\"https:\/\/staging.taski.com\/wp-content\/uploads\/2020\/12\/people.png\" \/><\/div>\n                <div class=\"pdbt-text\">Ludzie i bezpiecze\u0144stwo<\/div>\n                      <\/div>\n          <div class=\"product-description-block-text\"><p>Mniej zm\u0119czenia, mniej przestoj\u00f3w. Wszystkie maszyny TASKI zosta\u0142y zaprojektowane tak, aby ich <strong>obs\u0142uga by\u0142a intuicyjna i nie powodowa\u0142a zm\u0119czenia u\u017cytkownika<\/strong>. <\/p>\n<p>Usuwanie niebezpiecznych wyciek\u00f3w wody. Szorowarki TASKI swingo z opatentowanymi \u015bci\u0105gaczkami zbieraj\u0105 <strong>99% wody<\/strong>. <\/p>\n<p>Wi\u0119kszy nacisk, lepsza higiena. Szorowarki TASKI wywieraj\u0105 <strong>10 razy wi\u0119kszy nacisk ni\u017c mopy, dzi\u0119ki czemu pod\u0142ogi s\u0105 czystsze, bardziej suche i bezpieczniejsze<\/strong>. <\/p>\n<\/div>\n        <\/div>\n        <div class=\"product-description-block-image\" style=\"background-image:url(https:\/\/staging.taski.com\/wp-content\/uploads\/2023\/01\/Robot-247-scaled-4.jpg)\">\n\n        <\/div>\n    <\/div>\n  <\/div>\n  <div class=\"cl-fl\"><\/div>\n[\/vc_column][\/vc_row][vc_row][vc_column][vc_row_inner][vc_column_inner]\n  <div class=\"three-cta-block\">\n    <div class=\"three-cta-block-i\">\n      <div class=\"row\">\n        <div class=\"three-cta-block-grid\">\n           <div class=\"three-cta-item\">\n            <div class=\"tci-i\">\n             <div class=\"tci-item-content\">\n                <h5>&lt;strong&gt;Zobacz nasze&lt;\/strong&gt; rozwi\u0105zania<br \/>\nIndustry<br \/>\n<\/h5>\n                <a href=\"\/products-innovations-solutions\/\"><p>PRODUCTS,<br \/>SOLUTIONS &<br \/>INNOVATIONS<\/p><\/a>\n             <\/div>\n            <\/div>\n           <\/div>\n           <div class=\"three-cta-item\">\n            <div class=\"tci-i\">\n             <div class=\"tci-item-content\">\n                <h5>&lt;strong&gt;Zobacz najnowsze&lt;\/strong&gt; innowacje<br \/>\nTASKI<br \/>\n<\/h5>\n                <a href=\"\/products-innovations-solutions\/innovations\/\"><p>Innowacje<\/p><\/a>\n             <\/div>\n            <\/div>\n           <\/div>\n           <div class=\"three-cta-item\">\n            <div class=\"tci-i\">\n             <div class=\"tci-item-content\">\n                <h5>&lt;strong&gt;Skontaktuj si\u0119&lt;\/strong&gt; z nami<br \/>\nz<br \/>\n<\/h5>\n                <a href=\"\/news-help-contacts\/ask-paul-contact\/\"><p>CONTACT<br \/>US<\/p><\/a>\n             <\/div>\n            <\/div>\n           <\/div>\n        <\/div>\n      <\/div>\n    <\/div>\n  <\/div>\n  <div class=\"cl-fl\"><\/div>\n[\/vc_column_inner][\/vc_row_inner][\/vc_column][\/vc_row]<\/p>\n<\/div>","protected":false},"excerpt":{"rendered":"<p>[vc_row][vc_column][\/vc_column][\/vc_row][vc_row][vc_column][vc_basic_grid post_type=&#8221;taski-products&#8221; style=&#8221;load-more&#8221; show_filter=&#8221;yes&#8221; element_width=&#8221;2&#8243; gap=&#8221;35&#8243; orderby=&#8221;menu_order&#8221; order=&#8221;ASC&#8221; filter_style=&#8221;default-less-rounded&#8221; filter_color=&#8221;orange&#8221; filter_size=&#8221;lg&#8221; item=&#8221;50527&#8243; css=&#8221;.vc_custom_1739976755147{margin-top: 20px !important;margin-bottom: 80px !important;}&#8221; max_items=&#8221;-1&#8243; items_per_page=&#8221;6&#8243; grid_id=&#8221;vc_gid:1749722145368-64dfc29a-6243-6&#8243; taxonomies=&#8221;53&#8243; filter_source=&#8221;taski_product__category&#8221; exclude_filter=&#8221;53, 29&#8243;][\/vc_column][\/vc_row][vc_row css=&#8221;.vc_custom_1606587476742{padding-top: 80px !important;padding-bottom: 95px !important;}&#8221;][vc_column][\/vc_column][\/vc_row][vc_row][vc_column][vc_row_inner][vc_column_inner][\/vc_column_inner][\/vc_row_inner][\/vc_column][\/vc_row]<\/p>\n","protected":false},"author":1,"featured_media":0,"parent":32687,"menu_order":163,"comment_status":"closed","ping_status":"closed","template":"page-products.php","meta":{"_acf_changed":false,"_seopress_robots_primary_cat":"","_seopress_titles_title":"","_seopress_titles_desc":"","_seopress_robots_index":"","inline_featured_image":false,"footnotes":""},"class_list":["post-54396","page","type-page","status-publish","hentry"],"acf":[],"_links":{"self":[{"href":"https:\/\/staging.taski.com\/pl\/wp-json\/wp\/v2\/pages\/54396","targetHints":{"allow":["GET"]}}],"collection":[{"href":"https:\/\/staging.taski.com\/pl\/wp-json\/wp\/v2\/pages"}],"about":[{"href":"https:\/\/staging.taski.com\/pl\/wp-json\/wp\/v2\/types\/page"}],"author":[{"embeddable":true,"href":"https:\/\/staging.taski.com\/pl\/wp-json\/wp\/v2\/users\/1"}],"replies":[{"embeddable":true,"href":"https:\/\/staging.taski.com\/pl\/wp-json\/wp\/v2\/comments?post=54396"}],"version-history":[{"count":6,"href":"https:\/\/staging.taski.com\/pl\/wp-json\/wp\/v2\/pages\/54396\/revisions"}],"predecessor-version":[{"id":54420,"href":"https:\/\/staging.taski.com\/pl\/wp-json\/wp\/v2\/pages\/54396\/revisions\/54420"}],"up":[{"embeddable":true,"href":"https:\/\/staging.taski.com\/pl\/wp-json\/wp\/v2\/pages\/32687"}],"wp:attachment":[{"href":"https:\/\/staging.taski.com\/pl\/wp-json\/wp\/v2\/media?parent=54396"}],"curies":[{"name":"wp","href":"https:\/\/api.w.org\/{rel}","templated":true}]}}