{"id":54353,"date":"2025-02-19T14:20:41","date_gmt":"2025-02-19T14:20:41","guid":{"rendered":"https:\/\/staging.taski.com\/products-innovations-solutions\/products\/sprayers\/plecak\/"},"modified":"2025-08-25T14:20:35","modified_gmt":"2025-08-25T14:20:35","slug":"plecak","status":"publish","type":"page","link":"https:\/\/staging.taski.com\/pl\/products-innovations-solutions\/products\/sprayers\/plecak\/","title":{"rendered":"Plecak"},"content":{"rendered":"<div class=\"wpb-content-wrapper\"><p>[vc_row][vc_column]\n  <div class=\"page-intro-block size-fit-image style-dark font-large\">\n         <div class=\"page-intro-block-i\">\n      <div class=\"row\">\n        <div class=\"page-intro-content\">\n            <div class=\"title-block\">\n                                     <h2><span class=\"pt\">Backpack Sprayers<\/span>Opryskiwacz plecakowy BP 15 z akumulatorem litowym &lt;strong&gt;u\u0142atwia &lt;\/strong&gt;opryskiwanie zar\u00f3wno ma\u0142ych, jak i \u015brednich powierzchni.<\/h2>\n                                                 <\/div>\n            <div class=\"page-intro-image\">\n                                <div class=\"page-intro-image-alt\">\n                    \n                    <img decoding=\"async\" src=\"https:\/\/staging.taski.com\/wp-content\/uploads\/2020\/12\/Spray_053g1.jpg\" alt=\"\" \/>\n\n                <\/div>\n            <\/div>\n        <\/div>\n      <\/div>\n\n\n    <\/div>\n  <\/div>\n  <div class=\"cl-fl\"><\/div>\n[\/vc_column][\/vc_row][vc_row][vc_column][vc_basic_grid post_type=&#8221;taski-products&#8221; style=&#8221;load-more&#8221; show_filter=&#8221;yes&#8221; element_width=&#8221;2&#8243; gap=&#8221;35&#8243; orderby=&#8221;menu_order&#8221; order=&#8221;ASC&#8221; filter_style=&#8221;default-less-rounded&#8221; filter_color=&#8221;orange&#8221; filter_size=&#8221;lg&#8221; item=&#8221;50527&#8243; css=&#8221;.vc_custom_1739974832800{margin-top: 20px !important;margin-bottom: 80px !important;}&#8221; max_items=&#8221;-1&#8243; items_per_page=&#8221;6&#8243; grid_id=&#8221;vc_gid:1749814344126-cfdaf738-5c78-1&#8243; taxonomies=&#8221;30&#8243; filter_source=&#8221;taski_product__category&#8221; exclude_filter=&#8221;30, 52&#8243;][\/vc_column][\/vc_row][vc_row css=&#8221;.vc_custom_1606587476742{padding-top: 80px !important;padding-bottom: 95px !important;}&#8221;][vc_column]\n  <div class=\"product-description-block style-dark image-right\">\n    <div class=\"product-description-block-i\">\n        <div class=\"product-description-block-content\">\n          <div class=\"product-description-block-title\">\n                            <div class=\"pdbt-icon\"><img decoding=\"async\" src=\"https:\/\/staging.taski.com\/wp-content\/uploads\/2020\/12\/infection-prevention.svg\" \/><\/div>\n                <div class=\"pdbt-text\">Zapobieganie zaka\u017ceniom<\/div>\n                      <\/div>\n          <div class=\"product-description-block-text\"><p>Zasilany bateryjnie opryskiwacz BP 15 o <strong>du\u017cej pojemno\u015bci 15 l<\/strong> oferuje teraz mo\u017cliwo\u015b\u0107 skutecznego i sp\u00f3jnego stosowania roztwor\u00f3w chemicznych i dezynfekuj\u0105cych.<\/p>\n<\/div>\n        <\/div>\n        <div class=\"product-description-block-image\" style=\"background-image:url(https:\/\/staging.taski.com\/wp-content\/uploads\/2021\/01\/Spray_124-scaled.jpg)\">\n\n        <\/div>\n    <\/div>\n  <\/div>\n  <div class=\"cl-fl\"><\/div>\n\n  <div class=\"product-description-block style-light image-left\">\n    <div class=\"product-description-block-i\">\n        <div class=\"product-description-block-content\">\n          <div class=\"product-description-block-title\">\n                            <div class=\"pdbt-icon\"><img decoding=\"async\" src=\"https:\/\/staging.taski.com\/wp-content\/uploads\/2020\/12\/dollar.png\" \/><\/div>\n                <div class=\"pdbt-text\">Ochrona marki i aktyw\u00f3w<\/div>\n                      <\/div>\n          <div class=\"product-description-block-text\"><p>Opryskiwacz BP 15 mo\u017cna regulowa\u0107 w celu uzyskania precyzyjnego rozmiaru kropli i wzoru w zakresie <strong>60-200 mikron\u00f3w<\/strong>, co zapewnia dok\u0142adno\u015b\u0107 i daje pewno\u015b\u0107 w krytycznych zastosowaniach.<\/p>\n<\/div>\n        <\/div>\n        <div class=\"product-description-block-image\" style=\"background-image:url(https:\/\/staging.taski.com\/wp-content\/uploads\/2021\/01\/Spray-fine-mist.jpg)\">\n\n        <\/div>\n    <\/div>\n  <\/div>\n  <div class=\"cl-fl\"><\/div>\n\n  <div class=\"product-description-block style-dark image-right\">\n    <div class=\"product-description-block-i\">\n        <div class=\"product-description-block-content\">\n          <div class=\"product-description-block-title\">\n                            <div class=\"pdbt-icon\"><img decoding=\"async\" src=\"https:\/\/staging.taski.com\/wp-content\/uploads\/2020\/12\/clock.png\" \/><\/div>\n                <div class=\"pdbt-text\">Wydajno\u015b\u0107 operacyjna<\/div>\n                      <\/div>\n          <div class=\"product-description-block-text\"><p>Dzi\u0119ki <strong>4-godzinnemu czasowi pracy akumulatora i du\u017cej pojemno\u015bci 15 l<\/strong>, BP 15 mo\u017ce pokrywa\u0107 stale du\u017ce przestrzenie bez konieczno\u015bci cz\u0119stego uzupe\u0142niania.<\/p>\n<p>Dla najwi\u0119kszych przestrzeni warto rozwa\u017cy\u0107 <strong>IntelliSpray<\/strong>.<\/p>\n<\/div>\n        <\/div>\n        <div class=\"product-description-block-image\" style=\"background-image:url(https:\/\/staging.taski.com\/wp-content\/uploads\/2021\/01\/Spray_126-scaled.jpg)\">\n\n        <\/div>\n    <\/div>\n  <\/div>\n  <div class=\"cl-fl\"><\/div>\n[\/vc_column][\/vc_row][vc_row][vc_column][vc_row_inner][vc_column_inner]\n  <div class=\"three-cta-block\">\n    <div class=\"three-cta-block-i\">\n      <div class=\"row\">\n        <div class=\"three-cta-block-grid\">\n           <div class=\"three-cta-item\">\n            <div class=\"tci-i\">\n             <div class=\"tci-item-content\">\n                <h5>&lt;strong&gt;Zobacz nasze&lt;\/strong&gt; rozwi\u0105zania<br \/>\nIndustry<br \/>\n<\/h5>\n                <a href=\"\/products-innovations-solutions\/\"><p>PRODUCTS,<br \/>SOLUTIONS &<br \/>INNOVATIONS<\/p><\/a>\n             <\/div>\n            <\/div>\n           <\/div>\n           <div class=\"three-cta-item\">\n            <div class=\"tci-i\">\n             <div class=\"tci-item-content\">\n                <h5>&lt;strong&gt;Zobacz najnowsze&lt;\/strong&gt; innowacje<br \/>\nTASKI<br \/>\n<\/h5>\n                <a href=\"\/products-innovations-solutions\/innovations\/\"><p>DOWIEDZ SI\u0118 WI\u0118CEJ<\/p><\/a>\n             <\/div>\n            <\/div>\n           <\/div>\n           <div class=\"three-cta-item\">\n            <div class=\"tci-i\">\n             <div class=\"tci-item-content\">\n                <h5>&lt;strong&gt;Skontaktuj si\u0119&lt;\/strong&gt; z nami<br \/>\nz<br \/>\n<\/h5>\n                <a href=\"\/news-help-contacts\/\"><p>CONTACT<br \/>US<\/p><\/a>\n             <\/div>\n            <\/div>\n           <\/div>\n        <\/div>\n      <\/div>\n    <\/div>\n  <\/div>\n  <div class=\"cl-fl\"><\/div>\n[\/vc_column_inner][\/vc_row_inner][\/vc_column][\/vc_row]<\/p>\n<\/div>","protected":false},"excerpt":{"rendered":"<p>[vc_row][vc_column][\/vc_column][\/vc_row][vc_row][vc_column][vc_basic_grid post_type=&#8221;taski-products&#8221; style=&#8221;load-more&#8221; show_filter=&#8221;yes&#8221; element_width=&#8221;2&#8243; gap=&#8221;35&#8243; orderby=&#8221;menu_order&#8221; order=&#8221;ASC&#8221; filter_style=&#8221;default-less-rounded&#8221; filter_color=&#8221;orange&#8221; filter_size=&#8221;lg&#8221; item=&#8221;50527&#8243; css=&#8221;.vc_custom_1739974832800{margin-top: 20px !important;margin-bottom: 80px !important;}&#8221; max_items=&#8221;-1&#8243; items_per_page=&#8221;6&#8243; grid_id=&#8221;vc_gid:1749814344126-cfdaf738-5c78-1&#8243; taxonomies=&#8221;30&#8243; filter_source=&#8221;taski_product__category&#8221; exclude_filter=&#8221;30, 52&#8243;][\/vc_column][\/vc_row][vc_row css=&#8221;.vc_custom_1606587476742{padding-top: 80px !important;padding-bottom: 95px !important;}&#8221;][vc_column][\/vc_column][\/vc_row][vc_row][vc_column][vc_row_inner][vc_column_inner][\/vc_column_inner][\/vc_row_inner][\/vc_column][\/vc_row]<\/p>\n","protected":false},"author":1,"featured_media":0,"parent":32686,"menu_order":192,"comment_status":"closed","ping_status":"closed","template":"page-products.php","meta":{"_acf_changed":false,"_seopress_robots_primary_cat":"","_seopress_titles_title":"","_seopress_titles_desc":"","_seopress_robots_index":"","inline_featured_image":false,"footnotes":""},"class_list":["post-54353","page","type-page","status-publish","hentry"],"acf":[],"_links":{"self":[{"href":"https:\/\/staging.taski.com\/pl\/wp-json\/wp\/v2\/pages\/54353","targetHints":{"allow":["GET"]}}],"collection":[{"href":"https:\/\/staging.taski.com\/pl\/wp-json\/wp\/v2\/pages"}],"about":[{"href":"https:\/\/staging.taski.com\/pl\/wp-json\/wp\/v2\/types\/page"}],"author":[{"embeddable":true,"href":"https:\/\/staging.taski.com\/pl\/wp-json\/wp\/v2\/users\/1"}],"replies":[{"embeddable":true,"href":"https:\/\/staging.taski.com\/pl\/wp-json\/wp\/v2\/comments?post=54353"}],"version-history":[{"count":6,"href":"https:\/\/staging.taski.com\/pl\/wp-json\/wp\/v2\/pages\/54353\/revisions"}],"predecessor-version":[{"id":54377,"href":"https:\/\/staging.taski.com\/pl\/wp-json\/wp\/v2\/pages\/54353\/revisions\/54377"}],"up":[{"embeddable":true,"href":"https:\/\/staging.taski.com\/pl\/wp-json\/wp\/v2\/pages\/32686"}],"wp:attachment":[{"href":"https:\/\/staging.taski.com\/pl\/wp-json\/wp\/v2\/media?parent=54353"}],"curies":[{"name":"wp","href":"https:\/\/api.w.org\/{rel}","templated":true}]}}