{"id":32833,"date":"2020-11-23T12:13:44","date_gmt":"2020-11-23T12:13:44","guid":{"rendered":"https:\/\/taski.com\/why-taski\/"},"modified":"2023-01-23T19:58:12","modified_gmt":"2023-01-23T19:58:12","slug":"why-taski","status":"publish","type":"page","link":"https:\/\/staging.taski.com\/pl\/why-taski\/","title":{"rendered":"DLACZEGO TASKI?"},"content":{"rendered":"<div class=\"wpb-content-wrapper\"><p>[vc_row][vc_column]\n  <div class=\"page-intro-block size-fit-image style-light font-large\">\n         <div class=\"page-intro-block-i\">\n      <div class=\"row\">\n        <div class=\"page-intro-content\">\n            <div class=\"title-block\">\n                                     <h2>Jak TASKI tworzy <strong> Najlepsze Maszyny<br \/>\nCzyszcz\u0105ce?<\/strong><\/h2>\n                                                 <\/div>\n            <div class=\"page-intro-image\">\n                                <div class=\"page-intro-image-alt\">\n                    \n                    <img decoding=\"async\" src=\"https:\/\/staging.taski.com\/wp-content\/uploads\/2020\/11\/Ultimate-Cleaning-Machines.jpg\" alt=\"\" \/>\n\n                <\/div>\n            <\/div>\n        <\/div>\n      <\/div>\n\n\n    <\/div>\n  <\/div>\n  <div class=\"cl-fl\"><\/div>\n[\/vc_column][\/vc_row][vc_row][vc_column]\n  <div class=\"page-description-block style-dark\">\n    <div class=\"page-description-block-i\">\n      <div class=\"row\">\n        <div class=\"page-description-content\">\n          <\/div><\/div><\/div><\/div><\/p>\n<h2><span class=\"Y2IQFc\" lang=\"pl\">TASKI s\u0142ucha swoich klient\u00f3w, bran\u017c w kt\u00f3rych dzia\u0142aj\u0105 i obserwuje panuj\u0105ce w nich trendy. To stanowi podstaw\u0119 naszego procesu badawczo-rozwojowego.<\/span><\/h2>\n<p><span class=\"Y2IQFc\" lang=\"pl\">Maszyny Czyszcz\u0105ce Ultimate s\u0105 produktem Twoich potrzeb i naszej innowacji.<\/span><\/p>\n        <\/div>\n      \n    \n  \n  <div class=\"cl-fl\"><\/div>\n[\/vc_column][\/vc_row][vc_row css=&#8221;.vc_custom_1606748446025{padding-top: 90px !important;padding-bottom: 90px !important;}&#8221;][vc_column css=&#8221;.vc_custom_1606743732250{margin-top: 0px !important;margin-bottom: 0px !important;padding-top: 0px !important;padding-bottom: 0px !important;}&#8221;]\n  <div class=\"taski-carousel-block \" style=\"\">\n    <div class=\"taski-carousel-block-i\">\n\n      <div class=\"taski-carousel-title\"><p>Everything we do is designed to meet your needs<\/p><\/div>\n      <div class=\"row\">\n       <div class=\"taski-carousel-holder\">\n        <div class=\"taski-carousel owl-carousel owl-theme\" id=\"taski-carousel\">\n                                    <div class=\"item taski-slide\">\n                            <div class=\"its-i\">\n                <div class=\"media-w\">\n                    <div class=\"image\">\n                      <div class=\"image-i\">\n                        <img decoding=\"async\" src=\"https:\/\/staging.taski.com\/wp-content\/uploads\/2020\/12\/operational-efficiency.svg\" \/>\n                      <\/div>\n                    <\/div>\n                <\/div>\n                <div class=\"text\">\n                    <div class=\"title\">Wydajno\u015b\u0107 Operacyjna<\/div>\n                    <p>Zwi\u0119ksz wydajno\u015b\u0107 operacyjn\u0105 dzi\u0119ki innowacjom, produktywno\u015bci i zarz\u0105dzaniu flot\u0105.<br \/>\nZajrzyj na nasze najnowsze <strong>strony dotycz\u0105ce innowacji i produkt\u00f3w.<\/strong><\/p>\n                                    <\/div>\n              <\/div>\n                          <\/div>\n            <div class=\"item taski-slide\">\n                            <div class=\"its-i\">\n                <div class=\"media-w\">\n                    <div class=\"image\">\n                      <div class=\"image-i\">\n                        <img decoding=\"async\" src=\"https:\/\/staging.taski.com\/wp-content\/uploads\/2020\/12\/continuous-innovation.svg\" \/>\n                      <\/div>\n                    <\/div>\n                <\/div>\n                <div class=\"text\">\n                    <div class=\"title\">Ci\u0105g\u0142e Innowacje<\/div>\n                    <p>Korzystaj z najnowszych technologii i naszej platformy Internet of Clean, w celu ci\u0105g\u0142ego doskonalenia.<br \/>\nSprawd\u017a nasze <strong>strony Inteligentnych Rozwi\u0105za\u0144<\/strong>, aby zapozna\u0107 si\u0119 z nagradzanymi innowacjami.<\/p>\n                                    <\/div>\n              <\/div>\n                          <\/div>\n            <div class=\"item taski-slide\">\n                            <div class=\"its-i\">\n                <div class=\"media-w\">\n                    <div class=\"image\">\n                      <div class=\"image-i\">\n                        <img decoding=\"async\" src=\"https:\/\/staging.taski.com\/wp-content\/uploads\/2020\/12\/cost-control.svg\" \/>\n                      <\/div>\n                    <\/div>\n                <\/div>\n                <div class=\"text\">\n                    <div class=\"title\">Rentowne Wzrosty<\/div>\n                    <p>Zmechanizuj wi\u0119cej zada\u0144 zwi\u0105zanych ze sprz\u0105taniem, aby poprawi\u0107 produktywno\u015b\u0107, obni\u017cy\u0107 koszty i zwi\u0119kszy\u0107 swoje zyski.<br \/>\nPrzejd\u017a do naszych <strong>stron Finanse i us\u0142ugi<\/strong>, aby dowiedzie\u0107 si\u0119 wi\u0119cej.<\/p>\n                                    <\/div>\n              <\/div>\n                          <\/div>\n            <div class=\"item taski-slide\">\n                            <div class=\"its-i\">\n                <div class=\"media-w\">\n                    <div class=\"image\">\n                      <div class=\"image-i\">\n                        <img decoding=\"async\" src=\"https:\/\/staging.taski.com\/wp-content\/uploads\/2020\/12\/customer-experience.svg\" \/>\n                      <\/div>\n                    <\/div>\n                <\/div>\n                <div class=\"text\">\n                    <div class=\"title\">Do\u015bwiadczenie Twoich klient\u00f3w<\/div>\n                    <p>Zaimponuj swoim klientom i wzmocnij swoj\u0105 mark\u0119 dzi\u0119ki czystszym i bezpieczniejszym pod\u0142ogom.<br \/>\nKliknij nasze <strong>strony sektorowe<\/strong>, aby zobaczy\u0107 najlepsze rozwi\u0105zania dla Twojego rynku.<\/p>\n                                    <\/div>\n              <\/div>\n                          <\/div>\n            <div class=\"item taski-slide\">\n                            <div class=\"its-i\">\n                <div class=\"media-w\">\n                    <div class=\"image\">\n                      <div class=\"image-i\">\n                        <img decoding=\"async\" src=\"https:\/\/staging.taski.com\/wp-content\/uploads\/2020\/12\/brand-protection.svg\" \/>\n                      <\/div>\n                    <\/div>\n                <\/div>\n                <div class=\"text\">\n                    <div class=\"title\">Ochrona marki<\/div>\n                    <p>Chro\u0144 swoich klient\u00f3w, go\u015bci i pacjent\u00f3w, jednocze\u015bnie chroni\u0105c swoj\u0105 mark\u0119.<br \/>\nKliknij nasze <strong>strony sektorowe<\/strong>, aby zobaczy\u0107 najlepsze rozwi\u0105zania dla Twojego rynku.<\/p>\n                                    <\/div>\n              <\/div>\n                          <\/div>\n            <div class=\"item taski-slide\">\n                            <div class=\"its-i\">\n                <div class=\"media-w\">\n                    <div class=\"image\">\n                      <div class=\"image-i\">\n                        <img decoding=\"async\" src=\"https:\/\/staging.taski.com\/wp-content\/uploads\/2020\/12\/people-safety.svg\" \/>\n                      <\/div>\n                    <\/div>\n                <\/div>\n                <div class=\"text\">\n                    <div class=\"title\">Ludzie i Bezpiecze\u0144stwo<\/div>\n                    <p>Chro\u0144 swoich klient\u00f3w, go\u015bci, pacjent\u00f3w i personel dzi\u0119ki lepszej jako\u015bci powietrza, higienie i suszeniu pod\u0142\u00f3g.<br \/>\nZajrzyj na nasze <strong>strony dotycz\u0105ce produkt\u00f3w i innowacji.<\/strong><\/p>\n                                    <\/div>\n              <\/div>\n                          <\/div>\n            <div class=\"item taski-slide\">\n                            <div class=\"its-i\">\n                <div class=\"media-w\">\n                    <div class=\"image\">\n                      <div class=\"image-i\">\n                        <img decoding=\"async\" src=\"https:\/\/staging.taski.com\/wp-content\/uploads\/2020\/12\/sustainability.svg\" \/>\n                      <\/div>\n                    <\/div>\n                <\/div>\n                <div class=\"text\">\n                    <div class=\"title\">Zr\u00f3wnowa\u017cony rozw\u00f3j<\/div>\n                    <p>Zmniejsz zu\u017cycie medi\u00f3w nawet o 76% i zapewnij zr\u00f3wnowa\u017cony rozw\u00f3j.<br \/>\nSprawd\u017a nasze <strong>Inteligentne Rozwi\u0105zania i Oficjalne Dokumenty.<\/strong><\/p>\n                                    <\/div>\n              <\/div>\n                          <\/div>\n            <div class=\"item taski-slide\">\n                            <div class=\"its-i\">\n                <div class=\"media-w\">\n                    <div class=\"image\">\n                      <div class=\"image-i\">\n                        <img decoding=\"async\" src=\"https:\/\/staging.taski.com\/wp-content\/uploads\/2020\/12\/working-capital-optimisation.svg\" \/>\n                      <\/div>\n                    <\/div>\n                <\/div>\n                <div class=\"text\">\n                    <div class=\"title\">Optymalizacja Kapita\u0142u Obrotowego<\/div>\n                    <p>Inwestuj m\u0105drze. Spraw, aby twoje pieni\u0105dze pracowa\u0142y dla ciebie jeszcze ci\u0119\u017cej. Popraw sw\u00f3j zwrot z poczynionej inwestycji ale tak\u017ce skr\u00f3\u0107 czas oczekiwania na ten zwrot.<br \/>\nPrzejd\u017a do naszych <strong>stron Finanse i us\u0142ugi<\/strong>, aby dowiedzie\u0107 si\u0119 wi\u0119cej.<\/p>\n                                    <\/div>\n              <\/div>\n                          <\/div>\n            <div class=\"item taski-slide\">\n                            <div class=\"its-i\">\n                <div class=\"media-w\">\n                    <div class=\"image\">\n                      <div class=\"image-i\">\n                        <img decoding=\"async\" src=\"https:\/\/staging.taski.com\/wp-content\/uploads\/2020\/12\/asset-protection.svg\" \/>\n                      <\/div>\n                    <\/div>\n                <\/div>\n                <div class=\"text\">\n                    <div class=\"title\">Ochrona Zasob\u00f3w<\/div>\n                    <p>Chro\u0144 i dbaj o zasoby budynku, jednocze\u015bnie poprawiaj\u0105c jego wygl\u0105d.<br \/>\nKliknij nasze <strong>strony Porady ekspert\u00f3w i kontakt<\/strong>, aby dowiedzie\u0107 si\u0119 wi\u0119cej lub zada\u0107 pytanie.<\/p>\n                                    <\/div>\n              <\/div>\n                          <\/div>\n            <div class=\"item taski-slide\">\n                            <div class=\"its-i\">\n                <div class=\"media-w\">\n                    <div class=\"image\">\n                      <div class=\"image-i\">\n                        <img decoding=\"async\" src=\"https:\/\/staging.taski.com\/wp-content\/uploads\/2020\/12\/infection-prevention.svg\" \/>\n                      <\/div>\n                    <\/div>\n                <\/div>\n                <div class=\"text\">\n                    <div class=\"title\">Zapobieganie Infekcjom<\/div>\n                    <p>Chro\u0144 swoich klient\u00f3w, go\u015bci, pacjent\u00f3w i personel, stosuj\u0105c najwy\u017csze standardy higieny.<br \/>\nKliknij nasze <strong>strony Porady ekspert\u00f3w i kontakt<\/strong>, aby dowiedzie\u0107 si\u0119 wi\u0119cej lub zada\u0107 pytanie.<\/p>\n                                    <\/div>\n              <\/div>\n                          <\/div>\n                    <\/div>\n\n        <div class=\"taski-carousel-navigation\">\n          <div class=\"nav-left\">\n            <a href=\"#\"><i class=\"fa fa-chevron-left\"><\/i><\/a>\n          <\/div>\n          <div class=\"nav-description\">\n\n          <\/div>\n          <div class=\"nav-right\">\n            <a href=\"#\"><i class=\"fa fa-chevron-right\"><\/i><\/a>\n          <\/div>\n        <\/div>\n       <\/div>\n      <\/div>\n   <\/div>\n  <\/div>\n  <div class=\"cl-fl\"><\/div>\n[\/vc_column][\/vc_row][vc_row][vc_column]\n  <div class=\"three-cta-block\">\n    <div class=\"three-cta-block-i\">\n      <div class=\"row\">\n        <div class=\"three-cta-block-grid\">\n           <div class=\"three-cta-item\">\n            <div class=\"tci-i\">\n             <div class=\"tci-item-content\">\n                <h5><strong>Zobacz nasze<\/strong><br \/>\nRozwi\u0105zania<br \/>\ndla Biznesu<\/h5>\n                <a href=\"https:\/\/taski.com\/why-taski\/your-markets-sectors\/\"><p>PRODUCTS,<br \/>SOLUTIONS &<br \/>INNOVATIONS<\/p><\/a>\n             <\/div>\n            <\/div>\n           <\/div>\n           <div class=\"three-cta-item\">\n            <div class=\"tci-i\">\n             <div class=\"tci-item-content\">\n                <h5><strong>Zobacz nasze najnowsze<\/strong><br \/>\nInnowacje<br \/>\nTASKI<br \/>\n<\/h5>\n                <a href=\"https:\/\/taski.com\/products-innovations-solutions\/innovations\/\"><p>DOWIEDZ<br \/>\nSI\u0118<br \/>\nWI\u0118CEJ<\/p><\/a>\n             <\/div>\n            <\/div>\n           <\/div>\n           <div class=\"three-cta-item\">\n            <div class=\"tci-i\">\n             <div class=\"tci-item-content\">\n                <h5><strong>Skontaktuj si\u0119<\/strong><br \/>\nz<br \/>\nnami<\/h5>\n                <a href=\"\/news-help-contacts\/ask-paul-contact\/\"><p>CONTACT<br \/>US<\/p><\/a>\n             <\/div>\n            <\/div>\n           <\/div>\n        <\/div>\n      <\/div>\n    <\/div>\n  <\/div>\n  <div class=\"cl-fl\"><\/div>\n[\/vc_column][\/vc_row]\n","protected":false},"excerpt":{"rendered":"<p>[vc_row][vc_column][\/vc_column][\/vc_row][vc_row][vc_column][\/vc_column][\/vc_row][vc_row css=&#8221;.vc_custom_1606748446025{padding-top: 90px !important;padding-bottom: 90px !important;}&#8221;][vc_column css=&#8221;.vc_custom_1606743732250{margin-top: 0px !important;margin-bottom: 0px !important;padding-top: 0px !important;padding-bottom: 0px !important;}&#8221;][\/vc_column][\/vc_row][vc_row][vc_column][\/vc_column][\/vc_row]<\/p>\n","protected":false},"author":1,"featured_media":0,"parent":0,"menu_order":543,"comment_status":"closed","ping_status":"closed","template":"","meta":{"_acf_changed":false,"_seopress_robots_primary_cat":"","_seopress_titles_title":"","_seopress_titles_desc":"","_seopress_robots_index":"","inline_featured_image":false,"footnotes":""},"class_list":["post-32833","page","type-page","status-publish","hentry"],"acf":[],"_links":{"self":[{"href":"https:\/\/staging.taski.com\/pl\/wp-json\/wp\/v2\/pages\/32833","targetHints":{"allow":["GET"]}}],"collection":[{"href":"https:\/\/staging.taski.com\/pl\/wp-json\/wp\/v2\/pages"}],"about":[{"href":"https:\/\/staging.taski.com\/pl\/wp-json\/wp\/v2\/types\/page"}],"author":[{"embeddable":true,"href":"https:\/\/staging.taski.com\/pl\/wp-json\/wp\/v2\/users\/1"}],"replies":[{"embeddable":true,"href":"https:\/\/staging.taski.com\/pl\/wp-json\/wp\/v2\/comments?post=32833"}],"version-history":[{"count":0,"href":"https:\/\/staging.taski.com\/pl\/wp-json\/wp\/v2\/pages\/32833\/revisions"}],"wp:attachment":[{"href":"https:\/\/staging.taski.com\/pl\/wp-json\/wp\/v2\/media?parent=32833"}],"curies":[{"name":"wp","href":"https:\/\/api.w.org\/{rel}","templated":true}]}}