{"id":32818,"date":"2020-11-28T18:32:41","date_gmt":"2020-11-28T18:32:41","guid":{"rendered":"https:\/\/taski.com\/your-markets-sectors\/facility-management\/"},"modified":"2023-01-23T21:00:17","modified_gmt":"2023-01-23T21:00:17","slug":"facility-management","status":"publish","type":"page","link":"https:\/\/staging.taski.com\/pl\/why-taski\/your-markets-sectors\/facility-management\/","title":{"rendered":"Zarz\u0105dzanie Obiektem"},"content":{"rendered":"<div class=\"wpb-content-wrapper\"><p>[vc_row][vc_column]\n  <div class=\"page-intro-block size-fit-image style-dark font-large\">\n         <div class=\"page-intro-block-i\">\n      <div class=\"row\">\n        <div class=\"page-intro-content\">\n            <div class=\"title-block\">\n                                     <h2><span class=\"pt\">Zarz\u0105dzanie Obiektem<\/span>Szukasz maszyn <strong>o najwi\u0119kszej wydajno\u015bci<\/strong> ale <strong>niskim koszcie posiadania?<\/strong> TASKI mo\u017ce Ci w tym pom\u00f3c.<\/h2>\n                                                 <\/div>\n            <div class=\"page-intro-image\">\n                                <div class=\"page-intro-image-alt\">\n                    \n                    <img decoding=\"async\" src=\"https:\/\/staging.taski.com\/wp-content\/uploads\/2020\/11\/facility-management.jpg\" alt=\"\" \/>\n\n                <\/div>\n            <\/div>\n        <\/div>\n      <\/div>\n\n\n    <\/div>\n  <\/div>\n  <div class=\"cl-fl\"><\/div>\n[\/vc_column][\/vc_row][vc_row css=&#8221;.vc_custom_1606587476742{padding-top: 80px !important;padding-bottom: 95px !important;}&#8221;][vc_column][vc_row_inner][vc_column_inner]\n  <div class=\"page-video-block\">\n    <div class=\"page-video-block-i\">\n      <div class=\"row\">\n        <div class=\"page-video-block-content\">\n            <div class=\"title-block\">\n                 <h2>Jakie s\u0105 Twoje g\u0142\u00f3wne wyzwania?<\/h2>\n            <\/div>\n            <div class=\"page-video-image\">\n                \n              <a href=\"#\" class=\"video-player-link\" data-video-id=\"485944193\" data-src=\"https:\/\/player.vimeo.com\/video\/485944193\">\n                <img decoding=\"async\" src=\"https:\/\/staging.taski.com\/wp-content\/uploads\/2021\/01\/aero-bp-fm-pic800x450.jpg\" alt=\"Jakie s\u0105 Twoje g\u0142\u00f3wne wyzwania? Image\" \/>\n\n     <div class=\"page-video-video-abs\"><div class=\"video-embed\"><iframe loading=\"lazy\" id=\"\" src=\"\" width=\"100%\" height=\"100%\" frameborder=\"0\" style=\"position:absolute;top:0;left:0;width:100%;height:100%;\"   allow=\"autoplay; fullscreen\" muted webkitallowfullscreen mozallowfullscreen allowfullscreen><\/iframe><\/div><\/div>              <\/a>\n            <\/div>\n        <\/div>\n      <\/div>\n\n\n    <\/div>\n  <\/div>\n  <div class=\"cl-fl\"><\/div>\n[\/vc_column_inner][\/vc_row_inner][\/vc_column][\/vc_row][vc_row css=&#8221;.vc_custom_1606587476742{padding-top: 80px !important;padding-bottom: 95px !important;}&#8221;][vc_column]\n  <div class=\"taski-carousel-block \" style=\"\">\n    <div class=\"taski-carousel-block-i\">\n\n      <div class=\"taski-carousel-title\"><p>We understand your sector's needs<\/p><\/div>\n      <div class=\"row\">\n       <div class=\"taski-carousel-holder\">\n        <div class=\"taski-carousel owl-carousel owl-theme\" id=\"taski-carousel\">\n                                    <div class=\"item taski-slide\">\n                            <div class=\"its-i\">\n                <div class=\"media-w\">\n                    <div class=\"image\">\n                      <div class=\"image-i\">\n                        <img decoding=\"async\" src=\"https:\/\/staging.taski.com\/wp-content\/uploads\/2020\/12\/operational-efficiency.svg\" \/>\n                      <\/div>\n                    <\/div>\n                <\/div>\n                <div class=\"text\">\n                    <div class=\"title\">Wydajno\u015b\u0107 operacyjna<\/div>\n                    <p>Zwi\u0119ksz swoj\u0105 efektywno\u015b\u0107 operacyjn\u0105 dzi\u0119ki innowacjom, najwy\u017cszej wydajno\u015bci i zarz\u0105dzaniu flot\u0105. Przyjrzyj si\u0119 naszym <strong>najnowszym samojezdnym mikro maszynom szoruj\u0105co-zbieraj\u0105cym i naszym akumulatorowym odkurzaczom plecakowym.<\/strong><\/p>\n                                    <\/div>\n              <\/div>\n                          <\/div>\n            <div class=\"item taski-slide\">\n                            <div class=\"its-i\">\n                <div class=\"media-w\">\n                    <div class=\"image\">\n                      <div class=\"image-i\">\n                        <img decoding=\"async\" src=\"https:\/\/staging.taski.com\/wp-content\/uploads\/2020\/12\/profitable-growth.svg\" \/>\n                      <\/div>\n                    <\/div>\n                <\/div>\n                <div class=\"text\">\n                    <div class=\"title\">Op\u0142acalny Wzrost<\/div>\n                    <p>Obni\u017c rachunki za wykonan\u0105 prac\u0119 i skup si\u0119 na zyskach poprzez mechanizuj\u0105c wi\u0119cej prac zwi\u0105zanych ze sprz\u0105taniem. Po co chodzi\u0107, skoro mo\u017cna je\u017adzi\u0107? Przyjrzyj si\u0119 naszym <strong>najnowszym samojezdnym mikro maszynom.<\/strong><\/p>\n                                    <\/div>\n              <\/div>\n                          <\/div>\n            <div class=\"item taski-slide\">\n                            <div class=\"its-i\">\n                <div class=\"media-w\">\n                    <div class=\"image\">\n                      <div class=\"image-i\">\n                        <img decoding=\"async\" src=\"https:\/\/staging.taski.com\/wp-content\/uploads\/2020\/12\/continuous-innovation.svg\" \/>\n                      <\/div>\n                    <\/div>\n                <\/div>\n                <div class=\"text\">\n                    <div class=\"title\">Ci\u0105g\u0142e innowacje<\/div>\n                    <p>Wykorzystaj najnowsze technologie i nasz\u0105 platform\u0119 the Internet of Clean aby zwi\u0119kszy\u0107 satysfakcj\u0119 swoich klient\u00f3w wska\u017aniki retencyjno\u015bci. Sprawd\u017a <strong>telemetri\u0119 IntelliTrail i anaityk\u0119 IntelliTrail.<\/strong><\/p>\n                                    <\/div>\n              <\/div>\n                          <\/div>\n            <div class=\"item taski-slide\">\n                            <div class=\"its-i\">\n                <div class=\"media-w\">\n                    <div class=\"image\">\n                      <div class=\"image-i\">\n                        <img decoding=\"async\" src=\"https:\/\/staging.taski.com\/wp-content\/uploads\/2020\/12\/sustainability.svg\" \/>\n                      <\/div>\n                    <\/div>\n                <\/div>\n                <div class=\"text\">\n                    <div class=\"title\">Zr\u00f3wnowa\u017cony rozw\u00f3j<\/div>\n                    <p>Zmniejsz zu\u017cycie medi\u00f3w nawet o 76%, aby osi\u0105gn\u0105\u0107 cele zr\u00f3wnowa\u017conego rozwoju dla Ciebie i Twojego klienta. Przyjrzyj si\u0119 <strong>IntelliFlow, IntelliDose i naszym najnowszym odkurzaczom Whisper oraz odkurzaczom silnikowym i cyfrowym.<\/strong><\/p>\n                                    <\/div>\n              <\/div>\n                          <\/div>\n            <div class=\"item taski-slide\">\n                            <div class=\"its-i\">\n                <div class=\"media-w\">\n                    <div class=\"image\">\n                      <div class=\"image-i\">\n                        <img decoding=\"async\" src=\"https:\/\/staging.taski.com\/wp-content\/uploads\/2020\/12\/people-safety.svg\" \/>\n                      <\/div>\n                    <\/div>\n                <\/div>\n                <div class=\"text\">\n                    <div class=\"title\">Ludzie i Bezpiecze\u0144stwo<\/div>\n                    <p>Chro\u0144 sw\u00f3j zesp\u00f3\u0142 i swoich klient\u00f3w dzi\u0119ki lepszej jako\u015bci powietrza, higienie i suszeniu pod\u0142\u00f3g. Zapoznaj si\u0119 z naszymi najnowszymi <strong>urz\u0105dzeniami z akumulatorami litowo-jonowymi i filtrami HEPA.<\/strong><\/p>\n                                    <\/div>\n              <\/div>\n                          <\/div>\n            <div class=\"item taski-slide\">\n                            <div class=\"its-i\">\n                <div class=\"media-w\">\n                    <div class=\"image\">\n                      <div class=\"image-i\">\n                        <img decoding=\"async\" src=\"https:\/\/staging.taski.com\/wp-content\/uploads\/2020\/12\/working-capital-optimisation.svg\" \/>\n                      <\/div>\n                    <\/div>\n                <\/div>\n                <div class=\"text\">\n                    <div class=\"title\">Optymalizacja kapita\u0142u obrotowego<\/div>\n                    <p>Inwestuj m\u0105drze. Niech Twoje pieni\u0105dze pracuj\u0105 dla Ciebie jeszcze ci\u0119\u017cej. Zwi\u0119ksz sw\u00f3j wzrost z inwestycji i spraw \u017ceby zwr\u00f3ci\u0142a si\u0119 wcze\u015bniej. Sprawd\u017a nasze elastyczne <strong>opcje dotycz\u0105ce finansowania i serwisowania.<\/strong><\/p>\n                                    <\/div>\n              <\/div>\n                          <\/div>\n                    <\/div>\n\n        <div class=\"taski-carousel-navigation\">\n          <div class=\"nav-left\">\n            <a href=\"#\"><i class=\"fa fa-chevron-left\"><\/i><\/a>\n          <\/div>\n          <div class=\"nav-description\">\n\n          <\/div>\n          <div class=\"nav-right\">\n            <a href=\"#\"><i class=\"fa fa-chevron-right\"><\/i><\/a>\n          <\/div>\n        <\/div>\n       <\/div>\n      <\/div>\n   <\/div>\n  <\/div>\n  <div class=\"cl-fl\"><\/div>\n[\/vc_column][\/vc_row][vc_row css=&#8221;.vc_custom_1609954068367{padding-top: 80px !important;padding-bottom: 80px !important;background-color: #505050 !important;}&#8221;][vc_column][vc_row_inner][vc_column_inner]\n  <div class=\"testimonials-block\">\n    <div class=\"testimonials-block-i\">\n      <div class=\"row\">\n        <div class=\"title-block\">\n            <h2>Co m\u00f3wi\u0105 nasi klienci<\/h2>\n        <\/div>\n\n        <div class=\"testimonials-grid\">\n           <div class=\"testimonial-item\">\n            <div class=\"ti-i\">\n             <img decoding=\"async\" src=\"https:\/\/staging.taski.com\/wp-content\/uploads\/2020\/11\/testimonial-1.jpg\" alt=\"Image\" \/>\n             <div class=\"test-item-content\">\n                <div class=\"test-item-title\">Du\u017cy dostawca \u015bwiadcz\u0105cy us\u0142ugi zarz\u0105dzania obiektami na p\u00f3\u0142nocy<br \/>\nUSA, poprosi\u0142 TASKI o pomoc<br \/>\n<strong>w zmniejszeniu swojego ogromny rachunek za koszty robocizny<\/strong>.<\/div>\n                <div class=\"test-item-text\"><p>\u201eBezproduktywny czas i przestoje s\u0105 zab\u00f3jcze dla naszej firmy. Dzi\u0119ki TASKI IntelliTrail mogli\u015bmy zobaczy\u0107, jak lepiej wykorzysta\u0107 nasze zasoby. Byli\u015bmy zszokowani, widz\u0105c, jak ma\u0142o u\u017cywane s\u0105 niekt\u00f3re maszyny\u201d.<\/p><\/div>\n             <\/div>\n            <\/div>\n           <\/div>\n           <div class=\"testimonial-item\">\n            <div class=\"ti-i\">\n             <img decoding=\"async\" src=\"https:\/\/staging.taski.com\/wp-content\/uploads\/2020\/11\/testimonial-2.jpg\" alt=\"Image\" \/>\n             <div class=\"test-item-content\">\n                <div class=\"test-item-title\"><strong>Zwi\u0119kszenie mar\u017c<\/strong><br \/>\nuwalolni\u0142o got\u00f3wk\u0119 zablokowan\u0105 w aktywach.<\/div>\n                <div class=\"test-item-text\"><p>\u201ePodj\u0119li\u015bmy \u015bwiadom\u0105 decyzj\u0119 o zmniejszeniu warto\u015bci naszych aktyw\u00f3w maszynowych w naszym bilansie. Przej\u015bcie na elastyczne finansowanie TASKI uwolni\u0142o bardzo potrzebn\u0105 got\u00f3wk\u0119\u201d.<\/p><\/div>\n             <\/div>\n            <\/div>\n           <\/div>\n           <div class=\"testimonial-item\">\n            <div class=\"ti-i\">\n             <img decoding=\"async\" src=\"https:\/\/staging.taski.com\/wp-content\/uploads\/2020\/11\/testimonial-3.jpg\" alt=\"Image\" \/>\n             <div class=\"test-item-content\">\n                <div class=\"test-item-title\">Bardzo du\u017ca publiczna sp\u00f3\u0142ka akcyjna zwr\u00f3ci\u0142a si\u0119 do TASKI o pomoc w utrzymaniu klient\u00f3w i <strong>poprawie swoich wynik\u00f3w finansowych<\/strong>.<\/div>\n                <div class=\"test-item-text\"><p>\u201eZdecydowali\u015bmy si\u0119 na innowacyjne maszyny TASKI i rozwi\u0105zania Internet of Clean. Opracowali\u015bmy nawet modele kontrakt\u00f3w, w oparciu o roboty TASKI Intellibot. Daje nam to przewag\u0119 konkurencyjn\u0105. Sprz\u0105tanie to konkurencyjny rynek, wi\u0119c innowacyjno\u015b\u0107 jest naszym motorem nap\u0119dowym, zapewnia oszcz\u0119dno\u015bci, lepsze zyski i pomaga nam w zdobywaniu i utrzymywaniu klient\u00f3w\u201d.<\/p><\/div>\n             <\/div>\n            <\/div>\n           <\/div>\n\n        <\/div>\n\n      <\/div>\n    <\/div>\n  <\/div>\n  <div class=\"cl-fl\"><\/div>\n[\/vc_column_inner][\/vc_row_inner][\/vc_column][\/vc_row][vc_row][vc_column][vc_column_text]<\/p>\n<h2 style=\"text-align: center;\"><span class=\"Y2IQFc\" lang=\"pl\">Pobierz nasze broszury bran\u017cowe i przewodniki po produktach<\/span><\/h2>\n<p>[\/vc_column_text][\/vc_column][\/vc_row][vc_row][vc_column width=&#8221;1\/3&#8243;]  <div class=\"feature-icon-w\">\n    <div class=\"feature-icon-i\">\n     <a href=\"https:\/\/taski.com\/wp-content\/uploads\/2022\/11\/FM-BSC-Sector-Brochure.pdf\" target=\"_blank\">       <div class=\"feature-tbl\">\n        <div class=\"feature-cell image-cell\">\n          <img decoding=\"async\" class=\"aligncenter size-full\" alt=\"\" src=\"https:\/\/staging.taski.com\/wp-content\/uploads\/2020\/12\/icon-document.png\"\/>\n        <\/div>\n        <div class=\"feature-cell description-cell\">\n          <p>Sektor Zarz\u0105dzania Obiektami<br \/>\nPrzewodnik<\/p>\n        <\/div>\n       <\/div>\n        <\/a>       <div class=\"cl-fl\"><\/div>\n    <\/div>\n  <\/div>\n[\/vc_column][vc_column width=&#8221;1\/3&#8243;]  <div class=\"feature-icon-w\">\n    <div class=\"feature-icon-i\">\n     <a href=\"https:\/\/taski.com\/wp-content\/uploads\/2021\/01\/Sustainability-Customer-Endorsement-ISS.pdf\" target=\"_blank\">       <div class=\"feature-tbl\">\n        <div class=\"feature-cell image-cell\">\n          <img decoding=\"async\" class=\"aligncenter size-full\" alt=\"\" src=\"https:\/\/staging.taski.com\/wp-content\/uploads\/2020\/12\/icon-document.png\"\/>\n        <\/div>\n        <div class=\"feature-cell description-cell\">\n          <p>Zr\u00f3wnowa\u017cony rozw\u00f3j - o\u015bwiadczenia klient\u00f3w<\/p>\n        <\/div>\n       <\/div>\n        <\/a>       <div class=\"cl-fl\"><\/div>\n    <\/div>\n  <\/div>\n[\/vc_column][vc_column width=&#8221;1\/3&#8243;]  <div class=\"feature-icon-w\">\n    <div class=\"feature-icon-i\">\n     <a href=\"https:\/\/taski.com\/wp-content\/uploads\/2022\/05\/ULTIMAXX-Facilities-Management-Brochure.pdf\" target=\"_blank\">       <div class=\"feature-tbl\">\n        <div class=\"feature-cell image-cell\">\n          <img decoding=\"async\" class=\"aligncenter size-full\" alt=\"\" src=\"\"\/>\n        <\/div>\n        <div class=\"feature-cell description-cell\">\n          <p>Przewodnik dotycz\u0105cy sektora zarz\u0105dzania obiek\u00f3w<br \/>\ndla nowych maszyny ULTIMAXX.<\/p>\n        <\/div>\n       <\/div>\n        <\/a>       <div class=\"cl-fl\"><\/div>\n    <\/div>\n  <\/div>\n[\/vc_column][\/vc_row][vc_row][vc_column][vc_row_inner][vc_column_inner]\n  <div class=\"three-cta-block\">\n    <div class=\"three-cta-block-i\">\n      <div class=\"row\">\n        <div class=\"three-cta-block-grid\">\n           <div class=\"three-cta-item\">\n            <div class=\"tci-i\">\n             <div class=\"tci-item-content\">\n                <h5><strong>Want to<\/strong><br \/>find out<br \/>more<\/h5>\n                <a href=\"\/products-innovations-solutions\/\"><p>PRODUCTS,<br \/>SOLUTIONS &<br \/>INNOVATIONS<\/p><\/a>\n             <\/div>\n            <\/div>\n           <\/div>\n           <div class=\"three-cta-item\">\n            <div class=\"tci-i\">\n             <div class=\"tci-item-content\">\n                <h5><strong>Want<\/strong><br \/>to<br \/>buy?<\/h5>\n                <a href=\"\/shop\/\"><p>MY<br \/>TASKI<br \/>SHOP<\/p><\/a>\n             <\/div>\n            <\/div>\n           <\/div>\n           <div class=\"three-cta-item\">\n            <div class=\"tci-i\">\n             <div class=\"tci-item-content\">\n                <h5><strong>Get in touch<\/strong><br \/>with<br \/>us<\/h5>\n                <a href=\"\/news-help-contacts\/\"><p>CONTACT<br \/>US<\/p><\/a>\n             <\/div>\n            <\/div>\n           <\/div>\n        <\/div>\n      <\/div>\n    <\/div>\n  <\/div>\n  <div class=\"cl-fl\"><\/div>\n[\/vc_column_inner][\/vc_row_inner][\/vc_column][\/vc_row]<\/p>\n<\/div>","protected":false},"excerpt":{"rendered":"<p>TASKI machine solutions for the FM and building service sector delivering operational efficiency and cost control<\/p>\n","protected":false},"author":1,"featured_media":50445,"parent":32803,"menu_order":572,"comment_status":"closed","ping_status":"closed","template":"","meta":{"_acf_changed":false,"_seopress_robots_primary_cat":"","_seopress_titles_title":"","_seopress_titles_desc":"","_seopress_robots_index":"","inline_featured_image":false,"footnotes":""},"class_list":["post-32818","page","type-page","status-publish","has-post-thumbnail","hentry"],"acf":[],"_links":{"self":[{"href":"https:\/\/staging.taski.com\/pl\/wp-json\/wp\/v2\/pages\/32818","targetHints":{"allow":["GET"]}}],"collection":[{"href":"https:\/\/staging.taski.com\/pl\/wp-json\/wp\/v2\/pages"}],"about":[{"href":"https:\/\/staging.taski.com\/pl\/wp-json\/wp\/v2\/types\/page"}],"author":[{"embeddable":true,"href":"https:\/\/staging.taski.com\/pl\/wp-json\/wp\/v2\/users\/1"}],"replies":[{"embeddable":true,"href":"https:\/\/staging.taski.com\/pl\/wp-json\/wp\/v2\/comments?post=32818"}],"version-history":[{"count":0,"href":"https:\/\/staging.taski.com\/pl\/wp-json\/wp\/v2\/pages\/32818\/revisions"}],"up":[{"embeddable":true,"href":"https:\/\/staging.taski.com\/pl\/wp-json\/wp\/v2\/pages\/32803"}],"wp:featuredmedia":[{"embeddable":true,"href":"https:\/\/staging.taski.com\/pl\/wp-json\/wp\/v2\/media\/50445"}],"wp:attachment":[{"href":"https:\/\/staging.taski.com\/pl\/wp-json\/wp\/v2\/media?parent=32818"}],"curies":[{"name":"wp","href":"https:\/\/api.w.org\/{rel}","templated":true}]}}