{"id":32806,"date":"2020-11-30T07:24:29","date_gmt":"2020-11-30T07:24:29","guid":{"rendered":"https:\/\/taski.com\/innovations\/"},"modified":"2023-01-16T13:27:00","modified_gmt":"2023-01-16T13:27:00","slug":"innovations","status":"publish","type":"page","link":"https:\/\/staging.taski.com\/pl\/products-innovations-solutions\/innovations\/","title":{"rendered":"Innowacje"},"content":{"rendered":"<div class=\"wpb-content-wrapper\"><p>[vc_row][vc_column]\n  <div class=\"page-intro-block size-original-size style-light font-large\">\n         <div class=\"page-intro-block-i\">\n      <div class=\"row\">\n        <div class=\"page-intro-content\">\n            <div class=\"title-block\">\n                                     <h2>TASKI przoduje na rynku INNOWACYJNO\u015aCI.<br \/>\nJest to cz\u0119\u015bci\u0105 naszego DNA i wyra\u017anie widoczne w naszych <strong>rewolucyjnych, wielokrotnie nagradzanych produktach.<\/strong><\/h2>\n                    <p>Od ponad 60 lat TASKI konsekwentnie dostarcza innowacyjne, nagradzane projekty, technologie i produkty. Dzi\u0119ki setkom aktywnych patent\u00f3w, referencje TASKI w zakresie innowacji s\u0105 bardzo silne. A oto dow\u00f3d\u2026<\/p>\n                             <\/div>\n            <div class=\"page-intro-image\">\n                                <div class=\"page-intro-image-alt\">\n                    \n                    <img decoding=\"async\" src=\"https:\/\/staging.taski.com\/wp-content\/uploads\/2022\/04\/ULTIMAXX1900_digital_airport-1920x1080.jpg\" alt=\"\" \/>\n\n                <\/div>\n            <\/div>\n        <\/div>\n      <\/div>\n\n\n    <\/div>\n  <\/div>\n  <div class=\"cl-fl\"><\/div>\n[\/vc_column][\/vc_row][vc_row css=&#8221;.vc_custom_1652991470427{padding-top: 90px !important;padding-bottom: 90px !important;background-color: #fafafa !important;}&#8221; el_id=&#8221;innovations&#8221;][vc_column][vc_row_inner][vc_column_inner width=&#8221;1\/3&#8243; offset=&#8221;vc_col-lg-4 vc_col-xs-12&#8243;][vc_column_text]<\/p>\n<h2><span style=\"color: #f18a00;\">Rewolucyjne technologie<\/span><\/h2>\n<h3><span class=\"Y2IQFc\" lang=\"pl\">Technologie, projekty i produkty poprawiaj\u0105ce wydajno\u015b\u0107, osi\u0105gaj\u0105ce doskona\u0142o\u015b\u0107 w czyszczeniu, oszcz\u0119dzaj\u0105ce energi\u0119, oszcz\u0119dzaj\u0105ce wod\u0119, redukuj\u0105ce chemikalia i poprawiaj\u0105ce jako\u015b\u0107 powietrza.<\/span><\/h3>\n<h3><strong>My je nazywamy Inteligentnymi Rozwi\u0105zaniami.<\/strong><\/h3>\n<p>[\/vc_column_text][\/vc_column_inner][vc_column_inner width=&#8221;2\/3&#8243; offset=&#8221;vc_col-lg-8 vc_col-md-12&#8243;]\n  <div class=\"taski-innovations-block\">\n    <div class=\"row\">\n\n        <div class=\"taski-innovations-block-i\">\n   \n\n\n     <div class=\"innovations-grid\">\n\n           <div class=\"innovations-item full-width\"><h3>Operational efficiency<\/h3><\/div>\n            <div class=\"innovations-item\">\n              <div class=\"its-i\">\n               <a href=\"https:\/\/staging.taski.com\/pl\/intelligent-solution\/intellitrail-2-0-next-generation-telemetry\/\">\n                <div class=\"media-w\">\n                    <div class=\"image\">\n                      <div class=\"image-i\">\n\n                            <img decoding=\"async\" src=\"https:\/\/staging.taski.com\/wp-content\/uploads\/2022\/05\/intellitrail.png\" \/>\n\n                      <\/div>\n                    <\/div>\n                <\/div>\n                <div class=\"text\">\n                  <div class=\"tbl\"><div class=\"cell\">\n                    <h4 class=\"title\">IntelliTrail 2.0 &#8211; nowa generacja telemetrii<\/h4>\n                  <\/div><\/div>\n                <\/div>\n               <\/a>\n              <\/div>\n            <\/div>\n\n              \n            <div class=\"innovations-item\">\n              <div class=\"its-i\">\n               <a href=\"https:\/\/staging.taski.com\/pl\/intelligent-solution\/intellipower\/\">\n                <div class=\"media-w\">\n                    <div class=\"image\">\n                      <div class=\"image-i\">\n\n                            <img decoding=\"async\" src=\"https:\/\/staging.taski.com\/wp-content\/uploads\/2020\/12\/TASKI-Intellipower.png\" \/>\n\n                      <\/div>\n                    <\/div>\n                <\/div>\n                <div class=\"text\">\n                  <div class=\"tbl\"><div class=\"cell\">\n                    <h4 class=\"title\">IntelliPower &#8211; Baterie litowe zapewniaj\u0105ce doskona\u0142\u0105 wydajno\u015b\u0107<\/h4>\n                  <\/div><\/div>\n                <\/div>\n               <\/a>\n              <\/div>\n            <\/div>\n\n              \n            <div class=\"innovations-item\">\n              <div class=\"its-i\">\n               <a href=\"https:\/\/staging.taski.com\/pl\/intelligent-solution\/aquastop-safe-automatic-filling\/\">\n                <div class=\"media-w\">\n                    <div class=\"image\">\n                      <div class=\"image-i\">\n\n                            <img decoding=\"async\" src=\"https:\/\/staging.taski.com\/wp-content\/uploads\/2022\/05\/aquastop.png\" \/>\n\n                      <\/div>\n                    <\/div>\n                <\/div>\n                <div class=\"text\">\n                  <div class=\"tbl\"><div class=\"cell\">\n                    <h4 class=\"title\">Aquastop &#8211; bezpieczne automatyczne nape\u0142nianie<\/h4>\n                  <\/div><\/div>\n                <\/div>\n               <\/a>\n              <\/div>\n            <\/div>\n\n              \n            <div class=\"innovations-item\">\n              <div class=\"its-i\">\n               <a href=\"https:\/\/staging.taski.com\/pl\/intelligent-solution\/ebu\/\">\n                <div class=\"media-w\">\n                    <div class=\"image\">\n                      <div class=\"image-i\">\n\n                            <img decoding=\"async\" src=\"https:\/\/staging.taski.com\/wp-content\/uploads\/2022\/05\/ebu.png\" \/>\n\n                      <\/div>\n                    <\/div>\n                <\/div>\n                <div class=\"text\">\n                  <div class=\"tbl\"><div class=\"cell\">\n                    <h4 class=\"title\">EUS &#8211; Elektroniczny Uk\u0142ad Szczotek<\/h4>\n                  <\/div><\/div>\n                <\/div>\n               <\/a>\n              <\/div>\n            <\/div>\n\n              \n            <div class=\"innovations-item\">\n              <div class=\"its-i\">\n               <a href=\"https:\/\/staging.taski.com\/pl\/intelligent-solution\/service-station-300\/\">\n                <div class=\"media-w\">\n                    <div class=\"image\">\n                      <div class=\"image-i\">\n\n                            <img decoding=\"async\" src=\"https:\/\/staging.taski.com\/wp-content\/uploads\/2020\/12\/Range-1.png\" \/>\n\n                      <\/div>\n                    <\/div>\n                <\/div>\n                <div class=\"text\">\n                  <div class=\"tbl\"><div class=\"cell\">\n                    <h4 class=\"title\">Stacja Serwisowa 300 &#8211; szybkie \u0142adowanie maszyn szoruj\u0105cych<\/h4>\n                  <\/div><\/div>\n                <\/div>\n               <\/a>\n              <\/div>\n            <\/div>\n\n              \n            <div class=\"innovations-item\">\n              <div class=\"its-i\">\n               <a href=\"https:\/\/staging.taski.com\/pl\/intelligent-solution\/intellipredict\/\">\n                <div class=\"media-w\">\n                    <div class=\"image\">\n                      <div class=\"image-i\">\n\n                            <img decoding=\"async\" src=\"https:\/\/staging.taski.com\/wp-content\/uploads\/2022\/05\/intellipredict.png\" \/>\n\n                      <\/div>\n                    <\/div>\n                <\/div>\n                <div class=\"text\">\n                  <div class=\"tbl\"><div class=\"cell\">\n                    <h4 class=\"title\">IntelliPredict &#8211;  konserwacja predykcyjna<\/h4>\n                  <\/div><\/div>\n                <\/div>\n               <\/a>\n              <\/div>\n            <\/div>\n\n              \n            <div class=\"innovations-item\">\n              <div class=\"its-i\">\n               <a href=\"https:\/\/staging.taski.com\/pl\/intelligent-solution\/roller\/\">\n                <div class=\"media-w\">\n                    <div class=\"image\">\n                      <div class=\"image-i\">\n\n                            <img decoding=\"async\" src=\"https:\/\/staging.taski.com\/wp-content\/uploads\/2022\/05\/dual-cylinder.png\" \/>\n\n                      <\/div>\n                    <\/div>\n                <\/div>\n                <div class=\"text\">\n                  <div class=\"tbl\"><div class=\"cell\">\n                    <h4 class=\"title\">Podw\u00f3jne szczotki walcowe &#8211; zestaw szczotek o wysokiej wydajno\u015bci<\/h4>\n                  <\/div><\/div>\n                <\/div>\n               <\/a>\n              <\/div>\n            <\/div>\n\n              \n            <div class=\"innovations-item\">\n              <div class=\"its-i\">\n               <a href=\"https:\/\/staging.taski.com\/pl\/intelligent-solution\/intellisweep\/\">\n                <div class=\"media-w\">\n                    <div class=\"image\">\n                      <div class=\"image-i\">\n\n                            <img decoding=\"async\" src=\"https:\/\/staging.taski.com\/wp-content\/uploads\/2021\/01\/Intellisweep-placeholder.png\" \/>\n\n                      <\/div>\n                    <\/div>\n                <\/div>\n                <div class=\"text\">\n                  <div class=\"tbl\"><div class=\"cell\">\n                    <h4 class=\"title\">IntelliSweep &#8211; 2iw1. Po\u0142\u0105czenie opcji szorowania i zamiatania<\/h4>\n                  <\/div><\/div>\n                <\/div>\n               <\/a>\n              <\/div>\n            <\/div>\n\n              <div class=\"innovations-item full-width\"><h3>Cleaning Excellence<\/h3><\/div>\n            <div class=\"innovations-item\">\n              <div class=\"its-i\">\n               <a href=\"https:\/\/staging.taski.com\/pl\/intelligent-solution\/patented-squeegee\/\">\n                <div class=\"media-w\">\n                    <div class=\"image\">\n                      <div class=\"image-i\">\n\n                            <img decoding=\"async\" src=\"https:\/\/staging.taski.com\/wp-content\/uploads\/2022\/05\/squeegee.png\" \/>\n\n                      <\/div>\n                    <\/div>\n                <\/div>\n                <div class=\"text\">\n                  <div class=\"tbl\"><div class=\"cell\">\n                    <h4 class=\"title\">Opatentowana ssawa &#8211; najlepsze w swojej klasie zbieranie wody<\/h4>\n                  <\/div><\/div>\n                <\/div>\n               <\/a>\n              <\/div>\n            <\/div>\n\n              \n            <div class=\"innovations-item\">\n              <div class=\"its-i\">\n               <a href=\"https:\/\/staging.taski.com\/pl\/intelligent-solution\/intellitrail\/\">\n                <div class=\"media-w\">\n                    <div class=\"image\">\n                      <div class=\"image-i\">\n\n                            <img decoding=\"async\" src=\"https:\/\/staging.taski.com\/wp-content\/uploads\/2020\/12\/85288_IntelliTrail.png\" \/>\n\n                      <\/div>\n                    <\/div>\n                <\/div>\n                <div class=\"text\">\n                  <div class=\"tbl\"><div class=\"cell\">\n                    <h4 class=\"title\">IntelliTrail 1.0 &#8211; telemetria do zarz\u0105dzania flot\u0105<\/h4>\n                  <\/div><\/div>\n                <\/div>\n               <\/a>\n              <\/div>\n            <\/div>\n\n              \n            <div class=\"innovations-item\">\n              <div class=\"its-i\">\n               <a href=\"https:\/\/staging.taski.com\/pl\/intelligent-solution\/intellitrail-analytics\/\">\n                <div class=\"media-w\">\n                    <div class=\"image\">\n                      <div class=\"image-i\">\n\n                            <img decoding=\"async\" src=\"https:\/\/staging.taski.com\/wp-content\/uploads\/2020\/12\/Analytics.png\" \/>\n\n                      <\/div>\n                    <\/div>\n                <\/div>\n                <div class=\"text\">\n                  <div class=\"tbl\"><div class=\"cell\">\n                    <h4 class=\"title\">IntelliTrail Analytics &#8211; fleet management analytics made simple<\/h4>\n                  <\/div><\/div>\n                <\/div>\n               <\/a>\n              <\/div>\n            <\/div>\n\n              \n            <div class=\"innovations-item\">\n              <div class=\"its-i\">\n               <a href=\"https:\/\/staging.taski.com\/pl\/intelligent-solution\/intellizone\/\">\n                <div class=\"media-w\">\n                    <div class=\"image\">\n                      <div class=\"image-i\">\n\n                            <img decoding=\"async\" src=\"https:\/\/staging.taski.com\/wp-content\/uploads\/2022\/05\/intellizone.png\" \/>\n\n                      <\/div>\n                    <\/div>\n                <\/div>\n                <div class=\"text\">\n                  <div class=\"tbl\"><div class=\"cell\">\n                    <h4 class=\"title\">IntelliZone &#8211; wst\u0119pnie zdefiniowane programy czyszcz\u0105ce<\/h4>\n                  <\/div><\/div>\n                <\/div>\n               <\/a>\n              <\/div>\n            <\/div>\n\n              \n            <div class=\"innovations-item\">\n              <div class=\"its-i\">\n               <a href=\"https:\/\/staging.taski.com\/pl\/intelligent-solution\/intelliscrub\/\">\n                <div class=\"media-w\">\n                    <div class=\"image\">\n                      <div class=\"image-i\">\n\n                            <img decoding=\"async\" src=\"https:\/\/staging.taski.com\/wp-content\/uploads\/2022\/05\/intelliscrub.png\" \/>\n\n                      <\/div>\n                    <\/div>\n                <\/div>\n                <div class=\"text\">\n                  <div class=\"tbl\"><div class=\"cell\">\n                    <h4 class=\"title\">IntelliScrub &#8211; regulowany nacisk szczotek<\/h4>\n                  <\/div><\/div>\n                <\/div>\n               <\/a>\n              <\/div>\n            <\/div>\n\n              \n            <div class=\"innovations-item\">\n              <div class=\"its-i\">\n               <a href=\"https:\/\/staging.taski.com\/pl\/intelligent-solution\/orbital\/\">\n                <div class=\"media-w\">\n                    <div class=\"image\">\n                      <div class=\"image-i\">\n\n                            <img decoding=\"async\" src=\"https:\/\/staging.taski.com\/wp-content\/uploads\/2022\/05\/orbital-deck.png\" \/>\n\n                      <\/div>\n                    <\/div>\n                <\/div>\n                <div class=\"text\">\n                  <div class=\"tbl\"><div class=\"cell\">\n                    <h4 class=\"title\">Orbital brush deck &#8211; czyszczenie ci\u0119\u017ckich zabrudze\u0144<\/h4>\n                  <\/div><\/div>\n                <\/div>\n               <\/a>\n              <\/div>\n            <\/div>\n\n              <div class=\"innovations-item full-width\"><h3>People &amp; Safety<\/h3><\/div>\n            <div class=\"innovations-item\">\n              <div class=\"its-i\">\n               <a href=\"https:\/\/staging.taski.com\/pl\/intelligent-solution\/intellitouch-an-intuitive-multifunctional-touchscreen\/\">\n                <div class=\"media-w\">\n                    <div class=\"image\">\n                      <div class=\"image-i\">\n\n                            <img decoding=\"async\" src=\"https:\/\/staging.taski.com\/wp-content\/uploads\/2022\/05\/intellitouch.png\" \/>\n\n                      <\/div>\n                    <\/div>\n                <\/div>\n                <div class=\"text\">\n                  <div class=\"tbl\"><div class=\"cell\">\n                    <h4 class=\"title\">IntelliTouch &#8211; intuicyjny wielofunkcyjny ekran dotykowy<\/h4>\n                  <\/div><\/div>\n                <\/div>\n               <\/a>\n              <\/div>\n            <\/div>\n\n              \n            <div class=\"innovations-item\">\n              <div class=\"its-i\">\n               <a href=\"https:\/\/staging.taski.com\/pl\/intelligent-solution\/anti-bac\/\">\n                <div class=\"media-w\">\n                    <div class=\"image\">\n                      <div class=\"image-i\">\n\n                            <img decoding=\"async\" src=\"https:\/\/staging.taski.com\/wp-content\/uploads\/2022\/05\/Intellibac.png\" \/>\n\n                      <\/div>\n                    <\/div>\n                <\/div>\n                <div class=\"text\">\n                  <div class=\"tbl\"><div class=\"cell\">\n                    <h4 class=\"title\">IntelliBac &#8211; ochrona antybakteryjna<\/h4>\n                  <\/div><\/div>\n                <\/div>\n               <\/a>\n              <\/div>\n            <\/div>\n\n              \n            <div class=\"innovations-item\">\n              <div class=\"its-i\">\n               <a href=\"https:\/\/staging.taski.com\/pl\/intelligent-solution\/hepa\/\">\n                <div class=\"media-w\">\n                    <div class=\"image\">\n                      <div class=\"image-i\">\n\n                            <img decoding=\"async\" src=\"https:\/\/staging.taski.com\/wp-content\/uploads\/2020\/12\/Untitled-3.png\" \/>\n\n                      <\/div>\n                    <\/div>\n                <\/div>\n                <div class=\"text\">\n                  <div class=\"tbl\"><div class=\"cell\">\n                    <h4 class=\"title\">HEPA Filters &#8211; dla poprawy jako\u015bci powietrza w pomieszczeniach<\/h4>\n                  <\/div><\/div>\n                <\/div>\n               <\/a>\n              <\/div>\n            <\/div>\n\n              \n            <div class=\"innovations-item\">\n              <div class=\"its-i\">\n               <a href=\"https:\/\/staging.taski.com\/pl\/intelligent-solution\/whisper-motor\/\">\n                <div class=\"media-w\">\n                    <div class=\"image\">\n                      <div class=\"image-i\">\n\n                            <img decoding=\"async\" src=\"https:\/\/staging.taski.com\/wp-content\/uploads\/2021\/01\/Whisper.png\" \/>\n\n                      <\/div>\n                    <\/div>\n                <\/div>\n                <div class=\"text\">\n                  <div class=\"tbl\"><div class=\"cell\">\n                    <h4 class=\"title\">silnik Whisper &#8211; wydajna i cicha technologia odkurzania<\/h4>\n                  <\/div><\/div>\n                <\/div>\n               <\/a>\n              <\/div>\n            <\/div>\n\n              \n            <div class=\"innovations-item\">\n              <div class=\"its-i\">\n               <a href=\"https:\/\/staging.taski.com\/pl\/intelligent-solution\/intellispray\/\">\n                <div class=\"media-w\">\n                    <div class=\"image\">\n                      <div class=\"image-i\">\n\n                            <img decoding=\"async\" src=\"https:\/\/staging.taski.com\/wp-content\/uploads\/2021\/01\/Main-Icon-1.png\" \/>\n\n                      <\/div>\n                    <\/div>\n                <\/div>\n                <div class=\"text\">\n                  <div class=\"tbl\"><div class=\"cell\">\n                    <h4 class=\"title\">IntelliSpray &#8211; zintegrowana dezynfekcja chemiczna<\/h4>\n                  <\/div><\/div>\n                <\/div>\n               <\/a>\n              <\/div>\n            <\/div>\n\n              <div class=\"innovations-item full-width\"><h3>Sustainability<\/h3><\/div>\n            <div class=\"innovations-item\">\n              <div class=\"its-i\">\n               <a href=\"https:\/\/staging.taski.com\/pl\/intelligent-solution\/digital-motor\/\">\n                <div class=\"media-w\">\n                    <div class=\"image\">\n                      <div class=\"image-i\">\n\n                            <img decoding=\"async\" src=\"https:\/\/staging.taski.com\/wp-content\/uploads\/2020\/12\/87204-IMG-TASKI_Digital_Motor_Icon.png\" \/>\n\n                      <\/div>\n                    <\/div>\n                <\/div>\n                <div class=\"text\">\n                  <div class=\"tbl\"><div class=\"cell\">\n                    <h4 class=\"title\">Silnik Cyfrowy &#8211; silnik nowej generacji<\/h4>\n                  <\/div><\/div>\n                <\/div>\n               <\/a>\n              <\/div>\n            <\/div>\n\n              \n            <div class=\"innovations-item\">\n              <div class=\"its-i\">\n               <a href=\"https:\/\/staging.taski.com\/pl\/intelligent-solution\/intellidose\/\">\n                <div class=\"media-w\">\n                    <div class=\"image\">\n                      <div class=\"image-i\">\n\n                            <img decoding=\"async\" src=\"https:\/\/staging.taski.com\/wp-content\/uploads\/2022\/05\/intellidose.png\" \/>\n\n                      <\/div>\n                    <\/div>\n                <\/div>\n                <div class=\"text\">\n                  <div class=\"tbl\"><div class=\"cell\">\n                    <h4 class=\"title\">IntelliDose \/ IntelliDose Plus &#8211; automatyczne rozcie\u0144czanie chemiczne<\/h4>\n                  <\/div><\/div>\n                <\/div>\n               <\/a>\n              <\/div>\n            <\/div>\n\n              \n            <div class=\"innovations-item\">\n              <div class=\"its-i\">\n               <a href=\"https:\/\/staging.taski.com\/pl\/intelligent-solution\/intelliflow\/\">\n                <div class=\"media-w\">\n                    <div class=\"image\">\n                      <div class=\"image-i\">\n\n                            <img decoding=\"async\" src=\"https:\/\/staging.taski.com\/wp-content\/uploads\/2022\/05\/intelliflow.png\" \/>\n\n                      <\/div>\n                    <\/div>\n                <\/div>\n                <div class=\"text\">\n                  <div class=\"tbl\"><div class=\"cell\">\n                    <h4 class=\"title\">IntelliFlow &#8211; kontrolowana dystrybucja wody<\/h4>\n                  <\/div><\/div>\n                <\/div>\n               <\/a>\n              <\/div>\n            <\/div>\n\n              \n            <div class=\"innovations-item\">\n              <div class=\"its-i\">\n               <a href=\"https:\/\/staging.taski.com\/pl\/intelligent-solution\/twister\/\">\n                <div class=\"media-w\">\n                    <div class=\"image\">\n                      <div class=\"image-i\">\n\n                            <img decoding=\"async\" src=\"https:\/\/staging.taski.com\/wp-content\/uploads\/2020\/12\/87203-IMG-Twister_TASKI_icon-green.png\" \/>\n\n                      <\/div>\n                    <\/div>\n                <\/div>\n                <div class=\"text\">\n                  <div class=\"tbl\"><div class=\"cell\">\n                    <h4 class=\"title\">Twister &#8211; najnowocze\u015bniejsze diamentowe pady pod\u0142ogowe<\/h4>\n                  <\/div><\/div>\n                <\/div>\n               <\/a>\n              <\/div>\n            <\/div>\n\n              \n\n\n    <\/div>\n\n        <div class=\"cl-fl\"><\/div>\n    <\/div>\n  <\/div>\n<\/div>\n[\/vc_column_inner][\/vc_row_inner][\/vc_column][\/vc_row][vc_row][vc_column]\n  <div class=\"three-cta-block\">\n    <div class=\"three-cta-block-i\">\n      <div class=\"row\">\n        <div class=\"three-cta-block-grid\">\n           <div class=\"three-cta-item\">\n            <div class=\"tci-i\">\n             <div class=\"tci-item-content\">\n                <h5><strong>Znajd\u017a<\/strong><br \/>\nnasz\u0105<br \/>\nofert\u0119 TASKI<br \/>\n<\/h5>\n                <a href=\"\/products-innovations-solutions\/products\/\"><p>PRODUKTY I<br \/>\nROZWI\u0104ZANIA<\/p><\/a>\n             <\/div>\n            <\/div>\n           <\/div>\n           <div class=\"three-cta-item\">\n            <div class=\"tci-i\">\n             <div class=\"tci-item-content\">\n                <h5><strong>Zobacz<\/strong><br \/>\nnasz\u0105 wyszukiwark\u0119<br \/>\nTASKI<\/h5>\n                <a href=\"\/taski-selector\/\"><p>ZNAJD\u0179<br \/>\nSWOJ\u0104<br \/>\nMASZYN\u0118<br \/>\nTASKI<\/p><\/a>\n             <\/div>\n            <\/div>\n           <\/div>\n           <div class=\"three-cta-item\">\n            <div class=\"tci-i\">\n             <div class=\"tci-item-content\">\n                <h5><strong>Chcesz<\/strong><br \/>\nsi\u0119 z nami<br \/>\nskontaktowa\u0107<\/h5>\n                <a href=\"\/news-help-contacts\/ask-paul-contact\/\"><p>CONTACT<br \/>US<\/p><\/a>\n             <\/div>\n            <\/div>\n           <\/div>\n        <\/div>\n      <\/div>\n    <\/div>\n  <\/div>\n  <div class=\"cl-fl\"><\/div>\n[\/vc_column][\/vc_row]<\/p>\n<\/div>","protected":false},"excerpt":{"rendered":"<p>[vc_row][vc_column][\/vc_column][\/vc_row][vc_row css=&#8221;.vc_custom_1652991470427{padding-top: 90px !important;padding-bottom: 90px !important;background-color: #fafafa !important;}&#8221; el_id=&#8221;innovations&#8221;][vc_column][vc_row_inner][vc_column_inner width=&#8221;1\/3&#8243; offset=&#8221;vc_col-lg-4 vc_col-xs-12&#8243;][vc_column_text] Rewolucyjne technologie Technologie, projekty i produkty poprawiaj\u0105ce wydajno\u015b\u0107, osi\u0105gaj\u0105ce doskona\u0142o\u015b\u0107 w czyszczeniu, oszcz\u0119dzaj\u0105ce energi\u0119, oszcz\u0119dzaj\u0105ce wod\u0119, redukuj\u0105ce chemikalia i poprawiaj\u0105ce jako\u015b\u0107 powietrza. My je nazywamy Inteligentnymi Rozwi\u0105zaniami. [\/vc_column_text][\/vc_column_inner][vc_column_inner width=&#8221;2\/3&#8243; offset=&#8221;vc_col-lg-8 vc_col-md-12&#8243;][\/vc_column_inner][\/vc_row_inner][\/vc_column][\/vc_row][vc_row][vc_column][\/vc_column][\/vc_row]<\/p>\n","protected":false},"author":1,"featured_media":0,"parent":32821,"menu_order":507,"comment_status":"closed","ping_status":"closed","template":"","meta":{"_acf_changed":false,"_seopress_robots_primary_cat":"","_seopress_titles_title":"","_seopress_titles_desc":"","_seopress_robots_index":"","inline_featured_image":false,"footnotes":""},"class_list":["post-32806","page","type-page","status-publish","hentry"],"acf":[],"_links":{"self":[{"href":"https:\/\/staging.taski.com\/pl\/wp-json\/wp\/v2\/pages\/32806","targetHints":{"allow":["GET"]}}],"collection":[{"href":"https:\/\/staging.taski.com\/pl\/wp-json\/wp\/v2\/pages"}],"about":[{"href":"https:\/\/staging.taski.com\/pl\/wp-json\/wp\/v2\/types\/page"}],"author":[{"embeddable":true,"href":"https:\/\/staging.taski.com\/pl\/wp-json\/wp\/v2\/users\/1"}],"replies":[{"embeddable":true,"href":"https:\/\/staging.taski.com\/pl\/wp-json\/wp\/v2\/comments?post=32806"}],"version-history":[{"count":0,"href":"https:\/\/staging.taski.com\/pl\/wp-json\/wp\/v2\/pages\/32806\/revisions"}],"up":[{"embeddable":true,"href":"https:\/\/staging.taski.com\/pl\/wp-json\/wp\/v2\/pages\/32821"}],"wp:attachment":[{"href":"https:\/\/staging.taski.com\/pl\/wp-json\/wp\/v2\/media?parent=32806"}],"curies":[{"name":"wp","href":"https:\/\/api.w.org\/{rel}","templated":true}]}}