{"id":32803,"date":"2020-11-30T09:06:53","date_gmt":"2020-11-30T09:06:53","guid":{"rendered":"https:\/\/taski.com\/your-markets-sectors\/"},"modified":"2023-01-29T17:25:51","modified_gmt":"2023-01-29T17:25:51","slug":"your-markets-sectors","status":"publish","type":"page","link":"https:\/\/staging.taski.com\/pl\/why-taski\/your-markets-sectors\/","title":{"rendered":"Twoje Rynki i Bran\u017ce"},"content":{"rendered":"<div class=\"wpb-content-wrapper\"><p>[vc_row][vc_column]\n  <div class=\"page-intro-block size-fit-image style-dark font-large\">\n         <div class=\"page-intro-block-i\">\n      <div class=\"row\">\n        <div class=\"page-intro-content\">\n            <div class=\"title-block\">\n                                     <h2>M\u00f3wimy <strong>tym samym j\u0119zykiem.<\/strong> Bez wzgl\u0119du na bran\u017c\u0119, w kt\u00f3rej dzia\u0142asz,  mamy <strong>dla ciebie<\/strong> rozwi\u0105zania<strong> dotycz\u0105ce czysto\u015bci.<\/strong><\/h2>\n                                                 <\/div>\n            <div class=\"page-intro-image\">\n                                <div class=\"page-intro-image-alt\">\n                    \n                    <img decoding=\"async\" src=\"https:\/\/staging.taski.com\/wp-content\/uploads\/2020\/11\/why-taski.jpg\" alt=\"\" \/>\n\n                <\/div>\n            <\/div>\n        <\/div>\n      <\/div>\n\n\n    <\/div>\n  <\/div>\n  <div class=\"cl-fl\"><\/div>\n[\/vc_column][\/vc_row][vc_row css=&#8221;.vc_custom_1606587476742{padding-top: 80px !important;padding-bottom: 95px !important;}&#8221;][vc_column][vc_row_inner][vc_column_inner]\n  <div class=\"categories-grid-block light grid-center contact-no\" style=\"\">\n    <div class=\"categories-grid-block-i\">\n      <div class=\"row\">\n       <div class=\"cat-grid-row\">\n        <div class=\"cat-intro-block\">\n          <p><strong>Oczekujesz<br \/>\nnajlepszych efekt\u00f3w,<br \/>\n<\/strong>my je dostarczmy,<br \/>\nbez wzgl\u0119du na bran\u017c\u0119.<\/p>\n\n\n\n        <\/div>\n        <div class=\"cat-grid-block\">\n            <div class=\"cat-grid\">\n                            <div class=\"cat-grid-item\">\n               <a href=\"https:\/\/staging.taski.com\/pl\/why-taski\/your-markets-sectors\/facility-management\/\">\n               <div class=\"cgi-i\">\n                <div class=\"front\"><img decoding=\"async\" src=\"https:\/\/staging.taski.com\/wp-content\/uploads\/2025\/02\/Backpack-vacuum-scaled-1-400x400.png\" \/><div class=\"desc\">Zarz\u0105dzanie Obiektem<\/div><\/div>\n                <div class=\"back\"><div class=\"desc\">Zarz\u0105dzanie Obiektem<div class=\"invisi\">TASKI machine solutions for the FM and building service sector delivering operational efficiency and cost control<\/div><\/div><\/div>\n               <\/div>\n               <\/a>\n              <\/div>\n                            <div class=\"cat-grid-item\">\n               <a href=\"https:\/\/staging.taski.com\/pl\/why-taski\/your-markets-sectors\/retail\/\">\n               <div class=\"cgi-i\">\n                <div class=\"front\"><img decoding=\"async\" src=\"https:\/\/staging.taski.com\/wp-content\/uploads\/2022\/11\/Retail-for-Wordpress-400x400.jpg\" \/><div class=\"desc\">Handel Detaliczny<\/div><\/div>\n                <div class=\"back\"><div class=\"desc\">Handel Detaliczny<div class=\"invisi\">TASKI machine solutions for the retail sector that offer improved customer experience and cost control<\/div><\/div><\/div>\n               <\/div>\n               <\/a>\n              <\/div>\n                            <div class=\"cat-grid-item\">\n               <a href=\"https:\/\/staging.taski.com\/pl\/why-taski\/your-markets-sectors\/healthcare-acute\/\">\n               <div class=\"cgi-i\">\n                <div class=\"front\"><img decoding=\"async\" src=\"https:\/\/staging.taski.com\/wp-content\/uploads\/2020\/11\/healthcare-acute.jpg\" \/><div class=\"desc\">Dora\u017ana Opieka Zdrowotna<\/div><\/div>\n                <div class=\"back\"><div class=\"desc\">Dora\u017ana Opieka Zdrowotna<div class=\"invisi\">TASKI machine solutions delivering infection prevention and safety for your patients and the public.<\/div><\/div><\/div>\n               <\/div>\n               <\/a>\n              <\/div>\n                            <div class=\"cat-grid-item\">\n               <a href=\"https:\/\/staging.taski.com\/pl\/why-taski\/your-markets-sectors\/healthcare-long-term-care\/\">\n               <div class=\"cgi-i\">\n                <div class=\"front\"><img decoding=\"async\" src=\"https:\/\/staging.taski.com\/wp-content\/uploads\/2021\/04\/HEALTHCARE_31_Vacuum_carpet-sq.jpg\" \/><div class=\"desc\">D\u0142ugoterminowa Opieka Zdrowotna<\/div><\/div>\n                <div class=\"back\"><div class=\"desc\">D\u0142ugoterminowa Opieka Zdrowotna<div class=\"invisi\">TASKI machine solutions with your residents in mind, for superior infection control and safety in your long term care facility.<\/div><\/div><\/div>\n               <\/div>\n               <\/a>\n              <\/div>\n                            <div class=\"cat-grid-item\">\n               <a href=\"https:\/\/staging.taski.com\/pl\/why-taski\/your-markets-sectors\/hospitality\/\">\n               <div class=\"cgi-i\">\n                <div class=\"front\"><img decoding=\"async\" src=\"https:\/\/staging.taski.com\/wp-content\/uploads\/2025\/05\/HOSPITALITY_landscape-full-1-1-scaled-1-400x400.jpg\" \/><div class=\"desc\">Bran\u017ca Hotelarska<\/div><\/div>\n                <div class=\"back\"><div class=\"desc\">Bran\u017ca Hotelarska<div class=\"invisi\">TASKI machine solutions for improved guest experience and  protection for your brand.<\/div><\/div><\/div>\n               <\/div>\n               <\/a>\n              <\/div>\n                            <div class=\"cat-grid-item\">\n               <a href=\"https:\/\/staging.taski.com\/pl\/why-taski\/your-markets-sectors\/food-service-contract-catering\/\">\n               <div class=\"cgi-i\">\n                <div class=\"front\"><img decoding=\"async\" src=\"https:\/\/staging.taski.com\/wp-content\/uploads\/2025\/07\/Food-Service-400x400.png\" \/><div class=\"desc\">Gastronomia\/Us\u0142ugi Cateringowe<\/div><\/div>\n                <div class=\"back\"><div class=\"desc\">Gastronomia\/Us\u0142ugi Cateringowe<div class=\"invisi\">TASKI machine solutions that will uphold the highest standards of hygiene and impress your dinners.<\/div><\/div><\/div>\n               <\/div>\n               <\/a>\n              <\/div>\n                            <div class=\"cat-grid-item\">\n               <a href=\"https:\/\/staging.taski.com\/pl\/why-taski\/your-markets-sectors\/government-education\/\">\n               <div class=\"cgi-i\">\n                <div class=\"front\"><img decoding=\"async\" src=\"https:\/\/staging.taski.com\/wp-content\/uploads\/2025\/05\/TASKI_ERGODISC-LR-08299-400x400.jpg\" \/><div class=\"desc\">Plac\u00f3wki Rz\u0105dowe i Edukacyjne<\/div><\/div>\n                <div class=\"back\"><div class=\"desc\">Plac\u00f3wki Rz\u0105dowe i Edukacyjne<div class=\"invisi\">TASKI machine solutions which help take care of your building whilst keeping the public safe <\/div><\/div><\/div>\n               <\/div>\n               <\/a>\n              <\/div>\n                            <div class=\"cat-grid-item\">\n               <a href=\"https:\/\/staging.taski.com\/pl\/why-taski\/your-markets-sectors\/transport\/\">\n               <div class=\"cgi-i\">\n                <div class=\"front\"><img decoding=\"async\" src=\"https:\/\/staging.taski.com\/wp-content\/uploads\/2020\/11\/transports.jpg\" \/><div class=\"desc\">Transport<\/div><\/div>\n                <div class=\"back\"><div class=\"desc\">Transport<div class=\"invisi\">TASKI machine solutions which help take care of your building, protect your brand and keep the public safe <\/div><\/div><\/div>\n               <\/div>\n               <\/a>\n              <\/div>\n                            <div class=\"cat-grid-item\">\n               <a href=\"https:\/\/staging.taski.com\/pl\/why-taski\/your-markets-sectors\/warehousing-logistics\/\">\n               <div class=\"cgi-i\">\n                <div class=\"front\"><img decoding=\"async\" src=\"https:\/\/staging.taski.com\/wp-content\/uploads\/2025\/05\/Warehousing-Logistics-balimat-6500-400x400.jpg\" \/><div class=\"desc\">Magazyny i Logistyka<\/div><\/div>\n                <div class=\"back\"><div class=\"desc\">Magazyny i Logistyka<div class=\"invisi\">TASKI machine solutions minimise disruption for your business and maximise your efficency<\/div><\/div><\/div>\n               <\/div>\n               <\/a>\n              <\/div>\n                            <div class=\"cat-grid-item\">\n               <a href=\"https:\/\/staging.taski.com\/pl\/why-taski\/your-markets-sectors\/manufacturing\/\">\n               <div class=\"cgi-i\">\n                <div class=\"front\"><img decoding=\"async\" src=\"https:\/\/staging.taski.com\/wp-content\/uploads\/2020\/11\/manufacturing.jpg\" \/><div class=\"desc\">Produkcja<\/div><\/div>\n                <div class=\"back\"><div class=\"desc\">Produkcja<div class=\"invisi\">TASKI machine solutions minimise disruption for your business and help keep costs under control<\/div><\/div><\/div>\n               <\/div>\n               <\/a>\n              <\/div>\n              \n            <\/div>\n\n            <div class=\"cat-grid-contact\"><a href=\"\">Contact<br \/>Us<\/a><\/div>\n\n        <\/div>\n       <\/div>\n\n\n      <\/div>\n\n   <\/div>\n  <\/div>\n  <div class=\"cl-fl\"><\/div>\n[\/vc_column_inner][\/vc_row_inner][\/vc_column][\/vc_row][vc_row css=&#8221;.vc_custom_1606301767295{padding-top: 170px !important;padding-bottom: 170px !important;background-color: #484848 !important;}&#8221;][vc_column][vc_row_inner][vc_column_inner][vc_raw_html el_class=&#8221;outro-block white&#8221;]JTNDaDIlM0VXaGVuJTIwaXQlMjBjb21lcyUyMHRvJTIwdGhlJTIwbWFjaGluZSUyMG1hcmtldCUyQyUyMFRBU0tJJTIwYmVuZWZpdHMlMjBmcm9tJTIwdGhlJTIwJTNDc3Ryb25nJTNFaW5zaWdodCUyMGFuZCUyMGludGVsbGlnZW5jZSUzQyUyRnN0cm9uZyUzRSUyMERpdmVyc2V5JTIwaGFzJTIwdG8lMjBvZmZlci4lMjBXaGVuJTIweW91JTIwdXNlJTIwYSUwQVRBU0tJJTIwbWFjaGluZSUyMGF0JTIweW91ciUyMGZhY2lsaXR5JTJDJTBBeW91JTIwYmVuZWZpdCUyMHRvby4lM0MlMkZoMiUzRSUwQSUzQ3AlM0UlM0NzdHJvbmclM0VUaGUlMjBTdWNjZXNzJTIwb2YlMjBDbGVhbmluZyUyME1hY2hpbmVzJTNDJTJGc3Ryb25nJTNFJTNDJTJGcCUzRSUwQSUzQ3AlM0VFdmVyeXRoaW5nJTIwVEFTS0klMjBkb2VzJTIwaXMlMjBkcml2ZW4lMjBieSUyMGElMjBkZXNpcmUlMjBmb3IlMjBleGNlbGxlbmNlLiUyMEZyb20lMjB0aGUlMjBmaXJzdCUyMHNwYXJrJTIwb2YlMjBhbiUyMGlkZWElMkMlMjB0aHJvdWdoJTIwdGhlJTIwaW5ub3ZhdGlvbiUyMGZ1bm5lbCUyMGFuZCUyMHJlc2VhcmNoJTIwYW5kJTIwZGV2ZWxvcG1lbnQlMjBwcm9jZXNzZXMlMkMlMjB0byUyMHRoZSUyMG1hbnVmYWN0dXJlJTIwYW5kJTIwZGVsaXZlcnklMjBvZiUyMG1hY2hpbmVzJTJDJTBBd2UlMjBpbnN0aWwlMjBoaWdoJTIwcXVhbGl0eS4lM0MlMkZwJTNF[\/vc_raw_html][\/vc_column_inner][\/vc_row_inner][\/vc_column][\/vc_row]<\/p>\n<\/div>","protected":false},"excerpt":{"rendered":"<p>[vc_row][vc_column][\/vc_column][\/vc_row][vc_row css=&#8221;.vc_custom_1606587476742{padding-top: 80px !important;padding-bottom: 95px !important;}&#8221;][vc_column][vc_row_inner][vc_column_inner][\/vc_column_inner][\/vc_row_inner][\/vc_column][\/vc_row][vc_row css=&#8221;.vc_custom_1606301767295{padding-top: 170px !important;padding-bottom: 170px !important;background-color: #484848 !important;}&#8221;][vc_column][vc_row_inner][vc_column_inner][vc_raw_html el_class=&#8221;outro-block white&#8221;]JTNDaDIlM0VXaGVuJTIwaXQlMjBjb21lcyUyMHRvJTIwdGhlJTIwbWFjaGluZSUyMG1hcmtldCUyQyUyMFRBU0tJJTIwYmVuZWZpdHMlMjBmcm9tJTIwdGhlJTIwJTNDc3Ryb25nJTNFaW5zaWdodCUyMGFuZCUyMGludGVsbGlnZW5jZSUzQyUyRnN0cm9uZyUzRSUyMERpdmVyc2V5JTIwaGFzJTIwdG8lMjBvZmZlci4lMjBXaGVuJTIweW91JTIwdXNlJTIwYSUwQVRBU0tJJTIwbWFjaGluZSUyMGF0JTIweW91ciUyMGZhY2lsaXR5JTJDJTBBeW91JTIwYmVuZWZpdCUyMHRvby4lM0MlMkZoMiUzRSUwQSUzQ3AlM0UlM0NzdHJvbmclM0VUaGUlMjBTdWNjZXNzJTIwb2YlMjBDbGVhbmluZyUyME1hY2hpbmVzJTNDJTJGc3Ryb25nJTNFJTNDJTJGcCUzRSUwQSUzQ3AlM0VFdmVyeXRoaW5nJTIwVEFTS0klMjBkb2VzJTIwaXMlMjBkcml2ZW4lMjBieSUyMGElMjBkZXNpcmUlMjBmb3IlMjBleGNlbGxlbmNlLiUyMEZyb20lMjB0aGUlMjBmaXJzdCUyMHNwYXJrJTIwb2YlMjBhbiUyMGlkZWElMkMlMjB0aHJvdWdoJTIwdGhlJTIwaW5ub3ZhdGlvbiUyMGZ1bm5lbCUyMGFuZCUyMHJlc2VhcmNoJTIwYW5kJTIwZGV2ZWxvcG1lbnQlMjBwcm9jZXNzZXMlMkMlMjB0byUyMHRoZSUyMG1hbnVmYWN0dXJlJTIwYW5kJTIwZGVsaXZlcnklMjBvZiUyMG1hY2hpbmVzJTJDJTBBd2UlMjBpbnN0aWwlMjBoaWdoJTIwcXVhbGl0eS4lM0MlMkZwJTNF[\/vc_raw_html][\/vc_column_inner][\/vc_row_inner][\/vc_column][\/vc_row]<\/p>\n","protected":false},"author":1,"featured_media":0,"parent":32833,"menu_order":506,"comment_status":"closed","ping_status":"closed","template":"","meta":{"_acf_changed":false,"_seopress_robots_primary_cat":"","_seopress_titles_title":"","_seopress_titles_desc":"","_seopress_robots_index":"","inline_featured_image":false,"footnotes":""},"class_list":["post-32803","page","type-page","status-publish","hentry"],"acf":[],"_links":{"self":[{"href":"https:\/\/staging.taski.com\/pl\/wp-json\/wp\/v2\/pages\/32803","targetHints":{"allow":["GET"]}}],"collection":[{"href":"https:\/\/staging.taski.com\/pl\/wp-json\/wp\/v2\/pages"}],"about":[{"href":"https:\/\/staging.taski.com\/pl\/wp-json\/wp\/v2\/types\/page"}],"author":[{"embeddable":true,"href":"https:\/\/staging.taski.com\/pl\/wp-json\/wp\/v2\/users\/1"}],"replies":[{"embeddable":true,"href":"https:\/\/staging.taski.com\/pl\/wp-json\/wp\/v2\/comments?post=32803"}],"version-history":[{"count":0,"href":"https:\/\/staging.taski.com\/pl\/wp-json\/wp\/v2\/pages\/32803\/revisions"}],"up":[{"embeddable":true,"href":"https:\/\/staging.taski.com\/pl\/wp-json\/wp\/v2\/pages\/32833"}],"wp:attachment":[{"href":"https:\/\/staging.taski.com\/pl\/wp-json\/wp\/v2\/media?parent=32803"}],"curies":[{"name":"wp","href":"https:\/\/api.w.org\/{rel}","templated":true}]}}