{"id":32802,"date":"2020-11-30T09:07:09","date_gmt":"2020-11-30T09:07:09","guid":{"rendered":"https:\/\/taski.com\/expert-advice\/"},"modified":"2023-01-23T21:34:17","modified_gmt":"2023-01-23T21:34:17","slug":"expert-advice","status":"publish","type":"page","link":"https:\/\/staging.taski.com\/pl\/why-taski\/expert-advice\/","title":{"rendered":"Porady Eksperckie"},"content":{"rendered":"<div class=\"wpb-content-wrapper\"><p>[vc_row][vc_column]\n  <div class=\"page-intro-block size-fit-image style-dark font-large\">\n         <div class=\"page-intro-block-i\">\n      <div class=\"row\">\n        <div class=\"page-intro-content\">\n            <div class=\"title-block\">\n                                     <h2>Zaczynamy od porady <strong>eksperckiej<\/strong><\/h2>\n                                                 <\/div>\n            <div class=\"page-intro-image\">\n                                <div class=\"page-intro-image-alt\">\n                    \n                    <img decoding=\"async\" src=\"https:\/\/staging.taski.com\/wp-content\/uploads\/2020\/12\/expert-advice-1.jpg\" alt=\"\" \/>\n\n                <\/div>\n            <\/div>\n        <\/div>\n      <\/div>\n\n\n    <\/div>\n  <\/div>\n  <div class=\"cl-fl\"><\/div>\n[\/vc_column][\/vc_row][vc_row css=&#8221;.vc_custom_1608124915381{padding-top: 70px !important;padding-bottom: 90px !important;}&#8221;][vc_column]\n\n\n  <div class=\"taski-carousel-block\">\n    <div class=\"taski-carousel-block-i\">\n      <div class=\"row\">\n       <div class=\"taski-carousel-holder\">\n        <div class=\"taski-carousel owl-carousel owl-theme\" id=\"taski-carousel\">\n                               <div class=\"item taski-slide\">\n              <div class=\"its-i\">\n                <div class=\"media-w\">\n                    <div class=\"image\">\n                      <div class=\"image-i\">\n                        <img decoding=\"async\" src=\"https:\/\/staging.taski.com\/wp-content\/uploads\/2021\/09\/88828-VCT-TASKI_Augmented_Reality_App_Icon-HRNC_Rotary-1.png\" \/>\n                      <\/div>\n                    <\/div>\n                <\/div>\n                <div class=\"text\">\n                    <div class=\"title\">Aplikacja TASKI AR i IntelliSupport<\/div>\n                    <p>[vc_row][vc_column][vc_empty_space][vc_custom_heading text=&#8221;Aplikacja Towarzysz\u0105ca dla Twojej maszyny do konserwacji, samoobs\u0142ugi, funkcji pokazowej i obs\u0142ugi TASKI IntelliSupport.&#8221; font_container=&#8221;tag:h2|text_align:center|color:%23f48938&#8243; use_theme_fonts=&#8221;yes&#8221; css=&#8221;.vc_custom_1668682695400{padding-top: 50px !important;padding-right: 50px !important;padding-bottom: 50px !important;padding-left: 50px !important;border-radius: 35px !important;}&#8221;][vc_single_image image=&#8221;31852&#8243; img_size=&#8221;medium&#8221; alignment=&#8221;center&#8221; title=&#8221;Pobierz TASKI AR teraz!&#8221;][vc_single_image image=&#8221;31851&#8243; img_size=&#8221;Full&#8221; alignment=&#8221;center&#8221; css=&#8221;.vc_custom_1631026756157{background-color: #636363 !important;}&#8221;][\/vc_column][\/vc_row][vc_row][vc_column][\/vc_column][\/vc_row][vc_row][vc_column][\/vc_column][\/vc_row][vc_row][vc_column width=&#8221;1\/3&#8243;][\/vc_column][vc_column width=&#8221;1\/3&#8243;][\/vc_column][vc_column width=&#8221;1\/3&#8243;][\/vc_column][\/vc_row][vc_row][vc_column][vc_tta_pageable][vc_tta_section title=&#8221;Section 2&#8243; tab_id=&#8221;1631026491373-6403a758-95b8&#8243;][\/vc_tta_section][\/vc_tta_pageable][\/vc_column][\/vc_row]<\/p>\n                    <div class=\"btn\"><a href=\"https:\/\/staging.taski.com\/pl\/why-taski\/expert-advice\/taski-ar-intellisupport\/\">Find out more<\/a><\/div>\n                <\/div>\n              <\/div>\n            <\/div>\n                                <div class=\"item taski-slide\">\n              <div class=\"its-i\">\n                <div class=\"media-w\">\n                    <div class=\"image\">\n                      <div class=\"image-i\">\n                        <img decoding=\"async\" src=\"https:\/\/staging.taski.com\/wp-content\/uploads\/2021\/01\/Sinners-Circle.png\" \/>\n                      <\/div>\n                    <\/div>\n                <\/div>\n                <div class=\"text\">\n                    <div class=\"title\">Ko\u0142o Sinnera<\/div>\n                    <p>At TASKI and Diversey we really understand all aspects cleaning and hygiene. Our broad portfolio means we are ideally positioned to be your complete hygiene partner.<\/p>\n                    <div class=\"btn\"><a href=\"https:\/\/staging.taski.com\/pl\/why-taski\/expert-advice\/the-synergies-of-machine-chemical-cleaning-tools\/\">Find out more<\/a><\/div>\n                <\/div>\n              <\/div>\n            <\/div>\n                                <div class=\"item taski-slide\">\n              <div class=\"its-i\">\n                <div class=\"media-w\">\n                    <div class=\"image\">\n                      <div class=\"image-i\">\n                        <img decoding=\"async\" src=\"https:\/\/staging.taski.com\/wp-content\/uploads\/2020\/12\/electronic-tools-1.jpg\" \/>\n                      <\/div>\n                    <\/div>\n                <\/div>\n                <div class=\"text\">\n                    <div class=\"title\">Narz\u0119dzia Elektroniczne<\/div>\n                    <p>Electronic tools so you can be your own expert at the touch of your finger.\r\nTASKI Selector \/TASKI APP\/ IntelliTrail Analytics \/ Remote Guidance<\/p>\n                    <div class=\"btn\"><a href=\"https:\/\/staging.taski.com\/pl\/why-taski\/expert-advice\/electronic-tools\/\">Find out more<\/a><\/div>\n                <\/div>\n              <\/div>\n            <\/div>\n                                <div class=\"item taski-slide\">\n              <div class=\"its-i\">\n                <div class=\"media-w\">\n                    <div class=\"image\">\n                      <div class=\"image-i\">\n                        <img decoding=\"async\" src=\"https:\/\/staging.taski.com\/wp-content\/uploads\/2020\/12\/virtual-floor-care-expert-1.jpg\" \/>\n                      <\/div>\n                    <\/div>\n                <\/div>\n                <div class=\"text\">\n                    <div class=\"title\">Ekspertyza w zakresie Piel\u0119gnacji Pod\u0142\u00f3g<\/div>\n                    <p>At TASKI when you buy our machines you get your own floor care expert for free! We'll  harness the synergies of the ULTIMATE cleaning machines with cutting edge floor care chemicals.<\/p>\n                    <div class=\"btn\"><a href=\"https:\/\/staging.taski.com\/pl\/why-taski\/expert-advice\/virtual-floor-care-expert\/\">Find out more<\/a><\/div>\n                <\/div>\n              <\/div>\n            <\/div>\n                                <div class=\"item taski-slide\">\n              <div class=\"its-i\">\n                <div class=\"media-w\">\n                    <div class=\"image\">\n                      <div class=\"image-i\">\n                        <img decoding=\"async\" src=\"https:\/\/staging.taski.com\/wp-content\/uploads\/2020\/12\/our-experts-1.jpg\" \/>\n                      <\/div>\n                    <\/div>\n                <\/div>\n                <div class=\"text\">\n                    <div class=\"title\">Nasi Eksperci<\/div>\n                    <p>Your own expert cleaning consultants. Our consultative approach delivers the best expert advice.<\/p>\n                    <div class=\"btn\"><a href=\"https:\/\/staging.taski.com\/pl\/why-taski\/expert-advice\/our-experts\/\">Find out more<\/a><\/div>\n                <\/div>\n              <\/div>\n            <\/div>\n                                <div class=\"item taski-slide\">\n              <div class=\"its-i\">\n                <div class=\"media-w\">\n                    <div class=\"image\">\n                      <div class=\"image-i\">\n                        <img decoding=\"async\" src=\"https:\/\/staging.taski.com\/wp-content\/uploads\/2020\/12\/current-trends.jpg\" \/>\n                      <\/div>\n                    <\/div>\n                <\/div>\n                <div class=\"text\">\n                    <div class=\"title\">Obecne Trendy i Najlepsze Praktyki<\/div>\n                    <p>TASKI and Diversey together are known as the authorities for cleaning and hygiene excellence by the industry. At TASKI our experts are always here to help.<\/p>\n                    <div class=\"btn\"><a href=\"https:\/\/staging.taski.com\/pl\/why-taski\/expert-advice\/current-trends-best-practise\/\">Find out more<\/a><\/div>\n                <\/div>\n              <\/div>\n            <\/div>\n                                <div class=\"item taski-slide\">\n              <div class=\"its-i\">\n                <div class=\"media-w\">\n                    <div class=\"image\">\n                      <div class=\"image-i\">\n                        <img decoding=\"async\" src=\"https:\/\/staging.taski.com\/wp-content\/uploads\/2020\/12\/engineers.jpg\" \/>\n                      <\/div>\n                    <\/div>\n                <\/div>\n                <div class=\"text\">\n                    <div class=\"title\">Narz\u0119dzia szkoleniowe<\/div>\n                    <p>Szereg prostych do na\u015bladowania materia\u0142\u00f3w szkoleniowych do efektywnego i bezpiecznego stosowania.<\/p>\n                    <div class=\"btn\"><a href=\"https:\/\/staging.taski.com\/pl\/why-taski\/expert-advice\/training\/\">Find out more<\/a><\/div>\n                <\/div>\n              <\/div>\n            <\/div>\n                                <div class=\"item taski-slide\">\n              <div class=\"its-i\">\n                <div class=\"media-w\">\n                    <div class=\"image\">\n                      <div class=\"image-i\">\n                        <img decoding=\"async\" src=\"https:\/\/staging.taski.com\/wp-content\/uploads\/2020\/12\/virtual-carpet-care-expert-1.jpg\" \/>\n                      <\/div>\n                    <\/div>\n                <\/div>\n                <div class=\"text\">\n                    <div class=\"title\">Ekspertyza w Piel\u0119gnacji Wyk\u0142adzin<\/div>\n                    <p>Carpets and fabric surfaces need frequent cleaning and maintenance. \r\nTASKI experts are here to help with best practice and advice on the best products or your carpets & fabrics.<\/p>\n                    <div class=\"btn\"><a href=\"https:\/\/staging.taski.com\/pl\/why-taski\/expert-advice\/virtual-carpet-care-expert\/\">Find out more<\/a><\/div>\n                <\/div>\n              <\/div>\n            <\/div>\n                                <div class=\"item taski-slide\">\n              <div class=\"its-i\">\n                <div class=\"media-w\">\n                    <div class=\"image\">\n                      <div class=\"image-i\">\n                        <img decoding=\"async\" src=\"https:\/\/staging.taski.com\/wp-content\/uploads\/2020\/12\/FOODSERVICE_5_SWINGO-1-1-1.jpg\" \/>\n                      <\/div>\n                    <\/div>\n                <\/div>\n                <div class=\"text\">\n                    <div class=\"title\">Czyszczenie Mechaniczne<\/div>\n                    <p>Where are you in the evolution of cleaning? \r\nHere are the top reasons why machines are so much better than mopping...<\/p>\n                    <div class=\"btn\"><a href=\"https:\/\/staging.taski.com\/pl\/why-taski\/expert-advice\/mechanical-cleaning\/\">Find out more<\/a><\/div>\n                <\/div>\n              <\/div>\n            <\/div>\n                            <\/div>\n\n        <div class=\"taski-carousel-navigation\">\n          <div class=\"nav-left\">\n            <a href=\"#\"><i class=\"fa fa-chevron-left\"><\/i><\/a>\n          <\/div>\n          <div class=\"nav-description\">\n\n          <\/div>\n          <div class=\"nav-right\">\n            <a href=\"#\"><i class=\"fa fa-chevron-right\"><\/i><\/a>\n          <\/div>\n        <\/div>\n      <\/div>\n     <\/div>\n   <\/div>\n  <\/div>\n\n[\/vc_column][\/vc_row][vc_row css=&#8221;.vc_custom_1608124737169{padding-bottom: 0px !important;}&#8221;][vc_column]\n  <div class=\"page-description-block style-dark\">\n    <div class=\"page-description-block-i\">\n      <div class=\"row\">\n        <div class=\"page-description-content\">\n          <\/div><\/div><\/div><\/div><\/p>\n<h2><strong>Ekspercka<\/strong><span class=\"Y2IQFc\" lang=\"pl\">\u00a0wiedza Diversey o globalnych, regionalnych i lokalnych mega trendach i kluczowe potrzeby klient\u00f3w zawsze pomaga\u0142y firmie TASKI wyprzedza\u0107 konkurencj\u0119.<\/span><\/h2>\n<\/div>\n      \n    \n  \n  <div class=\"cl-fl\"><\/div>\n[\/vc_column][\/vc_row]\n","protected":false},"excerpt":{"rendered":"<p>[vc_row][vc_column][\/vc_column][\/vc_row][vc_row css=&#8221;.vc_custom_1608124915381{padding-top: 70px !important;padding-bottom: 90px !important;}&#8221;][vc_column][\/vc_column][\/vc_row][vc_row css=&#8221;.vc_custom_1608124737169{padding-bottom: 0px !important;}&#8221;][vc_column][\/vc_column][\/vc_row]<\/p>\n","protected":false},"author":1,"featured_media":0,"parent":32833,"menu_order":656,"comment_status":"closed","ping_status":"closed","template":"","meta":{"_acf_changed":false,"_seopress_robots_primary_cat":"","_seopress_titles_title":"","_seopress_titles_desc":"","_seopress_robots_index":"","inline_featured_image":false,"footnotes":""},"class_list":["post-32802","page","type-page","status-publish","hentry"],"acf":[],"_links":{"self":[{"href":"https:\/\/staging.taski.com\/pl\/wp-json\/wp\/v2\/pages\/32802","targetHints":{"allow":["GET"]}}],"collection":[{"href":"https:\/\/staging.taski.com\/pl\/wp-json\/wp\/v2\/pages"}],"about":[{"href":"https:\/\/staging.taski.com\/pl\/wp-json\/wp\/v2\/types\/page"}],"author":[{"embeddable":true,"href":"https:\/\/staging.taski.com\/pl\/wp-json\/wp\/v2\/users\/1"}],"replies":[{"embeddable":true,"href":"https:\/\/staging.taski.com\/pl\/wp-json\/wp\/v2\/comments?post=32802"}],"version-history":[{"count":0,"href":"https:\/\/staging.taski.com\/pl\/wp-json\/wp\/v2\/pages\/32802\/revisions"}],"up":[{"embeddable":true,"href":"https:\/\/staging.taski.com\/pl\/wp-json\/wp\/v2\/pages\/32833"}],"wp:attachment":[{"href":"https:\/\/staging.taski.com\/pl\/wp-json\/wp\/v2\/media?parent=32802"}],"curies":[{"name":"wp","href":"https:\/\/api.w.org\/{rel}","templated":true}]}}