{"id":32792,"date":"2020-11-30T09:08:08","date_gmt":"2020-11-30T09:08:08","guid":{"rendered":"https:\/\/taski.com\/diversey\/"},"modified":"2023-01-29T17:14:28","modified_gmt":"2023-01-29T17:14:28","slug":"diversey","status":"publish","type":"page","link":"https:\/\/staging.taski.com\/pl\/why-taski\/about-taski\/diversey\/","title":{"rendered":"Diversey"},"content":{"rendered":"<div class=\"wpb-content-wrapper\"><p>[vc_row css=&#8221;.vc_custom_1607170931010{padding-top: 90px !important;padding-bottom: 90px !important;}&#8221;][vc_column][vc_row_inner][vc_column_inner][vc_raw_html]JTNDZGl2JTIwY2xhc3MlM0QlMjJwYWdlLXRpdGxlLXdpdGgtaW1hZ2UlMjIlM0UlMEElM0NkaXYlMjBjbGFzcyUzRCUyMnB0d2ktaSUyMiUzRSUwQSUzQ2RpdiUyMGNsYXNzJTNEJTIyaW1nJTIyJTNFJTNDaW1nJTIwc3JjJTNEJTIyJTJGd3AtY29udGVudCUyRnVwbG9hZHMlMkYyMDIwJTJGMTIlMkZkaXZlcnNleS5wbmclMjIlM0UlM0MlMkZkaXYlM0UlMEElM0NoMiUzRUZpcm1hJTIwVEFTS0klMjBqZXN0JTIwZHVtbmElMjB6JTIwYnljaWElMjBjeiVDNCU5OSVDNSU5QmNpJUM0JTg1JTIwcm9kemlueSUyMERpdmVyc2V5LiUzQyUyRmgyJTNFJTBBJTNDJTJGZGl2JTNFJTBBJTNDJTJGZGl2JTNF[\/vc_raw_html][\/vc_column_inner][\/vc_row_inner][\/vc_column][\/vc_row][vc_row][vc_column]\n  <div class=\"page-intro-block size-fit-image style-dark font-small\">\n         <div class=\"page-intro-block-i\">\n      <div class=\"row\">\n        <div class=\"page-intro-content\">\n            <div class=\"title-block\">\n                 <p>TASKI jest jedn\u0105 z czterech jednostek biznesowych Diversey. Firma TASKI jest wyj\u0105tkowa na rynku maszyn, poniewa\u017c zawsze korzysta\u0142a ze spostrze\u017ce\u0144 i informacji rynkowych udost\u0119pnianych przez firm\u0119 Diversey i jej eksperck\u0105 wiedz\u0119 bran\u017cow\u0105.<\/p>\n<p>Dog\u0142\u0119bna wiedza Diversey na temat globalnych, regionalnych i lokalnych mega trend\u00f3w oraz kluczowych problem\u00f3w klient\u00f3w zawsze pomaga\u0142a TASKI wyprzedza\u0107 konkurencj\u0119.<\/p>\n            <\/div>\n            <div class=\"page-intro-image\">\n                                <div class=\"page-intro-image-alt\">\n                    \n                    <img decoding=\"async\" src=\"https:\/\/staging.taski.com\/wp-content\/uploads\/2020\/11\/image-hover-1.jpg\" alt=\"\" \/>\n\n                <\/div>\n            <\/div>\n        <\/div>\n      <\/div>\n\n\n    <\/div>\n  <\/div>\n  <div class=\"cl-fl\"><\/div>\n[\/vc_column][\/vc_row][vc_row css=&#8221;.vc_custom_1612778658852{padding-top: 150px !important;padding-bottom: 150px !important;background-color: #fafafa !important;}&#8221;][vc_column][vc_raw_html]JTNDZGl2JTIwY2xhc3MlM0QlMjJ0aHJlZS1jdGEtYmxvY2stZ3JpZCUyMiUyMHN0eWxlJTNEJTIyanVzdGlmeS1jb250ZW50JTNBJTIwY2VudGVyJTNCJTIyJTNFJTIwJTIwJTIwJTIwJTIwJTIwJTIwJTIwJTIwJTIwJTIwJTBBJTIwJTIwJTIwJTIwJTIwJTIwJTIwJTIwJTIwJTIwJTIwJTNDZGl2JTIwY2xhc3MlM0QlMjJ0aHJlZS1jdGEtaXRlbSUyMiUzRSUwQSUyMCUyMCUyMCUyMCUyMCUyMCUyMCUyMCUyMCUyMCUyMCUyMCUzQ2RpdiUyMGNsYXNzJTNEJTIydGNpLWklMjIlM0UlMjAlMjAlMjAlMjAlMjAlMjAlMjAlMjAlMjAlMjAlMjAlMEElMjAlMjAlMjAlMjAlMjAlMjAlMjAlMjAlMjAlMjAlMjAlMjAlMjAlM0NkaXYlMjBjbGFzcyUzRCUyMnRjaS1pdGVtLWNvbnRlbnQlMjIlM0UlMEElMjAlMjAlMjAlMjAlMjAlMjAlMjAlMjAlMjAlMjAlMjAlMjAlMjAlMjAlMjAlMjAlM0NoNSUzRVdhbnQlMjB0byUzQ2JyJTNFZ2V0JTIwaW4lMjB0b3VjaCUzQyUyRmg1JTNFJTBBJTIwJTIwJTIwJTIwJTIwJTIwJTIwJTIwJTIwJTIwJTIwJTIwJTIwJTIwJTIwJTIwJTNDYSUyMGhyZWYlM0QlMjIlMkZuZXdzLWhlbHAtY29udGFjdHMlMkZhc2stcGF1bC1jb250YWN0JTJGJTIyJTNFJTNDcCUzRUNPTlRBQ1QlMjBVUyUzQyUyRnAlM0UlM0MlMkZhJTNFJTBBJTIwJTIwJTIwJTIwJTIwJTIwJTIwJTIwJTIwJTIwJTIwJTIwJTIwJTNDJTJGZGl2JTNFJTBBJTIwJTIwJTIwJTIwJTIwJTIwJTIwJTIwJTIwJTIwJTIwJTIwJTNDJTJGZGl2JTNFJTBBJTIwJTIwJTIwJTIwJTIwJTIwJTIwJTIwJTIwJTIwJTIwJTNDJTJGZGl2JTNFJTIwJTBBJTIwJTIwJTIwJTIwJTIwJTIwJTIwJTIwJTIwJTIwJTIwJTNDZGl2JTIwY2xhc3MlM0QlMjJ0aHJlZS1jdGEtaXRlbSUyMiUzRSUwQSUyMCUyMCUyMCUyMCUyMCUyMCUyMCUyMCUyMCUyMCUyMCUyMCUzQ2RpdiUyMGNsYXNzJTNEJTIydGNpLWklMjIlM0UlMjAlMjAlMjAlMjAlMjAlMjAlMjAlMjAlMjAlMjAlMjAlMEElMjAlMjAlMjAlMjAlMjAlMjAlMjAlMjAlMjAlMjAlMjAlMjAlMjAlM0NkaXYlMjBjbGFzcyUzRCUyMnRjaS1pdGVtLWNvbnRlbnQlMjIlM0UlMEElMjAlMjAlMjAlMjAlMjAlMjAlMjAlMjAlMjAlMjAlMjAlMjAlMjAlMjAlMjAlMjAlM0NoNSUzRVdhbnQlMjB0byUyMGtub3clMjBtb3JlJTNDYnIlM0UlMEFvJTIwRGl2ZXJzZXklM0MlMkZoNSUzRSUwQSUyMCUyMCUyMCUyMCUyMCUyMCUyMCUyMCUyMCUyMCUyMCUyMCUyMCUyMCUyMCUyMCUzQ2ElMjBocmVmJTNEJTIyaHR0cHMlM0ElMkYlMkZkaXZlcnNleS5jb20lMkZlbiUyMiUyMHRhcmdldCUzRCUyMl9ibGFuayUyMiUyMHN0eWxlJTNEJTIyJTIwcGFkZGluZyUzQSUyMDAlMjAxNXB4JTNCJTIyJTNFJTNDZGl2JTIwY2xhc3MlM0QlMjJ0YmwlMjIlM0UlM0NkaXYlMjBjbGFzcyUzRCUyMmNlbGwlMjIlM0UlM0NpbWclMjBzcmMlM0QlMjIlMkZ3cC1jb250ZW50JTJGdXBsb2FkcyUyRjIwMjAlMkYxMiUyRmRpdmVyc2V5LnBuZyUyMiUzRSUzQyUyRmRpdiUzRSUzQyUyRmRpdiUzRSUzQyUyRmElM0UlMEElMjAlMjAlMjAlMjAlMjAlMjAlMjAlMjAlMjAlMjAlMjAlMjAlMjAlM0MlMkZkaXYlM0UlMEElMjAlMjAlMjAlMjAlMjAlMjAlMjAlMjAlMjAlMjAlMjAlMjAlM0MlMkZkaXYlM0UlMEElMjAlMjAlMjAlMjAlMjAlMjAlMjAlMjAlMjAlMjAlMjAlM0MlMkZkaXYlM0UlMjAlMjAlMjAlMjAlMjAlMjAlMjAlMjAlMjAlMjAlMjAlMjAlMjAlMjAlMjAlMjAlMjAlMjAlMjAlMjAlMjAlMjAlMjAlMjAlMjAlMjAlMjAlMjAlMjAlMjAlMjAlMjAlMjAlMjAlMjAlMjAlMjAlMjAlMjAlMjAlMjAlMjAlMjAlMjAlMjAlMjAlMjAlMjAlMjAlMjAlMjAlMjAlMjAlMEElMjAlMjAlMjAlMjAlMjAlMjAlMjAlMjAlM0MlMkZkaXYlM0U=[\/vc_raw_html][\/vc_column][\/vc_row]<\/p>\n<\/div>","protected":false},"excerpt":{"rendered":"<p>[vc_row css=&#8221;.vc_custom_1607170931010{padding-top: 90px !important;padding-bottom: 90px !important;}&#8221;][vc_column][vc_row_inner][vc_column_inner][vc_raw_html]JTNDZGl2JTIwY2xhc3MlM0QlMjJwYWdlLXRpdGxlLXdpdGgtaW1hZ2UlMjIlM0UlMEElM0NkaXYlMjBjbGFzcyUzRCUyMnB0d2ktaSUyMiUzRSUwQSUzQ2RpdiUyMGNsYXNzJTNEJTIyaW1nJTIyJTNFJTNDaW1nJTIwc3JjJTNEJTIyJTJGd3AtY29udGVudCUyRnVwbG9hZHMlMkYyMDIwJTJGMTIlMkZkaXZlcnNleS5wbmclMjIlM0UlM0MlMkZkaXYlM0UlMEElM0NoMiUzRUZpcm1hJTIwVEFTS0klMjBqZXN0JTIwZHVtbmElMjB6JTIwYnljaWElMjBjeiVDNCU5OSVDNSU5QmNpJUM0JTg1JTIwcm9kemlueSUyMERpdmVyc2V5LiUzQyUyRmgyJTNFJTBBJTNDJTJGZGl2JTNFJTBBJTNDJTJGZGl2JTNF[\/vc_raw_html][\/vc_column_inner][\/vc_row_inner][\/vc_column][\/vc_row][vc_row][vc_column][\/vc_column][\/vc_row][vc_row css=&#8221;.vc_custom_1612778658852{padding-top: 150px !important;padding-bottom: 150px !important;background-color: #fafafa !important;}&#8221;][vc_column][vc_raw_html]JTNDZGl2JTIwY2xhc3MlM0QlMjJ0aHJlZS1jdGEtYmxvY2stZ3JpZCUyMiUyMHN0eWxlJTNEJTIyanVzdGlmeS1jb250ZW50JTNBJTIwY2VudGVyJTNCJTIyJTNFJTIwJTIwJTIwJTIwJTIwJTIwJTIwJTIwJTIwJTIwJTIwJTBBJTIwJTIwJTIwJTIwJTIwJTIwJTIwJTIwJTIwJTIwJTIwJTNDZGl2JTIwY2xhc3MlM0QlMjJ0aHJlZS1jdGEtaXRlbSUyMiUzRSUwQSUyMCUyMCUyMCUyMCUyMCUyMCUyMCUyMCUyMCUyMCUyMCUyMCUzQ2RpdiUyMGNsYXNzJTNEJTIydGNpLWklMjIlM0UlMjAlMjAlMjAlMjAlMjAlMjAlMjAlMjAlMjAlMjAlMjAlMEElMjAlMjAlMjAlMjAlMjAlMjAlMjAlMjAlMjAlMjAlMjAlMjAlMjAlM0NkaXYlMjBjbGFzcyUzRCUyMnRjaS1pdGVtLWNvbnRlbnQlMjIlM0UlMEElMjAlMjAlMjAlMjAlMjAlMjAlMjAlMjAlMjAlMjAlMjAlMjAlMjAlMjAlMjAlMjAlM0NoNSUzRVdhbnQlMjB0byUzQ2JyJTNFZ2V0JTIwaW4lMjB0b3VjaCUzQyUyRmg1JTNFJTBBJTIwJTIwJTIwJTIwJTIwJTIwJTIwJTIwJTIwJTIwJTIwJTIwJTIwJTIwJTIwJTIwJTNDYSUyMGhyZWYlM0QlMjIlMkZuZXdzLWhlbHAtY29udGFjdHMlMkZhc2stcGF1bC1jb250YWN0JTJGJTIyJTNFJTNDcCUzRUNPTlRBQ1QlMjBVUyUzQyUyRnAlM0UlM0MlMkZhJTNFJTBBJTIwJTIwJTIwJTIwJTIwJTIwJTIwJTIwJTIwJTIwJTIwJTIwJTIwJTNDJTJGZGl2JTNFJTBBJTIwJTIwJTIwJTIwJTIwJTIwJTIwJTIwJTIwJTIwJTIwJTIwJTNDJTJGZGl2JTNFJTBBJTIwJTIwJTIwJTIwJTIwJTIwJTIwJTIwJTIwJTIwJTIwJTNDJTJGZGl2JTNFJTIwJTBBJTIwJTIwJTIwJTIwJTIwJTIwJTIwJTIwJTIwJTIwJTIwJTNDZGl2JTIwY2xhc3MlM0QlMjJ0aHJlZS1jdGEtaXRlbSUyMiUzRSUwQSUyMCUyMCUyMCUyMCUyMCUyMCUyMCUyMCUyMCUyMCUyMCUyMCUzQ2RpdiUyMGNsYXNzJTNEJTIydGNpLWklMjIlM0UlMjAlMjAlMjAlMjAlMjAlMjAlMjAlMjAlMjAlMjAlMjAlMEElMjAlMjAlMjAlMjAlMjAlMjAlMjAlMjAlMjAlMjAlMjAlMjAlMjAlM0NkaXYlMjBjbGFzcyUzRCUyMnRjaS1pdGVtLWNvbnRlbnQlMjIlM0UlMEElMjAlMjAlMjAlMjAlMjAlMjAlMjAlMjAlMjAlMjAlMjAlMjAlMjAlMjAlMjAlMjAlM0NoNSUzRVdhbnQlMjB0byUyMGtub3clMjBtb3JlJTNDYnIlM0UlMEFvJTIwRGl2ZXJzZXklM0MlMkZoNSUzRSUwQSUyMCUyMCUyMCUyMCUyMCUyMCUyMCUyMCUyMCUyMCUyMCUyMCUyMCUyMCUyMCUyMCUzQ2ElMjBocmVmJTNEJTIyaHR0cHMlM0ElMkYlMkZkaXZlcnNleS5jb20lMkZlbiUyMiUyMHRhcmdldCUzRCUyMl9ibGFuayUyMiUyMHN0eWxlJTNEJTIyJTIwcGFkZGluZyUzQSUyMDAlMjAxNXB4JTNCJTIyJTNFJTNDZGl2JTIwY2xhc3MlM0QlMjJ0YmwlMjIlM0UlM0NkaXYlMjBjbGFzcyUzRCUyMmNlbGwlMjIlM0UlM0NpbWclMjBzcmMlM0QlMjIlMkZ3cC1jb250ZW50JTJGdXBsb2FkcyUyRjIwMjAlMkYxMiUyRmRpdmVyc2V5LnBuZyUyMiUzRSUzQyUyRmRpdiUzRSUzQyUyRmRpdiUzRSUzQyUyRmElM0UlMEElMjAlMjAlMjAlMjAlMjAlMjAlMjAlMjAlMjAlMjAlMjAlMjAlMjAlM0MlMkZkaXYlM0UlMEElMjAlMjAlMjAlMjAlMjAlMjAlMjAlMjAlMjAlMjAlMjAlMjAlM0MlMkZkaXYlM0UlMEElMjAlMjAlMjAlMjAlMjAlMjAlMjAlMjAlMjAlMjAlMjAlM0MlMkZkaXYlM0UlMjAlMjAlMjAlMjAlMjAlMjAlMjAlMjAlMjAlMjAlMjAlMjAlMjAlMjAlMjAlMjAlMjAlMjAlMjAlMjAlMjAlMjAlMjAlMjAlMjAlMjAlMjAlMjAlMjAlMjAlMjAlMjAlMjAlMjAlMjAlMjAlMjAlMjAlMjAlMjAlMjAlMjAlMjAlMjAlMjAlMjAlMjAlMjAlMjAlMjAlMjAlMjAlMjAlMEElMjAlMjAlMjAlMjAlMjAlMjAlMjAlMjAlM0MlMkZkaXYlM0U=[\/vc_raw_html][\/vc_column][\/vc_row]<\/p>\n","protected":false},"author":1,"featured_media":0,"parent":32805,"menu_order":391,"comment_status":"closed","ping_status":"closed","template":"","meta":{"_acf_changed":false,"_seopress_robots_primary_cat":"","_seopress_titles_title":"","_seopress_titles_desc":"","_seopress_robots_index":"","inline_featured_image":false,"footnotes":""},"class_list":["post-32792","page","type-page","status-publish","hentry"],"acf":[],"_links":{"self":[{"href":"https:\/\/staging.taski.com\/pl\/wp-json\/wp\/v2\/pages\/32792","targetHints":{"allow":["GET"]}}],"collection":[{"href":"https:\/\/staging.taski.com\/pl\/wp-json\/wp\/v2\/pages"}],"about":[{"href":"https:\/\/staging.taski.com\/pl\/wp-json\/wp\/v2\/types\/page"}],"author":[{"embeddable":true,"href":"https:\/\/staging.taski.com\/pl\/wp-json\/wp\/v2\/users\/1"}],"replies":[{"embeddable":true,"href":"https:\/\/staging.taski.com\/pl\/wp-json\/wp\/v2\/comments?post=32792"}],"version-history":[{"count":0,"href":"https:\/\/staging.taski.com\/pl\/wp-json\/wp\/v2\/pages\/32792\/revisions"}],"up":[{"embeddable":true,"href":"https:\/\/staging.taski.com\/pl\/wp-json\/wp\/v2\/pages\/32805"}],"wp:attachment":[{"href":"https:\/\/staging.taski.com\/pl\/wp-json\/wp\/v2\/media?parent=32792"}],"curies":[{"name":"wp","href":"https:\/\/api.w.org\/{rel}","templated":true}]}}