{"id":32782,"date":"2020-11-30T13:30:29","date_gmt":"2020-11-30T13:30:29","guid":{"rendered":"https:\/\/taski.com\/shop\/"},"modified":"2023-01-23T21:59:33","modified_gmt":"2023-01-23T21:59:33","slug":"shop","status":"publish","type":"page","link":"https:\/\/staging.taski.com\/pl\/shop\/","title":{"rendered":"M\u00f3j Sklep TASKI"},"content":{"rendered":"<div class=\"wpb-content-wrapper\"><p>[vc_row][vc_column]\n  <div class=\"shop-home-header\">\n    <div class=\"row\">\n        <h2>Znajd\u017a swoj\u0105 Maszyn\u0119 czyszcz\u0105c\u0105 Ultimate<\/h2>\n    <\/div>\n  <\/div>\n\n  <div class=\"shop-home-grid-block\">\n    <div class=\"row\">\n        <div class=\"shop-home-grid\">\n            <div class=\"shop-home-content\">\n              <div class=\"shop-home-content-grid\">\n                      <div class=\"shop-home-content-grid-item\"><a href=\"https:\/\/staging.taski.com\/pl\/kategoria-produktu\/pranie-wykladzin-pl\/\"><div class=\"front\"><div class=\"img\"><img decoding=\"async\" src=\"https:\/\/staging.taski.com\/wp-content\/uploads\/2021\/01\/TASKI-aquamat-10.1_picture-7.png\" \/><\/div><div class=\"title\">Pranie Wyk\u0142adzin<\/div><\/div><\/a><\/div><div class=\"shop-home-content-grid-item\"><a href=\"https:\/\/staging.taski.com\/pl\/kategoria-produktu\/zamiatarki-pl\/\"><div class=\"front\"><div class=\"img\"><img decoding=\"async\" src=\"https:\/\/staging.taski.com\/wp-content\/uploads\/2024\/11\/Balimat_1600_015_scale-1-1.png\" \/><\/div><div class=\"title\">Zamiatarki<\/div><\/div><\/a><\/div><div class=\"shop-home-content-grid-item\"><a href=\"https:\/\/staging.taski.com\/pl\/kategoria-produktu\/spryskiwacze-pl\/\"><div class=\"front\"><div class=\"img\"><img decoding=\"async\" src=\"https:\/\/staging.taski.com\/wp-content\/uploads\/2024\/11\/Sprayer15-image4-recut-final.png\" \/><\/div><div class=\"title\">Spryskiwacze<\/div><\/div><\/a><\/div><div class=\"shop-home-content-grid-item\"><a href=\"https:\/\/staging.taski.com\/pl\/kategoria-produktu\/maszyny-do-czyszczenia-parowego-pl\/\"><div class=\"front\"><div class=\"img\"><img decoding=\"async\" src=\"https:\/\/staging.taski.com\/wp-content\/uploads\/2024\/11\/sv4final-2.png\" \/><\/div><div class=\"title\">Maszyny do czyszczenia parowego<\/div><\/div><\/a><\/div><div class=\"shop-home-content-grid-item\"><a href=\"https:\/\/staging.taski.com\/pl\/kategoria-produktu\/odkurzacze-pl\/\"><div class=\"front\"><div class=\"img\"><img decoding=\"async\" src=\"https:\/\/staging.taski.com\/wp-content\/uploads\/2024\/11\/Copy-of-Copy-of-Aero_8_Flexx_026-1_crop-scaled-1.jpg\" \/><\/div><div class=\"title\">Odkurzacze<\/div><\/div><\/a><\/div><div class=\"shop-home-content-grid-item\"><a href=\"https:\/\/staging.taski.com\/pl\/kategoria-produktu\/maszyny-szorujaco-czyszczace-pl\/\"><div class=\"front\"><div class=\"img\"><img decoding=\"async\" src=\"https:\/\/staging.taski.com\/wp-content\/uploads\/2021\/01\/7516212_TASKI_swingo150-5.png\" \/><\/div><div class=\"title\">Maszyny szoruj\u0105co-czyszcz\u0105ce<\/div><\/div><\/a><\/div>              <\/div>\n            <\/div>\n\n        <\/div>\n    <\/div>\n  <\/div>\n\n\n\n\n  <div class=\"cl-fl\"><\/div>\n[\/vc_column][\/vc_row]<\/p>\n<\/div>","protected":false},"excerpt":{"rendered":"<p>[vc_row][vc_column][\/vc_column][\/vc_row]<\/p>\n","protected":false},"author":1,"featured_media":0,"parent":0,"menu_order":662,"comment_status":"closed","ping_status":"closed","template":"","meta":{"_acf_changed":false,"_seopress_robots_primary_cat":"","_seopress_titles_title":"","_seopress_titles_desc":"","_seopress_robots_index":"","inline_featured_image":false,"footnotes":""},"class_list":["post-32782","page","type-page","status-publish","hentry"],"acf":[],"_links":{"self":[{"href":"https:\/\/staging.taski.com\/pl\/wp-json\/wp\/v2\/pages\/32782","targetHints":{"allow":["GET"]}}],"collection":[{"href":"https:\/\/staging.taski.com\/pl\/wp-json\/wp\/v2\/pages"}],"about":[{"href":"https:\/\/staging.taski.com\/pl\/wp-json\/wp\/v2\/types\/page"}],"author":[{"embeddable":true,"href":"https:\/\/staging.taski.com\/pl\/wp-json\/wp\/v2\/users\/1"}],"replies":[{"embeddable":true,"href":"https:\/\/staging.taski.com\/pl\/wp-json\/wp\/v2\/comments?post=32782"}],"version-history":[{"count":0,"href":"https:\/\/staging.taski.com\/pl\/wp-json\/wp\/v2\/pages\/32782\/revisions"}],"wp:attachment":[{"href":"https:\/\/staging.taski.com\/pl\/wp-json\/wp\/v2\/media?parent=32782"}],"curies":[{"name":"wp","href":"https:\/\/api.w.org\/{rel}","templated":true}]}}