{"id":32769,"date":"2020-11-30T14:05:31","date_gmt":"2020-11-30T14:05:31","guid":{"rendered":"https:\/\/taski.com\/taski-selector\/"},"modified":"2023-01-23T22:22:13","modified_gmt":"2023-01-23T22:22:13","slug":"taski-selector","status":"publish","type":"page","link":"https:\/\/staging.taski.com\/pl\/taski-selector\/","title":{"rendered":"Selektor TASKI"},"content":{"rendered":"<div class=\"wpb-content-wrapper\"><p>[vc_row][vc_column]\n  <div class=\"page-intro-block size-fit-image style-dark font-medium\">\n         <div class=\"page-intro-block-i\">\n      <div class=\"row\">\n        <div class=\"page-intro-content\">\n            <div class=\"title-block\">\n                                     <h2>Wybierz i skonfiguruj optymalne<br \/>\nrozwi\u0105zanie dla Twoich potrzeb w zakresie sprz\u0105tania<\/h2>\n                    <p>Selektor TASKI to przydatne narz\u0119dzie do konfigurowania, kt\u00f3re pomo\u017ce Ci <strong>w znalezieniu perfekcyjnej maszyny.<\/strong><br \/>\n<strong>Mo\u017cesz zbudowa\u0107 swoj\u0105 w\u0142asn\u0105 konfiguracj\u0119 ULTIMATE.<\/strong><br \/>\nPomo\u017ce Ci nawet w skalkulowaniu <strong>Ca\u0142kowitych Koszt\u00f3w Czyszczenia <\/strong>w oparciu o 3 G\u0142\u00f3wne parametry maszyn na podstawie Twojego wyboru.<\/p>\n                             <\/div>\n            <div class=\"page-intro-image\">\n                                <div class=\"page-intro-image-alt\">\n                    \n                    <img decoding=\"async\" src=\"https:\/\/staging.taski.com\/wp-content\/uploads\/2020\/12\/fleet-management.jpg\" alt=\"\" \/>\n\n                <\/div>\n            <\/div>\n        <\/div>\n      <\/div>\n\n\n    <\/div>\n  <\/div>\n  <div class=\"cl-fl\"><\/div>\n[\/vc_column][\/vc_row][vc_row][vc_column]\n    <div class=\"taski-selector-block\">\n        <div class=\"row\">\n            \n            <div class=\"taski-selector-title\">Opracowali\u015bmy 3 sposoby aby pom\u00f3c Ci wybra\u0107 swoj\u0105 maszyn\u0119 czyszcz\u0105c\u0105 ULTIMATE<\/div>\n            \n            <div class=\"taski-selector-nav\">\n                <div class=\"taski-selector-nav-item\">        \n                    <a href=\"\/taski-selector\/machine-finder\/\">\n                        <div class=\"sq\">\n                            <div class=\"image\"><img decoding=\"async\" src=\"https:\/\/staging.taski.com\/wp-content\/uploads\/2020\/12\/85288_IntelliTrail.png\" \/><\/div>\n                            <h3>Machine<strong>Finder<\/strong><\/h3>       \n                        <\/div>\n                        <p>Follow our simple process to<br \/>help you find the best machine<br \/>for your Industry<\/p>\n                    <\/a>    \n                <\/div>\n                <div class=\"taski-selector-nav-item\">        \n                    <a href=\"\/taski-selector\/machine-builder\/\">\n                        <div class=\"sq\">\n                            <div class=\"image\"><img decoding=\"async\" src=\"https:\/\/staging.taski.com\/wp-content\/uploads\/2020\/12\/85288-Tools-and-accessories.png\" \/><\/div>\n                            <h3>Machine<strong>Builder<\/strong><\/h3>       \n                        <\/div>\n                        <p>Build and configure your<br \/>optimal machine<\/p>\n                    <\/a>    \n                <\/div>\n                <div class=\"taski-selector-nav-item\">        \n                    <a href=\"\/taski-selector\/cost-calculator\/\">\n                        <div class=\"sq\">\n                            <div class=\"image\"><img decoding=\"async\" src=\"https:\/\/staging.taski.com\/wp-content\/uploads\/2020\/12\/85288_Cost.png\" \/><\/div>\n                            <h3>Cost<strong>Calculator<\/strong><\/h3>       \n                        <\/div>\n                        <p>Compare and select the<br \/>machine with the lowest<br \/>cleaning cost for your needs.<\/p>\n                    <\/a>    \n                <\/div>                                \n            <\/div>\n        \n        <\/div>         \n    <\/div>                \n   \n[\/vc_column][\/vc_row][vc_row][vc_column]\n  <div class=\"page-description-block style-dark\">\n    <div class=\"page-description-block-i\">\n      <div class=\"row\">\n        <div class=\"page-description-content\">\n          <\/div><\/div><\/div><\/div><\/p>\n<h2><span class=\"Y2IQFc\" lang=\"pl\">Selektor TASKI jest wysoce wydajnym, <\/span><span class=\"Y2IQFc\" lang=\"pl\">wyrafinowanym narz\u0119dziem do skonfigurowania i wybrania idealnej maszyny, kt\u00f3ry nawet kalkuluje Ca\u0142kowity Koszt Posiadania.<\/span><\/h2>\n<p>Ty decydujesz jak model i kt\u00f3re opcje ma zaproponowa\u0107 Ci konfiguracja UTLIMATE.<\/p>\n        <\/div>\n      \n    \n  \n  <div class=\"cl-fl\"><\/div>\n[\/vc_column][\/vc_row]\n","protected":false},"excerpt":{"rendered":"<p>[vc_row][vc_column][\/vc_column][\/vc_row][vc_row][vc_column][\/vc_column][\/vc_row][vc_row][vc_column][\/vc_column][\/vc_row]<\/p>\n","protected":false},"author":1,"featured_media":0,"parent":0,"menu_order":710,"comment_status":"closed","ping_status":"closed","template":"page-selector.php","meta":{"_acf_changed":false,"_seopress_robots_primary_cat":"","_seopress_titles_title":"","_seopress_titles_desc":"","_seopress_robots_index":"","inline_featured_image":false,"footnotes":""},"class_list":["post-32769","page","type-page","status-publish","hentry"],"acf":[],"_links":{"self":[{"href":"https:\/\/staging.taski.com\/pl\/wp-json\/wp\/v2\/pages\/32769","targetHints":{"allow":["GET"]}}],"collection":[{"href":"https:\/\/staging.taski.com\/pl\/wp-json\/wp\/v2\/pages"}],"about":[{"href":"https:\/\/staging.taski.com\/pl\/wp-json\/wp\/v2\/types\/page"}],"author":[{"embeddable":true,"href":"https:\/\/staging.taski.com\/pl\/wp-json\/wp\/v2\/users\/1"}],"replies":[{"embeddable":true,"href":"https:\/\/staging.taski.com\/pl\/wp-json\/wp\/v2\/comments?post=32769"}],"version-history":[{"count":0,"href":"https:\/\/staging.taski.com\/pl\/wp-json\/wp\/v2\/pages\/32769\/revisions"}],"wp:attachment":[{"href":"https:\/\/staging.taski.com\/pl\/wp-json\/wp\/v2\/media?parent=32769"}],"curies":[{"name":"wp","href":"https:\/\/api.w.org\/{rel}","templated":true}]}}