{"id":32768,"date":"2020-11-30T14:05:55","date_gmt":"2020-11-30T14:05:55","guid":{"rendered":"https:\/\/taski.com\/financial-solutions\/"},"modified":"2023-01-23T22:08:13","modified_gmt":"2023-01-23T22:08:13","slug":"financial-solutions","status":"publish","type":"page","link":"https:\/\/staging.taski.com\/pl\/financial-solutions\/","title":{"rendered":"Mo\u017cliwo\u015bci Finansowania"},"content":{"rendered":"<div class=\"wpb-content-wrapper\"><p>[vc_row][vc_column]\n  <div class=\"page-intro-block size-fit-image style-dark font-large\">\n         <div class=\"page-intro-block-i\">\n      <div class=\"row\">\n        <div class=\"page-intro-content\">\n            <div class=\"title-block\">\n                                     <h2><span class=\"pt\">Mo\u017cliwo\u015bci Finansowania<\/span>Zakres elastycznych opcji finansowania w\u0142\u0105cznie z leasingiem, wynajmem, op\u0142aty za u\u017cytkowanie oraz maszyny u\u017cywane.<\/h2>\n                                                 <\/div>\n            <div class=\"page-intro-image\">\n                                <div class=\"page-intro-image-alt\">\n                    \n                    <img decoding=\"async\" src=\"https:\/\/staging.taski.com\/wp-content\/uploads\/2020\/12\/financial-solutions-intro.jpg\" alt=\"\" \/>\n\n                <\/div>\n            <\/div>\n        <\/div>\n      <\/div>\n\n\n    <\/div>\n  <\/div>\n  <div class=\"cl-fl\"><\/div>\n[\/vc_column][\/vc_row][vc_row][vc_column]\n  <div class=\"taski-column-block col-2\" style=\"\">\n                        <div class=\"single-block content-only yes-spacing light-grey\">\n              <div class=\"single-block-i\" style=\"background-image:url();\">\n                <div class=\"tbl\"><div class=\"cell\">\n                \n                <div class=\"content\"><h3><strong>Leasing<\/strong><\/h3>\n<p><strong>Opcje TASKI Leasing\u00a0 s\u0105 gam\u0105\u00a0 elastycznych i op\u0142acalnych rozwi\u0105za\u0144 do zakupu maszyn TASKI\u00a0 zapewniaj\u0105ce tak\u017ce\u00a0 Serwis TASKI.<\/strong><\/p>\n<p>Dost\u0119pne Opcje Zawieraj\u0105: Zakup na Raty\/ Wynajem Kontraktowy \/ Leasing Operacyjny<\/p>\n<p>W\u0142\u0105czaj\u0105c lub wy\u0142\u0105czaj\u0105c serwis, w \u0142atwych miesi\u0119cznych lub kwartalnych p\u0142atno\u015bciach od 1 to 5 lat.<\/p>\n<p>Pod koniec Twojej umowy mo\u017cesz wybiera\u0107 czy chcesz leasingowa\u0107 ten sam sprz\u0119t, nowy sprz\u0119t lub zwyczajnie go zwr\u00f3ci\u0107.<\/p>\n<p>Wszystkie nasze produkty konstruujemy tak, aby zapewni\u0107 Ci pe\u0142n\u0105 kontrol\u0119.<\/p>\n<\/div>\n                                <\/div><\/div>\n              <\/div>\n            <\/div>\n            <div class=\"single-block image-background-cover no-spacing dark-grey\">\n              <div class=\"single-block-i\" style=\"background-image:url(https:\/\/staging.taski.com\/wp-content\/uploads\/2021\/01\/finance_banner-scaled.jpg);\">\n                <div class=\"tbl\"><div class=\"cell\">\n                \n                \n                                <\/div><\/div>\n              <\/div>\n            <\/div>\n  <\/div>\n  <div class=\"cl-fl\"><\/div>\n\n  <div class=\"taski-column-block col-2\" style=\"\">\n                        <div class=\"single-block cta yes-spacing light-grey\">\n              <div class=\"single-block-i\" style=\"background-image:url();\">\n                <div class=\"tbl\"><div class=\"cell\">\n                \n                \n                                  <div class=\"tbl\"><div class=\"cell\">\n                    <div class=\"single-cta-item\">\n                        <div class=\"sci-i\">\n                            <div class=\"sci-item-content\">\n                                <div class=\"t\"><strong>Chcesz si\u0119 z nami skontaktowa\u0107<\/strong><br \/>\nlub masz pytania?<\/div>\n                                <div class=\"b\"><a href=\"\/news-help-contacts\/ask-paul-contact\/\">SKONTAKTUJ SIE<br \/>\nZ NAMI<\/a><\/div>\n                            <\/div>\n                        <\/div>\n                    <\/div>\n                  <\/div><\/div>\n                                <\/div><\/div>\n              <\/div>\n            <\/div>\n            <div class=\"single-block content-only yes-spacing dark-grey\">\n              <div class=\"single-block-i\" style=\"background-image:url();\">\n                <div class=\"tbl\"><div class=\"cell\">\n                \n                <div class=\"content\"><p><strong>Broszury i\u00a0 Materia\u0142y do Pobrania<\/strong><\/p>\n<ul>\n<li><a href=\"https:\/\/taski.com\/wp-content\/uploads\/2021\/01\/Leasing-Brochure.pdf\" target=\"_blank\" rel=\"noopener\">Broszura Leasing<\/a><\/li>\n<\/ul>\n<\/div>\n                                <\/div><\/div>\n              <\/div>\n            <\/div>\n  <\/div>\n  <div class=\"cl-fl\"><\/div>\n[\/vc_column][\/vc_row][vc_row][vc_column]\n  <div class=\"taski-column-block col-2\" style=\"\">\n                        <div class=\"single-block all no-spacing white\">\n              <div class=\"single-block-i\" style=\"background-image:url(https:\/\/staging.taski.com\/wp-content\/uploads\/2020\/12\/Rental-scaled.jpg);\">\n                <div class=\"tbl\"><div class=\"cell\">\n                <div class=\"image\"><img decoding=\"async\" src=\"https:\/\/staging.taski.com\/wp-content\/uploads\/2020\/12\/Rental-scaled.jpg\"\/><\/div>\n                \n                                <\/div><\/div>\n              <\/div>\n            <\/div>\n            <div class=\"single-block content-only yes-spacing light-grey\">\n              <div class=\"single-block-i\" style=\"background-image:url();\">\n                <div class=\"tbl\"><div class=\"cell\">\n                \n                <div class=\"content\"><h3><strong>Wynajem<\/strong><\/h3>\n<p><strong>Wynajem TASKI (Wynajmij i\u00a0 Czy\u015b\u0107) odpowiada potrzebom rosn\u0105cego trendu elastycznego dost\u0119pu do maszyny na kr\u00f3tszy okres czasu bez konieczno\u015bci jej sta\u0142ego posiadania.<\/strong><\/p>\n<p><span class=\"Y2IQFc\" lang=\"pl\">Nie ma znaczenia, na jak d\u0142ugo potrzebujesz, tydzie\u0144 czy kilka miesi\u0119cy, mamy do wynaj\u0119cia szerok\u0105 gam\u0119 akumulatorowych maszyn szoruj\u0105co-zbieraj\u0105cych.<\/span><\/p>\n<p><span class=\"Y2IQFc\" lang=\"pl\">Od ma\u0142ych do du\u017cych maszyn szoruj\u0105co-zbieraj\u0105cych, mamy odpowiedni\u0105 maszyn\u0119, kt\u00f3ra spe\u0142ni Twoje potrzeby. Wszystkie maszyny zostan\u0105 dostarczone na miejsce wraz ze szkoleniem dla u\u017cytkownik\u00f3w.<\/span><\/p>\n<p>Nasza wszechstronna telemetria IntelliTrail\u00a0 zapewnia ca\u0142odobowe monitorowanie zasob\u00f3w.<\/p>\n<p>Aby uzyska\u0107 wi\u0119cej informacji na temat opcji dost\u0119pnych w Twoim kraju,\u00a0 klinkij na nasz\u0105\u00a0 <a href=\"https:\/\/taski.com\/news-help-contacts\/ask-paul-contact\/\">stron\u0119 kontaktow\u0105<\/a>.<\/p>\n<\/div>\n                                <\/div><\/div>\n              <\/div>\n            <\/div>\n  <\/div>\n  <div class=\"cl-fl\"><\/div>\n\n  <div class=\"taski-column-block col-2\" style=\"\">\n                        <div class=\"single-block content-only yes-spacing white\">\n              <div class=\"single-block-i\" style=\"background-image:url();\">\n                <div class=\"tbl\"><div class=\"cell\">\n                \n                <div class=\"content\"><p><strong>Broszury i Materia\u0142y do Pobrania<\/strong><\/p>\n<p><a href=\"https:\/\/taski.com\/wp-content\/uploads\/2020\/12\/Rental-Brochure.pdf\" target=\"_blank\" rel=\"noopener\">Rental Brochure<\/a><\/p>\n<\/div>\n                                <\/div><\/div>\n              <\/div>\n            <\/div>\n            <div class=\"single-block cta yes-spacing light-grey\">\n              <div class=\"single-block-i\" style=\"background-image:url();\">\n                <div class=\"tbl\"><div class=\"cell\">\n                \n                \n                                  <div class=\"tbl\"><div class=\"cell\">\n                    <div class=\"single-cta-item\">\n                        <div class=\"sci-i\">\n                            <div class=\"sci-item-content\">\n                                <div class=\"t\"><strong>Chcesz si\u0119 skontaktowa\u0107<\/strong><br \/>\nlub masz pytania?<\/div>\n                                <div class=\"b\"><a href=\"\/news-help-contacts\/ask-paul-contact\/\">CONTACT<br \/>\nUS<\/a><\/div>\n                            <\/div>\n                        <\/div>\n                    <\/div>\n                  <\/div><\/div>\n                                <\/div><\/div>\n              <\/div>\n            <\/div>\n  <\/div>\n  <div class=\"cl-fl\"><\/div>\n[\/vc_column][\/vc_row][vc_row][vc_column]\n  <div class=\"taski-column-block col-2\" style=\"\">\n                        <div class=\"single-block content-only yes-spacing light-grey\">\n              <div class=\"single-block-i\" style=\"background-image:url();\">\n                <div class=\"tbl\"><div class=\"cell\">\n                \n                <div class=\"content\"><h3><strong>P\u0142atno\u015bci Za U\u017cytkowanie<\/strong><\/h3>\n<p><strong>Metoda p\u0142atno\u015bci za u\u017cytkowanie TASKI IntelliPay\u00a0 jest nowym, rewolucyjnym konceptem, w kt\u00f3rym p\u0142acisz tylko za czas u\u017cytkowania maszyny.<\/strong><\/p>\n<p>Nasza wszechstronna telemetria\u00a0 IntelliTrail zapewnia ca\u0142odobowe monitorowanie zasob\u00f3w. <span class=\"Y2IQFc\" lang=\"pl\">Rejestruje dok\u0142adne u\u017cycie i przesy\u0142a dane zwrotne, w tym informacje o bezpiecze\u0144stwie geo-fence, kolizjach lub uszkodzeniach, \u0142adowaniu baterii i interwencjach serwisowych, aby zapewni\u0107 optymaln\u0105 prac\u0119 maszyny.<\/span><\/p>\n<p>Aby uzyska\u0107 wi\u0119cej informacji na temat opcji dost\u0119pnych w Twoim kraju,\u00a0 klinkij na nasz\u0105 <a href=\"https:\/\/taski.com\/news-help-contacts\/ask-paul-contact\/\">stron\u0119 kontaktow\u0105<\/a>.<\/p>\n<\/div>\n                                <\/div><\/div>\n              <\/div>\n            <\/div>\n            <div class=\"single-block all yes-spacing dark-grey\">\n              <div class=\"single-block-i\" style=\"background-image:url(https:\/\/staging.taski.com\/wp-content\/uploads\/2020\/12\/Pay-per-use-scaled.jpeg);\">\n                <div class=\"tbl\"><div class=\"cell\">\n                <div class=\"image\"><img decoding=\"async\" src=\"https:\/\/staging.taski.com\/wp-content\/uploads\/2020\/12\/Pay-per-use-scaled.jpeg\"\/><\/div>\n                \n                                <\/div><\/div>\n              <\/div>\n            <\/div>\n  <\/div>\n  <div class=\"cl-fl\"><\/div>\n\n  <div class=\"taski-column-block col-2\" style=\"\">\n                        <div class=\"single-block cta yes-spacing light-grey\">\n              <div class=\"single-block-i\" style=\"background-image:url();\">\n                <div class=\"tbl\"><div class=\"cell\">\n                \n                \n                                  <div class=\"tbl\"><div class=\"cell\">\n                    <div class=\"single-cta-item\">\n                        <div class=\"sci-i\">\n                            <div class=\"sci-item-content\">\n                                <div class=\"t\"><strong>Chcesz si\u0119 skontaktowa\u0107 <\/strong><br \/>\nlub masz pytanie?<\/div>\n                                <div class=\"b\"><a href=\"\/news-help-contacts\/ask-paul-contact\/\">SKONTAKTUJ SI\u0118<br \/>\nZ NAMI<\/a><\/div>\n                            <\/div>\n                        <\/div>\n                    <\/div>\n                  <\/div><\/div>\n                                <\/div><\/div>\n              <\/div>\n            <\/div>\n            <div class=\"single-block content-only yes-spacing dark-grey\">\n              <div class=\"single-block-i\" style=\"background-image:url();\">\n                <div class=\"tbl\"><div class=\"cell\">\n                \n                <div class=\"content\"><p><strong>Broszury i Materia\u0142y do Pobrania<\/strong><\/p>\n<ul>\n<li>Prosimy o wype\u0142nienie strony kontaktowej<\/li>\n<\/ul>\n<\/div>\n                                <\/div><\/div>\n              <\/div>\n            <\/div>\n  <\/div>\n  <div class=\"cl-fl\"><\/div>\n[\/vc_column][\/vc_row][vc_row][vc_column]\n  <div class=\"taski-column-block col-2\" style=\"\">\n                        <div class=\"single-block image-background-cover no-spacing white\">\n              <div class=\"single-block-i\" style=\"background-image:url(https:\/\/staging.taski.com\/wp-content\/uploads\/2020\/12\/machines.jpg);\">\n                <div class=\"tbl\"><div class=\"cell\">\n                \n                \n                                <\/div><\/div>\n              <\/div>\n            <\/div>\n            <div class=\"single-block content-only yes-spacing light-grey\">\n              <div class=\"single-block-i\" style=\"background-image:url();\">\n                <div class=\"tbl\"><div class=\"cell\">\n                \n                <div class=\"content\"><h3><strong>Maszyny U\u017cywane<\/strong><\/h3>\n<p><strong>Program Maszyn U\u017cywanych TASKI oferuje mo\u017cliwo\u015b\u0107 <span class=\"Y2IQFc\" lang=\"pl\">wypr\u00f3bowania jako\u015bci i niezawodno\u015bci TASKI w postaci starannie przygotowanych i serwisowanych maszyn u\u017cywanych.<\/span><\/strong><\/p>\n<p><span class=\"Y2IQFc\" lang=\"pl\">Eksperci od czyszczenia i higieny rozumiej\u0105 najwy\u017cszy ca\u0142kowity koszt posiadania (TCO) i ca\u0142kowity koszt u\u017cytkowania (TCU) TASKI. Projekt, jako\u015b\u0107 i niezawodno\u015b\u0107 TASKI s\u0105 legendarne. U\u017cywane maszyny przygotowane do odsprzeda\u017cy przez TASKI s\u0105 testowane zgodnie z rygorystycznymi normami jako\u015bci. Oczekujesz najlepszego, najlepsze u\u017cywane maszyny s\u0105 dost\u0119pne tylko w firmie TASKI.<\/span><\/p>\n<p>Aby uzyska\u0107 wi\u0119cej informacji na temat opcji dost\u0119pnych w Twoim kraju,\u00a0 klinkij na nasz\u0105 <a href=\"https:\/\/taski.com\/news-help-contacts\/ask-paul-contact\/\">stron\u0119 kontaktow\u0105<\/a>.<\/p>\n<\/div>\n                                <\/div><\/div>\n              <\/div>\n            <\/div>\n  <\/div>\n  <div class=\"cl-fl\"><\/div>\n\n  <div class=\"taski-column-block col-2\" style=\"\">\n                        <div class=\"single-block content-only yes-spacing white\">\n              <div class=\"single-block-i\" style=\"background-image:url();\">\n                <div class=\"tbl\"><div class=\"cell\">\n                \n                <div class=\"content\"><p><strong>Broszury i Materia\u0142y do pobrania<\/strong><\/p>\n<ul>\n<li><a href=\"https:\/\/taski.com\/wp-content\/uploads\/2020\/12\/Pre-Owned-Brochure.pdf\" target=\"_blank\" rel=\"noopener\">Pre-Owned Brochure<\/a><\/li>\n<\/ul>\n<\/div>\n                                <\/div><\/div>\n              <\/div>\n            <\/div>\n            <div class=\"single-block cta yes-spacing light-grey\">\n              <div class=\"single-block-i\" style=\"background-image:url();\">\n                <div class=\"tbl\"><div class=\"cell\">\n                \n                \n                                  <div class=\"tbl\"><div class=\"cell\">\n                    <div class=\"single-cta-item\">\n                        <div class=\"sci-i\">\n                            <div class=\"sci-item-content\">\n                                <div class=\"t\"><strong>Chcesz si\u0119 z nami skontaktowa\u0107<\/strong><br \/>\nlub masz pytania?<\/div>\n                                <div class=\"b\"><a href=\"\/news-help-contacts\/ask-paul-contact\/\">SKONTAKTUJ SI\u0118<br \/>\nZ NAMI<\/a><\/div>\n                            <\/div>\n                        <\/div>\n                    <\/div>\n                  <\/div><\/div>\n                                <\/div><\/div>\n              <\/div>\n            <\/div>\n  <\/div>\n  <div class=\"cl-fl\"><\/div>\n[\/vc_column][\/vc_row][vc_row][vc_column]\n  <div class=\"three-cta-block\">\n    <div class=\"three-cta-block-i\">\n      <div class=\"row\">\n        <div class=\"three-cta-block-grid\">\n           <div class=\"three-cta-item\">\n            <div class=\"tci-i\">\n             <div class=\"tci-item-content\">\n                <h5><strong>Chcesz wiedzie\u0107<\/strong><br \/>\nwi\u0119cej<\/h5>\n                <a href=\"\/products-innovations-solutions\/\"><p>ROZWI\u0104ZANIA<br \/>\nDLA TWOJEGO SEKTORA<\/p><\/a>\n             <\/div>\n            <\/div>\n           <\/div>\n           <div class=\"three-cta-item\">\n            <div class=\"tci-i\">\n             <div class=\"tci-item-content\">\n                <h5><strong>Sprawd\u017a<\/strong><br \/>\nnasz TASKI<br \/>\nselektor<\/h5>\n                <a href=\"\/taski-selector\/\"><p>ZNAJD\u0179<br \/>\nSWOJ\u0104 MASZYN\u0118<br \/>\nTASKI<\/p><\/a>\n             <\/div>\n            <\/div>\n           <\/div>\n           <div class=\"three-cta-item\">\n            <div class=\"tci-i\">\n             <div class=\"tci-item-content\">\n                <h5><strong>Chcesz si\u0119<\/strong><br \/>\nsi\u0119 z nami sontaktowa\u0107?<\/h5>\n                <a href=\"\/news-help-contacts\/ask-paul-contact\/\"><p>SKONTAKTUJ SI\u0118 Z NAMI<\/p><\/a>\n             <\/div>\n            <\/div>\n           <\/div>\n        <\/div>\n      <\/div>\n    <\/div>\n  <\/div>\n  <div class=\"cl-fl\"><\/div>\n[\/vc_column][\/vc_row]<\/p>\n<\/div>","protected":false},"excerpt":{"rendered":"<p>[vc_row][vc_column][\/vc_column][\/vc_row][vc_row][vc_column][\/vc_column][\/vc_row][vc_row][vc_column][\/vc_column][\/vc_row][vc_row][vc_column][\/vc_column][\/vc_row][vc_row][vc_column][\/vc_column][\/vc_row][vc_row][vc_column][\/vc_column][\/vc_row]<\/p>\n","protected":false},"author":1,"featured_media":0,"parent":0,"menu_order":737,"comment_status":"closed","ping_status":"closed","template":"","meta":{"_acf_changed":false,"_seopress_robots_primary_cat":"","_seopress_titles_title":"","_seopress_titles_desc":"","_seopress_robots_index":"","inline_featured_image":false,"footnotes":""},"class_list":["post-32768","page","type-page","status-publish","hentry"],"acf":[],"_links":{"self":[{"href":"https:\/\/staging.taski.com\/pl\/wp-json\/wp\/v2\/pages\/32768","targetHints":{"allow":["GET"]}}],"collection":[{"href":"https:\/\/staging.taski.com\/pl\/wp-json\/wp\/v2\/pages"}],"about":[{"href":"https:\/\/staging.taski.com\/pl\/wp-json\/wp\/v2\/types\/page"}],"author":[{"embeddable":true,"href":"https:\/\/staging.taski.com\/pl\/wp-json\/wp\/v2\/users\/1"}],"replies":[{"embeddable":true,"href":"https:\/\/staging.taski.com\/pl\/wp-json\/wp\/v2\/comments?post=32768"}],"version-history":[{"count":0,"href":"https:\/\/staging.taski.com\/pl\/wp-json\/wp\/v2\/pages\/32768\/revisions"}],"wp:attachment":[{"href":"https:\/\/staging.taski.com\/pl\/wp-json\/wp\/v2\/media?parent=32768"}],"curies":[{"name":"wp","href":"https:\/\/api.w.org\/{rel}","templated":true}]}}