{"id":32756,"date":"2020-11-30T15:58:36","date_gmt":"2020-11-30T15:58:36","guid":{"rendered":"https:\/\/taski.com\/healthcare-acute\/"},"modified":"2023-01-23T21:12:59","modified_gmt":"2023-01-23T21:12:59","slug":"healthcare-acute","status":"publish","type":"page","link":"https:\/\/staging.taski.com\/pl\/why-taski\/your-markets-sectors\/healthcare-acute\/","title":{"rendered":"Dora\u017ana Opieka Zdrowotna"},"content":{"rendered":"<div class=\"wpb-content-wrapper\"><p>[vc_row][vc_column]\n  <div class=\"page-intro-block size-fit-image style-dark font-large\">\n         <div class=\"page-intro-block-i\">\n      <div class=\"row\">\n        <div class=\"page-intro-content\">\n            <div class=\"title-block\">\n                                     <h2><span class=\"pt\">Dora\u017ana Opieka Zdrowotna<\/span>Czy potrzebujesz zadba\u0107 o bezpiecze\u0144stwo i higien\u0119 w swoim szpitalu, aby <strong>pom\u00f3c ograniczy\u0107 infekcje?<\/strong><br \/>\nTASKI mo\u017ce Ci pom\u00f3c.<\/h2>\n                                                 <\/div>\n            <div class=\"page-intro-image\">\n                                <div class=\"page-intro-image-alt\">\n                    \n                    <img decoding=\"async\" src=\"https:\/\/staging.taski.com\/wp-content\/uploads\/2021\/01\/HEALTHCARE_26_Cleaning_hallway-3-1.jpg\" alt=\"\" \/>\n\n                <\/div>\n            <\/div>\n        <\/div>\n      <\/div>\n\n\n    <\/div>\n  <\/div>\n  <div class=\"cl-fl\"><\/div>\n[\/vc_column][\/vc_row][vc_row css=&#8221;.vc_custom_1606587476742{padding-top: 80px !important;padding-bottom: 95px !important;}&#8221;][vc_column][vc_row_inner][vc_column_inner]\n  <div class=\"page-video-block\">\n    <div class=\"page-video-block-i\">\n      <div class=\"row\">\n        <div class=\"page-video-block-content\">\n            <div class=\"title-block\">\n                 <h2>Jakie s\u0105 Twoje najwi\u0119ksze trudno\u015bci?<\/h2>\n            <\/div>\n            <div class=\"page-video-image\">\n                \n              <a href=\"#\" class=\"video-player-link\" data-video-id=\"485944407\" data-src=\"https:\/\/player.vimeo.com\/video\/485944407\">\n                <img decoding=\"async\" src=\"https:\/\/staging.taski.com\/wp-content\/uploads\/2021\/01\/Healthcare-Acute-needs-image.jpg\" alt=\"Jakie s\u0105 Twoje najwi\u0119ksze trudno\u015bci? Image\" \/>\n\n     <div class=\"page-video-video-abs\"><div class=\"video-embed\"><iframe loading=\"lazy\" id=\"\" src=\"\" width=\"100%\" height=\"100%\" frameborder=\"0\" style=\"position:absolute;top:0;left:0;width:100%;height:100%;\"   allow=\"autoplay; fullscreen\" muted webkitallowfullscreen mozallowfullscreen allowfullscreen><\/iframe><\/div><\/div>              <\/a>\n            <\/div>\n        <\/div>\n      <\/div>\n\n\n    <\/div>\n  <\/div>\n  <div class=\"cl-fl\"><\/div>\n[\/vc_column_inner][\/vc_row_inner][\/vc_column][\/vc_row][vc_row css=&#8221;.vc_custom_1606587476742{padding-top: 80px !important;padding-bottom: 95px !important;}&#8221;][vc_column]\n  <div class=\"taski-carousel-block \" style=\"\">\n    <div class=\"taski-carousel-block-i\">\n\n      <div class=\"taski-carousel-title\"><p>We understand your sector's needs<\/p><\/div>\n      <div class=\"row\">\n       <div class=\"taski-carousel-holder\">\n        <div class=\"taski-carousel owl-carousel owl-theme\" id=\"taski-carousel\">\n                                    <div class=\"item taski-slide\">\n                            <div class=\"its-i\">\n                <div class=\"media-w\">\n                    <div class=\"image\">\n                      <div class=\"image-i\">\n                        <img decoding=\"async\" src=\"https:\/\/staging.taski.com\/wp-content\/uploads\/2020\/12\/customer-experience.svg\" \/>\n                      <\/div>\n                    <\/div>\n                <\/div>\n                <div class=\"text\">\n                    <div class=\"title\">Do\u015bwiadczenia Twoich Pacjent\u00f3w<\/div>\n                    <p>Stw\u00f3rz bezpieczne i higieniczne \u015brodowisko dla swoich pacjent\u00f3w. Zobacz, jak nasze <strong>maszyny szoruj\u0105co-zbieraj\u0105ce swingo i filtry HEPA<\/strong> zmniejszaj\u0105 ryzyko.<\/p>\n                                    <\/div>\n              <\/div>\n                          <\/div>\n            <div class=\"item taski-slide\">\n                            <div class=\"its-i\">\n                <div class=\"media-w\">\n                    <div class=\"image\">\n                      <div class=\"image-i\">\n                        <img decoding=\"async\" src=\"https:\/\/staging.taski.com\/wp-content\/uploads\/2020\/12\/people-safety.svg\" \/>\n                      <\/div>\n                    <\/div>\n                <\/div>\n                <div class=\"text\">\n                    <div class=\"title\">Ludzie i Bezpiecze\u0144stwo<\/div>\n                    <p>Chro\u0144 swoich pacjent\u00f3w i personel dzi\u0119ki ulepszonemu powietrzu, higienie i suszeniu pod\u0142\u00f3g. Zmechanizuj wi\u0119cej sprz\u0105tania i zmniejsz ryzyko upadku dzi\u0119ki <strong> bezprzewodowym odkurzaczom akumulatorowym AERO.<\/strong><\/p>\n                                    <\/div>\n              <\/div>\n                          <\/div>\n            <div class=\"item taski-slide\">\n                            <div class=\"its-i\">\n                <div class=\"media-w\">\n                    <div class=\"image\">\n                      <div class=\"image-i\">\n                        <img decoding=\"async\" src=\"https:\/\/staging.taski.com\/wp-content\/uploads\/2020\/12\/brand-protection.svg\" \/>\n                      <\/div>\n                    <\/div>\n                <\/div>\n                <div class=\"text\">\n                    <div class=\"title\">Ochrona Marki<\/div>\n                    <p>Chro\u0144 swoich pacjent\u00f3w, jednocze\u015bnie chroni\u0105c swoj\u0105 mark\u0119. Przyjrzyj si\u0119 naszym <strong>filtrom HEPA i mikro maszynom szoruj\u0105co-zbieraj\u0105cym z zasilaniem bateryjnym<\/strong>, aby uzyska\u0107 lepsz\u0105 jako\u015b\u0107 powietrza w pomieszczeniach i bezpieczniejsze pod\u0142ogi.<\/p>\n                                    <\/div>\n              <\/div>\n                          <\/div>\n            <div class=\"item taski-slide\">\n                            <div class=\"its-i\">\n                <div class=\"media-w\">\n                    <div class=\"image\">\n                      <div class=\"image-i\">\n                        <img decoding=\"async\" src=\"https:\/\/staging.taski.com\/wp-content\/uploads\/2020\/12\/cost-control.svg\" \/>\n                      <\/div>\n                    <\/div>\n                <\/div>\n                <div class=\"text\">\n                    <div class=\"title\">Kontrola Koszt\u00f3w<\/div>\n                    <p>Zmniejsz koszty posiadania i czyszczenia dzi\u0119ki elastycznemu zarz\u0105dzaniu finansami i flot\u0105. Zapoznaj si\u0119 z naszymi elastycznymi <strong>opcjami finansowania i us\u0142ug<\/strong> oraz <strong>narz\u0119dziem do zarz\u0105dzania flot\u0105 IntelliTrail.<\/strong><\/p>\n                                    <\/div>\n              <\/div>\n                          <\/div>\n            <div class=\"item taski-slide\">\n                            <div class=\"its-i\">\n                <div class=\"media-w\">\n                    <div class=\"image\">\n                      <div class=\"image-i\">\n                        <img decoding=\"async\" src=\"https:\/\/staging.taski.com\/wp-content\/uploads\/2020\/12\/infection-prevention.svg\" \/>\n                      <\/div>\n                    <\/div>\n                <\/div>\n                <div class=\"text\">\n                    <div class=\"title\">Zapobieganie Infekcjom<\/div>\n                    <p>Chro\u0144 swoich pacjent\u00f3w i personel. Maszyny TASKI s\u0105 zaprojektowane tak, aby by\u0142y <strong>ergonomiczne, zapewnia\u0142y doskona\u0142e sprz\u0105tanie, aby zmniejsza\u0142y ryzyko infekcji, by\u0142y \u0142atwe do utrzymania w czysto\u015bci i higienie.<\/strong><\/p>\n                                    <\/div>\n              <\/div>\n                          <\/div>\n                    <\/div>\n\n        <div class=\"taski-carousel-navigation\">\n          <div class=\"nav-left\">\n            <a href=\"#\"><i class=\"fa fa-chevron-left\"><\/i><\/a>\n          <\/div>\n          <div class=\"nav-description\">\n\n          <\/div>\n          <div class=\"nav-right\">\n            <a href=\"#\"><i class=\"fa fa-chevron-right\"><\/i><\/a>\n          <\/div>\n        <\/div>\n       <\/div>\n      <\/div>\n   <\/div>\n  <\/div>\n  <div class=\"cl-fl\"><\/div>\n[\/vc_column][\/vc_row][vc_row css=&#8221;.vc_custom_1606653988515{padding-top: 80px !important;padding-bottom: 80px !important;background-color: #505050 !important;}&#8221;][vc_column][vc_row_inner][vc_column_inner]\n  <div class=\"testimonials-block\">\n    <div class=\"testimonials-block-i\">\n      <div class=\"row\">\n        <div class=\"title-block\">\n            <h2>Co m\u00f3wi\u0105 nasi klienci<\/h2>\n        <\/div>\n\n        <div class=\"testimonials-grid\">\n           <div class=\"testimonial-item\">\n            <div class=\"ti-i\">\n             <img decoding=\"async\" src=\"https:\/\/staging.taski.com\/wp-content\/uploads\/2020\/11\/testimonial-1.jpg\" alt=\"Image\" \/>\n             <div class=\"test-item-content\">\n                <div class=\"test-item-title\">Jako\u015b\u0107 powietrza w pomieszczeniach (IAQ) zosta\u0142a zbadana przez ameryka\u0144sk\u0105 grup\u0119 szpitaln\u0105 jako <strong>obszar wymagaj\u0105cy poprawy<\/strong>.<\/div>\n                <div class=\"test-item-text\"><p>\u201eSzpital ma obowi\u0105zek dba\u0107 o swoich pacjent\u00f3w, dlatego pytamy o ich opinie. M\u00f3wi\u0105 nam, \u017ce higiena jest jednym z trzech najwa\u017cniejszych czynnik\u00f3w, kt\u00f3re s\u0105 dla nich wa\u017cne. Robimy wszystko, co w naszej mocy, aby zachowa\u0107 najwy\u017csze standardy. Przej\u015bcie na filtry HEPA zamontowane w ca\u0142ej naszej flocie odkurzaczy by\u0142o decyzj\u0105, kt\u00f3r\u0105 podj\u0119li\u015bmy, aby poprawi\u0107 jako\u015b\u0107 powietrza nie tylko w obszarach klinicznych. Wybrali\u015bmy r\u00f3wnie\u017c ultra cichy TASKI AERO, aby zminimalizowa\u0107 zak\u0142\u00f3cenia dla pacjenta\u201d.<\/p><\/div>\n             <\/div>\n            <\/div>\n           <\/div>\n           <div class=\"testimonial-item\">\n            <div class=\"ti-i\">\n             <img decoding=\"async\" src=\"https:\/\/staging.taski.com\/wp-content\/uploads\/2020\/11\/testimonial-2.jpg\" alt=\"Image\" \/>\n             <div class=\"test-item-content\">\n                <div class=\"test-item-title\">Niemiecki szpital, kt\u00f3remu zale\u017ca\u0142o na jeszcze <strong>ni\u017cszych wska\u017anikach infekcji<\/strong>, dok\u0142adniej przyjrza\u0142 si\u0119 sposobom konserwacji swojego sprz\u0119tu do sprz\u0105tania<\/div>\n                <div class=\"test-item-text\"><p>\u201eCi\u0119\u017cko pracowali\u015bmy, aby mie\u0107 pod kontrol\u0105 wska\u017anik zaka\u017ce\u0144 nabytych w s\u0142u\u017cbie zdrowia (HAI) w tym szpitalu. Czyszczenie i dezynfekcja naszego sprz\u0119tu sprz\u0105taj\u0105cego po ka\u017cdej zmianie jest teraz standardow\u0105 procedur\u0105. \u017b\u00f3\u0142te punkty kontrolne TASKI i \u0142atwe do usuni\u0119cia cz\u0119\u015bci konserwacyjne by\u0142y kluczowym elementem, dlaczego wybrali\u015bmy TASKI\u201d.<\/p><\/div>\n             <\/div>\n            <\/div>\n           <\/div>\n           <div class=\"testimonial-item\">\n            <div class=\"ti-i\">\n             <img decoding=\"async\" src=\"https:\/\/staging.taski.com\/wp-content\/uploads\/2020\/11\/testimonial-3.jpg\" alt=\"Image\" \/>\n             <div class=\"test-item-content\">\n                <div class=\"test-item-title\">Du\u017cy szpital miejski w Hiszpanii zdecydowa\u0142 si\u0119 zmechanizowa\u0107 sprz\u0105tanie po dokonaniu oceny ryzyka wynikaj\u0105cego z po\u015blizgni\u0119\u0107.<\/div>\n                <div class=\"test-item-text\"><p>Osoby przebywaj\u0105ce w naszym szpitalu s\u0105 w szczeg\u00f3lnie delikatnym stanie, dlatego robimy wszystko, aby pod\u0142ogi by\u0142y nie tylko czyste, ale higienicznie czyste i zawsze ca\u0142kowicie suche. To by\u0142a \u015bwiadoma decyzja, aby odej\u015b\u0107 od zmywania i ca\u0142kowicie zmechanizowa\u0107 czyszczenie pod\u0142\u00f3g, aby zapewni\u0107, \u017ce nasze pod\u0142ogi s\u0105 suche i bezpieczniejsze dla pacjent\u00f3w. TASKI zapewnia rozwi\u0105zanie dla ka\u017cdego pi\u0119tra w ka\u017cdej cz\u0119\u015bci szpitala\u201d.<\/p><\/div>\n             <\/div>\n            <\/div>\n           <\/div>\n\n        <\/div>\n\n      <\/div>\n    <\/div>\n  <\/div>\n  <div class=\"cl-fl\"><\/div>\n[\/vc_column_inner][\/vc_row_inner][\/vc_column][\/vc_row][vc_row][vc_column][vc_column_text]<\/p>\n<h2 style=\"text-align: center;\"><span class=\"Y2IQFc\" lang=\"pl\">Pobierz nasze broszury bran\u017cowe i przewodniki po produktach<\/span><\/h2>\n<p>[\/vc_column_text][\/vc_column][\/vc_row][vc_row][vc_column width=&#8221;1\/3&#8243;]  <div class=\"feature-icon-w\">\n    <div class=\"feature-icon-i\">\n     <a href=\"https:\/\/taski.com\/wp-content\/uploads\/2022\/11\/Healthcare-Acute-Sector-Brochure.pdf\" target=\"_blank\">       <div class=\"feature-tbl\">\n        <div class=\"feature-cell image-cell\">\n          <img decoding=\"async\" class=\"aligncenter size-full\" alt=\"\" src=\"https:\/\/staging.taski.com\/wp-content\/uploads\/2020\/12\/icon-document.png\"\/>\n        <\/div>\n        <div class=\"feature-cell description-cell\">\n          <p>Broszura dla sektora Dora\u017anej Opieki Zdrowotnej<\/p>\n        <\/div>\n       <\/div>\n        <\/a>       <div class=\"cl-fl\"><\/div>\n    <\/div>\n  <\/div>\n[\/vc_column][vc_column width=&#8221;1\/3&#8243;]  <div class=\"feature-icon-w\">\n    <div class=\"feature-icon-i\">\n     <a href=\"https:\/\/taski.com\/wp-content\/uploads\/2022\/05\/ULTIMAXX-Healthcare-Brochure.pdf\" target=\"_blank\">       <div class=\"feature-tbl\">\n        <div class=\"feature-cell image-cell\">\n          <img decoding=\"async\" class=\"aligncenter size-full\" alt=\"\" src=\"\"\/>\n        <\/div>\n        <div class=\"feature-cell description-cell\">\n          <p>Broszura nowych maszyn ULTIMAXX dla Sektora Opieki Zdrowotnej<\/p>\n        <\/div>\n       <\/div>\n        <\/a>       <div class=\"cl-fl\"><\/div>\n    <\/div>\n  <\/div>\n[\/vc_column][\/vc_row][vc_row][vc_column][vc_row_inner][vc_column_inner]\n  <div class=\"three-cta-block\">\n    <div class=\"three-cta-block-i\">\n      <div class=\"row\">\n        <div class=\"three-cta-block-grid\">\n           <div class=\"three-cta-item\">\n            <div class=\"tci-i\">\n             <div class=\"tci-item-content\">\n                <h5><strong>Want to<\/strong><br \/>find out<br \/>more<\/h5>\n                <a href=\"\/products-innovations-solutions\/\"><p>PRODUCTS,<br \/>SOLUTIONS &<br \/>INNOVATIONS<\/p><\/a>\n             <\/div>\n            <\/div>\n           <\/div>\n           <div class=\"three-cta-item\">\n            <div class=\"tci-i\">\n             <div class=\"tci-item-content\">\n                <h5><strong>Want<\/strong><br \/>to<br \/>buy?<\/h5>\n                <a href=\"\/shop\/\"><p>MY<br \/>TASKI<br \/>SHOP<\/p><\/a>\n             <\/div>\n            <\/div>\n           <\/div>\n           <div class=\"three-cta-item\">\n            <div class=\"tci-i\">\n             <div class=\"tci-item-content\">\n                <h5><strong>Get in touch<\/strong><br \/>with<br \/>us<\/h5>\n                <a href=\"\/news-help-contacts\/\"><p>CONTACT<br \/>US<\/p><\/a>\n             <\/div>\n            <\/div>\n           <\/div>\n        <\/div>\n      <\/div>\n    <\/div>\n  <\/div>\n  <div class=\"cl-fl\"><\/div>\n[\/vc_column_inner][\/vc_row_inner][\/vc_column][\/vc_row]<\/p>\n<\/div>","protected":false},"excerpt":{"rendered":"<p>TASKI machine solutions delivering infection prevention and safety for your patients and the public.<\/p>\n","protected":false},"author":1,"featured_media":28600,"parent":32803,"menu_order":583,"comment_status":"closed","ping_status":"closed","template":"","meta":{"_acf_changed":false,"_seopress_robots_primary_cat":"","_seopress_titles_title":"","_seopress_titles_desc":"","_seopress_robots_index":"","inline_featured_image":false,"footnotes":""},"class_list":["post-32756","page","type-page","status-publish","has-post-thumbnail","hentry"],"acf":[],"_links":{"self":[{"href":"https:\/\/staging.taski.com\/pl\/wp-json\/wp\/v2\/pages\/32756","targetHints":{"allow":["GET"]}}],"collection":[{"href":"https:\/\/staging.taski.com\/pl\/wp-json\/wp\/v2\/pages"}],"about":[{"href":"https:\/\/staging.taski.com\/pl\/wp-json\/wp\/v2\/types\/page"}],"author":[{"embeddable":true,"href":"https:\/\/staging.taski.com\/pl\/wp-json\/wp\/v2\/users\/1"}],"replies":[{"embeddable":true,"href":"https:\/\/staging.taski.com\/pl\/wp-json\/wp\/v2\/comments?post=32756"}],"version-history":[{"count":0,"href":"https:\/\/staging.taski.com\/pl\/wp-json\/wp\/v2\/pages\/32756\/revisions"}],"up":[{"embeddable":true,"href":"https:\/\/staging.taski.com\/pl\/wp-json\/wp\/v2\/pages\/32803"}],"wp:featuredmedia":[{"embeddable":true,"href":"https:\/\/staging.taski.com\/pl\/wp-json\/wp\/v2\/media\/28600"}],"wp:attachment":[{"href":"https:\/\/staging.taski.com\/pl\/wp-json\/wp\/v2\/media?parent=32756"}],"curies":[{"name":"wp","href":"https:\/\/api.w.org\/{rel}","templated":true}]}}