{"id":32755,"date":"2020-11-30T15:59:44","date_gmt":"2020-11-30T15:59:44","guid":{"rendered":"https:\/\/taski.com\/healthcare-long-term-care\/"},"modified":"2023-01-23T21:14:37","modified_gmt":"2023-01-23T21:14:37","slug":"healthcare-long-term-care","status":"publish","type":"page","link":"https:\/\/staging.taski.com\/pl\/why-taski\/your-markets-sectors\/healthcare-long-term-care\/","title":{"rendered":"D\u0142ugoterminowa Opieka Zdrowotna"},"content":{"rendered":"<div class=\"wpb-content-wrapper\"><p>[vc_row][vc_column]\n  <div class=\"page-intro-block size-fit-image style-dark font-large\">\n         <div class=\"page-intro-block-i\">\n      <div class=\"row\">\n        <div class=\"page-intro-content\">\n            <div class=\"title-block\">\n                                     <h2><span class=\"pt\">D\u0142ugoterminowa Opieka Zdrowotna<\/span>Szukasz sposob\u00f3w na utrzymanie <strong>higienicznego i bezpiecznego dla swoich podopiecznych? <\/strong><br \/>\nTASKI mo\u017ce Ci pom\u00f3c.<\/h2>\n                                                 <\/div>\n            <div class=\"page-intro-image\">\n                                <div class=\"page-intro-image-alt\">\n                    \n                    <img decoding=\"async\" src=\"https:\/\/staging.taski.com\/wp-content\/uploads\/2021\/01\/HEALTHCARE_31_Vacuum_carpet-2-1.jpg\" alt=\"\" \/>\n\n                <\/div>\n            <\/div>\n        <\/div>\n      <\/div>\n\n\n    <\/div>\n  <\/div>\n  <div class=\"cl-fl\"><\/div>\n[\/vc_column][\/vc_row][vc_row css=&#8221;.vc_custom_1606587476742{padding-top: 80px !important;padding-bottom: 95px !important;}&#8221;][vc_column][vc_row_inner][vc_column_inner]\n  <div class=\"page-video-block\">\n    <div class=\"page-video-block-i\">\n      <div class=\"row\">\n        <div class=\"page-video-block-content\">\n            <div class=\"title-block\">\n                 <h2>Jakie s\u0105 Twoje g\u0142\u00f3wne wyzwania?<\/h2>\n            <\/div>\n            <div class=\"page-video-image\">\n                \n              <a href=\"#\" class=\"video-player-link\" data-video-id=\"485944439\" data-src=\"https:\/\/player.vimeo.com\/video\/485944439\">\n                <img decoding=\"async\" src=\"https:\/\/staging.taski.com\/wp-content\/uploads\/2021\/01\/Healthcare-LTC-needs-image.jpg\" alt=\"Jakie s\u0105 Twoje g\u0142\u00f3wne wyzwania? Image\" \/>\n\n     <div class=\"page-video-video-abs\"><div class=\"video-embed\"><iframe loading=\"lazy\" id=\"\" src=\"\" width=\"100%\" height=\"100%\" frameborder=\"0\" style=\"position:absolute;top:0;left:0;width:100%;height:100%;\"   allow=\"autoplay; fullscreen\" muted webkitallowfullscreen mozallowfullscreen allowfullscreen><\/iframe><\/div><\/div>              <\/a>\n            <\/div>\n        <\/div>\n      <\/div>\n\n\n    <\/div>\n  <\/div>\n  <div class=\"cl-fl\"><\/div>\n[\/vc_column_inner][\/vc_row_inner][\/vc_column][\/vc_row][vc_row css=&#8221;.vc_custom_1606587476742{padding-top: 80px !important;padding-bottom: 95px !important;}&#8221;][vc_column]\n  <div class=\"taski-carousel-block \" style=\"\">\n    <div class=\"taski-carousel-block-i\">\n\n      <div class=\"taski-carousel-title\"><p>We understand your sector's needs<\/p><\/div>\n      <div class=\"row\">\n       <div class=\"taski-carousel-holder\">\n        <div class=\"taski-carousel owl-carousel owl-theme\" id=\"taski-carousel\">\n                                    <div class=\"item taski-slide\">\n                            <div class=\"its-i\">\n                <div class=\"media-w\">\n                    <div class=\"image\">\n                      <div class=\"image-i\">\n                        <img decoding=\"async\" src=\"https:\/\/staging.taski.com\/wp-content\/uploads\/2020\/12\/customer-experience.svg\" \/>\n                      <\/div>\n                    <\/div>\n                <\/div>\n                <div class=\"text\">\n                    <div class=\"title\">Do\u015bwiadczenia Twoich Podopiecznych<\/div>\n                    <p>Stw\u00f3rz bezpieczne i higieniczne \u015brodowisko dla swoich podopiecznych. Przyjrzyj si\u0119 naszym <strong>filtrom HEPA i mikro maszynom szoruj\u0105co-zbieraj\u0105cym zasilanym bateryjnie<\/strong>, kt\u00f3re zapewniaj\u0105 lepsz\u0105 jako\u015b\u0107 powietrza i bezpieczniejsze, bardziej higieniczne pod\u0142ogi.<\/p>\n                                    <\/div>\n              <\/div>\n                          <\/div>\n            <div class=\"item taski-slide\">\n                            <div class=\"its-i\">\n                <div class=\"media-w\">\n                    <div class=\"image\">\n                      <div class=\"image-i\">\n                        <img decoding=\"async\" src=\"https:\/\/staging.taski.com\/wp-content\/uploads\/2020\/12\/people-safety.svg\" \/>\n                      <\/div>\n                    <\/div>\n                <\/div>\n                <div class=\"text\">\n                    <div class=\"title\">Ludzie i Bezpiecze\u0144stwo<\/div>\n                    <p>Chro\u0144 swoich podopiecznych dzi\u0119ki lepszej jako\u015bci powietrza i higienie. <strong>Filtry HEPA<\/strong> to prosta i tania inwestycja zapewniaj\u0105ca lepsz\u0105 jako\u015b\u0107 powietrza. Zmechanizuj wi\u0119cej sprz\u0105tania, aby uzyska\u0107 bezpieczniejsze i bardziej higieniczne pod\u0142ogi, wypr\u00f3buj nasze <strong>maszyny mikro szoruj\u0105co zbieraj\u0105ce zasilane bateryjnie.<\/strong><\/p>\n                                    <\/div>\n              <\/div>\n                          <\/div>\n            <div class=\"item taski-slide\">\n                            <div class=\"its-i\">\n                <div class=\"media-w\">\n                    <div class=\"image\">\n                      <div class=\"image-i\">\n                        <img decoding=\"async\" src=\"https:\/\/staging.taski.com\/wp-content\/uploads\/2020\/12\/operational-efficiency.svg\" \/>\n                      <\/div>\n                    <\/div>\n                <\/div>\n                <div class=\"text\">\n                    <div class=\"title\">Wydajno\u015b\u0107 Operacyjna<\/div>\n                    <p>Zwi\u0119ksz wydajno\u015b\u0107 operacyjn\u0105 w swojej firmie. Sp\u0119dzaj mniej czasu na sprz\u0105taniu, a wi\u0119cej na dbaniu o swoich podopiecznych. Prze\u0142\u0105cz si\u0119 na <strong>bezprzewodowe odkurzacze AERO zasilane bateryjnie i przejd\u017a na mikro maszyny szoruj\u0105co-zbieraj\u0105ce swino<\/strong> Dwa proste sposoby na zaoszcz\u0119dzenie cennego czasu.<\/p>\n                                    <\/div>\n              <\/div>\n                          <\/div>\n            <div class=\"item taski-slide\">\n                            <div class=\"its-i\">\n                <div class=\"media-w\">\n                    <div class=\"image\">\n                      <div class=\"image-i\">\n                        <img decoding=\"async\" src=\"https:\/\/staging.taski.com\/wp-content\/uploads\/2020\/12\/infection-prevention.svg\" \/>\n                      <\/div>\n                    <\/div>\n                <\/div>\n                <div class=\"text\">\n                    <div class=\"title\">Zapobieganie Infekcjom<\/div>\n                    <p>Chro\u0144 swoich podopiecznych, jednocze\u015bnie chroni\u0105c swoj\u0105 mark\u0119. Utrzymuj pod\u0142ogi, wyk\u0142adziny, tkaniny i tapicerk\u0119 w czysto\u015bci i bez zapachu dzi\u0119ki <strong>odkurzaczom, parownicom i maszynom szoruj\u0105co-zbieraj\u0105cym TASKI.<\/strong><\/p>\n                                    <\/div>\n              <\/div>\n                          <\/div>\n                    <\/div>\n\n        <div class=\"taski-carousel-navigation\">\n          <div class=\"nav-left\">\n            <a href=\"#\"><i class=\"fa fa-chevron-left\"><\/i><\/a>\n          <\/div>\n          <div class=\"nav-description\">\n\n          <\/div>\n          <div class=\"nav-right\">\n            <a href=\"#\"><i class=\"fa fa-chevron-right\"><\/i><\/a>\n          <\/div>\n        <\/div>\n       <\/div>\n      <\/div>\n   <\/div>\n  <\/div>\n  <div class=\"cl-fl\"><\/div>\n[\/vc_column][\/vc_row][vc_row css=&#8221;.vc_custom_1606653988515{padding-top: 80px !important;padding-bottom: 80px !important;background-color: #505050 !important;}&#8221;][vc_column][vc_row_inner][vc_column_inner]\n  <div class=\"testimonials-block\">\n    <div class=\"testimonials-block-i\">\n      <div class=\"row\">\n        <div class=\"title-block\">\n            <h2>Co m\u00f3wi\u0105 nasi klienci<\/h2>\n        <\/div>\n\n        <div class=\"testimonials-grid\">\n           <div class=\"testimonial-item\">\n            <div class=\"ti-i\">\n             <img decoding=\"async\" src=\"https:\/\/staging.taski.com\/wp-content\/uploads\/2020\/11\/testimonial-1.jpg\" alt=\"Image\" \/>\n             <div class=\"test-item-content\">\n                <div class=\"test-item-title\">Dostawca us\u0142ug opieki zdrowotnej z siedzib\u0105 w Wielkiej Brytanii chcia\u0142 <strong>poprawi\u0107 wska\u017aniki ob\u0142o\u017cenia i poprawi\u0107 warunki dla swoich podopiecznych <\/strong>.<\/div>\n                <div class=\"test-item-text\"><p>\u201eNasza organizacja ma obowi\u0105zek troski o swoich podopiecznych, zale\u017cy nam na ich opinii jak r\u00f3wnie\u017c na opinii ich rodzin. M\u00f3wi\u0105 nam, \u017ce higiena jest jednym z trzech najwa\u017cniejszych czynnik\u00f3w, kt\u00f3re s\u0105 wa\u017cne dla nich i ich rodzin. Robimy wszystko, co w naszej mocy, aby zachowa\u0107 najwy\u017csze standardy. Przej\u015bcie na filtry HEPA zamontowane w ca\u0142ej naszej flocie odkurzaczy by\u0142o decyzj\u0105, kt\u00f3r\u0105 podj\u0119li\u015bmy, aby poprawi\u0107 jako\u015b\u0107 powietrza nie tylko w obszarach klinicznych. Wybrali\u015bmy r\u00f3wnie\u017c ultra cichy TASKI AERO, aby zminimalizowa\u0107 zak\u0142\u00f3cenia dla pacjenta\u201d.<\/p><\/div>\n             <\/div>\n            <\/div>\n           <\/div>\n           <div class=\"testimonial-item\">\n            <div class=\"ti-i\">\n             <img decoding=\"async\" src=\"https:\/\/staging.taski.com\/wp-content\/uploads\/2020\/11\/testimonial-2.jpg\" alt=\"Image\" \/>\n             <div class=\"test-item-content\">\n                <div class=\"test-item-title\">Grupa dzia\u0142aj\u0105ca w obszarze opieki zdrowotnej w Europie musia\u0142a poradzi\u0107 sobie z <strong>rosn\u0105c\u0105 liczb\u0105 podopiecznych z tzw. zaka\u017ceniami szpitalnymi (HAI)<\/strong>. Opr\u00f3cz opieki nad wra\u017cliwymi podopiecznymi wdro\u017cono dodatkowe \u015brodki w zakresie standard\u00f3w higieny<\/div>\n                <div class=\"test-item-text\"><p>\u201eZaka\u017cenia nabyte w szpitalu s\u0105 pod kontrol\u0105 w naszych obiektach. Dzi\u0119ki rygorystycznym szkoleniom i surowym kontrolom nasz sprz\u0119t i maszyny sprz\u0105taj\u0105ce s\u0105 czyszczone lub odka\u017cane po ka\u017cdej zmiani. \u017b\u00f3\u0142te punkty kontrolne i \u0142atwe do usuni\u0119cia cz\u0119\u015bci by\u0142y kluczowym elementem, dlaczego wybrali\u015bmy TASKI.\u201d.<\/p><\/div>\n             <\/div>\n            <\/div>\n           <\/div>\n           <div class=\"testimonial-item\">\n            <div class=\"ti-i\">\n             <img decoding=\"async\" src=\"https:\/\/staging.taski.com\/wp-content\/uploads\/2020\/11\/testimonial-3.jpg\" alt=\"Image\" \/>\n             <div class=\"test-item-content\">\n                <div class=\"test-item-title\">Europejska grupa prywatnej opieki zdrowotnej skonsultowa\u0142a si\u0119 z firm\u0105 Diversey, aby lepiej zrozumie\u0107, w jaki spos\u00f3b mo\u017ce <strong>ulepszy\u0107 swoje metody i procesy czyszczenia<\/strong>.<\/div>\n                <div class=\"test-item-text\"><p>\u201eNasi podopieczni cz\u0119sto maj\u0105 problemy z poruszaniem si\u0119 i nie s\u0105 samodzielni. Robimy wszystko, aby pod\u0142ogi by\u0142y nie tylko czyste, ale higienicznie czyste i zawsze pozostawione ca\u0142kowicie suche. To by\u0142a \u015bwiadoma decyzja, aby odej\u015b\u0107 od zmywania i ca\u0142kowicie zmechanizowa\u0107 czyszczenie pod\u0142\u00f3g, aby mie\u0107 pewno\u015b\u0107, \u017ce nasze pod\u0142ogi s\u0105 suche i bezpieczniejsze dla u\u017cytkownik\u00f3w. Mamy nawet maszyn\u0119, kt\u00f3ra zast\u0105pi nasze stare mopy!\u201d.<\/p><\/div>\n             <\/div>\n            <\/div>\n           <\/div>\n\n        <\/div>\n\n      <\/div>\n    <\/div>\n  <\/div>\n  <div class=\"cl-fl\"><\/div>\n[\/vc_column_inner][\/vc_row_inner][\/vc_column][\/vc_row][vc_row][vc_column][vc_column_text]<\/p>\n<h2 id=\"tw-target-text\" class=\"tw-data-text tw-text-large tw-ta\" dir=\"ltr\" style=\"text-align: center;\" data-placeholder=\"T\u0142umaczenie\"><span class=\"Y2IQFc\" lang=\"pl\">Pobierz nasze broszury bran\u017cowe i przewodniki po produktach<\/span><\/h2>\n<p>[\/vc_column_text][\/vc_column][\/vc_row][vc_row][vc_column width=&#8221;1\/3&#8243;]  <div class=\"feature-icon-w\">\n    <div class=\"feature-icon-i\">\n     <a href=\"https:\/\/taski.com\/wp-content\/uploads\/2022\/11\/Healthcare-LTC-Sector-Brochure.pdf\" target=\"_blank\">       <div class=\"feature-tbl\">\n        <div class=\"feature-cell image-cell\">\n          <img decoding=\"async\" class=\"aligncenter size-full\" alt=\"\" src=\"https:\/\/staging.taski.com\/wp-content\/uploads\/2020\/12\/icon-document.png\"\/>\n        <\/div>\n        <div class=\"feature-cell description-cell\">\n          <p>Broszura dla Sektora<br \/>\nMedycznej Opieki D\u0142ugoterminowej<\/p>\n        <\/div>\n       <\/div>\n        <\/a>       <div class=\"cl-fl\"><\/div>\n    <\/div>\n  <\/div>\n[\/vc_column][vc_column width=&#8221;1\/3&#8243;]  <div class=\"feature-icon-w\">\n    <div class=\"feature-icon-i\">\n     <a href=\"https:\/\/taski.com\/wp-content\/uploads\/2022\/05\/ULTIMAXX-Healthcare-Brochure.pdf\" target=\"_blank\">       <div class=\"feature-tbl\">\n        <div class=\"feature-cell image-cell\">\n          <img decoding=\"async\" class=\"aligncenter size-full\" alt=\"\" src=\"\"\/>\n        <\/div>\n        <div class=\"feature-cell description-cell\">\n          <p>Broszura dla Sektora Opieki Medycznej<br \/>\nnowych maszyn ULIMAXX<\/p>\n        <\/div>\n       <\/div>\n        <\/a>       <div class=\"cl-fl\"><\/div>\n    <\/div>\n  <\/div>\n[\/vc_column][vc_column width=&#8221;1\/3&#8243;][\/vc_column][\/vc_row][vc_row][vc_column][vc_row_inner][vc_column_inner]\n  <div class=\"three-cta-block\">\n    <div class=\"three-cta-block-i\">\n      <div class=\"row\">\n        <div class=\"three-cta-block-grid\">\n           <div class=\"three-cta-item\">\n            <div class=\"tci-i\">\n             <div class=\"tci-item-content\">\n                <h5><strong>Want to<\/strong><br \/>find out<br \/>more<\/h5>\n                <a href=\"\/products-innovations-solutions\/\"><p>PRODUCTS,<br \/>SOLUTIONS &<br \/>INNOVATIONS<\/p><\/a>\n             <\/div>\n            <\/div>\n           <\/div>\n           <div class=\"three-cta-item\">\n            <div class=\"tci-i\">\n             <div class=\"tci-item-content\">\n                <h5><strong>Want<\/strong><br \/>to<br \/>buy?<\/h5>\n                <a href=\"\/shop\/\"><p>MY<br \/>TASKI<br \/>SHOP<\/p><\/a>\n             <\/div>\n            <\/div>\n           <\/div>\n           <div class=\"three-cta-item\">\n            <div class=\"tci-i\">\n             <div class=\"tci-item-content\">\n                <h5><strong>Get in touch<\/strong><br \/>with<br \/>us<\/h5>\n                <a href=\"\/news-help-contacts\/\"><p>CONTACT<br \/>US<\/p><\/a>\n             <\/div>\n            <\/div>\n           <\/div>\n        <\/div>\n      <\/div>\n    <\/div>\n  <\/div>\n  <div class=\"cl-fl\"><\/div>\n[\/vc_column_inner][\/vc_row_inner][\/vc_column][\/vc_row]<\/p>\n<\/div>","protected":false},"excerpt":{"rendered":"<p>TASKI machine solutions with your residents in mind, for superior infection control and safety in your long term care facility.<\/p>\n","protected":false},"author":1,"featured_media":31605,"parent":32803,"menu_order":591,"comment_status":"closed","ping_status":"closed","template":"","meta":{"_acf_changed":false,"_seopress_robots_primary_cat":"","_seopress_titles_title":"","_seopress_titles_desc":"","_seopress_robots_index":"","inline_featured_image":false,"footnotes":""},"class_list":["post-32755","page","type-page","status-publish","has-post-thumbnail","hentry"],"acf":[],"_links":{"self":[{"href":"https:\/\/staging.taski.com\/pl\/wp-json\/wp\/v2\/pages\/32755","targetHints":{"allow":["GET"]}}],"collection":[{"href":"https:\/\/staging.taski.com\/pl\/wp-json\/wp\/v2\/pages"}],"about":[{"href":"https:\/\/staging.taski.com\/pl\/wp-json\/wp\/v2\/types\/page"}],"author":[{"embeddable":true,"href":"https:\/\/staging.taski.com\/pl\/wp-json\/wp\/v2\/users\/1"}],"replies":[{"embeddable":true,"href":"https:\/\/staging.taski.com\/pl\/wp-json\/wp\/v2\/comments?post=32755"}],"version-history":[{"count":0,"href":"https:\/\/staging.taski.com\/pl\/wp-json\/wp\/v2\/pages\/32755\/revisions"}],"up":[{"embeddable":true,"href":"https:\/\/staging.taski.com\/pl\/wp-json\/wp\/v2\/pages\/32803"}],"wp:featuredmedia":[{"embeddable":true,"href":"https:\/\/staging.taski.com\/pl\/wp-json\/wp\/v2\/media\/31605"}],"wp:attachment":[{"href":"https:\/\/staging.taski.com\/pl\/wp-json\/wp\/v2\/media?parent=32755"}],"curies":[{"name":"wp","href":"https:\/\/api.w.org\/{rel}","templated":true}]}}