{"id":32754,"date":"2020-11-30T16:02:46","date_gmt":"2020-11-30T16:02:46","guid":{"rendered":"https:\/\/taski.com\/hospitality\/"},"modified":"2023-01-23T21:15:48","modified_gmt":"2023-01-23T21:15:48","slug":"hospitality","status":"publish","type":"page","link":"https:\/\/staging.taski.com\/pl\/why-taski\/your-markets-sectors\/hospitality\/","title":{"rendered":"Bran\u017ca Hotelarska"},"content":{"rendered":"<div class=\"wpb-content-wrapper\"><p>[vc_row][vc_column]\n  <div class=\"page-intro-block size-fit-image style-dark font-large\">\n         <div class=\"page-intro-block-i\">\n      <div class=\"row\">\n        <div class=\"page-intro-content\">\n            <div class=\"title-block\">\n                                     <h2><span class=\"pt\">Bran\u017ca Hotelarska<\/span>Czy chcesz poprawi\u0107 wra\u017cenia go\u015bci i promowa\u0107 <strong>standardy higieny swojej marki?<\/strong><br \/>\nTASKI mo\u017ce Ci pom\u00f3c.<\/h2>\n                                                 <\/div>\n            <div class=\"page-intro-image\">\n                                <div class=\"page-intro-image-alt\">\n                    \n                    <img decoding=\"async\" src=\"https:\/\/staging.taski.com\/wp-content\/uploads\/2021\/01\/HOSPITALITY_12_FLOOR_CLEANING-1.jpg\" alt=\"\" \/>\n\n                <\/div>\n            <\/div>\n        <\/div>\n      <\/div>\n\n\n    <\/div>\n  <\/div>\n  <div class=\"cl-fl\"><\/div>\n[\/vc_column][\/vc_row][vc_row css=&#8221;.vc_custom_1606587476742{padding-top: 80px !important;padding-bottom: 95px !important;}&#8221;][vc_column][vc_row_inner][vc_column_inner]\n  <div class=\"page-video-block\">\n    <div class=\"page-video-block-i\">\n      <div class=\"row\">\n        <div class=\"page-video-block-content\">\n            <div class=\"title-block\">\n                 <h2>Jakie s\u0105 Twoje g\u0142\u00f3wne wyzwania?<\/h2>\n            <\/div>\n            <div class=\"page-video-image\">\n                \n              <a href=\"#\" class=\"video-player-link\" data-video-id=\"485944451\" data-src=\"https:\/\/player.vimeo.com\/video\/485944451\">\n                <img decoding=\"async\" src=\"https:\/\/staging.taski.com\/wp-content\/uploads\/2021\/01\/Hospitality-needs-image.jpg\" alt=\"Jakie s\u0105 Twoje g\u0142\u00f3wne wyzwania? Image\" \/>\n\n     <div class=\"page-video-video-abs\"><div class=\"video-embed\"><iframe loading=\"lazy\" id=\"\" src=\"\" width=\"100%\" height=\"100%\" frameborder=\"0\" style=\"position:absolute;top:0;left:0;width:100%;height:100%;\"   allow=\"autoplay; fullscreen\" muted webkitallowfullscreen mozallowfullscreen allowfullscreen><\/iframe><\/div><\/div>              <\/a>\n            <\/div>\n        <\/div>\n      <\/div>\n\n\n    <\/div>\n  <\/div>\n  <div class=\"cl-fl\"><\/div>\n[\/vc_column_inner][\/vc_row_inner][\/vc_column][\/vc_row][vc_row css=&#8221;.vc_custom_1608033524076{padding-top: 80px !important;padding-bottom: 80px !important;background-color: #ffffff !important;}&#8221;][vc_column]\n  <div class=\"taski-carousel-block \" style=\"\">\n    <div class=\"taski-carousel-block-i\">\n\n      <div class=\"taski-carousel-title\"><p>We understand your sector's needs<\/p><\/div>\n      <div class=\"row\">\n       <div class=\"taski-carousel-holder\">\n        <div class=\"taski-carousel owl-carousel owl-theme\" id=\"taski-carousel\">\n                                    <div class=\"item taski-slide\">\n                            <div class=\"its-i\">\n                <div class=\"media-w\">\n                    <div class=\"image\">\n                      <div class=\"image-i\">\n                        <img decoding=\"async\" src=\"https:\/\/staging.taski.com\/wp-content\/uploads\/2020\/12\/sustainability.svg\" \/>\n                      <\/div>\n                    <\/div>\n                <\/div>\n                <div class=\"text\">\n                    <div class=\"title\">Zr\u00f3wnowa\u017cony Rozw\u00f3j<\/div>\n                    <p>Zmniejsz zu\u017cycie medi\u00f3w nawet o 76%, aby osi\u0105gn\u0105\u0107 swoje cele w zakresie zr\u00f3wnowa\u017conego rozwoju. <strong>Przyjrzyj si\u0119 naszym inteligentnym rozwi\u0105zaniom.<\/strong> Technologie i produkty zaprojektowane tak, aby zu\u017cywa\u0107 mniej energii, mniej wody, mniej chemikali\u00f3w i generowa\u0107 odpad\u00f3w.<\/p>\n                                    <\/div>\n              <\/div>\n                          <\/div>\n            <div class=\"item taski-slide\">\n                            <div class=\"its-i\">\n                <div class=\"media-w\">\n                    <div class=\"image\">\n                      <div class=\"image-i\">\n                        <img decoding=\"async\" src=\"https:\/\/staging.taski.com\/wp-content\/uploads\/2020\/12\/people-safety.svg\" \/>\n                      <\/div>\n                    <\/div>\n                <\/div>\n                <div class=\"text\">\n                    <div class=\"title\">Ludzie i Bezpiecze\u0144stwo<\/div>\n                    <p>Chro\u0144 swoj\u0105 za\u0142og\u0119 i go\u015bci dzi\u0119ki poprawie higieny, jako\u015bci powietrza i bezpieczniejszym pod\u0142ogom. Prze\u0142\u0105cz si\u0119 na filtry HEPA i <strong>maszyny szoruj\u0105co-zbieraj\u0105ce TASKI zasilane bateryjnie <\/strong>. Dwie proste zmiany dla lepszej jako\u015bci powietrza i bezpieczniejszych, bardziej higienicznych pod\u0142\u00f3g.<\/p>\n                                    <\/div>\n              <\/div>\n                          <\/div>\n            <div class=\"item taski-slide\">\n                            <div class=\"its-i\">\n                <div class=\"media-w\">\n                    <div class=\"image\">\n                      <div class=\"image-i\">\n                        <img decoding=\"async\" src=\"https:\/\/staging.taski.com\/wp-content\/uploads\/2020\/12\/customer-experience.svg\" \/>\n                      <\/div>\n                    <\/div>\n                <\/div>\n                <div class=\"text\">\n                    <div class=\"title\">Do\u015bwiadczenia Go\u015bci<\/div>\n                    <p>Zr\u00f3b niezapomniane wra\u017cenie na swoich go\u015bciach. Sp\u0119dzaj mniej czasu na sprz\u0105taniu, a wi\u0119cej po\u015bwi\u0119caj go swoim go\u015bciom dzi\u0119ki naszym najnowszym <strong>bezprzewodowym odkurzaczom i maszynom szoruj\u0105co-zbieraj\u0105cym zasilanym bateri\u0105 litowo-jonow\u0105.<\/strong><\/p>\n                                    <\/div>\n              <\/div>\n                          <\/div>\n            <div class=\"item taski-slide\">\n                            <div class=\"its-i\">\n                <div class=\"media-w\">\n                    <div class=\"image\">\n                      <div class=\"image-i\">\n                        <img decoding=\"async\" src=\"https:\/\/staging.taski.com\/wp-content\/uploads\/2020\/12\/asset-protection.svg\" \/>\n                      <\/div>\n                    <\/div>\n                <\/div>\n                <div class=\"text\">\n                    <div class=\"title\">Ochrona Aktyw\u00f3w<\/div>\n                    <p>Tw\u00f3j obiekt to pow\u00f3d do dumy, chro\u0144 sw\u00f3j maj\u0105tek, jednocze\u015bnie dbaj\u0105c o jego wygl\u0105d. Nasze <strong>maszyny szoruj\u0105co-zbieraj\u0105ce swingo i \u015brodki do czyszczenia wyk\u0142adzin procarpet<\/strong> sprawi\u0105, \u017ce Tw\u00f3j obiekt b\u0119dzie wygl\u0105da\u0107 imponuj\u0105co.<\/p>\n                                    <\/div>\n              <\/div>\n                          <\/div>\n            <div class=\"item taski-slide\">\n                            <div class=\"its-i\">\n                <div class=\"media-w\">\n                    <div class=\"image\">\n                      <div class=\"image-i\">\n                        <img decoding=\"async\" src=\"https:\/\/staging.taski.com\/wp-content\/uploads\/2020\/12\/operational-efficiency.svg\" \/>\n                      <\/div>\n                    <\/div>\n                <\/div>\n                <div class=\"text\">\n                    <div class=\"title\">Wydajno\u015b\u0107 Operacyjna<\/div>\n                    <p>Podnie\u015b wydajno\u015b\u0107 operacyjn\u0105 w swojej firmie dzi\u0119ki innowacjom. Oszcz\u0119dzaj bezproduktywny czas, przechodz\u0105c na bezprzewodowe odkurzacze zasilane bateryjnie. Przyjrzyj si\u0119 naszym <strong>odkurzaczom AERO.<\/strong><\/p>\n                                    <\/div>\n              <\/div>\n                          <\/div>\n                    <\/div>\n\n        <div class=\"taski-carousel-navigation\">\n          <div class=\"nav-left\">\n            <a href=\"#\"><i class=\"fa fa-chevron-left\"><\/i><\/a>\n          <\/div>\n          <div class=\"nav-description\">\n\n          <\/div>\n          <div class=\"nav-right\">\n            <a href=\"#\"><i class=\"fa fa-chevron-right\"><\/i><\/a>\n          <\/div>\n        <\/div>\n       <\/div>\n      <\/div>\n   <\/div>\n  <\/div>\n  <div class=\"cl-fl\"><\/div>\n[\/vc_column][\/vc_row][vc_row css=&#8221;.vc_custom_1609953197470{padding-top: 80px !important;padding-bottom: 80px !important;background-color: #595959 !important;}&#8221;][vc_column][vc_row_inner][vc_column_inner]\n  <div class=\"testimonials-block\">\n    <div class=\"testimonials-block-i\">\n      <div class=\"row\">\n        <div class=\"title-block\">\n            <h2>Co m\u00f3wi\u0105 nasi klienci<\/h2>\n        <\/div>\n\n        <div class=\"testimonials-grid\">\n           <div class=\"testimonial-item\">\n            <div class=\"ti-i\">\n             <img decoding=\"async\" src=\"https:\/\/staging.taski.com\/wp-content\/uploads\/2020\/11\/testimonial-1.jpg\" alt=\"Image\" \/>\n             <div class=\"test-item-content\">\n                <div class=\"test-item-title\">W regionie nadmorskim na po\u0142udniu Francji, gdzie panuje silna konkurencja, pewien hotel zwr\u00f3ci\u0142 si\u0119 do Diversey z pro\u015bb\u0105 o <strong>popraw\u0119 ob\u0142o\u017cenia i zoptymalizowania wydatk\u00f3w zwi\u0105zanych z go\u015b\u0107mi<\/strong>.<\/div>\n                <div class=\"test-item-text\"><p>\u201eChcemy, aby nasi go\u015bcie mogli cieszy\u0107 si\u0119 naszym barem i zapleczem restauracyjnym. Z pomoc\u0105 TASKI nasze pod\u0142ogi, dywany i tapicerki prezentuj\u0105 si\u0119 wspaniale. Widz\u0119, \u017ce moi klienci zostaj\u0105 teraz d\u0142u\u017cej i wiem, \u017ce wydaj\u0105 u nas wi\u0119cej pieni\u0119dzy, co jest \u015bwietn\u0105 wiadomo\u015bci\u0105\u201d.<\/p><\/div>\n             <\/div>\n            <\/div>\n           <\/div>\n           <div class=\"testimonial-item\">\n            <div class=\"ti-i\">\n             <img decoding=\"async\" src=\"https:\/\/staging.taski.com\/wp-content\/uploads\/2020\/11\/testimonial-2.jpg\" alt=\"Image\" \/>\n             <div class=\"test-item-content\">\n                <div class=\"test-item-title\">Globalna sie\u0107 hoteli musia\u0142a, ze wzgl\u0119du na coraz wi\u0119ksze naciski, zmieni\u0107 swoj\u0105 polityk\u0119 rozwoju na bardziej zr\u00f3wnowa\u017con\u0105.<br \/>\nTASKI by\u0142 w stanie pom\u00f3c, koncentruj\u0105c si\u0119 na maszynach, kt\u00f3re zmniejszaj\u0105 zu\u017cycie medi\u00f3w, energii, wody i materia\u0142\u00f3w eksploatacyjnych.<\/div>\n                <div class=\"test-item-text\"><p>\u201ePersonel sprz\u0105taj\u0105cy zwraca uwag\u0119 na to, jak cicho pracuj\u0105 i ile pieni\u0119dzy oszcz\u0119dzaj\u0105 na kosztach energii nasze nowe odkurzacze TASKI AERO.\u201d<\/p><\/div>\n             <\/div>\n            <\/div>\n           <\/div>\n           <div class=\"testimonial-item\">\n            <div class=\"ti-i\">\n             <img decoding=\"async\" src=\"https:\/\/staging.taski.com\/wp-content\/uploads\/2020\/11\/testimonial-3.jpg\" alt=\"Image\" \/>\n             <div class=\"test-item-content\">\n                <div class=\"test-item-title\">Po niedawo oddanej budowie drogiego, nowego hotelu w Chinach, ich country manager skontaktowa\u0142 si\u0119 z Diversey, z pytaniem co zrobi\u0107, aby <strong>pom\u00f3c chroni\u0107 ich ogromn\u0105 inwestycj\u0119<\/strong>.<\/div>\n                <div class=\"test-item-text\"><p>\u201eZawsze u\u017cywali\u015bmy \u015brodk\u00f3w chemicznych Diversey w naszych hotelach, ale odk\u0105d zapoznali mnie ze swoimi maszynami TASKI, moje hotele nigdy nie wygl\u0105da\u0142y na czystsze. Liczy si\u0119 pierwsze wra\u017cenie, jeste\u015bmy szczeg\u00f3lnie dumni z naszych nowych marmurowych pod\u0142\u00f3g wej\u015bciowych. Go\u015bcie zawsze wspominaj\u0105 je w komentarzach\u201d.<\/p><\/div>\n             <\/div>\n            <\/div>\n           <\/div>\n\n        <\/div>\n\n      <\/div>\n    <\/div>\n  <\/div>\n  <div class=\"cl-fl\"><\/div>\n[\/vc_column_inner][\/vc_row_inner][\/vc_column][\/vc_row][vc_row][vc_column][vc_column_text]<\/p>\n<h2 id=\"tw-target-text\" class=\"tw-data-text tw-text-large tw-ta\" dir=\"ltr\" style=\"text-align: center;\" data-placeholder=\"T\u0142umaczenie\"><span class=\"Y2IQFc\" lang=\"pl\">Pobierz nasze broszury bran\u017cowe i przewodniki po produktach<\/span><\/h2>\n<p>[\/vc_column_text][\/vc_column][\/vc_row][vc_row][vc_column width=&#8221;1\/3&#8243;]  <div class=\"feature-icon-w\">\n    <div class=\"feature-icon-i\">\n     <a href=\"https:\/\/taski.com\/wp-content\/uploads\/2022\/11\/Hospitality-Sector-Brochure.pdf\" target=\"_blank\">       <div class=\"feature-tbl\">\n        <div class=\"feature-cell image-cell\">\n          <img decoding=\"async\" class=\"aligncenter size-full\" alt=\"\" src=\"https:\/\/staging.taski.com\/wp-content\/uploads\/2020\/12\/icon-document.png\"\/>\n        <\/div>\n        <div class=\"feature-cell description-cell\">\n          <p>Broszura dla Bran\u017cy Hotelowej<\/p>\n        <\/div>\n       <\/div>\n        <\/a>       <div class=\"cl-fl\"><\/div>\n    <\/div>\n  <\/div>\n[\/vc_column][vc_column width=&#8221;1\/3&#8243;]  <div class=\"feature-icon-w\">\n    <div class=\"feature-icon-i\">\n     <a href=\"https:\/\/taski.com\/wp-content\/uploads\/2022\/05\/ULTIMAXX-Hospitality-Brochure.pdf\" target=\"_blank\">       <div class=\"feature-tbl\">\n        <div class=\"feature-cell image-cell\">\n          <img decoding=\"async\" class=\"aligncenter size-full\" alt=\"\" src=\"\"\/>\n        <\/div>\n        <div class=\"feature-cell description-cell\">\n          <p>Broszura nowych maszyn ULTIMAXX dla Bran\u017cy Hotelowej<\/p>\n        <\/div>\n       <\/div>\n        <\/a>       <div class=\"cl-fl\"><\/div>\n    <\/div>\n  <\/div>\n[\/vc_column][vc_column width=&#8221;1\/3&#8243;][\/vc_column][\/vc_row][vc_row][vc_column]\n  <div class=\"three-cta-block\">\n    <div class=\"three-cta-block-i\">\n      <div class=\"row\">\n        <div class=\"three-cta-block-grid\">\n           <div class=\"three-cta-item\">\n            <div class=\"tci-i\">\n             <div class=\"tci-item-content\">\n                <h5><strong>Want to<\/strong><br \/>find out<br \/>more<\/h5>\n                <a href=\"\/products-innovations-solutions\/\"><p>PRODUCTS,<br \/>SOLUTIONS &<br \/>INNOVATIONS<\/p><\/a>\n             <\/div>\n            <\/div>\n           <\/div>\n           <div class=\"three-cta-item\">\n            <div class=\"tci-i\">\n             <div class=\"tci-item-content\">\n                <h5><strong>Want<\/strong><br \/>to<br \/>buy?<\/h5>\n                <a href=\"\/shop\/\"><p>MY<br \/>TASKI<br \/>SHOP<\/p><\/a>\n             <\/div>\n            <\/div>\n           <\/div>\n           <div class=\"three-cta-item\">\n            <div class=\"tci-i\">\n             <div class=\"tci-item-content\">\n                <h5><strong>Get in touch<\/strong><br \/>with<br \/>us<\/h5>\n                <a href=\"\/news-help-contacts\/\"><p>CONTACT<br \/>US<\/p><\/a>\n             <\/div>\n            <\/div>\n           <\/div>\n        <\/div>\n      <\/div>\n    <\/div>\n  <\/div>\n  <div class=\"cl-fl\"><\/div>\n[\/vc_column][\/vc_row]<\/p>\n<\/div>","protected":false},"excerpt":{"rendered":"<p>TASKI machine solutions for improved guest experience and  protection for your brand.<\/p>\n","protected":false},"author":1,"featured_media":52959,"parent":32803,"menu_order":599,"comment_status":"closed","ping_status":"closed","template":"","meta":{"_acf_changed":false,"_seopress_robots_primary_cat":"","_seopress_titles_title":"","_seopress_titles_desc":"","_seopress_robots_index":"","inline_featured_image":false,"footnotes":""},"class_list":["post-32754","page","type-page","status-publish","has-post-thumbnail","hentry"],"acf":[],"_links":{"self":[{"href":"https:\/\/staging.taski.com\/pl\/wp-json\/wp\/v2\/pages\/32754","targetHints":{"allow":["GET"]}}],"collection":[{"href":"https:\/\/staging.taski.com\/pl\/wp-json\/wp\/v2\/pages"}],"about":[{"href":"https:\/\/staging.taski.com\/pl\/wp-json\/wp\/v2\/types\/page"}],"author":[{"embeddable":true,"href":"https:\/\/staging.taski.com\/pl\/wp-json\/wp\/v2\/users\/1"}],"replies":[{"embeddable":true,"href":"https:\/\/staging.taski.com\/pl\/wp-json\/wp\/v2\/comments?post=32754"}],"version-history":[{"count":0,"href":"https:\/\/staging.taski.com\/pl\/wp-json\/wp\/v2\/pages\/32754\/revisions"}],"up":[{"embeddable":true,"href":"https:\/\/staging.taski.com\/pl\/wp-json\/wp\/v2\/pages\/32803"}],"wp:featuredmedia":[{"embeddable":true,"href":"https:\/\/staging.taski.com\/pl\/wp-json\/wp\/v2\/media\/52959"}],"wp:attachment":[{"href":"https:\/\/staging.taski.com\/pl\/wp-json\/wp\/v2\/media?parent=32754"}],"curies":[{"name":"wp","href":"https:\/\/api.w.org\/{rel}","templated":true}]}}