{"id":32753,"date":"2020-11-30T16:04:35","date_gmt":"2020-11-30T16:04:35","guid":{"rendered":"https:\/\/taski.com\/food-service-contract-catering\/"},"modified":"2023-01-23T21:19:00","modified_gmt":"2023-01-23T21:19:00","slug":"food-service-contract-catering","status":"publish","type":"page","link":"https:\/\/staging.taski.com\/pl\/why-taski\/your-markets-sectors\/food-service-contract-catering\/","title":{"rendered":"Gastronomia\/Us\u0142ugi Cateringowe"},"content":{"rendered":"<div class=\"wpb-content-wrapper\"><p>[vc_row][vc_column]\n  <div class=\"page-intro-block size-fit-image style-dark font-large\">\n         <div class=\"page-intro-block-i\">\n      <div class=\"row\">\n        <div class=\"page-intro-content\">\n            <div class=\"title-block\">\n                                     <h2><span class=\"pt\">Gastronomia\/Us\u0142ugi Cateringowe<\/span>Szukasz sposob\u00f3w, aby <strong>zaimponowa\u0107 swoim go\u015bciom i osi\u0105gn\u0105\u0107 najwy\u017csze standardy higieny?<\/strong> TASKI mo\u017ce pom\u00f3c.<\/h2>\n                                                 <\/div>\n            <div class=\"page-intro-image\">\n                                <div class=\"page-intro-image-alt\">\n                    \n                    <img decoding=\"async\" src=\"https:\/\/staging.taski.com\/wp-content\/uploads\/2020\/11\/food-service.jpg\" alt=\"\" \/>\n\n                <\/div>\n            <\/div>\n        <\/div>\n      <\/div>\n\n\n    <\/div>\n  <\/div>\n  <div class=\"cl-fl\"><\/div>\n[\/vc_column][\/vc_row][vc_row css=&#8221;.vc_custom_1606587476742{padding-top: 80px !important;padding-bottom: 95px !important;}&#8221;][vc_column][vc_row_inner][vc_column_inner]\n  <div class=\"page-video-block\">\n    <div class=\"page-video-block-i\">\n      <div class=\"row\">\n        <div class=\"page-video-block-content\">\n            <div class=\"title-block\">\n                 <h2>Jakie s\u0105 Twoje najwi\u0119ksze wyzwania?<\/h2>\n            <\/div>\n            <div class=\"page-video-image\">\n                \n              <a href=\"#\" class=\"video-player-link\" data-video-id=\"485944367\" data-src=\"https:\/\/player.vimeo.com\/video\/485944367\">\n                <img decoding=\"async\" src=\"https:\/\/staging.taski.com\/wp-content\/uploads\/2021\/01\/Food-Service-needs-image.jpg\" alt=\"Jakie s\u0105 Twoje najwi\u0119ksze wyzwania? Image\" \/>\n\n     <div class=\"page-video-video-abs\"><div class=\"video-embed\"><iframe loading=\"lazy\" id=\"\" src=\"\" width=\"100%\" height=\"100%\" frameborder=\"0\" style=\"position:absolute;top:0;left:0;width:100%;height:100%;\"   allow=\"autoplay; fullscreen\" muted webkitallowfullscreen mozallowfullscreen allowfullscreen><\/iframe><\/div><\/div>              <\/a>\n            <\/div>\n        <\/div>\n      <\/div>\n\n\n    <\/div>\n  <\/div>\n  <div class=\"cl-fl\"><\/div>\n[\/vc_column_inner][\/vc_row_inner]\n  <div class=\"taski-carousel-block \" style=\"\">\n    <div class=\"taski-carousel-block-i\">\n\n      <div class=\"taski-carousel-title\"><p>We understand your sector's needs<\/p><\/div>\n      <div class=\"row\">\n       <div class=\"taski-carousel-holder\">\n        <div class=\"taski-carousel owl-carousel owl-theme\" id=\"taski-carousel\">\n                                    <div class=\"item taski-slide\">\n                            <div class=\"its-i\">\n                <div class=\"media-w\">\n                    <div class=\"image\">\n                      <div class=\"image-i\">\n                        <img decoding=\"async\" src=\"https:\/\/staging.taski.com\/wp-content\/uploads\/2020\/12\/brand-protection.svg\" \/>\n                      <\/div>\n                    <\/div>\n                <\/div>\n                <div class=\"text\">\n                    <div class=\"title\">Ochrona Marki<\/div>\n                    <p>Zaimponuj i chro\u0144 swoich go\u015bci, jednocze\u015bnie chroni\u0105c swoj\u0105 mark\u0119. Przyjrzyj si\u0119 naszym <strong>najnowszym kompaktowym maszynom szoruj\u0105co-zbieraj\u0105cym z mikrobateri\u0105.<\/strong> Zaprojektowane, by zast\u0105pi\u0107 mop i poprawi\u0107 standardy.<\/p>\n                                    <\/div>\n              <\/div>\n                          <\/div>\n            <div class=\"item taski-slide\">\n                            <div class=\"its-i\">\n                <div class=\"media-w\">\n                    <div class=\"image\">\n                      <div class=\"image-i\">\n                        <img decoding=\"async\" src=\"https:\/\/staging.taski.com\/wp-content\/uploads\/2020\/12\/customer-experience.svg\" \/>\n                      <\/div>\n                    <\/div>\n                <\/div>\n                <div class=\"text\">\n                    <div class=\"title\">Do\u015bwiadczenie Klienta<\/div>\n                    <p>Stw\u00f3rz niezapomniane wra\u017cenia dla swoich go\u015bci. Zadbaj o nieskazitelny wygl\u0105d swojego lokalu dzi\u0119ki naszym <strong>maszynom szoruj\u0105co-zbieraj\u0105cym, parownicom i odkurzaczom.<\/strong><\/p>\n                                    <\/div>\n              <\/div>\n                          <\/div>\n            <div class=\"item taski-slide\">\n                            <div class=\"its-i\">\n                <div class=\"media-w\">\n                    <div class=\"image\">\n                      <div class=\"image-i\">\n                        <img decoding=\"async\" src=\"https:\/\/staging.taski.com\/wp-content\/uploads\/2020\/12\/people-safety.svg\" \/>\n                      <\/div>\n                    <\/div>\n                <\/div>\n                <div class=\"text\">\n                    <div class=\"title\">Ludzie i Bezpiecze\u0144two<\/div>\n                    <p>Popraw higien\u0119 swoich pod\u0142\u00f3g i urzymuj je w czysto\u015bci. Usuwaj wi\u0119cej zanieczyszcze\u0144 i posotaw pod\u0142ogi o 65% bardziej suche ni\u017c po mopowaniu <strong> mikro maszyny szoruj\u0105co-zbieraj\u0105ce.<\/strong><\/p>\n                                    <\/div>\n              <\/div>\n                          <\/div>\n            <div class=\"item taski-slide\">\n                            <div class=\"its-i\">\n                <div class=\"media-w\">\n                    <div class=\"image\">\n                      <div class=\"image-i\">\n                        <img decoding=\"async\" src=\"https:\/\/staging.taski.com\/wp-content\/uploads\/2020\/12\/operational-efficiency.svg\" \/>\n                      <\/div>\n                    <\/div>\n                <\/div>\n                <div class=\"text\">\n                    <div class=\"title\">Wydajno\u015b\u0107 Operacyjna<\/div>\n                    <p>Zwi\u0119ksz swoj\u0105 wydajnoscracyjn\u0105 i oszcz\u0119dzaj czas na sprz\u0105taniu. Sprawd\u017a nasze <strong>maszyny zasilane akumulatorowo<\/strong> kt\u00f3re zaoszcz\u0119dz\u0105 czas przestoj\u00f3w i b\u0119d\u0105 dost\u0119pne zawsze kiedy tego potrzebujesz.<\/p>\n                                    <\/div>\n              <\/div>\n                          <\/div>\n            <div class=\"item taski-slide\">\n                            <div class=\"its-i\">\n                <div class=\"media-w\">\n                    <div class=\"image\">\n                      <div class=\"image-i\">\n                        <img decoding=\"async\" src=\"https:\/\/staging.taski.com\/wp-content\/uploads\/2020\/12\/sustainability.svg\" \/>\n                      <\/div>\n                    <\/div>\n                <\/div>\n                <div class=\"text\">\n                    <div class=\"title\">Zr\u00f3wnowa\u017cony Rozw\u00f3j<\/div>\n                    <p>Ogranicz zu\u017cycie medi\u00f3w nawet o 76% i sprostaj swoim za\u0142o\u017ceniom zr\u00f3wnowa\u017c\u00f3nego rowoju. Sprawd\u017a nasze <strong>Inteligentne Rozwi\u0105zania,<\/strong> technologie, kt\u00f3re ograniczaj\u0105 zu\u017cycie energii, wody, \u015brodk\u00f3w chemicznych i odpad\u00f3w.<\/p>\n                                    <\/div>\n              <\/div>\n                          <\/div>\n                    <\/div>\n\n        <div class=\"taski-carousel-navigation\">\n          <div class=\"nav-left\">\n            <a href=\"#\"><i class=\"fa fa-chevron-left\"><\/i><\/a>\n          <\/div>\n          <div class=\"nav-description\">\n\n          <\/div>\n          <div class=\"nav-right\">\n            <a href=\"#\"><i class=\"fa fa-chevron-right\"><\/i><\/a>\n          <\/div>\n        <\/div>\n       <\/div>\n      <\/div>\n   <\/div>\n  <\/div>\n  <div class=\"cl-fl\"><\/div>\n[\/vc_column][\/vc_row][vc_row css=&#8221;.vc_custom_1606653988515{padding-top: 80px !important;padding-bottom: 80px !important;background-color: #505050 !important;}&#8221;][vc_column][vc_row_inner][vc_column_inner]\n  <div class=\"testimonials-block\">\n    <div class=\"testimonials-block-i\">\n      <div class=\"row\">\n        <div class=\"title-block\">\n            <h2>Co m\u00f3wi\u0105 nasi klienci<\/h2>\n        <\/div>\n\n        <div class=\"testimonials-grid\">\n           <div class=\"testimonial-item\">\n            <div class=\"ti-i\">\n             <img decoding=\"async\" src=\"https:\/\/staging.taski.com\/wp-content\/uploads\/2020\/11\/testimonial-1.jpg\" alt=\"Image\" \/>\n             <div class=\"test-item-content\">\n                <div class=\"test-item-title\">W konkurencyjnym regionie nadmorskim na po\u0142udniu Francji niezale\u017cna restauracja zwr\u00f3ci\u0142a si\u0119 do TASKI z pro\u015bb\u0105 o <strong>popraw\u0119 wra\u017ce\u0144 klient\u00f3w i zdobycie ich d\u0142ugoterminowej lojalno\u015bci<\/strong>.<\/div>\n                <div class=\"test-item-text\"><p>\u201eChcemy, aby nasi go\u015bcie mogli cieszy\u0107 si\u0119 naszym barem i zapleczem restauracyjnym. Z pomoc\u0105 TASKI nasze pod\u0142ogi, dywany i tapicerki prezentuj\u0105 si\u0119 wspaniale. Widz\u0119, \u017ce moi klienci zostaj\u0105 teraz d\u0142u\u017cej i wiem, \u017ce wydaj\u0105 u nas wi\u0119cej pieni\u0119dzy, co jest \u015bwietn\u0105 wiadomo\u015bci\u0105\u201d.<\/p><\/div>\n             <\/div>\n            <\/div>\n           <\/div>\n           <div class=\"testimonial-item\">\n            <div class=\"ti-i\">\n             <img decoding=\"async\" src=\"https:\/\/staging.taski.com\/wp-content\/uploads\/2020\/11\/testimonial-2.jpg\" alt=\"Image\" \/>\n             <div class=\"test-item-content\">\n                <div class=\"test-item-title\">Po zweryfikowaniu swojego programu higieny, du\u017ca europejska sie\u0107 szybkiej obs\u0142ugi zdecydowa\u0142a si\u0119 <strong>zmodernizowa\u0107 z pomoc\u0105 TASKI<\/strong><\/div>\n                <div class=\"test-item-text\"><p>\u201eNajwi\u0119ksz\u0105 zmian\u0105 jest ca\u0142kowite odej\u015bcie od brudnych mop\u00f3w na rzecz nowoczesnych maszyn szoruj\u0105co-zbieraj\u0105cych. Dzi\u0119ki temu nasze pod\u0142ogi w kuchni i \u0142azience s\u0105 bezpieczniejsze i bardziej higieniczne. Nigdy wi\u0119cej nie chc\u0119 widzie\u0107 mopa!\u201d.<\/p><\/div>\n             <\/div>\n            <\/div>\n           <\/div>\n           <div class=\"testimonial-item\">\n            <div class=\"ti-i\">\n             <img decoding=\"async\" src=\"https:\/\/staging.taski.com\/wp-content\/uploads\/2020\/11\/testimonial-3.jpg\" alt=\"Image\" \/>\n             <div class=\"test-item-content\">\n                <div class=\"test-item-title\">Bardzo du\u017ca sie\u0107 restauracji w USA zwr\u00f3ci\u0142a si\u0119 do Diversey z pro\u015bb\u0105 o <strong>zmniejszenie ca\u0142kowitych koszt\u00f3w sprz\u0105tania<\/strong>.<\/div>\n                <div class=\"test-item-text\"><p>\u201eMoi pracownicy s\u0105 moim najwi\u0119kszym atutem, ale tak\u017ce najwi\u0119kszym kosztem, dlatego wa\u017cne jest dla mnie, aby pracowali wydajnie i mieli najlepsze dost\u0119pne produkty. Dzi\u0119ki odkurzaczom pionowym i plecakowym TASKI sprz\u0105tanie ko\u0144cowe odbywa si\u0119 teraz szybko\u201d.<\/p><\/div>\n             <\/div>\n            <\/div>\n           <\/div>\n\n        <\/div>\n\n      <\/div>\n    <\/div>\n  <\/div>\n  <div class=\"cl-fl\"><\/div>\n[\/vc_column_inner][\/vc_row_inner][\/vc_column][\/vc_row][vc_row][vc_column][vc_column_text]<\/p>\n<h2 style=\"text-align: center;\">Pobierz nasze broszury bran\u017cowe i przewodniki po produktach<\/h2>\n<p>[\/vc_column_text][\/vc_column][\/vc_row][vc_row][vc_column width=&#8221;1\/3&#8243;]  <div class=\"feature-icon-w\">\n    <div class=\"feature-icon-i\">\n     <a href=\"https:\/\/taski.com\/wp-content\/uploads\/2022\/11\/Food-Service-Sector-Brochure.pdf\" target=\"_blank\">       <div class=\"feature-tbl\">\n        <div class=\"feature-cell image-cell\">\n          <img decoding=\"async\" class=\"aligncenter size-full\" alt=\"\" src=\"https:\/\/staging.taski.com\/wp-content\/uploads\/2020\/12\/icon-document.png\"\/>\n        <\/div>\n        <div class=\"feature-cell description-cell\">\n          <p>Gastronomia \/ Us\u0142ugi Cateringowe<br \/>\nBroszura bran\u017cowa<\/p>\n        <\/div>\n       <\/div>\n        <\/a>       <div class=\"cl-fl\"><\/div>\n    <\/div>\n  <\/div>\n[\/vc_column][vc_column width=&#8221;1\/3&#8243;]  <div class=\"feature-icon-w\">\n    <div class=\"feature-icon-i\">\n     <a href=\"https:\/\/taski.com\/wp-content\/uploads\/2022\/05\/ULTIMAXX-Food-Service-Brochure.pdf\" target=\"_blank\">       <div class=\"feature-tbl\">\n        <div class=\"feature-cell image-cell\">\n          <img decoding=\"async\" class=\"aligncenter size-full\" alt=\"\" src=\"\"\/>\n        <\/div>\n        <div class=\"feature-cell description-cell\">\n          <p>Nowy ULTIMAXX Broszury dla Gastronomii i Us\u0142ug Kateringowych<\/p>\n        <\/div>\n       <\/div>\n        <\/a>       <div class=\"cl-fl\"><\/div>\n    <\/div>\n  <\/div>\n[\/vc_column][vc_column width=&#8221;1\/3&#8243;][\/vc_column][\/vc_row][vc_row][vc_column][vc_row_inner][vc_column_inner]\n  <div class=\"three-cta-block\">\n    <div class=\"three-cta-block-i\">\n      <div class=\"row\">\n        <div class=\"three-cta-block-grid\">\n           <div class=\"three-cta-item\">\n            <div class=\"tci-i\">\n             <div class=\"tci-item-content\">\n                <h5><strong>Want to<\/strong><br \/>find out<br \/>more<\/h5>\n                <a href=\"\/products-innovations-solutions\/\"><p>PRODUCTS,<br \/>SOLUTIONS &<br \/>INNOVATIONS<\/p><\/a>\n             <\/div>\n            <\/div>\n           <\/div>\n           <div class=\"three-cta-item\">\n            <div class=\"tci-i\">\n             <div class=\"tci-item-content\">\n                <h5><strong>Want<\/strong><br \/>to<br \/>buy?<\/h5>\n                <a href=\"\/shop\/\"><p>MY<br \/>TASKI<br \/>SHOP<\/p><\/a>\n             <\/div>\n            <\/div>\n           <\/div>\n           <div class=\"three-cta-item\">\n            <div class=\"tci-i\">\n             <div class=\"tci-item-content\">\n                <h5><strong>Get in touch<\/strong><br \/>with<br \/>us<\/h5>\n                <a href=\"\/news-help-contacts\/\"><p>CONTACT<br \/>US<\/p><\/a>\n             <\/div>\n            <\/div>\n           <\/div>\n        <\/div>\n      <\/div>\n    <\/div>\n  <\/div>\n  <div class=\"cl-fl\"><\/div>\n[\/vc_column_inner][\/vc_row_inner][\/vc_column][\/vc_row]<\/p>\n<\/div>","protected":false},"excerpt":{"rendered":"<p>TASKI machine solutions that will uphold the highest standards of hygiene and impress your dinners.<\/p>\n","protected":false},"author":1,"featured_media":54069,"parent":32803,"menu_order":607,"comment_status":"closed","ping_status":"closed","template":"","meta":{"_acf_changed":false,"_seopress_robots_primary_cat":"","_seopress_titles_title":"","_seopress_titles_desc":"","_seopress_robots_index":"","inline_featured_image":false,"footnotes":""},"class_list":["post-32753","page","type-page","status-publish","has-post-thumbnail","hentry"],"acf":[],"_links":{"self":[{"href":"https:\/\/staging.taski.com\/pl\/wp-json\/wp\/v2\/pages\/32753","targetHints":{"allow":["GET"]}}],"collection":[{"href":"https:\/\/staging.taski.com\/pl\/wp-json\/wp\/v2\/pages"}],"about":[{"href":"https:\/\/staging.taski.com\/pl\/wp-json\/wp\/v2\/types\/page"}],"author":[{"embeddable":true,"href":"https:\/\/staging.taski.com\/pl\/wp-json\/wp\/v2\/users\/1"}],"replies":[{"embeddable":true,"href":"https:\/\/staging.taski.com\/pl\/wp-json\/wp\/v2\/comments?post=32753"}],"version-history":[{"count":0,"href":"https:\/\/staging.taski.com\/pl\/wp-json\/wp\/v2\/pages\/32753\/revisions"}],"up":[{"embeddable":true,"href":"https:\/\/staging.taski.com\/pl\/wp-json\/wp\/v2\/pages\/32803"}],"wp:featuredmedia":[{"embeddable":true,"href":"https:\/\/staging.taski.com\/pl\/wp-json\/wp\/v2\/media\/54069"}],"wp:attachment":[{"href":"https:\/\/staging.taski.com\/pl\/wp-json\/wp\/v2\/media?parent=32753"}],"curies":[{"name":"wp","href":"https:\/\/api.w.org\/{rel}","templated":true}]}}