{"id":32746,"date":"2020-11-30T16:15:23","date_gmt":"2020-11-30T16:15:23","guid":{"rendered":"https:\/\/taski.com\/government-education\/"},"modified":"2023-01-23T21:28:42","modified_gmt":"2023-01-23T21:28:42","slug":"government-education","status":"publish","type":"page","link":"https:\/\/staging.taski.com\/pl\/why-taski\/your-markets-sectors\/government-education\/","title":{"rendered":"Plac\u00f3wki Rz\u0105dowe i Edukacyjne"},"content":{"rendered":"<div class=\"wpb-content-wrapper\"><p>[vc_row][vc_column]\n  <div class=\"page-intro-block size-fit-image style-dark font-large\">\n         <div class=\"page-intro-block-i\">\n      <div class=\"row\">\n        <div class=\"page-intro-content\">\n            <div class=\"title-block\">\n                                     <h2><span class=\"pt\">Plac\u00f3wki Rz\u0105dowe i Edukacyjne<\/span>Potrzebujesz <strong>czy\u015bci\u0107 i utrzyma\u0107 w czysto\u015bci<\/strong> sw\u00f3j obiekt w spos\u00f3b efektywny ale r\u00f3wnie\u017c chroni\u0107 <strong>zdrowie i bezpiecze\u0144stwo<\/strong> publiczne?<br \/>\nTASKI mo\u017ce Ci w tym pom\u00f3c.<\/h2>\n                                                 <\/div>\n            <div class=\"page-intro-image\">\n                                <div class=\"page-intro-image-alt\">\n                    \n                    <img decoding=\"async\" src=\"https:\/\/staging.taski.com\/wp-content\/uploads\/2020\/11\/government-education.jpg\" alt=\"\" \/>\n\n                <\/div>\n            <\/div>\n        <\/div>\n      <\/div>\n\n\n    <\/div>\n  <\/div>\n  <div class=\"cl-fl\"><\/div>\n[\/vc_column][\/vc_row][vc_row css=&#8221;.vc_custom_1606587476742{padding-top: 80px !important;padding-bottom: 95px !important;}&#8221;][vc_column][vc_row_inner][vc_column_inner]\n  <div class=\"page-video-block\">\n    <div class=\"page-video-block-i\">\n      <div class=\"row\">\n        <div class=\"page-video-block-content\">\n            <div class=\"title-block\">\n                 <h2>Jakie s\u0105 Twoje g\u0142\u00f3wne trudno\u015bci?<\/h2>\n            <\/div>\n            <div class=\"page-video-image\">\n                \n              <a href=\"#\" class=\"video-player-link\" data-video-id=\"485944650\" data-src=\"https:\/\/player.vimeo.com\/video\/485944650\">\n                <img decoding=\"async\" src=\"https:\/\/staging.taski.com\/wp-content\/uploads\/2021\/01\/GE-need-image.jpg\" alt=\"Jakie s\u0105 Twoje g\u0142\u00f3wne trudno\u015bci? Image\" \/>\n\n     <div class=\"page-video-video-abs\"><div class=\"video-embed\"><iframe loading=\"lazy\" id=\"\" src=\"\" width=\"100%\" height=\"100%\" frameborder=\"0\" style=\"position:absolute;top:0;left:0;width:100%;height:100%;\"   allow=\"autoplay; fullscreen\" muted webkitallowfullscreen mozallowfullscreen allowfullscreen><\/iframe><\/div><\/div>              <\/a>\n            <\/div>\n        <\/div>\n      <\/div>\n\n\n    <\/div>\n  <\/div>\n  <div class=\"cl-fl\"><\/div>\n[\/vc_column_inner][\/vc_row_inner][\/vc_column][\/vc_row][vc_row][vc_column]\n  <div class=\"taski-carousel-block \" style=\"\">\n    <div class=\"taski-carousel-block-i\">\n\n      <div class=\"taski-carousel-title\"><p>We understand your sector's needs<\/p><\/div>\n      <div class=\"row\">\n       <div class=\"taski-carousel-holder\">\n        <div class=\"taski-carousel owl-carousel owl-theme\" id=\"taski-carousel\">\n                                    <div class=\"item taski-slide\">\n                            <div class=\"its-i\">\n                <div class=\"media-w\">\n                    <div class=\"image\">\n                      <div class=\"image-i\">\n                        <img decoding=\"async\" src=\"https:\/\/staging.taski.com\/wp-content\/uploads\/2020\/12\/sustainability.svg\" \/>\n                      <\/div>\n                    <\/div>\n                <\/div>\n                <div class=\"text\">\n                    <div class=\"title\">Zr\u00f3wnowa\u017cony Rozw\u00f3j<\/div>\n                    <p>Ogranicz zu\u017cycie medi\u00f3w nawet o 76% aby sprosta\u0107 za\u0142o\u017ceniom zr\u00f3wnowa\u017conego rozwoju u swojego klienta. Sprawd\u017a nasze <strong>Inteligentne Rozwi\u0105zania .<\/strong> Produkty i technologie technologie ograniczaj\u0105ce zu\u017cycie pr\u0105du, wody, \u015brodk\u00f3w chemicznych i odpad\u00f3w<\/p>\n                                    <\/div>\n              <\/div>\n                          <\/div>\n            <div class=\"item taski-slide\">\n                            <div class=\"its-i\">\n                <div class=\"media-w\">\n                    <div class=\"image\">\n                      <div class=\"image-i\">\n                        <img decoding=\"async\" src=\"https:\/\/staging.taski.com\/wp-content\/uploads\/2020\/12\/operational-efficiency.svg\" \/>\n                      <\/div>\n                    <\/div>\n                <\/div>\n                <div class=\"text\">\n                    <div class=\"title\">Wydajno\u015b\u0107 Operacyjna<\/div>\n                    <p>Zwi\u0119ksz wydajno\u015b\u0107 operacyjn\u0105 dzi\u0119ki innowacjom, najwy\u017cszej produktywno\u015bci i zarz\u0105dzaniu flot\u0105. Zapoznaj si\u0119 z naszymi <strong>narz\u0119dziami do zarz\u0105dzania flot\u0105 w zakresie telemetrii IntelliTrail i IntelliTrail Analytics.<\/strong><\/p>\n                                    <\/div>\n              <\/div>\n                          <\/div>\n            <div class=\"item taski-slide\">\n                            <div class=\"its-i\">\n                <div class=\"media-w\">\n                    <div class=\"image\">\n                      <div class=\"image-i\">\n                        <img decoding=\"async\" src=\"https:\/\/staging.taski.com\/wp-content\/uploads\/2020\/12\/cost-control.svg\" \/>\n                      <\/div>\n                    <\/div>\n                <\/div>\n                <div class=\"text\">\n                    <div class=\"title\">Kontrola Koszt\u00f3w<\/div>\n                    <p>Zwi\u0119ksz wydajno\u015b\u0107 operacyjn\u0105 dzi\u0119ki innowacjom, najwy\u017cszej produktywno\u015bci i zarz\u0105dzaniu flot\u0105. Zapoznaj si\u0119 z naszymi elastycznymi opcjami <strong>finans\u00f3w i us\u0142ug<\/strong> oraz <strong>IntelliTrail.<\/strong><\/p>\n                                    <\/div>\n              <\/div>\n                          <\/div>\n            <div class=\"item taski-slide\">\n                            <div class=\"its-i\">\n                <div class=\"media-w\">\n                    <div class=\"image\">\n                      <div class=\"image-i\">\n                        <img decoding=\"async\" src=\"https:\/\/staging.taski.com\/wp-content\/uploads\/2020\/12\/cost-control.svg\" \/>\n                      <\/div>\n                    <\/div>\n                <\/div>\n                <div class=\"text\">\n                    <div class=\"title\">Ludzie i Bezpiecze\u0144stwo<\/div>\n                    <p>Chro\u0144 sw\u00f3j zesp\u00f3\u0142 i spo\u0142eczno\u015b\u0107 dzi\u0119ki lepszej jako\u015bci powietrza, higienie i procesie suszeniu pod\u0142\u00f3g. Sprawd\u017a <strong>filtry IntelliSpray i HEPA.<\/strong> Dwia ulepszenia o du\u017cym znaczeniu.<\/p>\n                                    <\/div>\n              <\/div>\n                          <\/div>\n            <div class=\"item taski-slide\">\n                            <div class=\"its-i\">\n                <div class=\"media-w\">\n                    <div class=\"image\">\n                      <div class=\"image-i\">\n                        <img decoding=\"async\" src=\"https:\/\/staging.taski.com\/wp-content\/uploads\/2020\/12\/asset-protection.svg\" \/>\n                      <\/div>\n                    <\/div>\n                <\/div>\n                <div class=\"text\">\n                    <div class=\"title\">Ochrona Aktyw\u00f3w<\/div>\n                    <p>Tw\u00f3j obiekt jest cenny, chro\u0144 swoje aktywa, jednocze\u015bnie poprawiaj\u0105c ich wygl\u0105d. <strong>Maszyny szoruj\u0105co-zbieraj\u0105ce TASKI swingo i pady diamentowe Twister<\/strong> zapewniaj\u0105 niezr\u00f3wnane czyszczenie w jednym podej\u015bciu. Z chemi\u0105 lub bez.<\/p>\n                                    <\/div>\n              <\/div>\n                          <\/div>\n                    <\/div>\n\n        <div class=\"taski-carousel-navigation\">\n          <div class=\"nav-left\">\n            <a href=\"#\"><i class=\"fa fa-chevron-left\"><\/i><\/a>\n          <\/div>\n          <div class=\"nav-description\">\n\n          <\/div>\n          <div class=\"nav-right\">\n            <a href=\"#\"><i class=\"fa fa-chevron-right\"><\/i><\/a>\n          <\/div>\n        <\/div>\n       <\/div>\n      <\/div>\n   <\/div>\n  <\/div>\n  <div class=\"cl-fl\"><\/div>\n[\/vc_column][\/vc_row][vc_row css=&#8221;.vc_custom_1606653988515{padding-top: 80px !important;padding-bottom: 80px !important;background-color: #505050 !important;}&#8221;][vc_column][vc_row_inner][vc_column_inner]\n  <div class=\"testimonials-block\">\n    <div class=\"testimonials-block-i\">\n      <div class=\"row\">\n        <div class=\"title-block\">\n            <h2>Co m\u00f3wi\u0105 nasi klienci<\/h2>\n        <\/div>\n\n        <div class=\"testimonials-grid\">\n           <div class=\"testimonial-item\">\n            <div class=\"ti-i\">\n             <img decoding=\"async\" src=\"https:\/\/staging.taski.com\/wp-content\/uploads\/2020\/11\/testimonial-1.jpg\" alt=\"Image\" \/>\n             <div class=\"test-item-content\">\n                <div class=\"test-item-title\">Uniwersytet w Niemczech musia\u0142 sprosta\u0107 wymaganiom zr\u00f3wnowa\u017conego rozw\u00f3ju. <strong>Koncentruj\u0105c si\u0119 na ograniczeniu zu\u017cycia medi\u00f3w, TASKI by\u0142 w stanie pom\u00f3c.<\/strong><\/div>\n                <div class=\"test-item-text\"><p>\u201eKorzystaj\u0105c z TASKI Selector i narz\u0119dzia ToolBox od Diversey, byli\u015bmy nawet w stanie pokaza\u0107, ile energii i wody zaoszcz\u0119dzili\u015bmy od czasu przej\u015bcia na maszyny TASKI i pady Twister. Pomog\u0142o to przyczyni\u0107 si\u0119 do redukcji \u015bladu w\u0119glowego w skali roku\u201d.<\/p><\/div>\n             <\/div>\n            <\/div>\n           <\/div>\n           <div class=\"testimonial-item\">\n            <div class=\"ti-i\">\n             <img decoding=\"async\" src=\"https:\/\/staging.taski.com\/wp-content\/uploads\/2020\/11\/testimonial-2.jpg\" alt=\"Image\" \/>\n             <div class=\"test-item-content\">\n                <div class=\"test-item-title\">W jednym z najstarszych obiekt\u00f3w rz\u0105dowych w Londynie prawdziwym wyzwaniem by\u0142o <strong>ustalenie programu sprz\u0105tania budynku, kt\u00f3ry ma setki lat i kt\u00f3rego materia\u0142 budowlany by\u0142 bezcenny.<\/strong><\/div>\n                <div class=\"test-item-text\"><p>\u201eTylko Diversey by\u0142o w stanie da\u0107 mi pewno\u015b\u0107, \u017ce nasze presti\u017cowe budynki s\u0105 w dobrych r\u0119kach. Ich eksperci techniczni byli w stanie stworzy\u0107 rozwi\u0105zanie ze \u015brodk\u00f3w chemicznych i maszyn TASKI do utrzymania naszych budynk\u00f3w bez ryzyka szk\u00f3d lub zagro\u017cenia dla otoczenia. Przy tysi\u0105cach ludzi odwiedzaj\u0105cych ka\u017cdego dnia by\u0142o to o jedn\u0105 rzecz mniej do zmartwie\u0144\u201d.<\/p><\/div>\n             <\/div>\n            <\/div>\n           <\/div>\n           <div class=\"testimonial-item\">\n            <div class=\"ti-i\">\n             <img decoding=\"async\" src=\"https:\/\/staging.taski.com\/wp-content\/uploads\/2020\/11\/testimonial-3.jpg\" alt=\"Image\" \/>\n             <div class=\"test-item-content\">\n                <div class=\"test-item-title\">Bardzo du\u017ca szko\u0142a w centrum miasta mia\u0142a powa\u017cne problemy z utrzymaniem personelu. <strong>Mechanizacja czyszczenia okaza\u0142a si\u0119 trudna.<\/strong> Pracownicy stwierdzili, \u017ce poprzednie maszyny, ci\u0119\u017ckie i trudne w u\u017cyciu, stanowi\u0142y ich g\u0142\u00f3wny problem.<\/div>\n                <div class=\"test-item-text\"><p>\u201eNasz zesp\u00f3\u0142 uwielbia swoje nowe maszyny TASKI. Uwa\u017caj\u0105 je za \u0142atwe w u\u017cyciu i ch\u0119tnie przechodz\u0105 z jednej maszyny na drug\u0105 za pomoc\u0105 tych samych element\u00f3w steruj\u0105cych. Nape\u0142nianie i opr\u00f3\u017cnianie nie jest ju\u017c czym\u015b, o czym musimy im ci\u0105gle przypomina\u0107\u201d.<\/p><\/div>\n             <\/div>\n            <\/div>\n           <\/div>\n\n        <\/div>\n\n      <\/div>\n    <\/div>\n  <\/div>\n  <div class=\"cl-fl\"><\/div>\n[\/vc_column_inner][\/vc_row_inner][\/vc_column][\/vc_row][vc_row][vc_column][vc_column_text]<\/p>\n<h2 style=\"text-align: center;\"><span class=\"Y2IQFc\" lang=\"pl\">Pobierz nasze broszury bran\u017cowe i przewodniki po produktach<\/span><\/h2>\n<p>[\/vc_column_text][\/vc_column][\/vc_row][vc_row][vc_column width=&#8221;1\/3&#8243;]  <div class=\"feature-icon-w\">\n    <div class=\"feature-icon-i\">\n     <a href=\"https:\/\/taski.com\/wp-content\/uploads\/2022\/11\/GE-Sector-Brochure.pdf\" target=\"_blank\">       <div class=\"feature-tbl\">\n        <div class=\"feature-cell image-cell\">\n          <img decoding=\"async\" class=\"aligncenter size-full\" alt=\"\" src=\"https:\/\/staging.taski.com\/wp-content\/uploads\/2020\/12\/icon-document.png\"\/>\n        <\/div>\n        <div class=\"feature-cell description-cell\">\n          <p>Bruszury dla plac\u00f3wkach rz\u0105dowych i<br \/>\nedukacyjnych<\/p>\n        <\/div>\n       <\/div>\n        <\/a>       <div class=\"cl-fl\"><\/div>\n    <\/div>\n  <\/div>\n[\/vc_column][vc_column width=&#8221;1\/3&#8243;]  <div class=\"feature-icon-w\">\n    <div class=\"feature-icon-i\">\n            <div class=\"feature-tbl\">\n        <div class=\"feature-cell image-cell\">\n          <img decoding=\"async\" class=\"aligncenter size-full\" alt=\"\" src=\"https:\/\/staging.taski.com\/wp-content\/uploads\/2020\/12\/icon-document.png\"\/>\n        <\/div>\n        <div class=\"feature-cell description-cell\">\n          <p>Plac\u00f3wki rz\u0105dowe i edukacyjne<br \/>\nWykaz produkt\u00f3w do u\u017cycia<\/p>\n        <\/div>\n       <\/div>\n               <div class=\"cl-fl\"><\/div>\n    <\/div>\n  <\/div>\n[\/vc_column][vc_column width=&#8221;1\/3&#8243;]  <div class=\"feature-icon-w\">\n    <div class=\"feature-icon-i\">\n     <a href=\"https:\/\/taski.com\/wp-content\/uploads\/2022\/05\/ULTIMAXX-Government-Education-Brochure.pdf\" target=\"_blank\">       <div class=\"feature-tbl\">\n        <div class=\"feature-cell image-cell\">\n          <img decoding=\"async\" class=\"aligncenter size-full\" alt=\"\" src=\"\"\/>\n        <\/div>\n        <div class=\"feature-cell description-cell\">\n          <p>Nowy ULTIMAXX broszury bran\u017cowe dla plac\u00f3wek rz\u0105dowych i edukacyjnych<\/p>\n        <\/div>\n       <\/div>\n        <\/a>       <div class=\"cl-fl\"><\/div>\n    <\/div>\n  <\/div>\n[\/vc_column][\/vc_row][vc_row][vc_column][vc_row_inner][vc_column_inner]\n  <div class=\"three-cta-block\">\n    <div class=\"three-cta-block-i\">\n      <div class=\"row\">\n        <div class=\"three-cta-block-grid\">\n           <div class=\"three-cta-item\">\n            <div class=\"tci-i\">\n             <div class=\"tci-item-content\">\n                <h5><strong>Want to<\/strong><br \/>find out<br \/>more<\/h5>\n                <a href=\"\/products-innovations-solutions\/\"><p>PRODUCTS,<br \/>SOLUTIONS &<br \/>INNOVATIONS<\/p><\/a>\n             <\/div>\n            <\/div>\n           <\/div>\n           <div class=\"three-cta-item\">\n            <div class=\"tci-i\">\n             <div class=\"tci-item-content\">\n                <h5><strong>Want<\/strong><br \/>to<br \/>buy?<\/h5>\n                <a href=\"\/shop\/\"><p>MY<br \/>TASKI<br \/>SHOP<\/p><\/a>\n             <\/div>\n            <\/div>\n           <\/div>\n           <div class=\"three-cta-item\">\n            <div class=\"tci-i\">\n             <div class=\"tci-item-content\">\n                <h5><strong>Get in touch<\/strong><br \/>with<br \/>us<\/h5>\n                <a href=\"\/news-help-contacts\/\"><p>CONTACT<br \/>US<\/p><\/a>\n             <\/div>\n            <\/div>\n           <\/div>\n        <\/div>\n      <\/div>\n    <\/div>\n  <\/div>\n  <div class=\"cl-fl\"><\/div>\n[\/vc_column_inner][\/vc_row_inner][\/vc_column][\/vc_row][vc_row][vc_column][\/vc_column][\/vc_row]<\/p>\n<\/div>","protected":false},"excerpt":{"rendered":"<p>TASKI machine solutions which help take care of your building whilst keeping the public safe <\/p>\n","protected":false},"author":1,"featured_media":52968,"parent":32803,"menu_order":616,"comment_status":"closed","ping_status":"closed","template":"","meta":{"_acf_changed":false,"_seopress_robots_primary_cat":"","_seopress_titles_title":"","_seopress_titles_desc":"","_seopress_robots_index":"","inline_featured_image":false,"footnotes":""},"class_list":["post-32746","page","type-page","status-publish","has-post-thumbnail","hentry"],"acf":[],"_links":{"self":[{"href":"https:\/\/staging.taski.com\/pl\/wp-json\/wp\/v2\/pages\/32746","targetHints":{"allow":["GET"]}}],"collection":[{"href":"https:\/\/staging.taski.com\/pl\/wp-json\/wp\/v2\/pages"}],"about":[{"href":"https:\/\/staging.taski.com\/pl\/wp-json\/wp\/v2\/types\/page"}],"author":[{"embeddable":true,"href":"https:\/\/staging.taski.com\/pl\/wp-json\/wp\/v2\/users\/1"}],"replies":[{"embeddable":true,"href":"https:\/\/staging.taski.com\/pl\/wp-json\/wp\/v2\/comments?post=32746"}],"version-history":[{"count":0,"href":"https:\/\/staging.taski.com\/pl\/wp-json\/wp\/v2\/pages\/32746\/revisions"}],"up":[{"embeddable":true,"href":"https:\/\/staging.taski.com\/pl\/wp-json\/wp\/v2\/pages\/32803"}],"wp:featuredmedia":[{"embeddable":true,"href":"https:\/\/staging.taski.com\/pl\/wp-json\/wp\/v2\/media\/52968"}],"wp:attachment":[{"href":"https:\/\/staging.taski.com\/pl\/wp-json\/wp\/v2\/media?parent=32746"}],"curies":[{"name":"wp","href":"https:\/\/api.w.org\/{rel}","templated":true}]}}