{"id":32745,"date":"2020-11-30T16:22:37","date_gmt":"2020-11-30T16:22:37","guid":{"rendered":"https:\/\/taski.com\/manufacturing\/"},"modified":"2023-01-23T21:32:46","modified_gmt":"2023-01-23T21:32:46","slug":"manufacturing","status":"publish","type":"page","link":"https:\/\/staging.taski.com\/pl\/why-taski\/your-markets-sectors\/manufacturing\/","title":{"rendered":"Produkcja"},"content":{"rendered":"<div class=\"wpb-content-wrapper\"><p>[vc_row][vc_column]\n  <div class=\"page-intro-block size-fit-image style-dark font-large\">\n         <div class=\"page-intro-block-i\">\n      <div class=\"row\">\n        <div class=\"page-intro-content\">\n            <div class=\"title-block\">\n                                     <h2><span class=\"pt\">Produkcja<\/span>Czy chcesz, aby Tw\u00f3j obiekt by\u0142 <strong>czysty i bezpieczny, a tak\u017ce utrzymywa\u0107 koszty na minimalnym poziomie i pod kontrol\u0105? <\/strong><br \/>\nTASKI mo\u017ce Ci pom\u00f3c.<\/h2>\n                                                 <\/div>\n            <div class=\"page-intro-image\">\n                                <div class=\"page-intro-image-alt\">\n                    \n                    <img decoding=\"async\" src=\"https:\/\/staging.taski.com\/wp-content\/uploads\/2020\/11\/manufacturing.jpg\" alt=\"\" \/>\n\n                <\/div>\n            <\/div>\n        <\/div>\n      <\/div>\n\n\n    <\/div>\n  <\/div>\n  <div class=\"cl-fl\"><\/div>\n[\/vc_column][\/vc_row][vc_row css=&#8221;.vc_custom_1606587476742{padding-top: 80px !important;padding-bottom: 95px !important;}&#8221;][vc_column][vc_row_inner][vc_column_inner]\n  <div class=\"page-video-block\">\n    <div class=\"page-video-block-i\">\n      <div class=\"row\">\n        <div class=\"page-video-block-content\">\n            <div class=\"title-block\">\n                 <h2>Jakie s\u0105 Twoje g\u0142\u00f3wne wyzwania?<\/h2>\n            <\/div>\n            <div class=\"page-video-image\">\n                \n              <a href=\"#\" class=\"video-player-link\" data-video-id=\"485944886\" data-src=\"https:\/\/player.vimeo.com\/video\/485944886\">\n                <img decoding=\"async\" src=\"https:\/\/staging.taski.com\/wp-content\/uploads\/2021\/01\/Manufacturing-need-image.jpg\" alt=\"Jakie s\u0105 Twoje g\u0142\u00f3wne wyzwania? Image\" \/>\n\n     <div class=\"page-video-video-abs\"><div class=\"video-embed\"><iframe loading=\"lazy\" id=\"\" src=\"\" width=\"100%\" height=\"100%\" frameborder=\"0\" style=\"position:absolute;top:0;left:0;width:100%;height:100%;\"   allow=\"autoplay; fullscreen\" muted webkitallowfullscreen mozallowfullscreen allowfullscreen><\/iframe><\/div><\/div>              <\/a>\n            <\/div>\n        <\/div>\n      <\/div>\n\n\n    <\/div>\n  <\/div>\n  <div class=\"cl-fl\"><\/div>\n[\/vc_column_inner][\/vc_row_inner][\/vc_column][\/vc_row][vc_row][vc_column]\n  <div class=\"taski-carousel-block \" style=\"\">\n    <div class=\"taski-carousel-block-i\">\n\n      <div class=\"taski-carousel-title\"><p>We understand your sector's needs<\/p><\/div>\n      <div class=\"row\">\n       <div class=\"taski-carousel-holder\">\n        <div class=\"taski-carousel owl-carousel owl-theme\" id=\"taski-carousel\">\n                                    <div class=\"item taski-slide\">\n                            <div class=\"its-i\">\n                <div class=\"media-w\">\n                    <div class=\"image\">\n                      <div class=\"image-i\">\n                        <img decoding=\"async\" src=\"https:\/\/staging.taski.com\/wp-content\/uploads\/2020\/12\/operational-efficiency.svg\" \/>\n                      <\/div>\n                    <\/div>\n                <\/div>\n                <div class=\"text\">\n                    <div class=\"title\">Wydajno\u015b\u0107 Operacyjna<\/div>\n                    <p>Zwi\u0119ksz wydajno\u015b\u0107 operacyjn\u0105 i po\u015bwi\u0119\u0107 mniej czasu na czyszczenie. Sprawd\u017a nasz\u0105 <strong>innowacj\u0119 IntelliSweep 2 w 1.<\/strong> Zamiata i szoruje w jednym przej\u015bciu, oszcz\u0119dzaj\u0105c 30% czasu.<\/p>\n                                    <\/div>\n              <\/div>\n                          <\/div>\n            <div class=\"item taski-slide\">\n                            <div class=\"its-i\">\n                <div class=\"media-w\">\n                    <div class=\"image\">\n                      <div class=\"image-i\">\n                        <img decoding=\"async\" src=\"https:\/\/staging.taski.com\/wp-content\/uploads\/2020\/12\/people-safety.svg\" \/>\n                      <\/div>\n                    <\/div>\n                <\/div>\n                <div class=\"text\">\n                    <div class=\"title\">Ludzie i Bezpiecze\u0144stwo<\/div>\n                    <p>Popraw higien\u0119 i zapewnij bezpiecze\u0144stwo swoim pod\u0142ogom. <strong>Zamiatarki i maszyny szoruj\u0105co-zbieraj\u0105ce TASKI<\/strong> s\u0105 przeznaczone do czyszczenia za jednym przejazdem w celu bezpieczniejszego czyszczenia pod\u0142\u00f3g.<\/p>\n                                    <\/div>\n              <\/div>\n                          <\/div>\n            <div class=\"item taski-slide\">\n                            <div class=\"its-i\">\n                <div class=\"media-w\">\n                    <div class=\"image\">\n                      <div class=\"image-i\">\n                        <img decoding=\"async\" src=\"https:\/\/staging.taski.com\/wp-content\/uploads\/2020\/12\/profitable-growth.svg\" \/>\n                      <\/div>\n                    <\/div>\n                <\/div>\n                <div class=\"text\">\n                    <div class=\"title\">Rentowny Wzrost<\/div>\n                    <p>Zmniejsz rachunki za robocizn\u0119, mechanizuj\u0105c wi\u0119cej sprz\u0105tania dla zwi\u0119kszenia zysk\u00f3w. Przyjrzyj si\u0119 naszym <strong>wysoce wydajnym samojezdnym maszynom szoruj\u0105co-zbieraj\u0105cym i stacji z szybkim tankowaniem zbiornik\u00f3w.<\/strong><\/p>\n                                    <\/div>\n              <\/div>\n                          <\/div>\n            <div class=\"item taski-slide\">\n                            <div class=\"its-i\">\n                <div class=\"media-w\">\n                    <div class=\"image\">\n                      <div class=\"image-i\">\n                        <img decoding=\"async\" src=\"https:\/\/staging.taski.com\/wp-content\/uploads\/2020\/12\/working-capital-optimisation.svg\" \/>\n                      <\/div>\n                    <\/div>\n                <\/div>\n                <div class=\"text\">\n                    <div class=\"title\">Optymalizacja Kapita\u0142u Obrotowego<\/div>\n                    <p>Inwestuj m\u0105drze. Spraw, aby twoje pieni\u0105dze pracowa\u0142y dla ciebie ci\u0119\u017cej. Popraw sw\u00f3j zwrot z inwestycji i skr\u00f3\u0107 czas oczekiwania na ten zwrot. Sprawd\u017a nasze <strong> maszyny szoruj\u0105co-zbieraj\u0105ce samojezdne i z platform\u0105 dla operatora, w tym IntelliSweep<\/strong>, aby zobaczy\u0107, jak zmaksymalizowa\u0107 zwrot z inwestycji.<\/p>\n                                    <\/div>\n              <\/div>\n                          <\/div>\n            <div class=\"item taski-slide\">\n                            <div class=\"its-i\">\n                <div class=\"media-w\">\n                    <div class=\"image\">\n                      <div class=\"image-i\">\n                        <img decoding=\"async\" src=\"https:\/\/staging.taski.com\/wp-content\/uploads\/2020\/12\/cost-control.svg\" \/>\n                      <\/div>\n                    <\/div>\n                <\/div>\n                <div class=\"text\">\n                    <div class=\"title\">Kontrola Koszt\u00f3w<\/div>\n                    <p>Zmniejsz koszty posiadania i czyszczenia dzi\u0119ki elastycznemu zarz\u0105dzaniu finansami i flot\u0105. Przyjrzyj si\u0119 naszym <strong>Inteligentnym Rozwi\u0105zaniom<\/strong>, w tym telemetrii i analityce, aby kontrolowa\u0107 koszty.<\/p>\n                                    <\/div>\n              <\/div>\n                          <\/div>\n                    <\/div>\n\n        <div class=\"taski-carousel-navigation\">\n          <div class=\"nav-left\">\n            <a href=\"#\"><i class=\"fa fa-chevron-left\"><\/i><\/a>\n          <\/div>\n          <div class=\"nav-description\">\n\n          <\/div>\n          <div class=\"nav-right\">\n            <a href=\"#\"><i class=\"fa fa-chevron-right\"><\/i><\/a>\n          <\/div>\n        <\/div>\n       <\/div>\n      <\/div>\n   <\/div>\n  <\/div>\n  <div class=\"cl-fl\"><\/div>\n[\/vc_column][\/vc_row][vc_row css=&#8221;.vc_custom_1606653988515{padding-top: 80px !important;padding-bottom: 80px !important;background-color: #505050 !important;}&#8221;][vc_column][vc_row_inner][vc_column_inner]\n  <div class=\"testimonials-block\">\n    <div class=\"testimonials-block-i\">\n      <div class=\"row\">\n        <div class=\"title-block\">\n            <h2>Co m\u00f3wi\u0105 nasi klienci<\/h2>\n        <\/div>\n\n        <div class=\"testimonials-grid\">\n           <div class=\"testimonial-item\">\n            <div class=\"ti-i\">\n             <img decoding=\"async\" src=\"https:\/\/staging.taski.com\/wp-content\/uploads\/2020\/11\/testimonial-1.jpg\" alt=\"Image\" \/>\n             <div class=\"test-item-content\">\n                <div class=\"test-item-title\">Produkcja elektroniki wi\u0105\u017ce si\u0119 z bardzo wysokimi kosztami i pracujemy zgodnie z bardzo wysokimi standardami higieny. <strong>Tylko TASKI posiada\u0142o wiedz\u0119 eksperck\u0105, aby dostarczy\u0107 idealne rozwi\u0105zanie.<\/strong><\/div>\n                <div class=\"test-item-text\"><p>\u201eUtrata produkcji lub nieudana kontrola jako\u015bci po prostu nie s\u0105 tutaj tolerowane. Z pomoc\u0105 ekspert\u00f3w TASKI byli\u015bmy w stanie stworzy\u0107 program czyszczenia w jednym przebiegu, kt\u00f3ry by\u0142 po\u0142\u0105czeniem maszyny i \u015brodk\u00f3w chemicznych. Przeszli\u015bmy nawet na dedykowan\u0105 antystatyczn\u0105 substancj\u0119 czyszcz\u0105c\u0105 Diversey i przeszli\u015bmy na filtry HEPA\u201d.<\/p><\/div>\n             <\/div>\n            <\/div>\n           <\/div>\n           <div class=\"testimonial-item\">\n            <div class=\"ti-i\">\n             <img decoding=\"async\" src=\"https:\/\/staging.taski.com\/wp-content\/uploads\/2020\/11\/testimonial-2.jpg\" alt=\"Image\" \/>\n             <div class=\"test-item-content\">\n                <div class=\"test-item-title\">Problem stanowi\u0142a rotacja personelu. TASKI <strong>pom\u00f3g\u0142 producentowi maszyn zwi\u0119kszy\u0107 produktywno\u015b\u0107<\/strong>, ale tak\u017ce u\u0142atwi\u0142 i uprzyjemni\u0142 sprz\u0105tanie.<\/div>\n                <div class=\"test-item-text\"><p>\u201eWiemy, \u017ce nasza linia produkcyjna nie jest najprzyjemniejszym miejscem, zatem utrzymanie personelu sprz\u0105taj\u0105cego by\u0142o problemem. Przej\u015bcie na samojezdne maszyny szoruj\u0105co-zbieraj\u0105ce oznacza, \u017ce mog\u0105 teraz siedzie\u0107 wygodnie i bezpiecznie. Czas, kt\u00f3ry zaoszcz\u0119dzili\u015bmy dzi\u0119ki przejazdom, oznacza, \u017ce mo\u017cemy teraz robi\u0107 im d\u0142u\u017csze przerwy, wi\u0119c wszyscy wygrywaj\u0105\u201d.<\/p><\/div>\n             <\/div>\n            <\/div>\n           <\/div>\n           <div class=\"testimonial-item\">\n            <div class=\"ti-i\">\n             <img decoding=\"async\" src=\"https:\/\/staging.taski.com\/wp-content\/uploads\/2020\/11\/testimonial-3.jpg\" alt=\"Image\" \/>\n             <div class=\"test-item-content\">\n                <div class=\"test-item-title\">W budynku z ca\u0142odobow\u0105 lini\u0105 produkcyjn\u0105 czyszczenie by\u0142o kluczow\u0105 cz\u0119\u015bci\u0105 procesu. Jednak skandynawska fabryka \u017cywno\u015bci potrzebowa\u0142a <strong>nowych sposob\u00f3w szybkiego czyszczenia.<\/strong><\/div>\n                <div class=\"test-item-text\"><p>\u201eKiedy spojrzymy wstecz, by\u0142o to oczywiste. Kiedy firma TASKI przyjecha\u0142a na miejsce, powiedzieli po prostu: \u201ePo co chodzi\u0107, skoro mo\u017cna je\u017adzi\u0107?\u201d. Skr\u00f3cili\u015bmy czas czyszczenia pod\u0142\u00f3g o 30%, przechodz\u0105c na maszyn\u0119 z platform\u0105 do stania. By\u0142a idealna, by\u0142 wystarczaj\u0105co kompaktowa aby zmie\u015bci\u0107 si\u0119 wsz\u0119dzie, ale czy\u015bci\u0142a o wiele szybciej. Zmie\u015bci\u0142a si\u0119 nawet w magazynie sprz\u0105taj\u0105cym.<\/p><\/div>\n             <\/div>\n            <\/div>\n           <\/div>\n\n        <\/div>\n\n      <\/div>\n    <\/div>\n  <\/div>\n  <div class=\"cl-fl\"><\/div>\n[\/vc_column_inner][\/vc_row_inner][\/vc_column][\/vc_row][vc_row][vc_column][vc_column_text]<\/p>\n<h2 style=\"text-align: center;\">Pobierz nasz\u0105 broszur\u0119 bran\u017cow\u0105 i przewodniki po produktach<\/h2>\n<p>[\/vc_column_text][\/vc_column][\/vc_row][vc_row][vc_column width=&#8221;1\/3&#8243;]  <div class=\"feature-icon-w\">\n    <div class=\"feature-icon-i\">\n     <a href=\"https:\/\/taski.com\/wp-content\/uploads\/2022\/11\/Manufacturing-Sector-Brochure.pdf\" target=\"_blank\">       <div class=\"feature-tbl\">\n        <div class=\"feature-cell image-cell\">\n          <img decoding=\"async\" class=\"aligncenter size-full\" alt=\"\" src=\"https:\/\/staging.taski.com\/wp-content\/uploads\/2020\/12\/icon-document.png\"\/>\n        <\/div>\n        <div class=\"feature-cell description-cell\">\n          <p>Broszura dla bran\u017cy Produkcyjnej<\/p>\n        <\/div>\n       <\/div>\n        <\/a>       <div class=\"cl-fl\"><\/div>\n    <\/div>\n  <\/div>\n[\/vc_column][vc_column width=&#8221;1\/3&#8243;]  <div class=\"feature-icon-w\">\n    <div class=\"feature-icon-i\">\n            <div class=\"feature-tbl\">\n        <div class=\"feature-cell image-cell\">\n          <img decoding=\"async\" class=\"aligncenter size-full\" alt=\"\" src=\"https:\/\/staging.taski.com\/wp-content\/uploads\/2020\/12\/icon-document.png\"\/>\n        <\/div>\n        <div class=\"feature-cell description-cell\">\n          <p>Karta produkt\u00f3w do zastosowania w bran\u017cy Produkcyjnej<\/p>\n        <\/div>\n       <\/div>\n               <div class=\"cl-fl\"><\/div>\n    <\/div>\n  <\/div>\n[\/vc_column][vc_column width=&#8221;1\/3&#8243;]  <div class=\"feature-icon-w\">\n    <div class=\"feature-icon-i\">\n     <a href=\"https:\/\/taski.com\/wp-content\/uploads\/2022\/05\/ULTIMAXX-Manufacturing-Brochure.pdf\" target=\"_blank\">       <div class=\"feature-tbl\">\n        <div class=\"feature-cell image-cell\">\n          <img decoding=\"async\" class=\"aligncenter size-full\" alt=\"\" src=\"\"\/>\n        <\/div>\n        <div class=\"feature-cell description-cell\">\n          <p>Nowy ULTIMAXX Broszura dla Bran\u017cy Produkcyjnej<\/p>\n        <\/div>\n       <\/div>\n        <\/a>       <div class=\"cl-fl\"><\/div>\n    <\/div>\n  <\/div>\n[\/vc_column][\/vc_row][vc_row][vc_column][vc_row_inner][vc_column_inner]\n  <div class=\"three-cta-block\">\n    <div class=\"three-cta-block-i\">\n      <div class=\"row\">\n        <div class=\"three-cta-block-grid\">\n           <div class=\"three-cta-item\">\n            <div class=\"tci-i\">\n             <div class=\"tci-item-content\">\n                <h5><strong>Want to<\/strong><br \/>find out<br \/>more<\/h5>\n                <a href=\"\/products-innovations-solutions\/\"><p>PRODUCTS,<br \/>SOLUTIONS &<br \/>INNOVATIONS<\/p><\/a>\n             <\/div>\n            <\/div>\n           <\/div>\n           <div class=\"three-cta-item\">\n            <div class=\"tci-i\">\n             <div class=\"tci-item-content\">\n                <h5><strong>Want<\/strong><br \/>to<br \/>buy?<\/h5>\n                <a href=\"\/shop\/\"><p>MY<br \/>TASKI<br \/>SHOP<\/p><\/a>\n             <\/div>\n            <\/div>\n           <\/div>\n           <div class=\"three-cta-item\">\n            <div class=\"tci-i\">\n             <div class=\"tci-item-content\">\n                <h5><strong>Get in touch<\/strong><br \/>with<br \/>us<\/h5>\n                <a href=\"\/news-help-contacts\/\"><p>CONTACT<br \/>US<\/p><\/a>\n             <\/div>\n            <\/div>\n           <\/div>\n        <\/div>\n      <\/div>\n    <\/div>\n  <\/div>\n  <div class=\"cl-fl\"><\/div>\n[\/vc_column_inner][\/vc_row_inner][\/vc_column][\/vc_row]<\/p>\n<\/div>","protected":false},"excerpt":{"rendered":"<p>TASKI machine solutions minimise disruption for your business and help keep costs under control<\/p>\n","protected":false},"author":1,"featured_media":28605,"parent":32803,"menu_order":640,"comment_status":"closed","ping_status":"closed","template":"","meta":{"_acf_changed":false,"_seopress_robots_primary_cat":"","_seopress_titles_title":"","_seopress_titles_desc":"","_seopress_robots_index":"","inline_featured_image":false,"footnotes":""},"class_list":["post-32745","page","type-page","status-publish","has-post-thumbnail","hentry"],"acf":[],"_links":{"self":[{"href":"https:\/\/staging.taski.com\/pl\/wp-json\/wp\/v2\/pages\/32745","targetHints":{"allow":["GET"]}}],"collection":[{"href":"https:\/\/staging.taski.com\/pl\/wp-json\/wp\/v2\/pages"}],"about":[{"href":"https:\/\/staging.taski.com\/pl\/wp-json\/wp\/v2\/types\/page"}],"author":[{"embeddable":true,"href":"https:\/\/staging.taski.com\/pl\/wp-json\/wp\/v2\/users\/1"}],"replies":[{"embeddable":true,"href":"https:\/\/staging.taski.com\/pl\/wp-json\/wp\/v2\/comments?post=32745"}],"version-history":[{"count":0,"href":"https:\/\/staging.taski.com\/pl\/wp-json\/wp\/v2\/pages\/32745\/revisions"}],"up":[{"embeddable":true,"href":"https:\/\/staging.taski.com\/pl\/wp-json\/wp\/v2\/pages\/32803"}],"wp:featuredmedia":[{"embeddable":true,"href":"https:\/\/staging.taski.com\/pl\/wp-json\/wp\/v2\/media\/28605"}],"wp:attachment":[{"href":"https:\/\/staging.taski.com\/pl\/wp-json\/wp\/v2\/media?parent=32745"}],"curies":[{"name":"wp","href":"https:\/\/api.w.org\/{rel}","templated":true}]}}