{"id":32744,"date":"2020-11-30T16:23:31","date_gmt":"2020-11-30T16:23:31","guid":{"rendered":"https:\/\/taski.com\/warehousing-logistics\/"},"modified":"2023-01-23T21:31:16","modified_gmt":"2023-01-23T21:31:16","slug":"warehousing-logistics","status":"publish","type":"page","link":"https:\/\/staging.taski.com\/pl\/why-taski\/your-markets-sectors\/warehousing-logistics\/","title":{"rendered":"Magazyny i Logistyka"},"content":{"rendered":"<div class=\"wpb-content-wrapper\"><p>[vc_row][vc_column]\n  <div class=\"page-intro-block size-fit-image style-dark font-large\">\n         <div class=\"page-intro-block-i\">\n      <div class=\"row\">\n        <div class=\"page-intro-content\">\n            <div class=\"title-block\">\n                                     <h2><span class=\"pt\">Magazyny i Logistyka<\/span>Czy chcesz, aby Tw\u00f3j obiekt by\u0142 <strong>czysty i bezpieczny<\/strong>, ale przy <strong>minimum zak\u0142\u00f3ce\u0144?<\/strong><br \/>\nTASKI mo\u017ce Ci pom\u00f3c.<\/h2>\n                                                 <\/div>\n            <div class=\"page-intro-image\">\n                                <div class=\"page-intro-image-alt\">\n                    \n                    <img decoding=\"async\" src=\"https:\/\/staging.taski.com\/wp-content\/uploads\/2020\/11\/warehouse.jpg\" alt=\"\" \/>\n\n                <\/div>\n            <\/div>\n        <\/div>\n      <\/div>\n\n\n    <\/div>\n  <\/div>\n  <div class=\"cl-fl\"><\/div>\n[\/vc_column][\/vc_row][vc_row css=&#8221;.vc_custom_1606587476742{padding-top: 80px !important;padding-bottom: 95px !important;}&#8221;][vc_column][vc_row_inner][vc_column_inner]\n  <div class=\"page-video-block\">\n    <div class=\"page-video-block-i\">\n      <div class=\"row\">\n        <div class=\"page-video-block-content\">\n            <div class=\"title-block\">\n                 <h2>Jakie s\u0105 Twoje g\u0142\u00f3wne wyzwania?<\/h2>\n            <\/div>\n            <div class=\"page-video-image\">\n                \n              <a href=\"#\" class=\"video-player-link\" data-video-id=\"485944756\" data-src=\"https:\/\/player.vimeo.com\/video\/485944756\">\n                <img decoding=\"async\" src=\"https:\/\/staging.taski.com\/wp-content\/uploads\/2021\/01\/Warhosuing-need-image.jpg\" alt=\"Jakie s\u0105 Twoje g\u0142\u00f3wne wyzwania? Image\" \/>\n\n     <div class=\"page-video-video-abs\"><div class=\"video-embed\"><iframe loading=\"lazy\" id=\"\" src=\"\" width=\"100%\" height=\"100%\" frameborder=\"0\" style=\"position:absolute;top:0;left:0;width:100%;height:100%;\"   allow=\"autoplay; fullscreen\" muted webkitallowfullscreen mozallowfullscreen allowfullscreen><\/iframe><\/div><\/div>              <\/a>\n            <\/div>\n        <\/div>\n      <\/div>\n\n\n    <\/div>\n  <\/div>\n  <div class=\"cl-fl\"><\/div>\n[\/vc_column_inner][\/vc_row_inner][\/vc_column][\/vc_row][vc_row][vc_column]\n  <div class=\"taski-carousel-block \" style=\"\">\n    <div class=\"taski-carousel-block-i\">\n\n      <div class=\"taski-carousel-title\"><p>We understand your sector's needs<\/p><\/div>\n      <div class=\"row\">\n       <div class=\"taski-carousel-holder\">\n        <div class=\"taski-carousel owl-carousel owl-theme\" id=\"taski-carousel\">\n                                    <div class=\"item taski-slide\">\n                            <div class=\"its-i\">\n                <div class=\"media-w\">\n                    <div class=\"image\">\n                      <div class=\"image-i\">\n                        <img decoding=\"async\" src=\"https:\/\/staging.taski.com\/wp-content\/uploads\/2020\/12\/operational-efficiency.svg\" \/>\n                      <\/div>\n                    <\/div>\n                <\/div>\n                <div class=\"text\">\n                    <div class=\"title\">Wydajno\u015b\u0107 Operacyjna<\/div>\n                    <p>Zwi\u0119ksz wydajno\u015b\u0107 operacyjn\u0105 i po\u015bwi\u0119\u0107 mniej czasu na czyszczenie. Sprawd\u017a nasz\u0105 innowacj\u0119 <strong>IntellSweep 2w1.<\/strong> Zamiata i szoruje pod\u0142ogi za jednym razem, oszcz\u0119dzaj\u0105c 30% czasu.<\/p>\n                                    <\/div>\n              <\/div>\n                          <\/div>\n            <div class=\"item taski-slide\">\n                            <div class=\"its-i\">\n                <div class=\"media-w\">\n                    <div class=\"image\">\n                      <div class=\"image-i\">\n                        <img decoding=\"async\" src=\"https:\/\/staging.taski.com\/wp-content\/uploads\/2020\/12\/people-safety.svg\" \/>\n                      <\/div>\n                    <\/div>\n                <\/div>\n                <div class=\"text\">\n                    <div class=\"title\">Ludzie i Bezpiecze\u0144stwo<\/div>\n                    <p>Popraw higien\u0119 i zapewnij bezpiecze\u0144stwo swoim pod\u0142ogom. <strong>Zamiatarki i maszyny szoruj\u0105co-zbieraj\u0105ce TASKI<\/strong> s\u0105 przeznaczone do czyszczenia za jednym przejazdem w celu zapewnienia bezpieczniejszych i czystszych pod\u0142\u00f3g.<\/p>\n                                    <\/div>\n              <\/div>\n                          <\/div>\n            <div class=\"item taski-slide\">\n                            <div class=\"its-i\">\n                <div class=\"media-w\">\n                    <div class=\"image\">\n                      <div class=\"image-i\">\n                        <img decoding=\"async\" src=\"https:\/\/staging.taski.com\/wp-content\/uploads\/2020\/12\/cost-control.svg\" \/>\n                      <\/div>\n                    <\/div>\n                <\/div>\n                <div class=\"text\">\n                    <div class=\"title\">Kontrola Koszt\u00f3w<\/div>\n                    <p>Zmniejsz koszty posiadania i czyszczenia dzi\u0119ki elastycznemu zarz\u0105dzaniu finansami i flot\u0105. Zapoznaj si\u0119 z naszymi narz\u0119dziami do zarz\u0105dzania flot\u0105 IntelliTrail oraz naszymi elastycznymi <strong>finansami i opcjami us\u0142ug.<\/strong><\/p>\n                                    <\/div>\n              <\/div>\n                          <\/div>\n            <div class=\"item taski-slide\">\n                            <div class=\"its-i\">\n                <div class=\"media-w\">\n                    <div class=\"image\">\n                      <div class=\"image-i\">\n                        <img decoding=\"async\" src=\"https:\/\/staging.taski.com\/wp-content\/uploads\/2020\/12\/profitable-growth.svg\" \/>\n                      <\/div>\n                    <\/div>\n                <\/div>\n                <div class=\"text\">\n                    <div class=\"title\">Rentowne Wzrosty<\/div>\n                    <p>Zmniejsz rachunki za robocizn\u0119 i zmechanizuj\u0105c wi\u0119cej sprz\u0105tania, aby zwi\u0119kszy\u0107 zyski. Przyjrzyj si\u0119 naszym <strong>wysoce wydajnym szorowarkom samojezdnym i naszej stacji szybkiego nape\u0142niania zbiornik\u00f3w.<\/strong><\/p>\n                                    <\/div>\n              <\/div>\n                          <\/div>\n            <div class=\"item taski-slide\">\n                            <div class=\"its-i\">\n                <div class=\"media-w\">\n                    <div class=\"image\">\n                      <div class=\"image-i\">\n                        <img decoding=\"async\" src=\"https:\/\/staging.taski.com\/wp-content\/uploads\/2020\/12\/continuous-innovation.svg\" \/>\n                      <\/div>\n                    <\/div>\n                <\/div>\n                <div class=\"text\">\n                    <div class=\"title\">Ci\u0105g\u0142e Innowacje<\/div>\n                    <p>Wykorzystuj najnowsze technologie i nasz\u0105 platform\u0119 Internet of Clean, aby poprawi\u0107 kontrol\u0119 koszt\u00f3w i poprawi\u0107 wydajno\u015b\u0107. Sprawd\u017a nasze <strong>narz\u0119dzia do telemetrii IntelliTrail i zarz\u0105dzania flot\u0105, a tak\u017ce nasze innowacje swingobot 2000 i IntelliSweep.<\/strong><\/p>\n                                    <\/div>\n              <\/div>\n                          <\/div>\n                    <\/div>\n\n        <div class=\"taski-carousel-navigation\">\n          <div class=\"nav-left\">\n            <a href=\"#\"><i class=\"fa fa-chevron-left\"><\/i><\/a>\n          <\/div>\n          <div class=\"nav-description\">\n\n          <\/div>\n          <div class=\"nav-right\">\n            <a href=\"#\"><i class=\"fa fa-chevron-right\"><\/i><\/a>\n          <\/div>\n        <\/div>\n       <\/div>\n      <\/div>\n   <\/div>\n  <\/div>\n  <div class=\"cl-fl\"><\/div>\n[\/vc_column][\/vc_row][vc_row css=&#8221;.vc_custom_1606653988515{padding-top: 80px !important;padding-bottom: 80px !important;background-color: #505050 !important;}&#8221;][vc_column][vc_row_inner][vc_column_inner]\n  <div class=\"testimonials-block\">\n    <div class=\"testimonials-block-i\">\n      <div class=\"row\">\n        <div class=\"title-block\">\n            <h2>Co m\u00f3wi\u0105 nasi klienci<\/h2>\n        <\/div>\n\n        <div class=\"testimonials-grid\">\n           <div class=\"testimonial-item\">\n            <div class=\"ti-i\">\n             <img decoding=\"async\" src=\"https:\/\/staging.taski.com\/wp-content\/uploads\/2020\/11\/testimonial-1.jpg\" alt=\"Image\" \/>\n             <div class=\"test-item-content\">\n                <div class=\"test-item-title\"><strong>Zaawansowana technologicznie firma specjalizuj\u0105ca si\u0119 w magazynowania<\/strong> z Wielkiej Brytanii skontaktowa\u0142 si\u0119 z TASKI, gdy jej klient skar\u017cy\u0142 si\u0119 na zanieczyszczenia.<\/div>\n                <div class=\"test-item-text\"><p>\u201eMieli\u015bmy problem z zanieczyszczeniami. Firma TASKI przeprowadzi\u0142a badanie terenu, kt\u00f3re zako\u0144czy\u0142o si\u0119 przej\u015bciem do wst\u0119pnego zamiatania za pomoc\u0105 zamiatarek, zanim u\u017cyli\u015bmy ich maszyny szoruj\u0105co-zbieraj\u0105cej swingo 4000 i jej niesamowitego zbierania wody. Dzi\u0119ki ich telemetrii byli\u015bmy w stanie sprawdzi\u0107, czy problem zosta\u0142 rozwi\u0105zany\u201d.<\/p><\/div>\n             <\/div>\n            <\/div>\n           <\/div>\n           <div class=\"testimonial-item\">\n            <div class=\"ti-i\">\n             <img decoding=\"async\" src=\"https:\/\/staging.taski.com\/wp-content\/uploads\/2020\/11\/testimonial-2.jpg\" alt=\"Image\" \/>\n             <div class=\"test-item-content\">\n                <div class=\"test-item-title\">W ruchliwym centrum logistycznym w Ameryce P\u00f3\u0142nocnej utrzymywanie pod\u0142\u00f3g <strong>wolnych od wody i lodu by\u0142o nadrz\u0119dnym celem zmniejszenia problemu po\u015blizgni\u0119cia si\u0119.<\/strong><\/div>\n                <div class=\"test-item-text\"><p>\u201eNasza kadra to nasz najwi\u0119kszy atut. Jesieni\u0105 i zim\u0105 mieli\u015bmy problemy ze \u015blisk\u0105 nawierzchni\u0105. Mo\u017cliwo\u015bci zbierania wody przez TASKI s\u0105 najlepsze na rynku, dlatego je wybrali\u015bmy\u201d.<\/p><\/div>\n             <\/div>\n            <\/div>\n           <\/div>\n           <div class=\"testimonial-item\">\n            <div class=\"ti-i\">\n             <img decoding=\"async\" src=\"https:\/\/staging.taski.com\/wp-content\/uploads\/2020\/11\/testimonial-3.jpg\" alt=\"Image\" \/>\n             <div class=\"test-item-content\">\n                <div class=\"test-item-title\">W zwi\u0105zku z ograniczonymi bud\u017cetami skontaktowano si\u0119 z firm\u0105 TASKI, aby pom\u00f3c <strong>europejskiej sieci supermarket\u00f3w w ci\u0119ciu koszt\u00f3w.<br \/>\n<\/strong><\/div>\n                <div class=\"test-item-text\"><p>\u201eMieli\u015bmy niespodziewanie du\u017ce rachunki za naprawy naszych starych maszyn. Ekipa z TASKI pomog\u0142a nam przej\u015b\u0107 na nowy 5 letni leasing operacyjny. Wybrali\u015bmy ich us\u0142ug\u0119 Gold Intelli, kt\u00f3ra obejmowa\u0142a telemetri\u0119, a nawet akumulatory i \u0142adowarki. Dla nas pojedyncza sta\u0142a miesi\u0119czna faktura za finanse i us\u0142ugi po prostu si\u0119 sprawdza. Nigdy wi\u0119cej przykrych niespodzianek\u201d<\/p><\/div>\n             <\/div>\n            <\/div>\n           <\/div>\n\n        <\/div>\n\n      <\/div>\n    <\/div>\n  <\/div>\n  <div class=\"cl-fl\"><\/div>\n[\/vc_column_inner][\/vc_row_inner][\/vc_column][\/vc_row][vc_row][vc_column][vc_column_text]<\/p>\n<h2 style=\"text-align: center;\"><span class=\"Y2IQFc\" lang=\"pl\">Pobierz nasze broszury bran\u017cowe i przewodniki po produktach<\/span><\/h2>\n<p>[\/vc_column_text][\/vc_column][\/vc_row][vc_row][vc_column width=&#8221;1\/3&#8243;]  <div class=\"feature-icon-w\">\n    <div class=\"feature-icon-i\">\n     <a href=\"https:\/\/taski.com\/wp-content\/uploads\/2022\/11\/Warehousing-Logistics-Sector-Brochure.pdf\" target=\"_blank\">       <div class=\"feature-tbl\">\n        <div class=\"feature-cell image-cell\">\n          <img decoding=\"async\" class=\"aligncenter size-full\" alt=\"\" src=\"https:\/\/staging.taski.com\/wp-content\/uploads\/2020\/12\/icon-document.png\"\/>\n        <\/div>\n        <div class=\"feature-cell description-cell\">\n          <p>Magazyny i Logistyka Broszury bran\u017cowe<\/p>\n        <\/div>\n       <\/div>\n        <\/a>       <div class=\"cl-fl\"><\/div>\n    <\/div>\n  <\/div>\n[\/vc_column][vc_column width=&#8221;1\/3&#8243;]  <div class=\"feature-icon-w\">\n    <div class=\"feature-icon-i\">\n            <div class=\"feature-tbl\">\n        <div class=\"feature-cell image-cell\">\n          <img decoding=\"async\" class=\"aligncenter size-full\" alt=\"\" src=\"https:\/\/staging.taski.com\/wp-content\/uploads\/2020\/12\/icon-document.png\"\/>\n        <\/div>\n        <div class=\"feature-cell description-cell\">\n          <p>Karta produkt\u00f3w dla sektora Magazyny i Logistyka<\/p>\n        <\/div>\n       <\/div>\n               <div class=\"cl-fl\"><\/div>\n    <\/div>\n  <\/div>\n[\/vc_column][vc_column width=&#8221;1\/3&#8243;]  <div class=\"feature-icon-w\">\n    <div class=\"feature-icon-i\">\n     <a href=\"https:\/\/taski.com\/wp-content\/uploads\/2022\/05\/ULTIMAXX-Warehousing-Logistics-Brochure.pdf\" target=\"_blank\">       <div class=\"feature-tbl\">\n        <div class=\"feature-cell image-cell\">\n          <img decoding=\"async\" class=\"aligncenter size-full\" alt=\"\" src=\"\"\/>\n        <\/div>\n        <div class=\"feature-cell description-cell\">\n          <p>Nowy ULTIMAXX Broszura dla bran\u017cy Magazyny i Logistyka<\/p>\n        <\/div>\n       <\/div>\n        <\/a>       <div class=\"cl-fl\"><\/div>\n    <\/div>\n  <\/div>\n[\/vc_column][\/vc_row][vc_row][vc_column][vc_row_inner][vc_column_inner]\n  <div class=\"three-cta-block\">\n    <div class=\"three-cta-block-i\">\n      <div class=\"row\">\n        <div class=\"three-cta-block-grid\">\n           <div class=\"three-cta-item\">\n            <div class=\"tci-i\">\n             <div class=\"tci-item-content\">\n                <h5><strong>Want to<\/strong><br \/>find out<br \/>more<\/h5>\n                <a href=\"\/products-innovations-solutions\/\"><p>PRODUCTS,<br \/>SOLUTIONS &<br \/>INNOVATIONS<\/p><\/a>\n             <\/div>\n            <\/div>\n           <\/div>\n           <div class=\"three-cta-item\">\n            <div class=\"tci-i\">\n             <div class=\"tci-item-content\">\n                <h5><strong>Want<\/strong><br \/>to<br \/>buy?<\/h5>\n                <a href=\"\/shop\/\"><p>MY<br \/>TASKI<br \/>SHOP<\/p><\/a>\n             <\/div>\n            <\/div>\n           <\/div>\n           <div class=\"three-cta-item\">\n            <div class=\"tci-i\">\n             <div class=\"tci-item-content\">\n                <h5><strong>Get in touch<\/strong><br \/>with<br \/>us<\/h5>\n                <a href=\"\/news-help-contacts\/\"><p>CONTACT<br \/>US<\/p><\/a>\n             <\/div>\n            <\/div>\n           <\/div>\n        <\/div>\n      <\/div>\n    <\/div>\n  <\/div>\n  <div class=\"cl-fl\"><\/div>\n[\/vc_column_inner][\/vc_row_inner][\/vc_column][\/vc_row]<\/p>\n<\/div>","protected":false},"excerpt":{"rendered":"<p>TASKI machine solutions minimise disruption for your business and maximise your efficency<\/p>\n","protected":false},"author":1,"featured_media":52947,"parent":32803,"menu_order":632,"comment_status":"closed","ping_status":"closed","template":"","meta":{"_acf_changed":false,"_seopress_robots_primary_cat":"","_seopress_titles_title":"","_seopress_titles_desc":"","_seopress_robots_index":"","inline_featured_image":false,"footnotes":""},"class_list":["post-32744","page","type-page","status-publish","has-post-thumbnail","hentry"],"acf":[],"_links":{"self":[{"href":"https:\/\/staging.taski.com\/pl\/wp-json\/wp\/v2\/pages\/32744","targetHints":{"allow":["GET"]}}],"collection":[{"href":"https:\/\/staging.taski.com\/pl\/wp-json\/wp\/v2\/pages"}],"about":[{"href":"https:\/\/staging.taski.com\/pl\/wp-json\/wp\/v2\/types\/page"}],"author":[{"embeddable":true,"href":"https:\/\/staging.taski.com\/pl\/wp-json\/wp\/v2\/users\/1"}],"replies":[{"embeddable":true,"href":"https:\/\/staging.taski.com\/pl\/wp-json\/wp\/v2\/comments?post=32744"}],"version-history":[{"count":0,"href":"https:\/\/staging.taski.com\/pl\/wp-json\/wp\/v2\/pages\/32744\/revisions"}],"up":[{"embeddable":true,"href":"https:\/\/staging.taski.com\/pl\/wp-json\/wp\/v2\/pages\/32803"}],"wp:featuredmedia":[{"embeddable":true,"href":"https:\/\/staging.taski.com\/pl\/wp-json\/wp\/v2\/media\/52947"}],"wp:attachment":[{"href":"https:\/\/staging.taski.com\/pl\/wp-json\/wp\/v2\/media?parent=32744"}],"curies":[{"name":"wp","href":"https:\/\/api.w.org\/{rel}","templated":true}]}}